{"id":19596,"date":"2023-09-22T05:18:25","date_gmt":"2023-09-22T04:18:25","guid":{"rendered":"http:\/\/www.passionfruits.fr\/?post_type=product&#038;p=19596"},"modified":"2023-09-22T05:19:47","modified_gmt":"2023-09-22T04:19:47","slug":"rhum-laromoncello-la-bouteille-de-70-cl","status":"publish","type":"product","link":"https:\/\/www.passionfruits.fr\/index.php\/produit\/rhum-laromoncello-la-bouteille-de-70-cl\/","title":{"rendered":"Rhum L\u2019arom\u2019Oncello la bouteille de 70 cl"},"content":{"rendered":"","protected":false},"excerpt":{"rendered":"<p>Avec son parfum de citron fra\u00eechement cueilli, nous vous invitons \u00e0 une \u00e9vasion au pays du grand soleil sur la c\u00f4te Amalfitaine.<br \/>\n\u00c0 d\u00e9guster frapp\u00e9<\/p>\n<p>Alcool 28.5 %<\/p>\n<p>La consommation de boissons alcoolis\u00e9es pendant la grossesse, m\u00eame en faible quantit\u00e9, peut avoir des cons\u00e9quences graves sur la sant\u00e9 de l\u2019enfant.<\/p>\n<p>L ABUS D ALCOOL EST DANGEREUX POUR LA SANTE. A CONSOMMER AVEC MODERATION.<\/p>\n<p>LA VENTE D ALCOOL EST INTERDITE AUX MINEURS.<\/p>\n<p>L\u2019arom&#8217;arrang\u00e9 249 rue de la Girardi\u00e8re\u00a0 37530 Charg\u00e9.<\/p>\n","protected":false},"featured_media":19590,"comment_status":"closed","ping_status":"closed","template":"","meta":{"spay_email":"","jetpack_publicize_message":"","jetpack_is_tweetstorm":false},"jetpack_publicize_connections":[],"jetpack_sharing_enabled":true,"jetpack-related-posts":[{"id":12184,"url":"https:\/\/www.passionfruits.fr\/index.php\/produit\/rhum-vanille-coco-la-bouteille-de-70-cl\/","url_meta":{"origin":19596,"position":0},"title":"Rhum Noix de Coco la bouteille de 70 cl","date":"15 mai 2018","format":false,"excerpt":"Un arrang\u00e9 aux saveurs des \u00eeles\u2026. \u00c0 consommer bien frais Alcool 28,5 % La consommation de boissons alcoolis\u00e9es pendant la grossesse, m\u00eame en faible quantit\u00e9, peut avoir des cons\u00e9quences graves sur la sant\u00e9 de l\u2019enfant. L ABUS D ALCOOL EST DANGEREUX POUR LA SANTE. A CONSOMMER AVEC MODERATION. LA VENTE\u2026","rel":"","context":"Article similaire","img":{"alt_text":"","src":"https:\/\/i2.wp.com\/www.passionfruits.fr\/wp-content\/uploads\/2018\/05\/vanille-coco1.jpg?fit=600%2C600&ssl=1&resize=350%2C200","width":350,"height":200},"classes":[]},{"id":15869,"url":"https:\/\/www.passionfruits.fr\/index.php\/produit\/sangria-75-cl\/","url_meta":{"origin":19596,"position":1},"title":"Sangria Rouge 75 cl","date":"21 avril 2020","format":false,"excerpt":"Alcool 10 % Contient des sulfites. La consommation de boissons alcoolis\u00e9es pendant la grossesse, m\u00eame en faible quantit\u00e9, peut avoir des cons\u00e9quences graves sur la sant\u00e9 de l\u2019enfant. L ABUS D ALCOOL EST DANGEREUX POUR LA SANTE. A CONSOMMER AVEC MODERATION. LA VENTE D ALCOOL EST INTERDITE AUX MINEURS.","rel":"","context":"Article similaire","img":{"alt_text":"","src":"https:\/\/i2.wp.com\/www.passionfruits.fr\/wp-content\/uploads\/2020\/04\/Sangria.jpg?fit=600%2C600&ssl=1&resize=350%2C200","width":350,"height":200},"classes":[]},{"id":9572,"url":"https:\/\/www.passionfruits.fr\/index.php\/produit\/rhum-fraise-la-bouteille-70-cl\/","url_meta":{"origin":19596,"position":2},"title":"Rhum \u00e0 la Fraise - la bouteille 70 cl","date":"25 octobre 2016","format":false,"excerpt":"Avant-gardiste des beaux jours, ce punch\u00a0gourmand vous transportera aux pr\u00e9mices de la saison\u00a0estivale. A consommer frais de pr\u00e9f\u00e9rence. Alcool 22,8% La consommation de boissons alcoolis\u00e9es pendant la grossesse, m\u00eame en faible quantit\u00e9, peut avoir des cons\u00e9quences graves sur la sant\u00e9 de l\u2019enfant. L ABUS D ALCOOL EST DANGEREUX POUR LA\u2026","rel":"","context":"Article similaire","img":{"alt_text":"","src":"https:\/\/i0.wp.com\/www.passionfruits.fr\/wp-content\/uploads\/2016\/10\/Rhum-fraise.jpg?fit=387%2C580&ssl=1&resize=350%2C200","width":350,"height":200},"classes":[]},{"id":19598,"url":"https:\/\/www.passionfruits.fr\/index.php\/produit\/rhum-cbd-purple-la-bouteille-de-70-cl\/","url_meta":{"origin":19596,"position":3},"title":"Rhum CBD Purple la bouteille de 70 cl","date":"22 septembre 2023","format":false,"excerpt":"Alcool 34 % La consommation de boissons alcoolis\u00e9es pendant la grossesse, m\u00eame en faible quantit\u00e9, peut avoir des cons\u00e9quences graves sur la sant\u00e9 de l\u2019enfant. L ABUS D ALCOOL EST DANGEREUX POUR LA SANTE. A CONSOMMER AVEC MODERATION. LA VENTE D ALCOOL EST INTERDITE AUX MINEURS. L\u2019arom'arrang\u00e9 249 rue de\u2026","rel":"","context":"Article similaire","img":{"alt_text":"","src":"https:\/\/i1.wp.com\/www.passionfruits.fr\/wp-content\/uploads\/2023\/09\/84116.jpg?fit=600%2C600&ssl=1&resize=350%2C200","width":350,"height":200},"classes":[]},{"id":20298,"url":"https:\/\/www.passionfruits.fr\/index.php\/produit\/chateau-gabelot-la-bouteille-75-cl-2020\/","url_meta":{"origin":19596,"position":4},"title":"Ch\u00e2teau Gabelot la bouteille 75 cl 2020","date":"14 janvier 2025","format":false,"excerpt":"6 \u20ac la bouteille au carton de 6 bouteilles Alcool 13.5 % Contient des sulfites. La consommation de boissons alcoolis\u00e9es pendant la grossesse, m\u00eame en faible quantit\u00e9, peut avoir des cons\u00e9quences graves sur la sant\u00e9 de l\u2019enfant. L ABUS D ALCOOL EST DANGEREUX POUR LA SANTE. A CONSOMMER AVEC MODERATION.\u2026","rel":"","context":"Article similaire","img":{"alt_text":"","src":"https:\/\/i0.wp.com\/www.passionfruits.fr\/wp-content\/uploads\/2025\/01\/876.jpg?fit=600%2C600&ssl=1&resize=350%2C200","width":350,"height":200},"classes":[]},{"id":12186,"url":"https:\/\/www.passionfruits.fr\/index.php\/produit\/rhum-mojito-la-bouteille-70-cl\/","url_meta":{"origin":19596,"position":5},"title":"Rhum Mojito la bouteille 70 cl","date":"15 mai 2018","format":false,"excerpt":"C\u2019est un cocktail rafra\u00eechissant qui vous fera voyager vers Cuba sur un air de salsa. Il est \u00e0 consommer frais, tel quel, avec de la glace. Pour effet encore plus \u00ab\u00a0Mojito\u00a0\u00bb : Allong\u00e9 d\u2019un trait d\u2019eau gazeuse Mettre quelques feuilles de menthe 2 pailles et d\u00e9guster\u2026 Alcool 20 % La\u2026","rel":"","context":"Article similaire","img":{"alt_text":"","src":"https:\/\/i1.wp.com\/www.passionfruits.fr\/wp-content\/uploads\/2018\/05\/citron-vert-menthe1.jpg?fit=600%2C600&ssl=1&resize=350%2C200","width":350,"height":200},"classes":[]}],"_links":{"self":[{"href":"https:\/\/www.passionfruits.fr\/index.php\/wp-json\/wp\/v2\/product\/19596"}],"collection":[{"href":"https:\/\/www.passionfruits.fr\/index.php\/wp-json\/wp\/v2\/product"}],"about":[{"href":"https:\/\/www.passionfruits.fr\/index.php\/wp-json\/wp\/v2\/types\/product"}],"replies":[{"embeddable":true,"href":"https:\/\/www.passionfruits.fr\/index.php\/wp-json\/wp\/v2\/comments?post=19596"}],"wp:featuredmedia":[{"embeddable":true,"href":"https:\/\/www.passionfruits.fr\/index.php\/wp-json\/wp\/v2\/media\/19590"}],"wp:attachment":[{"href":"https:\/\/www.passionfruits.fr\/index.php\/wp-json\/wp\/v2\/media?parent=19596"}],"curies":[{"name":"wp","href":"https:\/\/api.w.org\/{rel}","templated":true}]}}