{"id":19599,"date":"2023-09-22T05:24:00","date_gmt":"2023-09-22T04:24:00","guid":{"rendered":"http:\/\/www.passionfruits.fr\/?post_type=product&#038;p=19599"},"modified":"2023-09-22T05:24:57","modified_gmt":"2023-09-22T04:24:57","slug":"rhum-mangue-passion-le-magnum-150-cl","status":"publish","type":"product","link":"https:\/\/www.passionfruits.fr\/index.php\/produit\/rhum-mangue-passion-le-magnum-150-cl\/","title":{"rendered":"Rhum Mangue &#8211; Passion le Magnum 150 cl"},"content":{"rendered":"","protected":false},"excerpt":{"rendered":"<p>Le fruit de la passion aux couleurs tropicales apporte une saveur des \u00eeles. Cette passiflore alli\u00e9e \u00e0 la mangue apporte un d\u00e9licieux m\u00e9lange de saveurs exotiques.<\/p>\n<p>Alcool 28,5 %<\/p>\n<p>La consommation de boissons alcoolis\u00e9es pendant la grossesse, m\u00eame en faible quantit\u00e9, peut avoir des cons\u00e9quences graves sur la sant\u00e9 de l\u2019enfant.<\/p>\n<p>L ABUS D ALCOOL EST DANGEREUX POUR LA SANTE. A CONSOMMER AVEC MODERATION.<\/p>\n<p>LA VENTE D ALCOOL EST INTERDITE AUX MINEURS.<\/p>\n<p>L\u2019arom&#8217;arrang\u00e9 249 rue de la Girardi\u00e8re\u00a0 37530 Charg\u00e9.<\/p>\n","protected":false},"featured_media":9563,"comment_status":"closed","ping_status":"closed","template":"","meta":{"spay_email":"","jetpack_publicize_message":"","jetpack_is_tweetstorm":false},"jetpack_publicize_connections":[],"jetpack_sharing_enabled":true,"jetpack-related-posts":[{"id":9562,"url":"https:\/\/www.passionfruits.fr\/index.php\/produit\/rhum-mangue-passion-bouteille-70-cl\/","url_meta":{"origin":19599,"position":0},"title":"Rhum Mangue - Passion la bouteille 70 cl","date":"25 octobre 2016","format":false,"excerpt":"Le fruit de la passion aux couleurs tropicales apporte une saveur des \u00eeles. Cette passiflore alli\u00e9e \u00e0 la mangue apporte un d\u00e9licieux m\u00e9lange de saveurs exotiques. Alcool 28,5 % La consommation de boissons alcoolis\u00e9es pendant la grossesse, m\u00eame en faible quantit\u00e9, peut avoir des cons\u00e9quences graves sur la sant\u00e9 de\u2026","rel":"","context":"Article similaire","img":{"alt_text":"","src":"https:\/\/i1.wp.com\/www.passionfruits.fr\/wp-content\/uploads\/2016\/10\/rhum-mangue-passion.jpg?fit=390%2C564&ssl=1&resize=350%2C200","width":350,"height":200},"classes":[]},{"id":9564,"url":"https:\/\/www.passionfruits.fr\/index.php\/produit\/rhum-ananas-mangue-bouteille-70-cl\/","url_meta":{"origin":19599,"position":1},"title":"Rhum Ananas - Mangue la bouteille 70 cl","date":"25 octobre 2016","format":false,"excerpt":"L\u2019ananas Victoria ou \u00ab Queen Victoria \u00bb a un go\u00fbt incomparable \u00e0 la fois sucr\u00e9 et parfum\u00e9. La mangue\u00a0avec son parfum puissant et son c\u00f4t\u00e9 poivr\u00e9, forme une excellente alliance avec l\u2019ananas. Alcool 28,5 % La consommation de boissons alcoolis\u00e9es pendant la grossesse, m\u00eame en faible quantit\u00e9, peut avoir des\u2026","rel":"","context":"Article similaire","img":{"alt_text":"","src":"https:\/\/i1.wp.com\/www.passionfruits.fr\/wp-content\/uploads\/2016\/10\/rhum-ananas-mangue.jpg?fit=390%2C564&ssl=1&resize=350%2C200","width":350,"height":200},"classes":[]},{"id":18741,"url":"https:\/\/www.passionfruits.fr\/index.php\/produit\/coffret-degustation-rhum-arrange-5-b-x-5-cl\/","url_meta":{"origin":19599,"position":2},"title":"Coffret D\u00e9gustation Rhum Arrang\u00e9 5 B. x 5 cl","date":"9 avril 2022","format":false,"excerpt":"Coffret D\u00e9gustation Rhum Arrang\u00e9 5 B. x 5 cl Ananas, Mangue passion, Shrubb, Gingembre citron vert et Duo de Vanilles Alcool entre 17 et 34\u00a0 % selon les vari\u00e9t\u00e9es La consommation de boissons alcoolis\u00e9es pendant la grossesse, m\u00eame en faible quantit\u00e9, peut avoir des cons\u00e9quences graves sur la sant\u00e9 de\u2026","rel":"","context":"Article similaire","img":{"alt_text":"","src":"https:\/\/i2.wp.com\/www.passionfruits.fr\/wp-content\/uploads\/2022\/04\/84130.jpg?fit=600%2C600&ssl=1&resize=350%2C200","width":350,"height":200},"classes":[]},{"id":12184,"url":"https:\/\/www.passionfruits.fr\/index.php\/produit\/rhum-vanille-coco-la-bouteille-de-70-cl\/","url_meta":{"origin":19599,"position":3},"title":"Rhum Noix de Coco la bouteille de 70 cl","date":"15 mai 2018","format":false,"excerpt":"Un arrang\u00e9 aux saveurs des \u00eeles\u2026. \u00c0 consommer bien frais Alcool 28,5 % La consommation de boissons alcoolis\u00e9es pendant la grossesse, m\u00eame en faible quantit\u00e9, peut avoir des cons\u00e9quences graves sur la sant\u00e9 de l\u2019enfant. L ABUS D ALCOOL EST DANGEREUX POUR LA SANTE. A CONSOMMER AVEC MODERATION. LA VENTE\u2026","rel":"","context":"Article similaire","img":{"alt_text":"","src":"https:\/\/i2.wp.com\/www.passionfruits.fr\/wp-content\/uploads\/2018\/05\/vanille-coco1.jpg?fit=600%2C600&ssl=1&resize=350%2C200","width":350,"height":200},"classes":[]},{"id":19597,"url":"https:\/\/www.passionfruits.fr\/index.php\/produit\/rhum-pruneaux-la-bouteille-de-70-cl\/","url_meta":{"origin":19599,"position":4},"title":"Rhum Pruneaux la bouteille de 70 cl","date":"22 septembre 2023","format":false,"excerpt":"L\u2019arrang\u00e9 au pruneaux propose des saveurs suaves et bois\u00e9es en bouche. Alcool 28.5 % La consommation de boissons alcoolis\u00e9es pendant la grossesse, m\u00eame en faible quantit\u00e9, peut avoir des cons\u00e9quences graves sur la sant\u00e9 de l\u2019enfant. L ABUS D ALCOOL EST DANGEREUX POUR LA SANTE. A CONSOMMER AVEC MODERATION. LA\u2026","rel":"","context":"Article similaire","img":{"alt_text":"","src":"https:\/\/i2.wp.com\/www.passionfruits.fr\/wp-content\/uploads\/2023\/09\/84115.jpg?fit=600%2C600&ssl=1&resize=350%2C200","width":350,"height":200},"classes":[]},{"id":5845,"url":"https:\/\/www.passionfruits.fr\/index.php\/produit\/cidre-brut\/","url_meta":{"origin":19599,"position":5},"title":"Cidre  Brut d Bouteille 75 cl","date":"7 d\u00e9cembre 2015","format":false,"excerpt":"Au c\u0153ur du Parc Naturel R\u00e9gional du Perche, dans l\u2019Orne, producteurs r\u00e9coltants, la Cidrerie Traditionnelle du Perche au Theil pour vous faire d\u00e9couvrir leur savoir-faire et leur passion. Alcool 5 % 61260 Val au perche La consommation de boissons alcoolis\u00e9es pendant la grossesse, m\u00eame en faible quantit\u00e9, peut avoir des\u2026","rel":"","context":"Article similaire","img":{"alt_text":"","src":"https:\/\/i2.wp.com\/www.passionfruits.fr\/wp-content\/uploads\/2015\/12\/cidres.jpg?fit=300%2C300&ssl=1&resize=350%2C200","width":350,"height":200},"classes":[]}],"_links":{"self":[{"href":"https:\/\/www.passionfruits.fr\/index.php\/wp-json\/wp\/v2\/product\/19599"}],"collection":[{"href":"https:\/\/www.passionfruits.fr\/index.php\/wp-json\/wp\/v2\/product"}],"about":[{"href":"https:\/\/www.passionfruits.fr\/index.php\/wp-json\/wp\/v2\/types\/product"}],"replies":[{"embeddable":true,"href":"https:\/\/www.passionfruits.fr\/index.php\/wp-json\/wp\/v2\/comments?post=19599"}],"wp:featuredmedia":[{"embeddable":true,"href":"https:\/\/www.passionfruits.fr\/index.php\/wp-json\/wp\/v2\/media\/9563"}],"wp:attachment":[{"href":"https:\/\/www.passionfruits.fr\/index.php\/wp-json\/wp\/v2\/media?parent=19599"}],"curies":[{"name":"wp","href":"https:\/\/api.w.org\/{rel}","templated":true}]}}