{"id":19744,"date":"2024-01-10T06:08:20","date_gmt":"2024-01-10T05:08:20","guid":{"rendered":"http:\/\/www.passionfruits.fr\/?post_type=product&#038;p=19744"},"modified":"2024-03-26T18:32:51","modified_gmt":"2024-03-26T17:32:51","slug":"bib-fontaine-5-litres-pellehaut-rouge","status":"publish","type":"product","link":"https:\/\/www.passionfruits.fr\/index.php\/produit\/bib-fontaine-5-litres-pellehaut-rouge\/","title":{"rendered":"Bib Fontaine 5 litres Pellehaut rouge"},"content":{"rendered":"","protected":false},"excerpt":{"rendered":"<p>Soit 4,49 \u20ac les 75 cl<\/p>\n<p>Accords mets et vins: &#8220;Le Pellehaut rouge&#8221; vous s\u2019accordera \u00e0 merveille avec des grillades, des viandes rouges ou de la volaille.<\/p>\n<p>La consommation de boissons alcoolis\u00e9es pendant la grossesse, m\u00eame en faible quantit\u00e9, peut avoir des cons\u00e9quences graves sur la sant\u00e9 de l\u2019enfant.<\/p>\n<p>L ABUS D ALCOOL EST DANGEREUX POUR LA SANTE. A CONSOMMER AVEC MODERATION.<\/p>\n<p>LA VENTE D ALCOOL EST INTERDITE AUX MINEURS.<\/p>\n<p>Famille B\u00e9raut 32250 Montr\u00e9al Du Gers<\/p>\n","protected":false},"featured_media":19739,"comment_status":"closed","ping_status":"closed","template":"","meta":{"spay_email":"","jetpack_publicize_message":"","jetpack_is_tweetstorm":false},"jetpack_publicize_connections":[],"jetpack_sharing_enabled":true,"jetpack-related-posts":[{"id":5564,"url":"https:\/\/www.passionfruits.fr\/index.php\/produit\/domaine-pellehaut-rouge-2024\/","url_meta":{"origin":19744,"position":0},"title":"Domaine Pellehaut Harmonie rouge 75 cl 2024","date":"7 d\u00e9cembre 2015","format":false,"excerpt":"36 \u20ac le carton de 6 bouteilles soit 6 \u20ac la bouteille C\u00f4tes de Gascogne. Accompagnement de viandes rouges et blanches grill\u00e9es ou en sauce, ainsi que sur les fromages. Alcool 12.5 % Contient des sulfites. La consommation de boissons alcoolis\u00e9es pendant la grossesse, m\u00eame en faible quantit\u00e9, peut avoir\u2026","rel":"","context":"Article similaire","img":{"alt_text":"","src":"https:\/\/i2.wp.com\/www.passionfruits.fr\/wp-content\/uploads\/2015\/12\/Domaine-Pellehaut-rouge-1.jpg?fit=600%2C600&ssl=1&resize=350%2C200","width":350,"height":200},"classes":[]},{"id":8161,"url":"https:\/\/www.passionfruits.fr\/index.php\/produit\/coffret-3-bouteilles-6\/","url_meta":{"origin":19744,"position":1},"title":"Coffret 3 bouteilles Pellehaut Harmonie","date":"23 f\u00e9vrier 2016","format":false,"excerpt":"Coffret 3 bouteilles Pellehaut Harmonie rouge 75 cl Pellehaut Harmonie blanc 75 cl Pellehaut Harmonie\u00a0ros\u00e9 75 cl La consommation de boissons alcoolis\u00e9es pendant la grossesse, m\u00eame en faible quantit\u00e9, peut avoir des cons\u00e9quences graves sur la sant\u00e9 de l\u2019enfant. LA VENTE D ALCOOL EST INTERDITE AUX MINEURS. L ABUS D\u2026","rel":"","context":"Article similaire","img":{"alt_text":"","src":"https:\/\/i0.wp.com\/www.passionfruits.fr\/wp-content\/uploads\/2016\/02\/coffret-pellehaut-trio.jpg?fit=600%2C600&ssl=1&resize=350%2C200","width":350,"height":200},"classes":[]},{"id":6348,"url":"https:\/\/www.passionfruits.fr\/index.php\/produit\/pellehaut-rose-l-ete-gascon-la-bouteille-75-cl\/","url_meta":{"origin":19744,"position":2},"title":"Domaine Pellehaut Et\u00e9 Gascond ros\u00e9 75 cl 2024","date":"7 d\u00e9cembre 2015","format":false,"excerpt":"53.70 \u20ac le carton de 6 bouteilles soit 8,95 \u20ac la bouteille Avis des professionnels : Gilbert et Gaillard 2017 Mill\u00e9sime 2016 : Robe orang\u00e9 p\u00e2le. Nez sur les agrumes oranges, mandarines) et les petits fruits rouges, pr\u00e9sence \u00e9pic\u00e9e florale. Bouche gourmande, avec une sucrosit\u00e9 salivante qui s\\'\u00e9quilibre avec la\u2026","rel":"","context":"Article similaire","img":{"alt_text":"","src":"https:\/\/i0.wp.com\/www.passionfruits.fr\/wp-content\/uploads\/2015\/12\/pellehaut-rose.jpg?fit=600%2C600&ssl=1&resize=350%2C200","width":350,"height":200},"classes":[]},{"id":14544,"url":"https:\/\/www.passionfruits.fr\/index.php\/produit\/pilaho-rose-domaine-pellehaut-bouteille-75-cl\/","url_meta":{"origin":19744,"position":3},"title":"Pilaho Ros\u00e9 Domaine Pellehaut bouteille 75 cl","date":"22 octobre 2019","format":false,"excerpt":"53,70\u20ac le carton de bouteilles soit 8.95 \u20ac la bouteille \u00a0 Une mousse fine et abondante qui s'\u00e9vapore en laissant un parfum sucr\u00e9 de fraise et de cerise. Une couleur rouge, ros\u00e9 qui rappelle le sirop de grenadine, \u00e0 boire frais l'\u00e9t\u00e9. En bouche, la comparaison avec un coulis de\u2026","rel":"","context":"Article similaire","img":{"alt_text":"","src":"https:\/\/i0.wp.com\/www.passionfruits.fr\/wp-content\/uploads\/2019\/10\/pilaho-rose.jpg?fit=600%2C600&ssl=1&resize=350%2C200","width":350,"height":200},"classes":[]},{"id":5843,"url":"https:\/\/www.passionfruits.fr\/index.php\/produit\/domaine-pellehaut-blanc-2012\/","url_meta":{"origin":19744,"position":4},"title":"Domaine Pellehaut Blanc Harmonie 75 cl 2023","date":"7 d\u00e9cembre 2015","format":false,"excerpt":"36 \u20ac le carton de 6 bouteilles soit 6 \u20ac la bouteille \u00a0 DEGUSTATION La robe est l\u00e9g\u00e8re et limpide. Le nez r\u00e9v\u00e8le une grande intensit\u00e9 aromatique. Les notes exotiques s\u2019enchainent avec les senteurs florales. Partez \u00e0 la d\u00e9couverte de ce jardin de fruitiers en fleur. En bouche, les saveurs\u2026","rel":"","context":"Article similaire","img":{"alt_text":"","src":"https:\/\/i0.wp.com\/www.passionfruits.fr\/wp-content\/uploads\/2015\/12\/harmonie-de-gascogne-blanc.png?fit=600%2C600&ssl=1&resize=350%2C200","width":350,"height":200},"classes":[]},{"id":18588,"url":"https:\/\/www.passionfruits.fr\/index.php\/produit\/bibart-rose-puech-haut-fontaine-3-litres\/","url_meta":{"origin":19744,"position":5},"title":"Bib Fontaine 5 litres Pellehaut Blanc","date":"13 janvier 2022","format":false,"excerpt":"Soit 4,49 \u20ac les 75 cl Accords mets et vins: \"Le Pellehaut blanc\" vous accompagnera aussi bien \u00e0 l'ap\u00e9ritif qu'avec des crustac\u00e9s, des poissons grill\u00e9s ou encore des viandes blanches. La consommation de boissons alcoolis\u00e9es pendant la grossesse, m\u00eame en faible quantit\u00e9, peut avoir des cons\u00e9quences graves sur la sant\u00e9\u2026","rel":"","context":"Article similaire","img":{"alt_text":"","src":"https:\/\/i1.wp.com\/www.passionfruits.fr\/wp-content\/uploads\/2022\/01\/897.jpg?fit=600%2C600&ssl=1&resize=350%2C200","width":350,"height":200},"classes":[]}],"_links":{"self":[{"href":"https:\/\/www.passionfruits.fr\/index.php\/wp-json\/wp\/v2\/product\/19744"}],"collection":[{"href":"https:\/\/www.passionfruits.fr\/index.php\/wp-json\/wp\/v2\/product"}],"about":[{"href":"https:\/\/www.passionfruits.fr\/index.php\/wp-json\/wp\/v2\/types\/product"}],"replies":[{"embeddable":true,"href":"https:\/\/www.passionfruits.fr\/index.php\/wp-json\/wp\/v2\/comments?post=19744"}],"wp:featuredmedia":[{"embeddable":true,"href":"https:\/\/www.passionfruits.fr\/index.php\/wp-json\/wp\/v2\/media\/19739"}],"wp:attachment":[{"href":"https:\/\/www.passionfruits.fr\/index.php\/wp-json\/wp\/v2\/media?parent=19744"}],"curies":[{"name":"wp","href":"https:\/\/api.w.org\/{rel}","templated":true}]}}