{"id":19807,"date":"2024-02-21T10:25:39","date_gmt":"2024-02-21T09:25:39","guid":{"rendered":"http:\/\/www.passionfruits.fr\/?post_type=product&#038;p=19807"},"modified":"2024-02-21T10:53:41","modified_gmt":"2024-02-21T09:53:41","slug":"biere-cocon-bouteille-33-cl","status":"publish","type":"product","link":"https:\/\/www.passionfruits.fr\/index.php\/produit\/biere-cocon-bouteille-33-cl\/","title":{"rendered":"Bi\u00e8re blanche Cocon Bouteille 33 cl Elue \u201cMeilleure bi\u00e8re du Monde\u201d en 2021"},"content":{"rendered":"<p>promo<\/p>\n","protected":false},"excerpt":{"rendered":"<p>Elue \u201cMeilleure bi\u00e8re du Monde\u201d en 2021<\/p>\n<p>Bi\u00e8re de Maintenon<\/p>\n<p>Une bi\u00e8re artisanale onctueuse et acidul\u00e9e.<\/p>\n<p>Bi\u00e8re artisanale finement p\u00e9tillante, l\u00e9g\u00e8re et onctueuse. Des notes de pamplemousse et de citron vert.<br \/>\n\u00c0 table, la bi\u00e8re de garde pur malt \u201cCocon\u201d pourra accompagner coquillages, poissons grill\u00e9s et poissons fum\u00e9s, fromages de ch\u00e8vre, crudit\u00e9s.<\/p>\n<p>Ingr\u00e9dients : eau, malts d\u2019orge et malt de bl\u00e9, houblons, levure.<\/p>\n<p>D\u00e9tails techniques : bi\u00e8re de bl\u00e9 (dite \u201cblanche\u201d) de garde pur malt, de style Wheat Ale. Malt Pale Ale, malt de bl\u00e9 (France), et malt Caramel. Houblons aux saveurs d\u2019agrume. 5% alc. vol. Service entre 4 et 6\u00b0C.<br \/>\nR\u00e9compenses<\/p>\n<p>Troph\u00e9e de la \u201cMeilleure bi\u00e8re du Monde\u201d : class\u00e9e 1\u00e8re sur les 1632 bi\u00e8res d\u00e9gust\u00e9es et les 17 pays en lice au Concours International de Lyon 2021.<br \/>\nM\u00e9daille d\u2019Or 2021 au Concours International de Lyon.<br \/>\nFourquet d\u2019Argent 2021 au Concours National du Mus\u00e9e Fran\u00e7ais de la Brasserie.<br \/>\n1 \u00e9toile \u201cBi\u00e8re tr\u00e8s r\u00e9ussie\u201d au Guide Hachette des Bi\u00e8res 2022<br \/>\nM\u00e9daille d\u2019Or 2023 pour le graphisme d\u2019\u00e9tiquette au World Beer Award en Angleterre<\/p>\n<p>Brasserie Bacquet 28 130 Pierres<\/p>\n<p>La consommation de boissons alcoolis\u00e9es pendant la grossesse, m\u00eame en faible quantit\u00e9, peut avoir des cons\u00e9quences graves sur la sant\u00e9 de l\u2019enfant.<\/p>\n<p>L ABUS D ALCOOL EST DANGEREUX POUR LA SANTE. A CONSOMMER AVEC MODERATION<\/p>\n<p>LA VENTE D ALCOOL EST INTERDITE AUX MINEURS.<\/p>\n<p>&nbsp;<\/p>\n","protected":false},"featured_media":19808,"comment_status":"closed","ping_status":"closed","template":"","meta":{"spay_email":"","jetpack_publicize_message":"","jetpack_is_tweetstorm":false},"jetpack_publicize_connections":[],"jetpack_sharing_enabled":true,"jetpack-related-posts":[{"id":19809,"url":"https:\/\/www.passionfruits.fr\/index.php\/produit\/biere-l-invitation-de-madame-bouteille-33-cl\/","url_meta":{"origin":19807,"position":0},"title":"Bi\u00e8re brune  l' invitation de Madame Bouteille 33 cl","date":"21 f\u00e9vrier 2024","format":false,"excerpt":"Bi\u00e8re de Maintenon Une bi\u00e8re artisanale soyeuse et torr\u00e9fi\u00e9e. Bi\u00e8re artisanale bien p\u00e9tillante, avec du corps, sensiblement am\u00e8re. Des saveurs de caf\u00e9, de sous-bois et de noisette, une petite note de cacao. \u00c0 table, la bi\u00e8re de garde pur malt \u201cL\u2019Invitation de Madame\u201d pourra accompagner sushis, ratatouilles, galettes de bl\u00e9\u2026","rel":"","context":"Article similaire","img":{"alt_text":"","src":"https:\/\/i0.wp.com\/www.passionfruits.fr\/wp-content\/uploads\/2024\/02\/biere-madame.jpg?fit=599%2C600&ssl=1&resize=350%2C200","width":350,"height":200},"classes":[]},{"id":19813,"url":"https:\/\/www.passionfruits.fr\/index.php\/produit\/biere-blonde-juste-toi-et-moi-bouteille-33-cl\/","url_meta":{"origin":19807,"position":1},"title":"Bi\u00e8re blonde juste toi et moi Bouteille 33 cl","date":"21 f\u00e9vrier 2024","format":false,"excerpt":"Bi\u00e8re de Maintenon Une bi\u00e8re artisanale l\u00e9g\u00e8re et attachante. Bi\u00e8re artisanale bien p\u00e9tillante, s\u00e8che et d\u00e9salt\u00e9rante. Des notes aromatiques d\u2019herbac\u00e9e, de pain frais, de fleurs de mirabellier et de rose. \u00c0 table, la bi\u00e8re de garde pur malt \u201cJuste Toi & Moi\u201d pourra accompagner choucroutes, asperges, salades de crudit\u00e9s, fromages\u2026","rel":"","context":"Article similaire","img":{"alt_text":"","src":"https:\/\/i2.wp.com\/www.passionfruits.fr\/wp-content\/uploads\/2024\/02\/biere-juste-toi-et-moi.jpg?fit=599%2C600&ssl=1&resize=350%2C200","width":350,"height":200},"classes":[]},{"id":14595,"url":"https:\/\/www.passionfruits.fr\/index.php\/produit\/biere-de-chartres-la-bouteille-33cl\/","url_meta":{"origin":19807,"position":2},"title":"Bi\u00e8re blanche de Chartres la bouteille 33cl","date":"5 novembre 2019","format":false,"excerpt":"Biere de Chartres Brass\u00e9e au bl\u00e9 de Beauce Fermentation haute non filtr\u00e9e, elle est brass\u00e9e naturellement. Contient du malt de bl\u00e9 et du malte d' orge . Alcool 5,0 %. Brasserie Meteor Alsace La consommation de boissons alcoolis\u00e9es pendant la grossesse, m\u00eame en faible quantit\u00e9, peut avoir des cons\u00e9quences graves\u2026","rel":"","context":"Article similaire","img":{"alt_text":"","src":"https:\/\/i1.wp.com\/www.passionfruits.fr\/wp-content\/uploads\/2019\/11\/biere-de-chartres.jpg?fit=600%2C600&ssl=1&resize=350%2C200","width":350,"height":200},"classes":[]},{"id":14597,"url":"https:\/\/www.passionfruits.fr\/index.php\/produit\/biere-de-chartres-la-bouteille-75cl\/","url_meta":{"origin":19807,"position":3},"title":"Bi\u00e8re blanche de Chartres la bouteille 75cl","date":"5 novembre 2019","format":false,"excerpt":"Biere de Chartres Brass\u00e9e au bl\u00e9 de Beauce Fermentation haute non filtr\u00e9e, elle est brass\u00e9e naturellement. Contient du malt de bl\u00e9 et du malte d' orge . Alcool 5,0 %. Brasserie Meteor Alsace La consommation de boissons alcoolis\u00e9es pendant la grossesse, m\u00eame en faible quantit\u00e9, peut avoir des cons\u00e9quences graves\u2026","rel":"","context":"Article similaire","img":{"alt_text":"","src":"https:\/\/i1.wp.com\/www.passionfruits.fr\/wp-content\/uploads\/2019\/11\/biere-de-chartres.jpg?fit=600%2C600&ssl=1&resize=350%2C200","width":350,"height":200},"classes":[]},{"id":20418,"url":"https:\/\/www.passionfruits.fr\/index.php\/produit\/biere-blanche-de-gellainville-la-bouteille-75-cl\/","url_meta":{"origin":19807,"position":4},"title":"Bi\u00e8re Blanche de Gellainville la bouteille 75 cl","date":"16 avril 2025","format":false,"excerpt":"Alcool 4,8%. delabonne Blanche Bio est fra\u00eeche et l\u00e9g\u00e8re, m\u00e9daill\u00e9e \u00e0 Lyon, est construite dans l\u2019esprit des Blanches Belges l\u00e9g\u00e8res. delabonne Blanche Bio est fra\u00eeche et l\u00e9g\u00e8re, gr\u00e2ce aux 50% de malt de bl\u00e9 utilis\u00e9s lors du brassage, sa robe est claire et trouble. Elle est construite pour laisser appara\u00eetre\u2026","rel":"","context":"Article similaire","img":{"alt_text":"","src":"https:\/\/i0.wp.com\/www.passionfruits.fr\/wp-content\/uploads\/2025\/04\/blanche.jpg.jpg?fit=600%2C600&ssl=1&resize=350%2C200","width":350,"height":200},"classes":[]},{"id":20410,"url":"https:\/\/www.passionfruits.fr\/index.php\/produit\/biere-blanche-de-gellainville-la-bouteille-33cl\/","url_meta":{"origin":19807,"position":5},"title":"Bi\u00e8re Blanche de Gellainville la bouteille 33cl","date":"16 avril 2025","format":false,"excerpt":"Alcool 4,8%. delabonne Blanche Bio est fra\u00eeche et l\u00e9g\u00e8re, m\u00e9daill\u00e9e \u00e0 Lyon, est construite dans l\u2019esprit des Blanches Belges l\u00e9g\u00e8res. delabonne Blanche Bio est fra\u00eeche et l\u00e9g\u00e8re, gr\u00e2ce aux 50% de malt de bl\u00e9 utilis\u00e9s lors du brassage, sa robe est claire et trouble. Elle est construite pour laisser appara\u00eetre\u2026","rel":"","context":"Article similaire","img":{"alt_text":"","src":"https:\/\/i0.wp.com\/www.passionfruits.fr\/wp-content\/uploads\/2025\/04\/blanche.jpg.jpg?fit=600%2C600&ssl=1&resize=350%2C200","width":350,"height":200},"classes":[]}],"_links":{"self":[{"href":"https:\/\/www.passionfruits.fr\/index.php\/wp-json\/wp\/v2\/product\/19807"}],"collection":[{"href":"https:\/\/www.passionfruits.fr\/index.php\/wp-json\/wp\/v2\/product"}],"about":[{"href":"https:\/\/www.passionfruits.fr\/index.php\/wp-json\/wp\/v2\/types\/product"}],"replies":[{"embeddable":true,"href":"https:\/\/www.passionfruits.fr\/index.php\/wp-json\/wp\/v2\/comments?post=19807"}],"wp:featuredmedia":[{"embeddable":true,"href":"https:\/\/www.passionfruits.fr\/index.php\/wp-json\/wp\/v2\/media\/19808"}],"wp:attachment":[{"href":"https:\/\/www.passionfruits.fr\/index.php\/wp-json\/wp\/v2\/media?parent=19807"}],"curies":[{"name":"wp","href":"https:\/\/api.w.org\/{rel}","templated":true}]}}