{"id":20276,"date":"2025-01-10T11:38:38","date_gmt":"2025-01-10T10:38:38","guid":{"rendered":"http:\/\/www.passionfruits.fr\/?post_type=product&#038;p=20276"},"modified":"2025-01-10T11:39:54","modified_gmt":"2025-01-10T10:39:54","slug":"haut-medoc-cuvees-initiales-la-bouteille-75-cl-2016","status":"publish","type":"product","link":"https:\/\/www.passionfruits.fr\/index.php\/produit\/haut-medoc-cuvees-initiales-la-bouteille-75-cl-2016\/","title":{"rendered":"Haut M\u00e9doc cuv\u00e9es Initiales la bouteille 75 cl 2016"},"content":{"rendered":"","protected":false},"excerpt":{"rendered":"<p>Initiales est un vin rouge du domaine Andr\u00e9 Lurton, c&#8217;est un merlot.<\/p>\n<p>Au niveau du nez, on est sur quelque chose de tr\u00e8s aromatique, avec des fruits rouges frais.<\/p>\n<p>Ce vin accompagnera parfaitement vos viandes et vos fromages.<\/p>\n<p class=\" text-justify\">Alcool 14 % Contient des sulfites.<\/p>\n<p class=\" text-justify\">La consommation de boissons alcoolis\u00e9es pendant la grossesse, m\u00eame en faible quantit\u00e9, peut avoir des cons\u00e9quences graves sur la sant\u00e9 de l\u2019enfant.<\/p>\n<p class=\" text-justify\">L ABUS D ALCOOL EST DANGEREUX POUR LA SANTE. A CONSOMMER AVEC MODERATION.<\/p>\n<p class=\" text-justify\">LA VENTE D ALCOOL EST INTERDITE AUX MINEURS.<\/p>\n<p>Vignobles ANDRE Lurton Gr\u00e9zillac France<\/p>\n<p>&nbsp;<\/p>\n","protected":false},"featured_media":20277,"comment_status":"closed","ping_status":"closed","template":"","meta":{"spay_email":"","jetpack_publicize_message":"","jetpack_is_tweetstorm":false},"jetpack_publicize_connections":[],"jetpack_sharing_enabled":true,"jetpack-related-posts":[{"id":5445,"url":"https:\/\/www.passionfruits.fr\/index.php\/produit\/chateau-tour-de-segur-2010\/","url_meta":{"origin":20276,"position":0},"title":"Ch\u00e2teau Tour de S\u00e9gur 75 cl 2018","date":"7 d\u00e9cembre 2015","format":false,"excerpt":"Issus d'un terroir de caract\u00e8re, les vins du Ch\u00e2teau Tour de S\u00e9gur se distinguent par la couleur profonde de leur robe et leur bouquet subtil, tout en finesse et g\u00e9n\u00e9rosit\u00e9.Une attaque souple, une belle structure en bouche ronde et soyeuse, un tr\u00e8s joli fruit\u00e9 avec des ar\u00f4mes de vanille\u00a0: voici\u2026","rel":"","context":"Article similaire","img":{"alt_text":"","src":"https:\/\/i1.wp.com\/www.passionfruits.fr\/wp-content\/uploads\/2015\/12\/TourDeSegur.jpg?fit=599%2C599&ssl=1&resize=350%2C200","width":350,"height":200},"classes":[]},{"id":16015,"url":"https:\/\/www.passionfruits.fr\/index.php\/produit\/chateau-goumin-rouge-150-cl-2015\/","url_meta":{"origin":20276,"position":1},"title":"Ch\u00e2teau Goumin 150 cl 2019","date":"22 mai 2020","format":false,"excerpt":"Apparence Brillante et \u00e9l\u00e9gante, la robe de ce vin est d\u2019un rouge profond, agr\u00e9ment\u00e9 de jolis reflets violets. Nez G\u00e9n\u00e9reux, le nez pr\u00e9sente une belle structure, sur des notes grill\u00e9es, l\u00e9g\u00e8rement toast\u00e9es. Bouche En bouche, c\u2019est un vin tr\u00e8s s\u00e9duisant, tout en rondeur. \u00c0 la fois tannique et fruit\u00e9 (fruits\u2026","rel":"","context":"Article similaire","img":{"alt_text":"","src":"https:\/\/i0.wp.com\/www.passionfruits.fr\/wp-content\/uploads\/2018\/02\/chateau-goumin.jpg?fit=600%2C600&ssl=1&resize=350%2C200","width":350,"height":200},"classes":[]},{"id":15010,"url":"https:\/\/www.passionfruits.fr\/index.php\/produit\/buzet-rouge-sans-sulfites-75-cl-2018\/","url_meta":{"origin":20276,"position":2},"title":"Buzet rouge sans sulfites 75 cl 2019","date":"7 mars 2020","format":false,"excerpt":"\u00ab Sans \u00bb est un vin rouge sans sulfites ajout\u00e9s. Ce vin rouge atypique est n\u00e9 d\u2019une volont\u00e9 : celle de vous proposer un vin sans allerg\u00e8nes. Elabor\u00e9 un vin sans ajouter de \u00ab soufre \u00bb c\u2019est faire un vin autrement. La vendange dont est issu ce vin rouge \u00ab\u2026","rel":"","context":"Article similaire","img":{"alt_text":"","src":"https:\/\/i2.wp.com\/www.passionfruits.fr\/wp-content\/uploads\/2020\/03\/sans-sulfites-rouge.jpg?fit=600%2C600&ssl=1&resize=350%2C200","width":350,"height":200},"classes":[]},{"id":19744,"url":"https:\/\/www.passionfruits.fr\/index.php\/produit\/bib-fontaine-5-litres-pellehaut-rouge\/","url_meta":{"origin":20276,"position":3},"title":"Bib Fontaine 5 litres Pellehaut rouge","date":"10 janvier 2024","format":false,"excerpt":"Soit 4,49 \u20ac les 75 cl Accords mets et vins: \"Le Pellehaut rouge\" vous s\u2019accordera \u00e0 merveille avec des grillades, des viandes rouges ou de la volaille. La consommation de boissons alcoolis\u00e9es pendant la grossesse, m\u00eame en faible quantit\u00e9, peut avoir des cons\u00e9quences graves sur la sant\u00e9 de l\u2019enfant. L\u2026","rel":"","context":"Article similaire","img":{"alt_text":"","src":"https:\/\/i0.wp.com\/www.passionfruits.fr\/wp-content\/uploads\/2022\/01\/899.jpg?fit=600%2C600&ssl=1&resize=350%2C200","width":350,"height":200},"classes":[]},{"id":11910,"url":"https:\/\/www.passionfruits.fr\/index.php\/produit\/gratte-cul-la-bouteille-de-50-cl\/","url_meta":{"origin":20276,"position":4},"title":"Gratte cul la bouteille de 50 cl","date":"23 mars 2018","format":false,"excerpt":"Boisson aromatis\u00e9e \u00e0 base de vin et des fruits de l'\u00e9glantier. Cet ap\u00e9ritif se sert bien frais, nature ou sur glace. Alcool 11,5%. La consommation de boissons alcoolis\u00e9es pendant la grossesse, m\u00eame en faible quantit\u00e9, peut avoir des cons\u00e9quences graves sur la sant\u00e9 de l\u2019enfant. L ABUS D ALCOOL EST\u2026","rel":"","context":"Article similaire","img":{"alt_text":"","src":"https:\/\/i1.wp.com\/www.passionfruits.fr\/wp-content\/uploads\/2017\/08\/Gratte-cul.jpg?fit=591%2C600&ssl=1&resize=350%2C200","width":350,"height":200},"classes":[]},{"id":15869,"url":"https:\/\/www.passionfruits.fr\/index.php\/produit\/sangria-75-cl\/","url_meta":{"origin":20276,"position":5},"title":"Sangria Rouge 75 cl","date":"21 avril 2020","format":false,"excerpt":"Alcool 10 % Contient des sulfites. La consommation de boissons alcoolis\u00e9es pendant la grossesse, m\u00eame en faible quantit\u00e9, peut avoir des cons\u00e9quences graves sur la sant\u00e9 de l\u2019enfant. L ABUS D ALCOOL EST DANGEREUX POUR LA SANTE. A CONSOMMER AVEC MODERATION. LA VENTE D ALCOOL EST INTERDITE AUX MINEURS.","rel":"","context":"Article similaire","img":{"alt_text":"","src":"https:\/\/i2.wp.com\/www.passionfruits.fr\/wp-content\/uploads\/2020\/04\/Sangria.jpg?fit=600%2C600&ssl=1&resize=350%2C200","width":350,"height":200},"classes":[]}],"_links":{"self":[{"href":"https:\/\/www.passionfruits.fr\/index.php\/wp-json\/wp\/v2\/product\/20276"}],"collection":[{"href":"https:\/\/www.passionfruits.fr\/index.php\/wp-json\/wp\/v2\/product"}],"about":[{"href":"https:\/\/www.passionfruits.fr\/index.php\/wp-json\/wp\/v2\/types\/product"}],"replies":[{"embeddable":true,"href":"https:\/\/www.passionfruits.fr\/index.php\/wp-json\/wp\/v2\/comments?post=20276"}],"wp:featuredmedia":[{"embeddable":true,"href":"https:\/\/www.passionfruits.fr\/index.php\/wp-json\/wp\/v2\/media\/20277"}],"wp:attachment":[{"href":"https:\/\/www.passionfruits.fr\/index.php\/wp-json\/wp\/v2\/media?parent=20276"}],"curies":[{"name":"wp","href":"https:\/\/api.w.org\/{rel}","templated":true}]}}