{"id":20415,"date":"2025-04-16T07:50:57","date_gmt":"2025-04-16T06:50:57","guid":{"rendered":"http:\/\/www.passionfruits.fr\/?post_type=product&#038;p=20415"},"modified":"2025-04-16T07:54:39","modified_gmt":"2025-04-16T06:54:39","slug":"biere-ambree-de-gellainville-la-bouteille-33cl","status":"publish","type":"product","link":"https:\/\/www.passionfruits.fr\/index.php\/produit\/biere-ambree-de-gellainville-la-bouteille-33cl\/","title":{"rendered":"Bi\u00e8re Ambr\u00e9e de Gellainville la bouteille 33cl"},"content":{"rendered":"","protected":false},"excerpt":{"rendered":"<p>Alcool 6 %.<\/p>\n<p>Ambr\u00e9e de la gamme delabonne bio, cette bi\u00e8re riche et puissante r\u00e9conforte.<\/p>\n<p>delabonne Ambr\u00e9e Bio est une bi\u00e8re de d\u00e9gustation gourmande avec une belle robe ambr\u00e9e tirant sur le rouge carmin. Elle est ronde et a une belle longueur en bouche ; elle fait la part belle aux malts Cara et au houblon Barbe Rouge, avec une amertume tr\u00e8s mod\u00e9r\u00e9e. Cette bi\u00e8re est brass\u00e9e avec des orges et houblons de la ferme Louasville.<\/p>\n<p>La consommation de boissons alcoolis\u00e9es pendant la grossesse, m\u00eame en faible quantit\u00e9, peut avoir des cons\u00e9quences graves sur la sant\u00e9 de l\u2019enfant.<\/p>\n<p>L ABUS D ALCOOL EST DANGEREUX POUR LA SANTE. A CONSOMMER AVEC MODERATION<\/p>\n<p>LA VENTE D ALCOOL EST INTERDITE AUX MINEURS.<\/p>\n<p>&nbsp;<\/p>\n","protected":false},"featured_media":20411,"comment_status":"closed","ping_status":"closed","template":"","meta":{"spay_email":"","jetpack_publicize_message":"","jetpack_is_tweetstorm":false},"jetpack_publicize_connections":[],"jetpack_sharing_enabled":true,"jetpack-related-posts":[{"id":20416,"url":"https:\/\/www.passionfruits.fr\/index.php\/produit\/biere-ambree-de-gellainville-la-bouteille-75-cl\/","url_meta":{"origin":20415,"position":0},"title":"Bi\u00e8re Ambr\u00e9e de Gellainville la bouteille 75 cl","date":"16 avril 2025","format":false,"excerpt":"Alcool 6 %. Ambr\u00e9e de la gamme delabonne bio, cette bi\u00e8re riche et puissante r\u00e9conforte. delabonne Ambr\u00e9e Bio est une bi\u00e8re de d\u00e9gustation gourmande avec une belle robe ambr\u00e9e tirant sur le rouge carmin. Elle est ronde et a une belle longueur en bouche ; elle fait la part belle\u2026","rel":"","context":"Article similaire","img":{"alt_text":"","src":"https:\/\/i0.wp.com\/www.passionfruits.fr\/wp-content\/uploads\/2025\/04\/ambree-.jpg.jpg?fit=600%2C600&ssl=1&resize=350%2C200","width":350,"height":200},"classes":[]},{"id":20417,"url":"https:\/\/www.passionfruits.fr\/index.php\/produit\/biere-blonde-de-gellainville-la-bouteille-75-cl\/","url_meta":{"origin":20415,"position":1},"title":"Bi\u00e8re Blonde de Gellainville la bouteille 75 cl","date":"16 avril 2025","format":false,"excerpt":"Alcool 5 %. Fleuron de la gamme delabonne bio, cette blonde embl\u00e9matique de la brasserie ravira les palais les plus exigeants. delabonne Blonde Bio est une bi\u00e8re simple de conception, mais qui offre une belle complexit\u00e9 aromatique. Elle est voulue l\u00e9g\u00e8re et rafraichissante, peu am\u00e8re, elle laisse la part belle\u2026","rel":"","context":"Article similaire","img":{"alt_text":"","src":"https:\/\/i0.wp.com\/www.passionfruits.fr\/wp-content\/uploads\/2025\/04\/blonde.jpg.jpg?fit=600%2C600&ssl=1&resize=350%2C200","width":350,"height":200},"classes":[]},{"id":20414,"url":"https:\/\/www.passionfruits.fr\/index.php\/produit\/biere-blonde-de-gellainville-la-bouteille-33cl\/","url_meta":{"origin":20415,"position":2},"title":"Bi\u00e8re Blonde de Gellainville la bouteille 33cl","date":"16 avril 2025","format":false,"excerpt":"Alcool 5 %. Fleuron de la gamme delabonne bio, cette blonde embl\u00e9matique de la brasserie ravira les palais les plus exigeants. delabonne Blonde Bio est une bi\u00e8re simple de conception, mais qui offre une belle complexit\u00e9 aromatique. Elle est voulue l\u00e9g\u00e8re et rafraichissante, peu am\u00e8re, elle laisse la part belle\u2026","rel":"","context":"Article similaire","img":{"alt_text":"","src":"https:\/\/i0.wp.com\/www.passionfruits.fr\/wp-content\/uploads\/2025\/04\/blonde.jpg.jpg?fit=600%2C600&ssl=1&resize=350%2C200","width":350,"height":200},"classes":[]},{"id":20418,"url":"https:\/\/www.passionfruits.fr\/index.php\/produit\/biere-blanche-de-gellainville-la-bouteille-75-cl\/","url_meta":{"origin":20415,"position":3},"title":"Bi\u00e8re Blanche de Gellainville la bouteille 75 cl","date":"16 avril 2025","format":false,"excerpt":"Alcool 4,8%. delabonne Blanche Bio est fra\u00eeche et l\u00e9g\u00e8re, m\u00e9daill\u00e9e \u00e0 Lyon, est construite dans l\u2019esprit des Blanches Belges l\u00e9g\u00e8res. delabonne Blanche Bio est fra\u00eeche et l\u00e9g\u00e8re, gr\u00e2ce aux 50% de malt de bl\u00e9 utilis\u00e9s lors du brassage, sa robe est claire et trouble. Elle est construite pour laisser appara\u00eetre\u2026","rel":"","context":"Article similaire","img":{"alt_text":"","src":"https:\/\/i0.wp.com\/www.passionfruits.fr\/wp-content\/uploads\/2025\/04\/blanche.jpg.jpg?fit=600%2C600&ssl=1&resize=350%2C200","width":350,"height":200},"classes":[]},{"id":20410,"url":"https:\/\/www.passionfruits.fr\/index.php\/produit\/biere-blanche-de-gellainville-la-bouteille-33cl\/","url_meta":{"origin":20415,"position":4},"title":"Bi\u00e8re Blanche de Gellainville la bouteille 33cl","date":"16 avril 2025","format":false,"excerpt":"Alcool 4,8%. delabonne Blanche Bio est fra\u00eeche et l\u00e9g\u00e8re, m\u00e9daill\u00e9e \u00e0 Lyon, est construite dans l\u2019esprit des Blanches Belges l\u00e9g\u00e8res. delabonne Blanche Bio est fra\u00eeche et l\u00e9g\u00e8re, gr\u00e2ce aux 50% de malt de bl\u00e9 utilis\u00e9s lors du brassage, sa robe est claire et trouble. Elle est construite pour laisser appara\u00eetre\u2026","rel":"","context":"Article similaire","img":{"alt_text":"","src":"https:\/\/i0.wp.com\/www.passionfruits.fr\/wp-content\/uploads\/2025\/04\/blanche.jpg.jpg?fit=600%2C600&ssl=1&resize=350%2C200","width":350,"height":200},"classes":[]},{"id":19809,"url":"https:\/\/www.passionfruits.fr\/index.php\/produit\/biere-l-invitation-de-madame-bouteille-33-cl\/","url_meta":{"origin":20415,"position":5},"title":"Bi\u00e8re brune  l' invitation de Madame Bouteille 33 cl","date":"21 f\u00e9vrier 2024","format":false,"excerpt":"Bi\u00e8re de Maintenon Une bi\u00e8re artisanale soyeuse et torr\u00e9fi\u00e9e. Bi\u00e8re artisanale bien p\u00e9tillante, avec du corps, sensiblement am\u00e8re. Des saveurs de caf\u00e9, de sous-bois et de noisette, une petite note de cacao. \u00c0 table, la bi\u00e8re de garde pur malt \u201cL\u2019Invitation de Madame\u201d pourra accompagner sushis, ratatouilles, galettes de bl\u00e9\u2026","rel":"","context":"Article similaire","img":{"alt_text":"","src":"https:\/\/i0.wp.com\/www.passionfruits.fr\/wp-content\/uploads\/2024\/02\/biere-madame.jpg?fit=599%2C600&ssl=1&resize=350%2C200","width":350,"height":200},"classes":[]}],"_links":{"self":[{"href":"https:\/\/www.passionfruits.fr\/index.php\/wp-json\/wp\/v2\/product\/20415"}],"collection":[{"href":"https:\/\/www.passionfruits.fr\/index.php\/wp-json\/wp\/v2\/product"}],"about":[{"href":"https:\/\/www.passionfruits.fr\/index.php\/wp-json\/wp\/v2\/types\/product"}],"replies":[{"embeddable":true,"href":"https:\/\/www.passionfruits.fr\/index.php\/wp-json\/wp\/v2\/comments?post=20415"}],"wp:featuredmedia":[{"embeddable":true,"href":"https:\/\/www.passionfruits.fr\/index.php\/wp-json\/wp\/v2\/media\/20411"}],"wp:attachment":[{"href":"https:\/\/www.passionfruits.fr\/index.php\/wp-json\/wp\/v2\/media?parent=20415"}],"curies":[{"name":"wp","href":"https:\/\/api.w.org\/{rel}","templated":true}]}}