{"id":20417,"date":"2025-04-16T07:58:44","date_gmt":"2025-04-16T06:58:44","guid":{"rendered":"http:\/\/www.passionfruits.fr\/?post_type=product&#038;p=20417"},"modified":"2025-04-16T07:59:20","modified_gmt":"2025-04-16T06:59:20","slug":"biere-blonde-de-gellainville-la-bouteille-75-cl","status":"publish","type":"product","link":"https:\/\/www.passionfruits.fr\/index.php\/produit\/biere-blonde-de-gellainville-la-bouteille-75-cl\/","title":{"rendered":"Bi\u00e8re Blonde de Gellainville la bouteille 75 cl"},"content":{"rendered":"","protected":false},"excerpt":{"rendered":"<p>Alcool 5 %.<\/p>\n<p>Fleuron de la gamme delabonne bio, cette blonde embl\u00e9matique de la brasserie ravira les palais les plus exigeants.<\/p>\n<p>delabonne Blonde Bio est une bi\u00e8re simple de conception, mais qui offre une belle complexit\u00e9 aromatique. Elle est voulue l\u00e9g\u00e8re et rafraichissante, peu am\u00e8re, elle laisse la part belle \u00e0 l\u2019expression des malts. Cette bi\u00e8re est brass\u00e9e avec des orges et houblons de la ferme Louasville.<\/p>\n<p>La consommation de boissons alcoolis\u00e9es pendant la grossesse, m\u00eame en faible quantit\u00e9, peut avoir des cons\u00e9quences graves sur la sant\u00e9 de l\u2019enfant.<\/p>\n<p>L ABUS D ALCOOL EST DANGEREUX POUR LA SANTE. A CONSOMMER AVEC MODERATION<\/p>\n<p>LA VENTE D ALCOOL EST INTERDITE AUX MINEURS.<\/p>\n","protected":false},"featured_media":20412,"comment_status":"closed","ping_status":"closed","template":"","meta":{"spay_email":"","jetpack_publicize_message":"","jetpack_is_tweetstorm":false},"jetpack_publicize_connections":[],"jetpack_sharing_enabled":true,"jetpack-related-posts":[{"id":20414,"url":"https:\/\/www.passionfruits.fr\/index.php\/produit\/biere-blonde-de-gellainville-la-bouteille-33cl\/","url_meta":{"origin":20417,"position":0},"title":"Bi\u00e8re Blonde de Gellainville la bouteille 33cl","date":"16 avril 2025","format":false,"excerpt":"Alcool 5 %. Fleuron de la gamme delabonne bio, cette blonde embl\u00e9matique de la brasserie ravira les palais les plus exigeants. delabonne Blonde Bio est une bi\u00e8re simple de conception, mais qui offre une belle complexit\u00e9 aromatique. Elle est voulue l\u00e9g\u00e8re et rafraichissante, peu am\u00e8re, elle laisse la part belle\u2026","rel":"","context":"Article similaire","img":{"alt_text":"","src":"https:\/\/i0.wp.com\/www.passionfruits.fr\/wp-content\/uploads\/2025\/04\/blonde.jpg.jpg?fit=600%2C600&ssl=1&resize=350%2C200","width":350,"height":200},"classes":[]},{"id":20415,"url":"https:\/\/www.passionfruits.fr\/index.php\/produit\/biere-ambree-de-gellainville-la-bouteille-33cl\/","url_meta":{"origin":20417,"position":1},"title":"Bi\u00e8re Ambr\u00e9e de Gellainville la bouteille 33cl","date":"16 avril 2025","format":false,"excerpt":"Alcool 6 %. Ambr\u00e9e de la gamme delabonne bio, cette bi\u00e8re riche et puissante r\u00e9conforte. delabonne Ambr\u00e9e Bio est une bi\u00e8re de d\u00e9gustation gourmande avec une belle robe ambr\u00e9e tirant sur le rouge carmin. Elle est ronde et a une belle longueur en bouche ; elle fait la part belle\u2026","rel":"","context":"Article similaire","img":{"alt_text":"","src":"https:\/\/i0.wp.com\/www.passionfruits.fr\/wp-content\/uploads\/2025\/04\/ambree-.jpg.jpg?fit=600%2C600&ssl=1&resize=350%2C200","width":350,"height":200},"classes":[]},{"id":20416,"url":"https:\/\/www.passionfruits.fr\/index.php\/produit\/biere-ambree-de-gellainville-la-bouteille-75-cl\/","url_meta":{"origin":20417,"position":2},"title":"Bi\u00e8re Ambr\u00e9e de Gellainville la bouteille 75 cl","date":"16 avril 2025","format":false,"excerpt":"Alcool 6 %. Ambr\u00e9e de la gamme delabonne bio, cette bi\u00e8re riche et puissante r\u00e9conforte. delabonne Ambr\u00e9e Bio est une bi\u00e8re de d\u00e9gustation gourmande avec une belle robe ambr\u00e9e tirant sur le rouge carmin. Elle est ronde et a une belle longueur en bouche ; elle fait la part belle\u2026","rel":"","context":"Article similaire","img":{"alt_text":"","src":"https:\/\/i0.wp.com\/www.passionfruits.fr\/wp-content\/uploads\/2025\/04\/ambree-.jpg.jpg?fit=600%2C600&ssl=1&resize=350%2C200","width":350,"height":200},"classes":[]},{"id":20418,"url":"https:\/\/www.passionfruits.fr\/index.php\/produit\/biere-blanche-de-gellainville-la-bouteille-75-cl\/","url_meta":{"origin":20417,"position":3},"title":"Bi\u00e8re Blanche de Gellainville la bouteille 75 cl","date":"16 avril 2025","format":false,"excerpt":"Alcool 4,8%. delabonne Blanche Bio est fra\u00eeche et l\u00e9g\u00e8re, m\u00e9daill\u00e9e \u00e0 Lyon, est construite dans l\u2019esprit des Blanches Belges l\u00e9g\u00e8res. delabonne Blanche Bio est fra\u00eeche et l\u00e9g\u00e8re, gr\u00e2ce aux 50% de malt de bl\u00e9 utilis\u00e9s lors du brassage, sa robe est claire et trouble. Elle est construite pour laisser appara\u00eetre\u2026","rel":"","context":"Article similaire","img":{"alt_text":"","src":"https:\/\/i0.wp.com\/www.passionfruits.fr\/wp-content\/uploads\/2025\/04\/blanche.jpg.jpg?fit=600%2C600&ssl=1&resize=350%2C200","width":350,"height":200},"classes":[]},{"id":20410,"url":"https:\/\/www.passionfruits.fr\/index.php\/produit\/biere-blanche-de-gellainville-la-bouteille-33cl\/","url_meta":{"origin":20417,"position":4},"title":"Bi\u00e8re Blanche de Gellainville la bouteille 33cl","date":"16 avril 2025","format":false,"excerpt":"Alcool 4,8%. delabonne Blanche Bio est fra\u00eeche et l\u00e9g\u00e8re, m\u00e9daill\u00e9e \u00e0 Lyon, est construite dans l\u2019esprit des Blanches Belges l\u00e9g\u00e8res. delabonne Blanche Bio est fra\u00eeche et l\u00e9g\u00e8re, gr\u00e2ce aux 50% de malt de bl\u00e9 utilis\u00e9s lors du brassage, sa robe est claire et trouble. Elle est construite pour laisser appara\u00eetre\u2026","rel":"","context":"Article similaire","img":{"alt_text":"","src":"https:\/\/i0.wp.com\/www.passionfruits.fr\/wp-content\/uploads\/2025\/04\/blanche.jpg.jpg?fit=600%2C600&ssl=1&resize=350%2C200","width":350,"height":200},"classes":[]},{"id":20398,"url":"https:\/\/www.passionfruits.fr\/index.php\/produit\/biere-blonde-de-chartres-la-bouteille-33cl\/","url_meta":{"origin":20417,"position":5},"title":"Bi\u00e8re blonde de Chartres la bouteille 33cl","date":"15 avril 2025","format":false,"excerpt":"Biere de Chartres blonde Brass\u00e9e au bl\u00e9 de Beauce Fermentation haute non filtr\u00e9e, elle est brass\u00e9e naturellement. Contient du malt de bl\u00e9 et du malte d' orge . Alcool 4,5 %. Brasserie Meteor Alsace La consommation de boissons alcoolis\u00e9es pendant la grossesse, m\u00eame en faible quantit\u00e9, peut avoir des cons\u00e9quences\u2026","rel":"","context":"Article similaire","img":{"alt_text":"","src":"https:\/\/i2.wp.com\/www.passionfruits.fr\/wp-content\/uploads\/2025\/04\/bcb.jpg?fit=600%2C600&ssl=1&resize=350%2C200","width":350,"height":200},"classes":[]}],"_links":{"self":[{"href":"https:\/\/www.passionfruits.fr\/index.php\/wp-json\/wp\/v2\/product\/20417"}],"collection":[{"href":"https:\/\/www.passionfruits.fr\/index.php\/wp-json\/wp\/v2\/product"}],"about":[{"href":"https:\/\/www.passionfruits.fr\/index.php\/wp-json\/wp\/v2\/types\/product"}],"replies":[{"embeddable":true,"href":"https:\/\/www.passionfruits.fr\/index.php\/wp-json\/wp\/v2\/comments?post=20417"}],"wp:featuredmedia":[{"embeddable":true,"href":"https:\/\/www.passionfruits.fr\/index.php\/wp-json\/wp\/v2\/media\/20412"}],"wp:attachment":[{"href":"https:\/\/www.passionfruits.fr\/index.php\/wp-json\/wp\/v2\/media?parent=20417"}],"curies":[{"name":"wp","href":"https:\/\/api.w.org\/{rel}","templated":true}]}}