{"id":4884,"date":"2015-12-07T11:26:53","date_gmt":"2015-12-07T10:26:53","guid":{"rendered":"http:\/\/www.andreclaude.fr\/web\/index.php\/produit\/asperge-blanche-le-kilo\/"},"modified":"2026-04-29T16:43:49","modified_gmt":"2026-04-29T15:43:49","slug":"asperge-blanche-les-500-grs","status":"publish","type":"product","link":"https:\/\/www.passionfruits.fr\/index.php\/produit\/asperge-blanche-les-500-grs\/","title":{"rendered":"Asperge Blanche France  Cat1  les 500g"},"content":{"rendered":"","protected":false},"excerpt":{"rendered":"","protected":false},"featured_media":12039,"comment_status":"closed","ping_status":"closed","template":"","meta":{"spay_email":"","jetpack_publicize_message":"","jetpack_is_tweetstorm":false},"jetpack_publicize_connections":[],"jetpack_sharing_enabled":true,"jetpack-related-posts":[{"id":13708,"url":"https:\/\/www.passionfruits.fr\/index.php\/produit\/betterave-svide-france-bio-cat-1-les-500g\/","url_meta":{"origin":4884,"position":0},"title":"Betterave s\/vide France Cat 1 les 500g","date":"23 mars 2019","format":false,"excerpt":"","rel":"","context":"Article similaire","img":{"alt_text":"","src":"https:\/\/i2.wp.com\/www.passionfruits.fr\/wp-content\/uploads\/2015\/12\/betteravesousvide.jpg?fit=238%2C300&ssl=1&resize=350%2C200","width":350,"height":200},"classes":[]},{"id":6472,"url":"https:\/\/www.passionfruits.fr\/index.php\/produit\/tomate-grappe-le-kilo\/","url_meta":{"origin":4884,"position":1},"title":"Tomate grappe  France   Cat1 le kilo","date":"7 d\u00e9cembre 2015","format":false,"excerpt":"","rel":"","context":"Article similaire","img":{"alt_text":"","src":"https:\/\/i2.wp.com\/www.passionfruits.fr\/wp-content\/uploads\/2015\/12\/tomate-grappe.jpg?fit=600%2C600&ssl=1&resize=350%2C200","width":350,"height":200},"classes":[]},{"id":7397,"url":"https:\/\/www.passionfruits.fr\/index.php\/produit\/celeri-rave-demi-piece-env-500g\/","url_meta":{"origin":4884,"position":2},"title":"C\u00e8leri rave France Cat 1 demi env. 500g","date":"1 janvier 2016","format":false,"excerpt":"","rel":"","context":"Article similaire","img":{"alt_text":"","src":"https:\/\/i1.wp.com\/www.passionfruits.fr\/wp-content\/uploads\/2016\/01\/celeri-rave.jpg?fit=580%2C420&ssl=1&resize=350%2C200","width":350,"height":200},"classes":[]},{"id":8550,"url":"https:\/\/www.passionfruits.fr\/index.php\/produit\/tomate-d-antan-les-500g\/","url_meta":{"origin":4884,"position":3},"title":"Tomate Saveur d'antan France Cat 1 les 500g","date":"1 avril 2016","format":false,"excerpt":"Les tomates Saveurs d\u2019antan, c\u2019est un assortiment de tomates de vari\u00e9t\u00e9s anciennes, de couleurs diff\u00e9rentes\u00a0: noire de Crim\u00e9e, green z\u00e9bra, tomate rose, cornue des Andes, c\u0153ur de b\u0153uf\u2026","rel":"","context":"Article similaire","img":{"alt_text":"","src":"https:\/\/i0.wp.com\/www.passionfruits.fr\/wp-content\/uploads\/2016\/04\/Tomate-dantan.jpg?fit=600%2C600&ssl=1&resize=350%2C200","width":350,"height":200},"classes":[]},{"id":14561,"url":"https:\/\/www.passionfruits.fr\/index.php\/produit\/lentille-noire-beluga-france-sachet-500g\/","url_meta":{"origin":4884,"position":4},"title":"Lentille Beluga Eure et Loir sachet 500g","date":"25 octobre 2019","format":false,"excerpt":"La lentille noire beluga est consid\u00e9r\u00e9e comme la meilleure des lentilles gr\u00e2ce \u00e0 son go\u00fbt proche de la ch\u00e2taigne et de la noisette. Sa couleur noire lui vaut le surnom de caviar v\u00e9g\u00e9tal. Elle nous vient du Canada. Comme les autres l\u00e9gumineuses, la lentille noire est un nutriment r\u00eav\u00e9 et\u2026","rel":"","context":"Article similaire","img":{"alt_text":"","src":"https:\/\/i2.wp.com\/www.passionfruits.fr\/wp-content\/uploads\/2019\/10\/Lentilles-noires.jpg?fit=600%2C600&ssl=1&resize=350%2C200","width":350,"height":200},"classes":[]},{"id":5342,"url":"https:\/\/www.passionfruits.fr\/index.php\/produit\/pruneau-vrac-noyau-les-500-grs\/","url_meta":{"origin":4884,"position":5},"title":"Pruneau France Cat 1 avec noyau les 500g","date":"7 d\u00e9cembre 2015","format":false,"excerpt":"Ingr\u00e9dients : Pruneaux avec noyau Traces \u00e9ventuelles de Sulfite","rel":"","context":"Article similaire","img":{"alt_text":"","src":"https:\/\/i1.wp.com\/www.passionfruits.fr\/wp-content\/uploads\/2015\/12\/pruneau.jpg?fit=395%2C304&ssl=1&resize=350%2C200","width":350,"height":200},"classes":[]}],"_links":{"self":[{"href":"https:\/\/www.passionfruits.fr\/index.php\/wp-json\/wp\/v2\/product\/4884"}],"collection":[{"href":"https:\/\/www.passionfruits.fr\/index.php\/wp-json\/wp\/v2\/product"}],"about":[{"href":"https:\/\/www.passionfruits.fr\/index.php\/wp-json\/wp\/v2\/types\/product"}],"replies":[{"embeddable":true,"href":"https:\/\/www.passionfruits.fr\/index.php\/wp-json\/wp\/v2\/comments?post=4884"}],"wp:featuredmedia":[{"embeddable":true,"href":"https:\/\/www.passionfruits.fr\/index.php\/wp-json\/wp\/v2\/media\/12039"}],"wp:attachment":[{"href":"https:\/\/www.passionfruits.fr\/index.php\/wp-json\/wp\/v2\/media?parent=4884"}],"curies":[{"name":"wp","href":"https:\/\/api.w.org\/{rel}","templated":true}]}}