{"id":4887,"date":"2015-12-07T11:27:14","date_gmt":"2015-12-07T10:27:14","guid":{"rendered":"http:\/\/www.andreclaude.fr\/web\/index.php\/produit\/asperge-verte-la-botte-de-500-grs\/"},"modified":"2026-04-02T07:19:43","modified_gmt":"2026-04-02T06:19:43","slug":"asperge-verte-de-500-grs","status":"publish","type":"product","link":"https:\/\/www.passionfruits.fr\/index.php\/produit\/asperge-verte-de-500-grs\/","title":{"rendered":"Asperge Verte Espagne   Cat 1 la botte de 500grs"},"content":{"rendered":"","protected":false},"excerpt":{"rendered":"","protected":false},"featured_media":6813,"comment_status":"closed","ping_status":"closed","template":"","meta":{"spay_email":"","jetpack_publicize_message":"","jetpack_is_tweetstorm":false},"jetpack_publicize_connections":[],"jetpack_sharing_enabled":true,"jetpack-related-posts":[{"id":4874,"url":"https:\/\/www.passionfruits.fr\/index.php\/produit\/courgette-promo-les-500grs\/","url_meta":{"origin":4887,"position":0},"title":"Courgette Espagne  Cat 1 les 500 grs","date":"7 d\u00e9cembre 2015","format":false,"excerpt":"A consommer toute l'ann\u00e9e pour toute la famille !","rel":"","context":"Article similaire","img":{"alt_text":"","src":"https:\/\/i1.wp.com\/www.passionfruits.fr\/wp-content\/uploads\/2015\/12\/courgette-1.jpg?fit=600%2C600&ssl=1&resize=350%2C200","width":350,"height":200},"classes":[]},{"id":4876,"url":"https:\/\/www.passionfruits.fr\/index.php\/produit\/poivron-vert-la-piece-env-200-grs\/","url_meta":{"origin":4887,"position":1},"title":"Poivron vert Espagne Cat 1 la pi\u00e8ce env.250g","date":"7 d\u00e9cembre 2015","format":false,"excerpt":"Origine Espagne","rel":"","context":"Article similaire","img":{"alt_text":"","src":"https:\/\/i1.wp.com\/www.passionfruits.fr\/wp-content\/uploads\/2015\/12\/Fotolia_41182973_XS.jpg?fit=346%2C347&ssl=1&resize=350%2C200","width":350,"height":200},"classes":[]},{"id":5340,"url":"https:\/\/www.passionfruits.fr\/index.php\/produit\/pruneau-denoyaute-les-500grs\/","url_meta":{"origin":4887,"position":2},"title":"Pruneau d\u00e9noyaut\u00e9 France Cat 1 le sachet de 500g","date":"7 d\u00e9cembre 2015","format":false,"excerpt":"","rel":"","context":"Article similaire","img":{"alt_text":"","src":"https:\/\/i0.wp.com\/www.passionfruits.fr\/wp-content\/uploads\/2015\/12\/pruneau-sachet.jpg?fit=600%2C600&ssl=1&resize=350%2C200","width":350,"height":200},"classes":[]},{"id":5782,"url":"https:\/\/www.passionfruits.fr\/index.php\/produit\/aubergine-espagne-cat-1-la-piece-env-330g\/","url_meta":{"origin":4887,"position":3},"title":"Aubergine Belgique  Cat 1 la pi\u00e8ce env 330g","date":"7 d\u00e9cembre 2015","format":false,"excerpt":"","rel":"","context":"Article similaire","img":{"alt_text":"","src":"https:\/\/i1.wp.com\/www.passionfruits.fr\/wp-content\/uploads\/2015\/12\/Fotolia_45525581_XS.jpg?fit=355%2C338&ssl=1&resize=350%2C200","width":350,"height":200},"classes":[]},{"id":5123,"url":"https:\/\/www.passionfruits.fr\/index.php\/produit\/carotte-botte-la-botte\/","url_meta":{"origin":4887,"position":4},"title":"Carotte botte France Cat 1 la botte","date":"7 d\u00e9cembre 2015","format":false,"excerpt":"","rel":"","context":"Article similaire","img":{"alt_text":"","src":"https:\/\/i0.wp.com\/www.passionfruits.fr\/wp-content\/uploads\/2015\/12\/carotte.jpg?fit=600%2C600&ssl=1&resize=350%2C200","width":350,"height":200},"classes":[]},{"id":6258,"url":"https:\/\/www.passionfruits.fr\/index.php\/produit\/coriandre-la-botte\/","url_meta":{"origin":4887,"position":5},"title":"Coriandre France Cat 1 la botte","date":"7 d\u00e9cembre 2015","format":false,"excerpt":"","rel":"","context":"Article similaire","img":{"alt_text":"","src":"https:\/\/i1.wp.com\/www.passionfruits.fr\/wp-content\/uploads\/2015\/12\/coriandre1.jpg?fit=600%2C600&ssl=1&resize=350%2C200","width":350,"height":200},"classes":[]}],"_links":{"self":[{"href":"https:\/\/www.passionfruits.fr\/index.php\/wp-json\/wp\/v2\/product\/4887"}],"collection":[{"href":"https:\/\/www.passionfruits.fr\/index.php\/wp-json\/wp\/v2\/product"}],"about":[{"href":"https:\/\/www.passionfruits.fr\/index.php\/wp-json\/wp\/v2\/types\/product"}],"replies":[{"embeddable":true,"href":"https:\/\/www.passionfruits.fr\/index.php\/wp-json\/wp\/v2\/comments?post=4887"}],"wp:featuredmedia":[{"embeddable":true,"href":"https:\/\/www.passionfruits.fr\/index.php\/wp-json\/wp\/v2\/media\/6813"}],"wp:attachment":[{"href":"https:\/\/www.passionfruits.fr\/index.php\/wp-json\/wp\/v2\/media?parent=4887"}],"curies":[{"name":"wp","href":"https:\/\/api.w.org\/{rel}","templated":true}]}}