{"id":4919,"date":"2015-12-07T11:27:14","date_gmt":"2015-12-07T10:27:14","guid":{"rendered":"http:\/\/www.andreclaude.fr\/web\/index.php\/produit\/peche-blanche-le-kilo\/"},"modified":"2026-05-12T07:38:01","modified_gmt":"2026-05-12T06:38:01","slug":"peche-blanche-le-kilo","status":"publish","type":"product","link":"https:\/\/www.passionfruits.fr\/index.php\/produit\/peche-blanche-le-kilo\/","title":{"rendered":"P\u00eache blanche Espagne  Cat 1 le kilo"},"content":{"rendered":"","protected":false},"excerpt":{"rendered":"","protected":false},"featured_media":9337,"comment_status":"closed","ping_status":"closed","template":"","meta":{"spay_email":"","jetpack_publicize_message":"","jetpack_is_tweetstorm":false},"jetpack_publicize_connections":[],"jetpack_sharing_enabled":true,"jetpack-related-posts":[{"id":4922,"url":"https:\/\/www.passionfruits.fr\/index.php\/produit\/peche-jaune-le-kilo\/","url_meta":{"origin":4919,"position":0},"title":"P\u00eache jaune Espagne Cat 1 le kilo","date":"7 d\u00e9cembre 2015","format":false,"excerpt":"","rel":"","context":"Article similaire","img":{"alt_text":"","src":"https:\/\/i2.wp.com\/www.passionfruits.fr\/wp-content\/uploads\/2015\/12\/peche-jaune.jpg?fit=600%2C600&ssl=1&resize=350%2C200","width":350,"height":200},"classes":[]},{"id":4924,"url":"https:\/\/www.passionfruits.fr\/index.php\/produit\/nectarine-blanche-le-kilo\/","url_meta":{"origin":4919,"position":1},"title":"Nectarine blanche Espagne   Cat 1 le kilo","date":"7 d\u00e9cembre 2015","format":false,"excerpt":"","rel":"","context":"Article similaire","img":{"alt_text":"","src":"https:\/\/i2.wp.com\/www.passionfruits.fr\/wp-content\/uploads\/2015\/12\/nectarineblanche.jpg?fit=600%2C600&ssl=1&resize=350%2C200","width":350,"height":200},"classes":[]},{"id":4927,"url":"https:\/\/www.passionfruits.fr\/index.php\/produit\/peche-plate-le-kilo\/","url_meta":{"origin":4919,"position":2},"title":"P\u00eache plate Espagne   Cat 1 le kilo","date":"7 d\u00e9cembre 2015","format":false,"excerpt":"La p\u00eache plate est non seulement diff\u00e9rente par sa forme mais aussi par son go\u00fbt, elle est souvent plus sucr\u00e9e, plus parfum\u00e9e, plus savoureuse et plus juteuse. Elle se consomme crue ou cuit, en compote, en confiture, en salade de fruits et peut aussi accompagner des plats sal\u00e9s... \u00c0 vous\u2026","rel":"","context":"Article similaire","img":{"alt_text":"","src":"https:\/\/i0.wp.com\/www.passionfruits.fr\/wp-content\/uploads\/2015\/12\/peche-plate02.jpg?fit=600%2C600&ssl=1&resize=350%2C200","width":350,"height":200},"classes":[]},{"id":4921,"url":"https:\/\/www.passionfruits.fr\/index.php\/produit\/nectarine-jaune-le-kilo\/","url_meta":{"origin":4919,"position":3},"title":"Nectarine jaune  Espagne   Cat 1 le kilo","date":"7 d\u00e9cembre 2015","format":false,"excerpt":"","rel":"","context":"Article similaire","img":{"alt_text":"","src":"https:\/\/i2.wp.com\/www.passionfruits.fr\/wp-content\/uploads\/2015\/12\/nectarinejaune.jpg?fit=600%2C600&ssl=1&resize=350%2C200","width":350,"height":200},"classes":[]},{"id":5381,"url":"https:\/\/www.passionfruits.fr\/index.php\/produit\/clementine-le-kilo\/","url_meta":{"origin":4919,"position":4},"title":"Cl\u00e9mentine Soculente  cat 1 Espagne le kilo","date":"7 d\u00e9cembre 2015","format":false,"excerpt":"Conservation: A temp\u00e9rature ambiante pendant une semaine, attention je risque de s\u00e9cher. Au r\u00e9frig\u00e9rateur vous pourrez me conserver 3 semaines, sans risque de d\u00e9shydratation ainsi je garde tout mon jus et mes vitamines !!!","rel":"","context":"Article similaire","img":{"alt_text":"","src":"https:\/\/i1.wp.com\/www.passionfruits.fr\/wp-content\/uploads\/2015\/12\/clementine4.jpg?fit=360%2C334&ssl=1&resize=350%2C200","width":350,"height":200},"classes":[]},{"id":4859,"url":"https:\/\/www.passionfruits.fr\/index.php\/produit\/citron-jaune-la-piece\/","url_meta":{"origin":4919,"position":5},"title":"Citron jaune Espagne  Cat 1 la pi\u00e8ce env. 200g soit 4,95\u20ac le kilo","date":"7 d\u00e9cembre 2015","format":false,"excerpt":"Conservation: A temp\u00e9rature ambiante pendant une semaine, attention je risque de s\u00e9cher. Au r\u00e9frig\u00e9rateur vous pourrez me conserver 3 semaines, sans risque de d\u00e9shydratation ainsi je garde tous mon jus et mes vitamines !!!","rel":"","context":"Article similaire","img":{"alt_text":"","src":"https:\/\/i1.wp.com\/www.passionfruits.fr\/wp-content\/uploads\/2015\/12\/citrons2.jpg?fit=600%2C600&ssl=1&resize=350%2C200","width":350,"height":200},"classes":[]}],"_links":{"self":[{"href":"https:\/\/www.passionfruits.fr\/index.php\/wp-json\/wp\/v2\/product\/4919"}],"collection":[{"href":"https:\/\/www.passionfruits.fr\/index.php\/wp-json\/wp\/v2\/product"}],"about":[{"href":"https:\/\/www.passionfruits.fr\/index.php\/wp-json\/wp\/v2\/types\/product"}],"replies":[{"embeddable":true,"href":"https:\/\/www.passionfruits.fr\/index.php\/wp-json\/wp\/v2\/comments?post=4919"}],"wp:featuredmedia":[{"embeddable":true,"href":"https:\/\/www.passionfruits.fr\/index.php\/wp-json\/wp\/v2\/media\/9337"}],"wp:attachment":[{"href":"https:\/\/www.passionfruits.fr\/index.php\/wp-json\/wp\/v2\/media?parent=4919"}],"curies":[{"name":"wp","href":"https:\/\/api.w.org\/{rel}","templated":true}]}}