{"id":4927,"date":"2015-12-07T11:27:28","date_gmt":"2015-12-07T10:27:28","guid":{"rendered":"http:\/\/www.andreclaude.fr\/web\/index.php\/produit\/peche-plate-le-kilo\/"},"modified":"2026-05-06T16:32:06","modified_gmt":"2026-05-06T15:32:06","slug":"peche-plate-le-kilo","status":"publish","type":"product","link":"https:\/\/www.passionfruits.fr\/index.php\/produit\/peche-plate-le-kilo\/","title":{"rendered":"P\u00eache plate Espagne   Cat 1 le kilo"},"content":{"rendered":"","protected":false},"excerpt":{"rendered":"<p>La p\u00eache plate est non seulement diff\u00e9rente par sa forme mais aussi par son go\u00fbt, elle est souvent plus sucr\u00e9e, plus parfum\u00e9e, plus savoureuse et plus juteuse.<\/p>\n<p>Elle se consomme crue ou cuit, en compote, en confiture, en salade de fruits et peut aussi accompagner des plats sal\u00e9s&#8230;<\/p>\n<p>\u00c0 vous de choisir!<\/p>\n","protected":false},"featured_media":16084,"comment_status":"closed","ping_status":"closed","template":"","meta":{"spay_email":"","jetpack_publicize_message":"","jetpack_is_tweetstorm":false},"jetpack_publicize_connections":[],"jetpack_sharing_enabled":true,"jetpack-related-posts":[{"id":5235,"url":"https:\/\/www.passionfruits.fr\/index.php\/produit\/gingembre-les-100-grs\/","url_meta":{"origin":4927,"position":0},"title":"Gingembre cat 1 Br\u00e9sil  les 100g","date":"7 d\u00e9cembre 2015","format":false,"excerpt":"Comment le consommer\u00a0? D\u2019abord en infusion. mais aussi en l\u2019int\u00e9grant \u00e0 certains plats en guise d\u2019\u00e9pice (sous forme de poudre) ou frais (r\u00e2p\u00e9) en condiment pour donner plus de saveur au met pr\u00e9par\u00e9. Il s\u2019int\u00e8gre tr\u00e8s bien dans les p\u00e2tisseries (pain d\u2019\u00e9pices, sabl\u00e9s) mais aussi les potages ou encore les\u2026","rel":"","context":"Article similaire","img":{"alt_text":"","src":"https:\/\/i2.wp.com\/www.passionfruits.fr\/wp-content\/uploads\/2015\/12\/gingembr.jpg?fit=600%2C600&ssl=1&resize=350%2C200","width":350,"height":200},"classes":[]},{"id":10978,"url":"https:\/\/www.passionfruits.fr\/index.php\/produit\/tomate-entiere-pelee-le-pot-de-660g\/","url_meta":{"origin":4927,"position":1},"title":"Tomate enti\u00e8re pel\u00e9e le pot de 660g","date":"25 ao\u00fbt 2017","format":false,"excerpt":"C'est vrai, une bo\u00eete de tomates pel\u00e9es, on peut en faire tout un plat. Mais on peut aussi en faire un condiment pour accompagner vos plats. Ingr\u00e9dients : Tomates pel\u00e9es, jus de tomate, sel, acidifiant : acide citrique et affermissant : chlorure de calcium. \u00a0","rel":"","context":"Article similaire","img":{"alt_text":"","src":"https:\/\/i2.wp.com\/www.passionfruits.fr\/wp-content\/uploads\/2017\/08\/Tomate-pelee.jpg?fit=500%2C500&ssl=1&resize=350%2C200","width":350,"height":200},"classes":[]},{"id":5933,"url":"https:\/\/www.passionfruits.fr\/index.php\/produit\/capres-le-bocal\/","url_meta":{"origin":4927,"position":2},"title":"C\u00e2pres au vinaigre le bocal de 100g","date":"7 d\u00e9cembre 2015","format":false,"excerpt":"Les c\u00e2pres sont class\u00e9es en fonctions de leur taille. Plus elle est petite, plus sa saveur est d\u00e9licate et son ar\u00f4me prononc\u00e9. Les plus petites sont les \u00ab non pareilles \u00bb . Les \u00ab non pareilles \u00bb sont consid\u00e9r\u00e9es comme \u00e9tant les meilleures. Leur saveur aigrelette se marie \u00e0 merveille\u2026","rel":"","context":"Article similaire","img":{"alt_text":"","src":"https:\/\/i1.wp.com\/www.passionfruits.fr\/wp-content\/uploads\/2015\/12\/capre2.jpg?fit=596%2C600&ssl=1&resize=350%2C200","width":350,"height":200},"classes":[]},{"id":7889,"url":"https:\/\/www.passionfruits.fr\/index.php\/produit\/moulin-au-sel-rose-d-himalaya\/","url_meta":{"origin":4927,"position":3},"title":"Moulin au diamant de sel rose d' Himalaya 450g","date":"29 janvier 2016","format":false,"excerpt":"Le sel rose de l'Himalaya est un concentr\u00e9 de bienfaits. Sa puret\u00e9 et sa richesse en min\u00e9raux en font un alli\u00e9 indispensable dans votre cuisine. Son go\u00fbt est plus raffin\u00e9 que le sel classique, qu'il remplacera avantageusement. Il est parfait dans vos plats crus ou cuits, et dans les m\u00e9langes\u2026","rel":"","context":"Article similaire","img":{"alt_text":"","src":"https:\/\/i0.wp.com\/www.passionfruits.fr\/wp-content\/uploads\/2016\/01\/moulin-sel.jpg?fit=600%2C600&ssl=1&resize=350%2C200","width":350,"height":200},"classes":[]},{"id":5398,"url":"https:\/\/www.passionfruits.fr\/index.php\/produit\/riesling-jean-baptiste-adam\/","url_meta":{"origin":4927,"position":4},"title":"Riesling","date":"7 d\u00e9cembre 2015","format":false,"excerpt":"Certaines caves puisent les racines de leur identit\u00e9 au plus profond de l\u2019histoire. Rares sont celles qui en plus peuvent se pr\u00e9valoir de quatre si\u00e8cles de passion et de tradition. \u00c9lev\u00e9s dans le respect des traditions familiales, ces vins expriment avec typicit\u00e9, la fra\u00eecheur et le fruit\u00e9 d\u00e9licat du c\u00e9page.\u2026","rel":"","context":"Article similaire","img":{"alt_text":"","src":"https:\/\/i0.wp.com\/www.passionfruits.fr\/wp-content\/uploads\/2015\/12\/riesling-reserve-2015.jpg?fit=600%2C600&ssl=1&resize=350%2C200","width":350,"height":200},"classes":[]},{"id":5399,"url":"https:\/\/www.passionfruits.fr\/index.php\/produit\/gewurztraminer-jean-baptiste-adam\/","url_meta":{"origin":4927,"position":5},"title":"Gewurztraminer","date":"7 d\u00e9cembre 2015","format":false,"excerpt":"Certaines caves puisent les racines de leur identit\u00e9 au plus profond de l\u2019histoire. Rares sont celles qui en plus peuvent se pr\u00e9valoir de quatre si\u00e8cles de passion et de tradition. \u00c9lev\u00e9s dans le respect des traditions familiales, ces vins expriment avec typicit\u00e9, la fra\u00eecheur et le fruit\u00e9 d\u00e9licat du c\u00e9page.\u2026","rel":"","context":"Article similaire","img":{"alt_text":"","src":"https:\/\/i0.wp.com\/www.passionfruits.fr\/wp-content\/uploads\/2015\/12\/gewurztramine.png?fit=600%2C600&ssl=1&resize=350%2C200","width":350,"height":200},"classes":[]}],"_links":{"self":[{"href":"https:\/\/www.passionfruits.fr\/index.php\/wp-json\/wp\/v2\/product\/4927"}],"collection":[{"href":"https:\/\/www.passionfruits.fr\/index.php\/wp-json\/wp\/v2\/product"}],"about":[{"href":"https:\/\/www.passionfruits.fr\/index.php\/wp-json\/wp\/v2\/types\/product"}],"replies":[{"embeddable":true,"href":"https:\/\/www.passionfruits.fr\/index.php\/wp-json\/wp\/v2\/comments?post=4927"}],"wp:featuredmedia":[{"embeddable":true,"href":"https:\/\/www.passionfruits.fr\/index.php\/wp-json\/wp\/v2\/media\/16084"}],"wp:attachment":[{"href":"https:\/\/www.passionfruits.fr\/index.php\/wp-json\/wp\/v2\/media?parent=4927"}],"curies":[{"name":"wp","href":"https:\/\/api.w.org\/{rel}","templated":true}]}}