{"id":4951,"date":"2015-12-07T11:27:28","date_gmt":"2015-12-07T10:27:28","guid":{"rendered":"http:\/\/www.andreclaude.fr\/web\/index.php\/produit\/fraise-espagne-les-500-grs-a-peser\/"},"modified":"2026-04-01T17:17:04","modified_gmt":"2026-04-01T16:17:04","slug":"fraise-les-400-grs","status":"publish","type":"product","link":"https:\/\/www.passionfruits.fr\/index.php\/produit\/fraise-les-400-grs\/","title":{"rendered":"Fraise ronde  France Cat 1 La Barquette de 500 grs"},"content":{"rendered":"","protected":false},"excerpt":{"rendered":"","protected":false},"featured_media":8667,"comment_status":"closed","ping_status":"closed","template":"","meta":{"spay_email":"","jetpack_publicize_message":"","jetpack_is_tweetstorm":false},"jetpack_publicize_connections":[],"jetpack_sharing_enabled":true,"jetpack-related-posts":[{"id":18297,"url":"https:\/\/www.passionfruits.fr\/index.php\/produit\/carotte-entiere-epluchee-cat-1-france-barquette-500-grs\/","url_meta":{"origin":4951,"position":0},"title":"Carotte enti\u00e8re \u00e9pluch\u00e9e cat 1 France barquette 500 grs","date":"16 septembre 2021","format":false,"excerpt":"","rel":"","context":"Article similaire","img":{"alt_text":"","src":"https:\/\/i2.wp.com\/www.passionfruits.fr\/wp-content\/uploads\/2021\/09\/unnamed.jpg?fit=600%2C600&ssl=1&resize=350%2C200","width":350,"height":200},"classes":[]},{"id":18761,"url":"https:\/\/www.passionfruits.fr\/index.php\/produit\/fraise-gariguette-promo-france-cat-1-les-2-barquettes-de-250-grs\/","url_meta":{"origin":4951,"position":1},"title":"Fraise Gariguette France Cat 1 la barquettes de 250 grs","date":"21 avril 2022","format":false,"excerpt":"\u00a0 \u00a0","rel":"","context":"Article similaire","img":{"alt_text":"","src":"https:\/\/i1.wp.com\/www.passionfruits.fr\/wp-content\/uploads\/2015\/12\/Gariguette.jpg?fit=600%2C600&ssl=1&resize=350%2C200","width":350,"height":200},"classes":[]},{"id":4957,"url":"https:\/\/www.passionfruits.fr\/index.php\/produit\/betterave-ronde-cuite-les-500-grs\/","url_meta":{"origin":4951,"position":2},"title":"Betterave ronde France Cat 1 la pi\u00e8ce env. 250g","date":"7 d\u00e9cembre 2015","format":false,"excerpt":"","rel":"","context":"Article similaire","img":{"alt_text":"","src":"https:\/\/i2.wp.com\/www.passionfruits.fr\/wp-content\/uploads\/2015\/12\/betterave-ronde.jpg?fit=600%2C600&ssl=1&resize=350%2C200","width":350,"height":200},"classes":[]},{"id":18299,"url":"https:\/\/www.passionfruits.fr\/index.php\/produit\/duo-carotte-chou-blanc-cat-1-france-barquette-400-grs\/","url_meta":{"origin":4951,"position":3},"title":"Duo Carotte\/Chou Blanc rap\u00e9 cat 1 France barquette 400 grs","date":"16 septembre 2021","format":false,"excerpt":"","rel":"","context":"Article similaire","img":{"alt_text":"","src":"https:\/\/i2.wp.com\/www.passionfruits.fr\/wp-content\/uploads\/2021\/09\/salade_coleslaw_legumerie_ameliprovence-2.jpg?fit=600%2C600&ssl=1&resize=350%2C200","width":350,"height":200},"classes":[]},{"id":18302,"url":"https:\/\/www.passionfruits.fr\/index.php\/produit\/duo-carotte-betterave-rappe-cat-1-france-barquette-400-grs\/","url_meta":{"origin":4951,"position":4},"title":"Duo Carotte\/Betterave rap\u00e9 cat 1 France barquette 400 grs","date":"16 septembre 2021","format":false,"excerpt":"","rel":"","context":"Article similaire","img":{"alt_text":"","src":"https:\/\/i1.wp.com\/www.passionfruits.fr\/wp-content\/uploads\/2021\/09\/ensaladaremolacha.jpg?fit=600%2C600&ssl=1&resize=350%2C200","width":350,"height":200},"classes":[]},{"id":18304,"url":"https:\/\/www.passionfruits.fr\/index.php\/produit\/duo-carotte-celeri-rave-cat-1-france-barquette-400-grs\/","url_meta":{"origin":4951,"position":5},"title":"Duo Carotte\/C\u00e8leri Rave rap\u00e9 cat 1 France barquette 400 grs","date":"16 septembre 2021","format":false,"excerpt":"","rel":"","context":"Article similaire","img":{"alt_text":"","src":"https:\/\/i0.wp.com\/www.passionfruits.fr\/wp-content\/uploads\/2021\/09\/BLOG-PHOTOS-1-1-700x400-1.jpg?fit=600%2C600&ssl=1&resize=350%2C200","width":350,"height":200},"classes":[]}],"_links":{"self":[{"href":"https:\/\/www.passionfruits.fr\/index.php\/wp-json\/wp\/v2\/product\/4951"}],"collection":[{"href":"https:\/\/www.passionfruits.fr\/index.php\/wp-json\/wp\/v2\/product"}],"about":[{"href":"https:\/\/www.passionfruits.fr\/index.php\/wp-json\/wp\/v2\/types\/product"}],"replies":[{"embeddable":true,"href":"https:\/\/www.passionfruits.fr\/index.php\/wp-json\/wp\/v2\/comments?post=4951"}],"wp:featuredmedia":[{"embeddable":true,"href":"https:\/\/www.passionfruits.fr\/index.php\/wp-json\/wp\/v2\/media\/8667"}],"wp:attachment":[{"href":"https:\/\/www.passionfruits.fr\/index.php\/wp-json\/wp\/v2\/media?parent=4951"}],"curies":[{"name":"wp","href":"https:\/\/api.w.org\/{rel}","templated":true}]}}