{"id":4992,"date":"2015-12-07T11:27:39","date_gmt":"2015-12-07T10:27:39","guid":{"rendered":"http:\/\/www.andreclaude.fr\/web\/index.php\/produit\/oignon-jaune-les-500-grs\/"},"modified":"2025-08-26T07:21:42","modified_gmt":"2025-08-26T06:21:42","slug":"oignon-jaune-les-500-grs","status":"publish","type":"product","link":"https:\/\/www.passionfruits.fr\/index.php\/produit\/oignon-jaune-les-500-grs\/","title":{"rendered":"Oignon jaune France  Cat 1 les 500g"},"content":{"rendered":"","protected":false},"excerpt":{"rendered":"<p>Origine : Eure et Loir. L\u2019oignon jaune est l\u2019oignon le plus utilis\u00e9 en cuisine. Il a une odeur assez forte et un go\u00fbt tr\u00e8s prononc\u00e9. D\u2019ailleurs il n\u2019est pas tr\u00e8s bon cru, \u00e0 moins de bien le m\u00e9langer \u00e0 d\u2019autres ingr\u00e9dients. Il est parfait pour les cuissons car il donne beaucoup de go\u00fbt et de saveur aux plats, surtout ceux mijot\u00e9s (sauces, soupes, rago\u00fbts\u2026).<\/p>\n","protected":false},"featured_media":10104,"comment_status":"closed","ping_status":"closed","template":"","meta":{"spay_email":"","jetpack_publicize_message":"","jetpack_is_tweetstorm":false},"jetpack_publicize_connections":[],"jetpack_sharing_enabled":true,"jetpack-related-posts":[{"id":6380,"url":"https:\/\/www.passionfruits.fr\/index.php\/produit\/oignon-les-10-kgs\/","url_meta":{"origin":4992,"position":0},"title":"Oignon jaune France  Cat 1 les 5 kgs","date":"7 d\u00e9cembre 2015","format":false,"excerpt":"Origine : Eure et Loir. L\u2019oignon jaune est l\u2019oignon le plus utilis\u00e9 en cuisine. Il a une odeur assez forte et un go\u00fbt tr\u00e8s prononc\u00e9. D\u2019ailleurs il n\u2019est pas tr\u00e8s bon cru, \u00e0 moins de bien le m\u00e9langer \u00e0 d\u2019autres ingr\u00e9dients. Il est parfait pour les cuissons car il donne\u2026","rel":"","context":"Article similaire","img":{"alt_text":"","src":"https:\/\/i0.wp.com\/www.passionfruits.fr\/wp-content\/uploads\/2015\/12\/oignon3.jpg?fit=599%2C597&ssl=1&resize=350%2C200","width":350,"height":200},"classes":[]},{"id":5295,"url":"https:\/\/www.passionfruits.fr\/index.php\/produit\/oignon-roscoff-les-500-grs\/","url_meta":{"origin":4992,"position":1},"title":"Oignon Roscoff  France Cat 1 les 500g","date":"7 d\u00e9cembre 2015","format":false,"excerpt":"L'oignon de Roscoff\u00a0 se caract\u00e9rise par la couleur ros\u00e9e de leur tunique et de leur chair. Cru, son odeur est fruit\u00e9e, sa texture est croquante et tr\u00e8s juteuse. Son go\u00fbt sucr\u00e9 permet son utilisation en salades. Cuit, l\u2019oignon d\u00e9veloppe son go\u00fbt sucr\u00e9 et fruit\u00e9. La texture devient fondante. Il constitue\u2026","rel":"","context":"Article similaire","img":{"alt_text":"","src":"https:\/\/i0.wp.com\/www.passionfruits.fr\/wp-content\/uploads\/2015\/12\/oignon-roscoff.jpg?fit=596%2C591&ssl=1&resize=350%2C200","width":350,"height":200},"classes":[]},{"id":5026,"url":"https:\/\/www.passionfruits.fr\/index.php\/produit\/oignon-grelot-les-500-grs\/","url_meta":{"origin":4992,"position":2},"title":"Oignon grelot jaune  France  Cat 1 les 250g","date":"7 d\u00e9cembre 2015","format":false,"excerpt":"Les oignons grelots sont de tous petits oignons blancs ou jaunes et s\u00e9ch\u00e9s, \u00e0 la saveur tr\u00e8s douce. Ils se pr\u00e9parent en garniture de r\u00f4tis ou de plats mijot\u00e9s mais ils s'emploient aussi comme condiments.","rel":"","context":"Article similaire","img":{"alt_text":"","src":"https:\/\/i2.wp.com\/www.passionfruits.fr\/wp-content\/uploads\/2015\/12\/oignon-grelot01.jpg?fit=600%2C600&ssl=1&resize=350%2C200","width":350,"height":200},"classes":[]},{"id":18295,"url":"https:\/\/www.passionfruits.fr\/index.php\/produit\/oignon-emince-cat-1-hollande-barquette-200-grs\/","url_meta":{"origin":4992,"position":3},"title":"Oignon Jaune \u00e9minc\u00e9 cat 1 France barquette 200 grs","date":"16 septembre 2021","format":false,"excerpt":"","rel":"","context":"Article similaire","img":{"alt_text":"","src":"https:\/\/i2.wp.com\/www.passionfruits.fr\/wp-content\/uploads\/2021\/09\/vend-oignon-france-1253-2385-large.jpg?fit=600%2C600&ssl=1&resize=350%2C200","width":350,"height":200},"classes":[]},{"id":11087,"url":"https:\/\/www.passionfruits.fr\/index.php\/produit\/rillettes-de-dorade-a-la-creole-le-pot-de-90-grs\/","url_meta":{"origin":4992,"position":4},"title":"Rillettes de Dorade \u00e0 la Cr\u00e9ole le pot de 90 grs","date":"19 septembre 2017","format":false,"excerpt":"Voici un produit particuli\u00e8rement l\u00e9ger et riche en go\u00fbt, \u00e0 base de cr\u00e8me fra\u00eeche, et de chair des poissons ou crustac\u00e9s , relev\u00e9 par des oignons et du persil frais. Vous appr\u00e9cierez les Rillettes sur du bon pain de campagne en sandwich ou sur des toasts grill\u00e9s. L\u2019histoire de cette\u2026","rel":"","context":"Article similaire","img":{"alt_text":"","src":"https:\/\/i0.wp.com\/www.passionfruits.fr\/wp-content\/uploads\/2017\/09\/rillette-de-poisson.jpg?fit=600%2C600&ssl=1&resize=350%2C200","width":350,"height":200},"classes":[]},{"id":11095,"url":"https:\/\/www.passionfruits.fr\/index.php\/produit\/rillettes-de-saumon-a-la-creole-le-pot-de-90-grs\/","url_meta":{"origin":4992,"position":5},"title":"Rillettes de Saumon \u00e0 la Cr\u00e9ole le pot de 90 grs","date":"19 septembre 2017","format":false,"excerpt":"Voici un produit particuli\u00e8rement l\u00e9ger et riche en go\u00fbt, \u00e0 base de cr\u00e8me fra\u00eeche, et de chair des poissons ou crustac\u00e9s , relev\u00e9 par des oignons et du persil frais. Vous appr\u00e9cierez les Rillettes sur du bon pain de campagne en sandwich ou sur des toasts grill\u00e9s. L\u2019histoire de cette\u2026","rel":"","context":"Article similaire","img":{"alt_text":"","src":"https:\/\/i0.wp.com\/www.passionfruits.fr\/wp-content\/uploads\/2017\/09\/rillette-de-poisson.jpg?fit=600%2C600&ssl=1&resize=350%2C200","width":350,"height":200},"classes":[]}],"_links":{"self":[{"href":"https:\/\/www.passionfruits.fr\/index.php\/wp-json\/wp\/v2\/product\/4992"}],"collection":[{"href":"https:\/\/www.passionfruits.fr\/index.php\/wp-json\/wp\/v2\/product"}],"about":[{"href":"https:\/\/www.passionfruits.fr\/index.php\/wp-json\/wp\/v2\/types\/product"}],"replies":[{"embeddable":true,"href":"https:\/\/www.passionfruits.fr\/index.php\/wp-json\/wp\/v2\/comments?post=4992"}],"wp:featuredmedia":[{"embeddable":true,"href":"https:\/\/www.passionfruits.fr\/index.php\/wp-json\/wp\/v2\/media\/10104"}],"wp:attachment":[{"href":"https:\/\/www.passionfruits.fr\/index.php\/wp-json\/wp\/v2\/media?parent=4992"}],"curies":[{"name":"wp","href":"https:\/\/api.w.org\/{rel}","templated":true}]}}