{"id":5006,"date":"2015-12-07T11:27:50","date_gmt":"2015-12-07T10:27:50","guid":{"rendered":"http:\/\/www.andreclaude.fr\/web\/index.php\/produit\/myrtille-barq-125grs\/"},"modified":"2026-02-18T17:53:23","modified_gmt":"2026-02-18T16:53:23","slug":"myrtille-barq-promo-125grs","status":"publish","type":"product","link":"https:\/\/www.passionfruits.fr\/index.php\/produit\/myrtille-barq-promo-125grs\/","title":{"rendered":"Myrtille  Cat 1 Perou la barquette 125 g"},"content":{"rendered":"<p>Origine Belgique<\/p>\n","protected":false},"excerpt":{"rendered":"<p>Origine Belgique<\/p>\n","protected":false},"featured_media":5007,"comment_status":"closed","ping_status":"closed","template":"","meta":{"spay_email":"","jetpack_publicize_message":"","jetpack_is_tweetstorm":false},"jetpack_publicize_connections":[],"jetpack_sharing_enabled":true,"jetpack-related-posts":[{"id":18306,"url":"https:\/\/www.passionfruits.fr\/index.php\/produit\/poivron-emince-cat-1-hollande-barquette-200-grs\/","url_meta":{"origin":5006,"position":0},"title":"Poivron \u00e9minc\u00e9 cat 1 Belgique  barquette 200 grs","date":"16 septembre 2021","format":false,"excerpt":"","rel":"","context":"Article similaire","img":{"alt_text":"","src":"https:\/\/i1.wp.com\/www.passionfruits.fr\/wp-content\/uploads\/2021\/09\/gele-paprika-reepjes-per-kilo.jpg?fit=600%2C600&ssl=1&resize=350%2C200","width":350,"height":200},"classes":[]},{"id":18327,"url":"https:\/\/www.passionfruits.fr\/index.php\/produit\/flutes-au-fromage-barquette-de-125-gr\/","url_meta":{"origin":5006,"position":1},"title":"Fl\u00fbtes au fromage barquette de 125 Gr","date":"16 septembre 2021","format":false,"excerpt":"Ingr\u00e9dients : Farine de bl\u00e9, beurre 23%, fromage 10%, levure, sel, lait \u00e9cr\u00e9m\u00e9 en poudre, farine de malt d'orge. Peut contenir des traces de s\u00e9same. Valeurs nutritionnelles moyennes pour 100 grs Energie 1992 kj-475 kcal Mati\u00e8res grasses 21.0 g Dont acides gras satur\u00e9s 15.0 g Glucides 58.0 g Dont sucres\u2026","rel":"","context":"Article similaire","img":{"alt_text":"","src":"https:\/\/i0.wp.com\/www.passionfruits.fr\/wp-content\/uploads\/2021\/09\/f_tes_au_fromage_2019_copier_copier_.jpg?fit=600%2C600&ssl=1&resize=350%2C200","width":350,"height":200},"classes":[]},{"id":4996,"url":"https:\/\/www.passionfruits.fr\/index.php\/produit\/framboise-barq-125-grs\/","url_meta":{"origin":5006,"position":2},"title":"Framboise  Cat 1 Maroc la barquette de 125 grs","date":"7 d\u00e9cembre 2015","format":false,"excerpt":"","rel":"","context":"Article similaire","img":{"alt_text":"","src":"https:\/\/i2.wp.com\/www.passionfruits.fr\/wp-content\/uploads\/2015\/12\/framboise.jpg?fit=392%2C306&ssl=1&resize=350%2C200","width":350,"height":200},"classes":[]},{"id":5000,"url":"https:\/\/www.passionfruits.fr\/index.php\/produit\/groseille-barq-125grs\/","url_meta":{"origin":5006,"position":3},"title":"Groseille Belgique  Cat 1 la barquette de 125g","date":"7 d\u00e9cembre 2015","format":false,"excerpt":"","rel":"","context":"Article similaire","img":{"alt_text":"","src":"https:\/\/i1.wp.com\/www.passionfruits.fr\/wp-content\/uploads\/2015\/12\/groseille.jpg?fit=592%2C555&ssl=1&resize=350%2C200","width":350,"height":200},"classes":[]},{"id":5273,"url":"https:\/\/www.passionfruits.fr\/index.php\/produit\/salade-sucrine-barquette-de-6-pieces\/","url_meta":{"origin":5006,"position":4},"title":"Salade Sucrine Espagne Cat 1 la barquette","date":"7 d\u00e9cembre 2015","format":false,"excerpt":"Origine Espagne","rel":"","context":"Article similaire","img":{"alt_text":"","src":"https:\/\/i2.wp.com\/www.passionfruits.fr\/wp-content\/uploads\/2015\/12\/sucrine.jpg?fit=600%2C600&ssl=1&resize=350%2C200","width":350,"height":200},"classes":[]},{"id":5356,"url":"https:\/\/www.passionfruits.fr\/index.php\/produit\/raisin-sec-blond-barq-250-g\/","url_meta":{"origin":5006,"position":5},"title":"Raisin sec blond Afrique du sud Cat 1 la barquette 300 g environ","date":"7 d\u00e9cembre 2015","format":false,"excerpt":"Fruit\u00e9 et dor\u00e9 \u00e0 souhait, le raisin blond sec met du caract\u00e8re aussi bien dans les recettes sucr\u00e9es que sal\u00e9es. Conditionn\u00e9 en barquette refermable \u00e0 volont\u00e9 pour garder toute sa saveur. Ingr\u00e9dients : agent enrobage,huile non hydrog\u00e9n\u00e9e de tournesol,conservateur anhydride sulfureux. Valeurs \u00e9nerg\u00e9tiques et nutritionnelles moyennes pour 100g : Energie\u2026","rel":"","context":"Article similaire","img":{"alt_text":"","src":"https:\/\/i2.wp.com\/www.passionfruits.fr\/wp-content\/uploads\/2015\/12\/raisin-blon-du-chili.jpg?fit=600%2C600&ssl=1&resize=350%2C200","width":350,"height":200},"classes":[]}],"_links":{"self":[{"href":"https:\/\/www.passionfruits.fr\/index.php\/wp-json\/wp\/v2\/product\/5006"}],"collection":[{"href":"https:\/\/www.passionfruits.fr\/index.php\/wp-json\/wp\/v2\/product"}],"about":[{"href":"https:\/\/www.passionfruits.fr\/index.php\/wp-json\/wp\/v2\/types\/product"}],"replies":[{"embeddable":true,"href":"https:\/\/www.passionfruits.fr\/index.php\/wp-json\/wp\/v2\/comments?post=5006"}],"wp:featuredmedia":[{"embeddable":true,"href":"https:\/\/www.passionfruits.fr\/index.php\/wp-json\/wp\/v2\/media\/5007"}],"wp:attachment":[{"href":"https:\/\/www.passionfruits.fr\/index.php\/wp-json\/wp\/v2\/media?parent=5006"}],"curies":[{"name":"wp","href":"https:\/\/api.w.org\/{rel}","templated":true}]}}