{"id":5018,"date":"2015-12-07T11:27:50","date_gmt":"2015-12-07T10:27:50","guid":{"rendered":"http:\/\/www.andreclaude.fr\/web\/index.php\/produit\/kiwi-la-piece\/"},"modified":"2026-01-21T07:28:37","modified_gmt":"2026-01-21T06:28:37","slug":"kiwi-la-piece","status":"publish","type":"product","link":"https:\/\/www.passionfruits.fr\/index.php\/produit\/kiwi-la-piece\/","title":{"rendered":"Kiwi Vert France Cat 1 la pi\u00e8ce"},"content":{"rendered":"","protected":false},"excerpt":{"rendered":"","protected":false},"featured_media":5019,"comment_status":"closed","ping_status":"closed","template":"","meta":{"spay_email":"","jetpack_publicize_message":"","jetpack_is_tweetstorm":false},"jetpack_publicize_connections":[],"jetpack_sharing_enabled":true,"jetpack-related-posts":[{"id":6323,"url":"https:\/\/www.passionfruits.fr\/index.php\/produit\/kiwi-lot-de-5-pieces\/","url_meta":{"origin":5018,"position":0},"title":"Kiwi Vert Promo France  Cat 1 les 5 pi\u00e8ces","date":"7 d\u00e9cembre 2015","format":false,"excerpt":"","rel":"","context":"Article similaire","img":{"alt_text":"","src":"https:\/\/i1.wp.com\/www.passionfruits.fr\/wp-content\/uploads\/2015\/12\/kiwi.jpg?fit=375%2C320&ssl=1&resize=350%2C200","width":350,"height":200},"classes":[]},{"id":6325,"url":"https:\/\/www.passionfruits.fr\/index.php\/produit\/kiwi-promo-lot-de-10-pieces\/","url_meta":{"origin":5018,"position":1},"title":"Kiwi Vert Promo France  Cat 1  les 10 pi\u00e8ces","date":"7 d\u00e9cembre 2015","format":false,"excerpt":"","rel":"","context":"Article similaire","img":{"alt_text":"","src":"https:\/\/i1.wp.com\/www.passionfruits.fr\/wp-content\/uploads\/2015\/12\/kiwi.jpg?fit=375%2C320&ssl=1&resize=350%2C200","width":350,"height":200},"classes":[]},{"id":4977,"url":"https:\/\/www.passionfruits.fr\/index.php\/produit\/chou-vert-nouveau-la-piece\/","url_meta":{"origin":5018,"position":2},"title":"Chou Vert  France  Cat 1 la pi\u00e8ce","date":"7 d\u00e9cembre 2015","format":false,"excerpt":"","rel":"","context":"Article similaire","img":{"alt_text":"","src":"https:\/\/i1.wp.com\/www.passionfruits.fr\/wp-content\/uploads\/2015\/12\/chouvert.jpg?fit=600%2C600&ssl=1&resize=350%2C200","width":350,"height":200},"classes":[]},{"id":4965,"url":"https:\/\/www.passionfruits.fr\/index.php\/produit\/salade-feuille-de-chene-verte-la-piece\/","url_meta":{"origin":5018,"position":3},"title":"Salade F. de Ch\u00eane verte France Cat 1 la pi\u00e8ce","date":"7 d\u00e9cembre 2015","format":false,"excerpt":"","rel":"","context":"Article similaire","img":{"alt_text":"","src":"https:\/\/i0.wp.com\/www.passionfruits.fr\/wp-content\/uploads\/2015\/12\/feuille.jpg?fit=424%2C519&ssl=1&resize=350%2C200","width":350,"height":200},"classes":[]},{"id":4876,"url":"https:\/\/www.passionfruits.fr\/index.php\/produit\/poivron-vert-la-piece-env-200-grs\/","url_meta":{"origin":5018,"position":4},"title":"Poivron vert Espagne Cat 1 la pi\u00e8ce env.250g","date":"7 d\u00e9cembre 2015","format":false,"excerpt":"Origine Espagne","rel":"","context":"Article similaire","img":{"alt_text":"","src":"https:\/\/i1.wp.com\/www.passionfruits.fr\/wp-content\/uploads\/2015\/12\/Fotolia_41182973_XS.jpg?fit=346%2C347&ssl=1&resize=350%2C200","width":350,"height":200},"classes":[]},{"id":4917,"url":"https:\/\/www.passionfruits.fr\/index.php\/produit\/citron-vert-la-piece\/","url_meta":{"origin":5018,"position":5},"title":"Citron vert Bresil Cat 1 la pi\u00e8ce env 100g soit 4,95 \u20ac le kilo","date":"7 d\u00e9cembre 2015","format":false,"excerpt":"Conservation: A temp\u00e9rature ambiante pendant une semaine, attention je risque de s\u00e9cher. Au r\u00e9frig\u00e9rateur vous pourrez me conserver 3 semaines, sans risque de d\u00e9shydratation ainsi je garde tous mon jus et mes vitamines !!!","rel":"","context":"Article similaire","img":{"alt_text":"","src":"https:\/\/i1.wp.com\/www.passionfruits.fr\/wp-content\/uploads\/2015\/12\/Fotolia_44611423_XS.jpg?fit=346%2C346&ssl=1&resize=350%2C200","width":350,"height":200},"classes":[]}],"_links":{"self":[{"href":"https:\/\/www.passionfruits.fr\/index.php\/wp-json\/wp\/v2\/product\/5018"}],"collection":[{"href":"https:\/\/www.passionfruits.fr\/index.php\/wp-json\/wp\/v2\/product"}],"about":[{"href":"https:\/\/www.passionfruits.fr\/index.php\/wp-json\/wp\/v2\/types\/product"}],"replies":[{"embeddable":true,"href":"https:\/\/www.passionfruits.fr\/index.php\/wp-json\/wp\/v2\/comments?post=5018"}],"wp:featuredmedia":[{"embeddable":true,"href":"https:\/\/www.passionfruits.fr\/index.php\/wp-json\/wp\/v2\/media\/5019"}],"wp:attachment":[{"href":"https:\/\/www.passionfruits.fr\/index.php\/wp-json\/wp\/v2\/media?parent=5018"}],"curies":[{"name":"wp","href":"https:\/\/api.w.org\/{rel}","templated":true}]}}