{"id":5024,"date":"2015-12-07T11:27:50","date_gmt":"2015-12-07T10:27:50","guid":{"rendered":"http:\/\/www.andreclaude.fr\/web\/index.php\/produit\/oignon-rouge-les-500-grs\/"},"modified":"2024-12-12T06:12:32","modified_gmt":"2024-12-12T05:12:32","slug":"oignon-rouge-les-500-grs","status":"publish","type":"product","link":"https:\/\/www.passionfruits.fr\/index.php\/produit\/oignon-rouge-les-500-grs\/","title":{"rendered":"Oignon Rouge France Cat 1 les 500g"},"content":{"rendered":"","protected":false},"excerpt":{"rendered":"","protected":false},"featured_media":7668,"comment_status":"closed","ping_status":"closed","template":"","meta":{"spay_email":"","jetpack_publicize_message":"","jetpack_is_tweetstorm":false},"jetpack_publicize_connections":[],"jetpack_sharing_enabled":true,"jetpack-related-posts":[{"id":13708,"url":"https:\/\/www.passionfruits.fr\/index.php\/produit\/betterave-svide-france-bio-cat-1-les-500g\/","url_meta":{"origin":5024,"position":0},"title":"Betterave s\/vide France Cat 1 les 500g","date":"23 mars 2019","format":false,"excerpt":"","rel":"","context":"Article similaire","img":{"alt_text":"","src":"https:\/\/i2.wp.com\/www.passionfruits.fr\/wp-content\/uploads\/2015\/12\/betteravesousvide.jpg?fit=238%2C300&ssl=1&resize=350%2C200","width":350,"height":200},"classes":[]},{"id":4992,"url":"https:\/\/www.passionfruits.fr\/index.php\/produit\/oignon-jaune-les-500-grs\/","url_meta":{"origin":5024,"position":1},"title":"Oignon jaune France  Cat 1 les 500g","date":"7 d\u00e9cembre 2015","format":false,"excerpt":"Origine : Eure et Loir. L\u2019oignon jaune est l\u2019oignon le plus utilis\u00e9 en cuisine. Il a une odeur assez forte et un go\u00fbt tr\u00e8s prononc\u00e9. D\u2019ailleurs il n\u2019est pas tr\u00e8s bon cru, \u00e0 moins de bien le m\u00e9langer \u00e0 d\u2019autres ingr\u00e9dients. Il est parfait pour les cuissons car il donne\u2026","rel":"","context":"Article similaire","img":{"alt_text":"","src":"https:\/\/i0.wp.com\/www.passionfruits.fr\/wp-content\/uploads\/2015\/12\/oignon3.jpg?fit=599%2C597&ssl=1&resize=350%2C200","width":350,"height":200},"classes":[]},{"id":5295,"url":"https:\/\/www.passionfruits.fr\/index.php\/produit\/oignon-roscoff-les-500-grs\/","url_meta":{"origin":5024,"position":2},"title":"Oignon Roscoff  France Cat 1 les 500g","date":"7 d\u00e9cembre 2015","format":false,"excerpt":"L'oignon de Roscoff\u00a0 se caract\u00e9rise par la couleur ros\u00e9e de leur tunique et de leur chair. Cru, son odeur est fruit\u00e9e, sa texture est croquante et tr\u00e8s juteuse. Son go\u00fbt sucr\u00e9 permet son utilisation en salades. Cuit, l\u2019oignon d\u00e9veloppe son go\u00fbt sucr\u00e9 et fruit\u00e9. La texture devient fondante. Il constitue\u2026","rel":"","context":"Article similaire","img":{"alt_text":"","src":"https:\/\/i0.wp.com\/www.passionfruits.fr\/wp-content\/uploads\/2015\/12\/oignon-roscoff.jpg?fit=596%2C591&ssl=1&resize=350%2C200","width":350,"height":200},"classes":[]},{"id":7397,"url":"https:\/\/www.passionfruits.fr\/index.php\/produit\/celeri-rave-demi-piece-env-500g\/","url_meta":{"origin":5024,"position":3},"title":"C\u00e8leri rave France Cat 1 demi env. 500g","date":"1 janvier 2016","format":false,"excerpt":"","rel":"","context":"Article similaire","img":{"alt_text":"","src":"https:\/\/i1.wp.com\/www.passionfruits.fr\/wp-content\/uploads\/2016\/01\/celeri-rave.jpg?fit=580%2C420&ssl=1&resize=350%2C200","width":350,"height":200},"classes":[]},{"id":18295,"url":"https:\/\/www.passionfruits.fr\/index.php\/produit\/oignon-emince-cat-1-hollande-barquette-200-grs\/","url_meta":{"origin":5024,"position":4},"title":"Oignon Jaune \u00e9minc\u00e9 cat 1 France barquette 200 grs","date":"16 septembre 2021","format":false,"excerpt":"","rel":"","context":"Article similaire","img":{"alt_text":"","src":"https:\/\/i2.wp.com\/www.passionfruits.fr\/wp-content\/uploads\/2021\/09\/vend-oignon-france-1253-2385-large.jpg?fit=600%2C600&ssl=1&resize=350%2C200","width":350,"height":200},"classes":[]},{"id":8550,"url":"https:\/\/www.passionfruits.fr\/index.php\/produit\/tomate-d-antan-les-500g\/","url_meta":{"origin":5024,"position":5},"title":"Tomate Saveur d'antan France Cat 1 les 500g","date":"1 avril 2016","format":false,"excerpt":"Les tomates Saveurs d\u2019antan, c\u2019est un assortiment de tomates de vari\u00e9t\u00e9s anciennes, de couleurs diff\u00e9rentes\u00a0: noire de Crim\u00e9e, green z\u00e9bra, tomate rose, cornue des Andes, c\u0153ur de b\u0153uf\u2026","rel":"","context":"Article similaire","img":{"alt_text":"","src":"https:\/\/i0.wp.com\/www.passionfruits.fr\/wp-content\/uploads\/2016\/04\/Tomate-dantan.jpg?fit=600%2C600&ssl=1&resize=350%2C200","width":350,"height":200},"classes":[]}],"_links":{"self":[{"href":"https:\/\/www.passionfruits.fr\/index.php\/wp-json\/wp\/v2\/product\/5024"}],"collection":[{"href":"https:\/\/www.passionfruits.fr\/index.php\/wp-json\/wp\/v2\/product"}],"about":[{"href":"https:\/\/www.passionfruits.fr\/index.php\/wp-json\/wp\/v2\/types\/product"}],"replies":[{"embeddable":true,"href":"https:\/\/www.passionfruits.fr\/index.php\/wp-json\/wp\/v2\/comments?post=5024"}],"wp:featuredmedia":[{"embeddable":true,"href":"https:\/\/www.passionfruits.fr\/index.php\/wp-json\/wp\/v2\/media\/7668"}],"wp:attachment":[{"href":"https:\/\/www.passionfruits.fr\/index.php\/wp-json\/wp\/v2\/media?parent=5024"}],"curies":[{"name":"wp","href":"https:\/\/api.w.org\/{rel}","templated":true}]}}