{"id":5041,"date":"2015-12-07T11:28:02","date_gmt":"2015-12-07T10:28:02","guid":{"rendered":"http:\/\/www.andreclaude.fr\/web\/index.php\/produit\/p-d-t-grenaille-sirtema-de-noirmoutier-les-500-grs\/"},"modified":"2026-05-06T16:30:46","modified_gmt":"2026-05-06T15:30:46","slug":"p-d-t-grenaille-de-noirmoutier-le-kilo","status":"publish","type":"product","link":"https:\/\/www.passionfruits.fr\/index.php\/produit\/p-d-t-grenaille-de-noirmoutier-le-kilo\/","title":{"rendered":"grenaille ile de re  le kilo"},"content":{"rendered":"<p>&nbsp;<\/p>\n<p>&nbsp;<\/p>\n","protected":false},"excerpt":{"rendered":"<p>Les pommes de terre primeur n\u2019ont pas besoin d\u2019\u00eatre \u00e9pluch\u00e9es tant la peau est fine et d\u00e9licieuse.<\/p>\n<p>A cuire directement \u00e0 la po\u00eale avec du beurre et de l&#8217;huile, assaisonner de fleur de sel et de poivre,\u00a0 un d\u00e9lice pour les papilles !!!<\/p>\n<div>\n<div>\n<p>Calibre\u00a0 35 &#8211; 55<\/p>\n<p>Pommes de terre de consommation<\/p>\n<p>Traitement anti-germinatif<\/p>\n<\/div>\n<\/div>\n","protected":false},"featured_media":8524,"comment_status":"closed","ping_status":"closed","template":"","meta":{"spay_email":"","jetpack_publicize_message":"","jetpack_is_tweetstorm":false},"jetpack_publicize_connections":[],"jetpack_sharing_enabled":true,"jetpack-related-posts":[{"id":18320,"url":"https:\/\/www.passionfruits.fr\/index.php\/produit\/gnocchetti-sachet-de-500-gr\/","url_meta":{"origin":5041,"position":0},"title":"Gnocchetti sachet de 500 Gr","date":"16 septembre 2021","format":false,"excerpt":"ingr\u00e9dients : PUREE DE POMMES DE TERRE 70% (EAU, FLOCONS DE POMMES DE TERRE DESHYDRATEES (POMMES DE TERRE, EMULSIFIANTS : MONO ET DIGLYCERIDES D'ACIDES GRAS, AROMES NATURELS), FARINE DE BLE TENDRE, FECULE DE POMMES DE TERRE, AMIDON, FARINE DE RIZ, SEL, EPICES, CORRECTEUR D'ACIDITE : ACIDE LACTIQUE, CONSERVATEUR : SORBATE\u2026","rel":"","context":"Article similaire","img":{"alt_text":"","src":"https:\/\/i2.wp.com\/www.passionfruits.fr\/wp-content\/uploads\/2021\/09\/gnti3.jpg?fit=600%2C600&ssl=1&resize=350%2C200","width":350,"height":200},"classes":[]},{"id":5043,"url":"https:\/\/www.passionfruits.fr\/index.php\/produit\/p-d-t-grenaille-le-kilo\/","url_meta":{"origin":5041,"position":1},"title":"Grenaille Gwenne  France Cat 1 le kg","date":"7 d\u00e9cembre 2015","format":false,"excerpt":"Pomme de terre Calibre 28-40 mm Pommes de terre de consommation Traitement anti-germinatif","rel":"","context":"Article similaire","img":{"alt_text":"","src":"https:\/\/i2.wp.com\/www.passionfruits.fr\/wp-content\/uploads\/2015\/12\/pomme-de-terre-grenaille.jpg?fit=800%2C553&ssl=1&resize=350%2C200","width":350,"height":200},"classes":[]},{"id":5134,"url":"https:\/\/www.passionfruits.fr\/index.php\/produit\/p-d-t-ordinaire-elodie-le-kilo\/","url_meta":{"origin":5041,"position":2},"title":"Pomme de terre  Ordinaire France   Cat 1 le kilo","date":"7 d\u00e9cembre 2015","format":false,"excerpt":"P.D.T Ordinaire Tr\u00e9sor Calibre\u00a0 60 et + Pommes de terre de consommation Traitement anti-germinatif","rel":"","context":"Article similaire","img":{"alt_text":"","src":"https:\/\/i1.wp.com\/www.passionfruits.fr\/wp-content\/uploads\/2015\/12\/pdt-ordinaire.jpg?fit=800%2C600&ssl=1&resize=350%2C200","width":350,"height":200},"classes":[]},{"id":16037,"url":"https:\/\/www.passionfruits.fr\/index.php\/produit\/p-d-t-spunta-nouvelle\/","url_meta":{"origin":5041,"position":3},"title":"P.D.T. Spunta nouvelle Italie Cat 1 Le kilo","date":"30 mai 2020","format":false,"excerpt":"Pomme de terre Calibre 30 \u2013 40 Pommes de terre de consommation Traitement anti-germinatif","rel":"","context":"Article similaire","img":{"alt_text":"","src":"https:\/\/i2.wp.com\/www.passionfruits.fr\/wp-content\/uploads\/2015\/12\/pommedeterreannabelle.jpg?fit=600%2C600&ssl=1&resize=350%2C200","width":350,"height":200},"classes":[]},{"id":5136,"url":"https:\/\/www.passionfruits.fr\/index.php\/produit\/p-d-t-ordinaire-elodie-le-sac-10-kgs\/","url_meta":{"origin":5041,"position":4},"title":"Pomme de terre Ordinaire  France  Cat 1 le sac de 10 kg","date":"7 d\u00e9cembre 2015","format":false,"excerpt":"P.D.T Ordinaire Tr\u00e9sor Calibre\u00a0 60 et + Pommes de terre de consommation Traitement anti-germinatif","rel":"","context":"Article similaire","img":{"alt_text":"","src":"https:\/\/i1.wp.com\/www.passionfruits.fr\/wp-content\/uploads\/2015\/12\/pdt-ordinaire.jpg?fit=800%2C600&ssl=1&resize=350%2C200","width":350,"height":200},"classes":[]},{"id":6376,"url":"https:\/\/www.passionfruits.fr\/index.php\/produit\/p-d-t-grenaille-x-5-kg-le-kilo\/","url_meta":{"origin":5041,"position":5},"title":"P.D.T. Grenaille  Promo  France Cat 1 les 5 kg soit 2,50 \u20ac le kg","date":"7 d\u00e9cembre 2015","format":false,"excerpt":"Pomme de terre agatha Calibre 28mm-40mm Pommes de terre de consommation Traitement anti-germinatif","rel":"","context":"Article similaire","img":{"alt_text":"","src":"https:\/\/i2.wp.com\/www.passionfruits.fr\/wp-content\/uploads\/2015\/12\/pomme-de-terre-grenaille.jpg?fit=800%2C553&ssl=1&resize=350%2C200","width":350,"height":200},"classes":[]}],"_links":{"self":[{"href":"https:\/\/www.passionfruits.fr\/index.php\/wp-json\/wp\/v2\/product\/5041"}],"collection":[{"href":"https:\/\/www.passionfruits.fr\/index.php\/wp-json\/wp\/v2\/product"}],"about":[{"href":"https:\/\/www.passionfruits.fr\/index.php\/wp-json\/wp\/v2\/types\/product"}],"replies":[{"embeddable":true,"href":"https:\/\/www.passionfruits.fr\/index.php\/wp-json\/wp\/v2\/comments?post=5041"}],"wp:featuredmedia":[{"embeddable":true,"href":"https:\/\/www.passionfruits.fr\/index.php\/wp-json\/wp\/v2\/media\/8524"}],"wp:attachment":[{"href":"https:\/\/www.passionfruits.fr\/index.php\/wp-json\/wp\/v2\/media?parent=5041"}],"curies":[{"name":"wp","href":"https:\/\/api.w.org\/{rel}","templated":true}]}}