{"id":5047,"date":"2015-12-07T11:28:02","date_gmt":"2015-12-07T10:28:02","guid":{"rendered":"http:\/\/www.andreclaude.fr\/web\/index.php\/produit\/persil-plat-la-botte\/"},"modified":"2023-08-18T09:08:22","modified_gmt":"2023-08-18T08:08:22","slug":"persil-plat-la-botte","status":"publish","type":"product","link":"https:\/\/www.passionfruits.fr\/index.php\/produit\/persil-plat-la-botte\/","title":{"rendered":"Persil plat France Cat 1 la barq."},"content":{"rendered":"","protected":false},"excerpt":{"rendered":"","protected":false},"featured_media":5048,"comment_status":"closed","ping_status":"closed","template":"","meta":{"spay_email":"","jetpack_publicize_message":"","jetpack_is_tweetstorm":false},"jetpack_publicize_connections":[],"jetpack_sharing_enabled":true,"jetpack-related-posts":[{"id":5045,"url":"https:\/\/www.passionfruits.fr\/index.php\/produit\/persil-frisee-la-botte\/","url_meta":{"origin":5047,"position":0},"title":"Persil fris\u00e9e France-Loiret Cat 1 la botte","date":"7 d\u00e9cembre 2015","format":false,"excerpt":"Origine Loiret","rel":"","context":"Article similaire","img":{"alt_text":"","src":"https:\/\/i0.wp.com\/www.passionfruits.fr\/wp-content\/uploads\/2015\/12\/persilfrisee.jpg?fit=409%2C294&ssl=1&resize=350%2C200","width":350,"height":200},"classes":[]},{"id":5274,"url":"https:\/\/www.passionfruits.fr\/index.php\/produit\/endive-rouge-la-barq-de-300grs\/","url_meta":{"origin":5047,"position":1},"title":"Endive rouge France la barq de 300 grs  Cat 1","date":"7 d\u00e9cembre 2015","format":false,"excerpt":"","rel":"","context":"Article similaire","img":{"alt_text":"","src":"https:\/\/i0.wp.com\/www.passionfruits.fr\/wp-content\/uploads\/2015\/12\/endive-rouge.jpg?fit=576%2C556&ssl=1&resize=350%2C200","width":350,"height":200},"classes":[]},{"id":6339,"url":"https:\/\/www.passionfruits.fr\/index.php\/produit\/olive-ail-et-persil-barq-env-350-grs\/","url_meta":{"origin":5047,"position":2},"title":"Olive Ail et persil Barq. env. 350 grs","date":"7 d\u00e9cembre 2015","format":false,"excerpt":"Olive, ail et persil. Conditionn\u00e9 en barquette refermable \u00e0 volont\u00e9 pour garder toute sa saveur.","rel":"","context":"Article similaire","img":{"alt_text":"","src":"https:\/\/i0.wp.com\/www.passionfruits.fr\/wp-content\/uploads\/2015\/12\/oliv-ail.jpg?fit=300%2C300&ssl=1&resize=350%2C200","width":350,"height":200},"classes":[]},{"id":4933,"url":"https:\/\/www.passionfruits.fr\/index.php\/produit\/fraise-mara-des-bois-la-barq-250-grs\/","url_meta":{"origin":5047,"position":3},"title":"Fraise Mara des bois France Cat 1 la barquette de 250 grs","date":"7 d\u00e9cembre 2015","format":false,"excerpt":"","rel":"","context":"Article similaire","img":{"alt_text":"","src":"https:\/\/i2.wp.com\/www.passionfruits.fr\/wp-content\/uploads\/2015\/12\/fraise-mara-des-bois.jpg?fit=600%2C600&ssl=1&resize=350%2C200","width":350,"height":200},"classes":[]},{"id":6497,"url":"https:\/\/www.passionfruits.fr\/index.php\/produit\/blanc-de-poireau-barq-400grs\/","url_meta":{"origin":5047,"position":4},"title":"Blanc de poireau France Cat 1 la Barq. 400g","date":"7 d\u00e9cembre 2015","format":false,"excerpt":"L\u00e9gumes \u00e9pluch\u00e9s et coup\u00e9s, pr\u00eats \u00e0 consommer. Conditionn\u00e9 en barquette refermable \u00e0 volont\u00e9 pour garder toute sa saveur. 100% Frais, 100% Pr\u00eat, sans conservateur.","rel":"","context":"Article similaire","img":{"alt_text":"","src":"https:\/\/i0.wp.com\/www.passionfruits.fr\/wp-content\/uploads\/2015\/12\/blanc-de-poireau-450x300.jpg?fit=450%2C300&ssl=1&resize=350%2C200","width":350,"height":200},"classes":[]},{"id":6508,"url":"https:\/\/www.passionfruits.fr\/index.php\/produit\/carotte-rondelle-barq-500g\/","url_meta":{"origin":5047,"position":5},"title":"Carotte rondelle France  Cat 1 la barq. 500g","date":"7 d\u00e9cembre 2015","format":false,"excerpt":"L\u00e9gumes \u00e9pluch\u00e9s et coup\u00e9s, pr\u00eats \u00e0 consommer. Conditionn\u00e9 en barquette refermable \u00e0 volont\u00e9 pour garder toute sa saveur. 100% Frais, 100% Pr\u00eat, sans conservateur.","rel":"","context":"Article similaire","img":{"alt_text":"","src":"https:\/\/i1.wp.com\/www.passionfruits.fr\/wp-content\/uploads\/2015\/12\/carotte-rondelle.jpg?fit=600%2C600&ssl=1&resize=350%2C200","width":350,"height":200},"classes":[]}],"_links":{"self":[{"href":"https:\/\/www.passionfruits.fr\/index.php\/wp-json\/wp\/v2\/product\/5047"}],"collection":[{"href":"https:\/\/www.passionfruits.fr\/index.php\/wp-json\/wp\/v2\/product"}],"about":[{"href":"https:\/\/www.passionfruits.fr\/index.php\/wp-json\/wp\/v2\/types\/product"}],"replies":[{"embeddable":true,"href":"https:\/\/www.passionfruits.fr\/index.php\/wp-json\/wp\/v2\/comments?post=5047"}],"wp:featuredmedia":[{"embeddable":true,"href":"https:\/\/www.passionfruits.fr\/index.php\/wp-json\/wp\/v2\/media\/5048"}],"wp:attachment":[{"href":"https:\/\/www.passionfruits.fr\/index.php\/wp-json\/wp\/v2\/media?parent=5047"}],"curies":[{"name":"wp","href":"https:\/\/api.w.org\/{rel}","templated":true}]}}