{"id":5076,"date":"2015-12-07T11:28:13","date_gmt":"2015-12-07T10:28:13","guid":{"rendered":"http:\/\/www.andreclaude.fr\/web\/index.php\/produit\/radis-noir-la-piece\/"},"modified":"2026-05-12T07:39:35","modified_gmt":"2026-05-12T06:39:35","slug":"radis-noir-la-piece","status":"publish","type":"product","link":"https:\/\/www.passionfruits.fr\/index.php\/produit\/radis-noir-la-piece\/","title":{"rendered":"Radis noir France Cat 1 la pi\u00e8ce"},"content":{"rendered":"","protected":false},"excerpt":{"rendered":"","protected":false},"featured_media":5077,"comment_status":"closed","ping_status":"closed","template":"","meta":{"spay_email":"","jetpack_publicize_message":"","jetpack_is_tweetstorm":false},"jetpack_publicize_connections":[],"jetpack_sharing_enabled":true,"jetpack-related-posts":[{"id":5049,"url":"https:\/\/www.passionfruits.fr\/index.php\/produit\/radis-rose-la-botte\/","url_meta":{"origin":5076,"position":0},"title":"Radis rose France Cat 1 la botte","date":"7 d\u00e9cembre 2015","format":false,"excerpt":"Si le radis est surtout consomm\u00e9 pour sa racine mang\u00e9e crue (radis rouge ou radis noir), on peut aussi utiliser ses feuilles dans des soupes, ou cuire les racines, par exemple au wok, tout en conservant leur croquant. Les radis sont tr\u00e8s rafra\u00eechissants et constituent un ap\u00e9ritif ou une entr\u00e9e\u2026","rel":"","context":"Article similaire","img":{"alt_text":"","src":"https:\/\/i2.wp.com\/www.passionfruits.fr\/wp-content\/uploads\/2015\/12\/radis.jpg?fit=600%2C600&ssl=1&resize=350%2C200","width":350,"height":200},"classes":[]},{"id":4964,"url":"https:\/\/www.passionfruits.fr\/index.php\/produit\/salade-feuille-de-chene-rouge-la-piece\/","url_meta":{"origin":5076,"position":1},"title":"Salade F. de Ch\u00eane rouge France Cat 1 la pi\u00e8ce","date":"7 d\u00e9cembre 2015","format":false,"excerpt":"Origine France","rel":"","context":"Article similaire","img":{"alt_text":"","src":"https:\/\/i2.wp.com\/www.passionfruits.fr\/wp-content\/uploads\/2015\/12\/SaladeFeuilleDeCheneRouge.jpg?fit=600%2C600&ssl=1&resize=350%2C200","width":350,"height":200},"classes":[]},{"id":5018,"url":"https:\/\/www.passionfruits.fr\/index.php\/produit\/kiwi-la-piece\/","url_meta":{"origin":5076,"position":2},"title":"Kiwi Vert France Cat 1 la pi\u00e8ce","date":"7 d\u00e9cembre 2015","format":false,"excerpt":"","rel":"","context":"Article similaire","img":{"alt_text":"","src":"https:\/\/i1.wp.com\/www.passionfruits.fr\/wp-content\/uploads\/2015\/12\/kiwi.jpg?fit=375%2C320&ssl=1&resize=350%2C200","width":350,"height":200},"classes":[]},{"id":4971,"url":"https:\/\/www.passionfruits.fr\/index.php\/produit\/concombre-la-piece\/","url_meta":{"origin":5076,"position":3},"title":"Concombre France  Cat 1 la pi\u00e8ce","date":"7 d\u00e9cembre 2015","format":false,"excerpt":"Origine Espagne","rel":"","context":"Article similaire","img":{"alt_text":"","src":"https:\/\/i1.wp.com\/www.passionfruits.fr\/wp-content\/uploads\/2015\/12\/concombre1.jpg?fit=600%2C600&ssl=1&resize=350%2C200","width":350,"height":200},"classes":[]},{"id":4960,"url":"https:\/\/www.passionfruits.fr\/index.php\/produit\/salade-batavia-la-piece\/","url_meta":{"origin":5076,"position":4},"title":"Salade Batavia France Cat 1 la pi\u00e8ce","date":"7 d\u00e9cembre 2015","format":false,"excerpt":"","rel":"","context":"Article similaire","img":{"alt_text":"","src":"https:\/\/i2.wp.com\/www.passionfruits.fr\/wp-content\/uploads\/2015\/12\/batavia1.jpg?fit=425%2C591&ssl=1&resize=350%2C200","width":350,"height":200},"classes":[]},{"id":6323,"url":"https:\/\/www.passionfruits.fr\/index.php\/produit\/kiwi-lot-de-5-pieces\/","url_meta":{"origin":5076,"position":5},"title":"Kiwi Vert Promo France  Cat 1 les 5 pi\u00e8ces","date":"7 d\u00e9cembre 2015","format":false,"excerpt":"","rel":"","context":"Article similaire","img":{"alt_text":"","src":"https:\/\/i1.wp.com\/www.passionfruits.fr\/wp-content\/uploads\/2015\/12\/kiwi.jpg?fit=375%2C320&ssl=1&resize=350%2C200","width":350,"height":200},"classes":[]}],"_links":{"self":[{"href":"https:\/\/www.passionfruits.fr\/index.php\/wp-json\/wp\/v2\/product\/5076"}],"collection":[{"href":"https:\/\/www.passionfruits.fr\/index.php\/wp-json\/wp\/v2\/product"}],"about":[{"href":"https:\/\/www.passionfruits.fr\/index.php\/wp-json\/wp\/v2\/types\/product"}],"replies":[{"embeddable":true,"href":"https:\/\/www.passionfruits.fr\/index.php\/wp-json\/wp\/v2\/comments?post=5076"}],"wp:featuredmedia":[{"embeddable":true,"href":"https:\/\/www.passionfruits.fr\/index.php\/wp-json\/wp\/v2\/media\/5077"}],"wp:attachment":[{"href":"https:\/\/www.passionfruits.fr\/index.php\/wp-json\/wp\/v2\/media?parent=5076"}],"curies":[{"name":"wp","href":"https:\/\/api.w.org\/{rel}","templated":true}]}}