{"id":5088,"date":"2015-12-07T11:28:13","date_gmt":"2015-12-07T10:28:13","guid":{"rendered":"http:\/\/www.andreclaude.fr\/web\/index.php\/produit\/salade-mache-les-100grs\/"},"modified":"2026-01-08T06:40:46","modified_gmt":"2026-01-08T05:40:46","slug":"salade-mache-les-100grs","status":"publish","type":"product","link":"https:\/\/www.passionfruits.fr\/index.php\/produit\/salade-mache-les-100grs\/","title":{"rendered":"Salade M\u00e2che France cat 1 les 100g"},"content":{"rendered":"","protected":false},"excerpt":{"rendered":"","protected":false},"featured_media":7682,"comment_status":"closed","ping_status":"closed","template":"","meta":{"spay_email":"","jetpack_publicize_message":"","jetpack_is_tweetstorm":false},"jetpack_publicize_connections":[],"jetpack_sharing_enabled":true,"jetpack-related-posts":[{"id":5182,"url":"https:\/\/www.passionfruits.fr\/index.php\/produit\/salade-mache-la-barq-125grs-4e-les-2\/","url_meta":{"origin":5088,"position":0},"title":"Salade M\u00e2che Cat 1 la barquette 150g","date":"7 d\u00e9cembre 2015","format":false,"excerpt":"","rel":"","context":"Article similaire","img":{"alt_text":"","src":"https:\/\/i0.wp.com\/www.passionfruits.fr\/wp-content\/uploads\/2015\/12\/mache-barquette.jpg?fit=600%2C600&ssl=1&resize=350%2C200","width":350,"height":200},"classes":[]},{"id":4964,"url":"https:\/\/www.passionfruits.fr\/index.php\/produit\/salade-feuille-de-chene-rouge-la-piece\/","url_meta":{"origin":5088,"position":1},"title":"Salade F. de Ch\u00eane rouge France Cat 1 la pi\u00e8ce","date":"7 d\u00e9cembre 2015","format":false,"excerpt":"Origine France","rel":"","context":"Article similaire","img":{"alt_text":"","src":"https:\/\/i2.wp.com\/www.passionfruits.fr\/wp-content\/uploads\/2015\/12\/SaladeFeuilleDeCheneRouge.jpg?fit=600%2C600&ssl=1&resize=350%2C200","width":350,"height":200},"classes":[]},{"id":4960,"url":"https:\/\/www.passionfruits.fr\/index.php\/produit\/salade-batavia-la-piece\/","url_meta":{"origin":5088,"position":2},"title":"Salade Batavia France Cat 1 la pi\u00e8ce","date":"7 d\u00e9cembre 2015","format":false,"excerpt":"","rel":"","context":"Article similaire","img":{"alt_text":"","src":"https:\/\/i2.wp.com\/www.passionfruits.fr\/wp-content\/uploads\/2015\/12\/batavia1.jpg?fit=425%2C591&ssl=1&resize=350%2C200","width":350,"height":200},"classes":[]},{"id":4965,"url":"https:\/\/www.passionfruits.fr\/index.php\/produit\/salade-feuille-de-chene-verte-la-piece\/","url_meta":{"origin":5088,"position":3},"title":"Salade F. de Ch\u00eane verte France Cat 1 la pi\u00e8ce","date":"7 d\u00e9cembre 2015","format":false,"excerpt":"","rel":"","context":"Article similaire","img":{"alt_text":"","src":"https:\/\/i0.wp.com\/www.passionfruits.fr\/wp-content\/uploads\/2015\/12\/feuille.jpg?fit=424%2C519&ssl=1&resize=350%2C200","width":350,"height":200},"classes":[]},{"id":4982,"url":"https:\/\/www.passionfruits.fr\/index.php\/produit\/celeris-branche-les-500-grs\/","url_meta":{"origin":5088,"position":4},"title":"C\u00e9leris branche Italie Cat 1 la branche env. 100g","date":"7 d\u00e9cembre 2015","format":false,"excerpt":"Origine France","rel":"","context":"Article similaire","img":{"alt_text":"","src":"https:\/\/i0.wp.com\/www.passionfruits.fr\/wp-content\/uploads\/2015\/12\/celeris.jpg?fit=500%2C317&ssl=1&resize=350%2C200","width":350,"height":200},"classes":[]},{"id":6249,"url":"https:\/\/www.passionfruits.fr\/index.php\/produit\/ciboulette-la-botte\/","url_meta":{"origin":5088,"position":5},"title":"Ciboulette France Cat 1 la barq.","date":"7 d\u00e9cembre 2015","format":false,"excerpt":"la ciboulette est id\u00e9al pour accompagner les tomates , les salades, le fromage faisselle et battu et les omelettes .","rel":"","context":"Article similaire","img":{"alt_text":"","src":"https:\/\/i1.wp.com\/www.passionfruits.fr\/wp-content\/uploads\/2015\/12\/ciboulette1.jpg?fit=300%2C400&ssl=1&resize=350%2C200","width":350,"height":200},"classes":[]}],"_links":{"self":[{"href":"https:\/\/www.passionfruits.fr\/index.php\/wp-json\/wp\/v2\/product\/5088"}],"collection":[{"href":"https:\/\/www.passionfruits.fr\/index.php\/wp-json\/wp\/v2\/product"}],"about":[{"href":"https:\/\/www.passionfruits.fr\/index.php\/wp-json\/wp\/v2\/types\/product"}],"replies":[{"embeddable":true,"href":"https:\/\/www.passionfruits.fr\/index.php\/wp-json\/wp\/v2\/comments?post=5088"}],"wp:featuredmedia":[{"embeddable":true,"href":"https:\/\/www.passionfruits.fr\/index.php\/wp-json\/wp\/v2\/media\/7682"}],"wp:attachment":[{"href":"https:\/\/www.passionfruits.fr\/index.php\/wp-json\/wp\/v2\/media?parent=5088"}],"curies":[{"name":"wp","href":"https:\/\/api.w.org\/{rel}","templated":true}]}}