{"id":5090,"date":"2015-12-07T11:28:13","date_gmt":"2015-12-07T10:28:13","guid":{"rendered":"http:\/\/www.andreclaude.fr\/web\/index.php\/produit\/mangue-avion-la-piece\/"},"modified":"2026-04-01T15:45:26","modified_gmt":"2026-04-01T14:45:26","slug":"mangue-la-piece","status":"publish","type":"product","link":"https:\/\/www.passionfruits.fr\/index.php\/produit\/mangue-la-piece\/","title":{"rendered":"Mangue Avion Perou  Cat 1 la pi\u00e8ce"},"content":{"rendered":"","protected":false},"excerpt":{"rendered":"<p>La laisser a\u0300 la tempe\u0301rature de la pie\u0300ce jusqu\u2019a\u0300 ce qu\u2019elle soit mu\u0302re. Une mangue encore verte continuera a\u0300 mu\u0302rir pendant une semaine a\u0300 la tempe\u0301rature ambiante. La placer dans un sac de papier si on de\u0301sire acce\u0301le\u0301rer le mu\u0302rissement.<\/p>\n<p>Ne jamais conserver au r\u00e9frig\u00e9rateur.<\/p>\n","protected":false},"featured_media":8365,"comment_status":"closed","ping_status":"closed","template":"","meta":{"spay_email":"","jetpack_publicize_message":"","jetpack_is_tweetstorm":false},"jetpack_publicize_connections":[],"jetpack_sharing_enabled":true,"jetpack-related-posts":[{"id":5004,"url":"https:\/\/www.passionfruits.fr\/index.php\/produit\/mure-barq-125grs\/","url_meta":{"origin":5090,"position":0},"title":"M\u00fbre  Cat 1 Portugal la barquette 125g","date":"7 d\u00e9cembre 2015","format":false,"excerpt":"","rel":"","context":"Article similaire","img":{"alt_text":"","src":"https:\/\/i2.wp.com\/www.passionfruits.fr\/wp-content\/uploads\/2015\/12\/mure-1.jpg?fit=595%2C560&ssl=1&resize=350%2C200","width":350,"height":200},"classes":[]},{"id":9564,"url":"https:\/\/www.passionfruits.fr\/index.php\/produit\/rhum-ananas-mangue-bouteille-70-cl\/","url_meta":{"origin":5090,"position":1},"title":"Rhum Ananas - Mangue la bouteille 70 cl","date":"25 octobre 2016","format":false,"excerpt":"L\u2019ananas Victoria ou \u00ab Queen Victoria \u00bb a un go\u00fbt incomparable \u00e0 la fois sucr\u00e9 et parfum\u00e9. La mangue\u00a0avec son parfum puissant et son c\u00f4t\u00e9 poivr\u00e9, forme une excellente alliance avec l\u2019ananas. Alcool 28,5 % La consommation de boissons alcoolis\u00e9es pendant la grossesse, m\u00eame en faible quantit\u00e9, peut avoir des\u2026","rel":"","context":"Article similaire","img":{"alt_text":"","src":"https:\/\/i1.wp.com\/www.passionfruits.fr\/wp-content\/uploads\/2016\/10\/rhum-ananas-mangue.jpg?fit=390%2C564&ssl=1&resize=350%2C200","width":350,"height":200},"classes":[]},{"id":9562,"url":"https:\/\/www.passionfruits.fr\/index.php\/produit\/rhum-mangue-passion-bouteille-70-cl\/","url_meta":{"origin":5090,"position":2},"title":"Rhum Mangue - Passion la bouteille 70 cl","date":"25 octobre 2016","format":false,"excerpt":"Le fruit de la passion aux couleurs tropicales apporte une saveur des \u00eeles. Cette passiflore alli\u00e9e \u00e0 la mangue apporte un d\u00e9licieux m\u00e9lange de saveurs exotiques. Alcool 28,5 % La consommation de boissons alcoolis\u00e9es pendant la grossesse, m\u00eame en faible quantit\u00e9, peut avoir des cons\u00e9quences graves sur la sant\u00e9 de\u2026","rel":"","context":"Article similaire","img":{"alt_text":"","src":"https:\/\/i1.wp.com\/www.passionfruits.fr\/wp-content\/uploads\/2016\/10\/rhum-mangue-passion.jpg?fit=390%2C564&ssl=1&resize=350%2C200","width":350,"height":200},"classes":[]},{"id":19599,"url":"https:\/\/www.passionfruits.fr\/index.php\/produit\/rhum-mangue-passion-le-magnum-150-cl\/","url_meta":{"origin":5090,"position":3},"title":"Rhum Mangue - Passion le Magnum 150 cl","date":"22 septembre 2023","format":false,"excerpt":"Le fruit de la passion aux couleurs tropicales apporte une saveur des \u00eeles. Cette passiflore alli\u00e9e \u00e0 la mangue apporte un d\u00e9licieux m\u00e9lange de saveurs exotiques. Alcool 28,5 % La consommation de boissons alcoolis\u00e9es pendant la grossesse, m\u00eame en faible quantit\u00e9, peut avoir des cons\u00e9quences graves sur la sant\u00e9 de\u2026","rel":"","context":"Article similaire","img":{"alt_text":"","src":"https:\/\/i1.wp.com\/www.passionfruits.fr\/wp-content\/uploads\/2016\/10\/rhum-mangue-passion.jpg?fit=390%2C564&ssl=1&resize=350%2C200","width":350,"height":200},"classes":[]},{"id":17759,"url":"https:\/\/www.passionfruits.fr\/index.php\/produit\/vinaigrette-exotique-a-la-mangue-la-bouteille-de-500-ml\/","url_meta":{"origin":5090,"position":4},"title":"Vinaigrette exotique \u00e0 la mangue la bouteille de 500 ml","date":"19 mars 2021","format":false,"excerpt":"Sauce vinaigrette\u00a0exotique \u00e0 la mangue Jean d\u2019Audignac. Excellente vinaigrette pour assaisonner les salades et crudit\u00e9s. Ingr\u00e9dients : huile de tournesol 50%, vinaigre de\u00a0vin blanc*,\u00a0pur\u00e9e de mangue10%,gingembre5%moutarde\u00a0de Dijon* (graine de\u00a0moutarde, vinaigre d'alcool, eau, sel), sucre, sel, piment rouge. *contient des\u00a0sulfites. Valeurs nutritionnelles moyennes pour 100g Energie : 2052 kj\/498kcal Mati\u00e8res grasses\u2026","rel":"","context":"Article similaire","img":{"alt_text":"","src":"https:\/\/i0.wp.com\/www.passionfruits.fr\/wp-content\/uploads\/2021\/03\/vinaigrettes-mangue.jpg?fit=600%2C600&ssl=1&resize=350%2C200","width":350,"height":200},"classes":[]},{"id":11936,"url":"https:\/\/www.passionfruits.fr\/index.php\/produit\/sirop-de-mangue-vedrenne-la-bouteille-de-70-cl\/","url_meta":{"origin":5090,"position":5},"title":"Sirop de mangue Vedrenne la bouteille de 70 cl","date":"23 mars 2018","format":false,"excerpt":"Belle robe aux reflets orangers. Nez tr\u00e8s aromatique de mangue sucr\u00e9e. Bouche tr\u00e8s fruit\u00e9e, persistante avec une agr\u00e9able pointe d\u2019acidit\u00e9.","rel":"","context":"Article similaire","img":{"alt_text":"","src":"","width":0,"height":0},"classes":[]}],"_links":{"self":[{"href":"https:\/\/www.passionfruits.fr\/index.php\/wp-json\/wp\/v2\/product\/5090"}],"collection":[{"href":"https:\/\/www.passionfruits.fr\/index.php\/wp-json\/wp\/v2\/product"}],"about":[{"href":"https:\/\/www.passionfruits.fr\/index.php\/wp-json\/wp\/v2\/types\/product"}],"replies":[{"embeddable":true,"href":"https:\/\/www.passionfruits.fr\/index.php\/wp-json\/wp\/v2\/comments?post=5090"}],"wp:featuredmedia":[{"embeddable":true,"href":"https:\/\/www.passionfruits.fr\/index.php\/wp-json\/wp\/v2\/media\/8365"}],"wp:attachment":[{"href":"https:\/\/www.passionfruits.fr\/index.php\/wp-json\/wp\/v2\/media?parent=5090"}],"curies":[{"name":"wp","href":"https:\/\/api.w.org\/{rel}","templated":true}]}}