{"id":5105,"date":"2015-12-07T11:28:26","date_gmt":"2015-12-07T10:28:26","guid":{"rendered":"http:\/\/www.andreclaude.fr\/web\/index.php\/produit\/grenade-les-500-gr\/"},"modified":"2025-12-20T06:42:24","modified_gmt":"2025-12-20T05:42:24","slug":"grenade-la-piece","status":"publish","type":"product","link":"https:\/\/www.passionfruits.fr\/index.php\/produit\/grenade-la-piece\/","title":{"rendered":"Grenade Turquie Cat 1 la pi\u00e8ce"},"content":{"rendered":"","protected":false},"excerpt":{"rendered":"<p>La pi\u00e8ce environ 500 grammes. La grenade se consomme le plus souvent en sirop. Crue, on en consomme les graines acidul\u00e9es telles quelles, dans les salades de l\u00e9gumes ou de fruits, en d\u00e9coration ou accompagnement, en sorbet\u2026 Cuite, on la pr\u00e9pare en sauce.<\/p>\n","protected":false},"featured_media":5106,"comment_status":"closed","ping_status":"closed","template":"","meta":{"spay_email":"","jetpack_publicize_message":"","jetpack_is_tweetstorm":false},"jetpack_publicize_connections":[],"jetpack_sharing_enabled":true,"jetpack-related-posts":[{"id":5143,"url":"https:\/\/www.passionfruits.fr\/index.php\/produit\/avocat-la-piece\/","url_meta":{"origin":5105,"position":0},"title":"Avocat Espagne Cat 1 la pi\u00e8ce","date":"7 d\u00e9cembre 2015","format":false,"excerpt":"L\u2019avocat est souvent consid\u00e9r\u00e9 comme un l\u00e9gume, car on le consomme en entr\u00e9e. Pourtant, il s\u2019agit bel et bien d\u2019un fruit. Ne jamais conserver l'avocat au r\u00e9frig\u00e9rateur.","rel":"","context":"Article similaire","img":{"alt_text":"","src":"https:\/\/i2.wp.com\/www.passionfruits.fr\/wp-content\/uploads\/2015\/12\/Avocat1.jpg?fit=507%2C338&ssl=1&resize=350%2C200","width":350,"height":200},"classes":[]},{"id":6329,"url":"https:\/\/www.passionfruits.fr\/index.php\/produit\/avocat-lot-de-3-pieces\/","url_meta":{"origin":5105,"position":1},"title":"Avocat promo Espagne  Cat 1 les 3 pi\u00e8ces","date":"7 d\u00e9cembre 2015","format":false,"excerpt":"L\u2019avocat est souvent consid\u00e9r\u00e9 comme un l\u00e9gume, car on le consomme en entr\u00e9e. Pourtant, il s\u2019agit bel et bien d\u2019un fruit. Ne jamais conserver l'avocat au r\u00e9frig\u00e9rateur.","rel":"","context":"Article similaire","img":{"alt_text":"","src":"https:\/\/i2.wp.com\/www.passionfruits.fr\/wp-content\/uploads\/2015\/12\/avocat-1.jpg?fit=600%2C600&ssl=1&resize=350%2C200","width":350,"height":200},"classes":[]},{"id":6298,"url":"https:\/\/www.passionfruits.fr\/index.php\/produit\/the-the-de-noel-la-boite\/","url_meta":{"origin":5105,"position":2},"title":"Th\u00e9 - th\u00e9 de no\u00ebl la boite de 40 sachets","date":"7 d\u00e9cembre 2015","format":false,"excerpt":"Th\u00e9 noir , \u00e9corces d'orange, ar\u00f4mes, poivre rose, p\u00e9tales de grenade, p\u00e9tales de souci. Peut contenir des traces de fruits \u00e0 coque, de lait et de soja. Temp\u00e9rature : 90 \u00b0C Temps d\u2019infusion : 4 min Avec ou sans lait Moment de la journ\u00e9e : toute la journ\u00e9e","rel":"","context":"Article similaire","img":{"alt_text":"","src":"https:\/\/i0.wp.com\/www.passionfruits.fr\/wp-content\/uploads\/2015\/12\/noel-aux-comptoirs.jpg?fit=900%2C900&ssl=1&resize=350%2C200","width":350,"height":200},"classes":[]},{"id":5226,"url":"https:\/\/www.passionfruits.fr\/index.php\/produit\/patate-douce-le-kilo\/","url_meta":{"origin":5105,"position":3},"title":"Patate douce Egypte  Cat 1 la pi\u00e8ce 500g env.","date":"7 d\u00e9cembre 2015","format":false,"excerpt":"La patate douce se consomme cuite en mets sal\u00e9s ou sucr\u00e9s. En mets sal\u00e9s, la patate douce peut remplacer la pomme de terre, les carottes et les courges. En pur\u00e9e, en po\u00eal\u00e9s, en pot-au-feu, en pot\u00e9es, au wok, en frites, en galettes, en soupe, en souffl\u00e9, en croquettes, ou dans\u2026","rel":"","context":"Article similaire","img":{"alt_text":"","src":"https:\/\/i0.wp.com\/www.passionfruits.fr\/wp-content\/uploads\/2015\/12\/patate-douce1.jpg?fit=600%2C600&ssl=1&resize=350%2C200","width":350,"height":200},"classes":[]},{"id":5741,"url":"https:\/\/www.passionfruits.fr\/index.php\/produit\/chevre-cloche\/","url_meta":{"origin":5105,"position":4},"title":"Le Montagnard des Vosges la pi\u00e8ce 500g","date":"7 d\u00e9cembre 2015","format":false,"excerpt":"Fabriqu\u00e9 au coeur des Vosges avec du bon lait de montagne, le Montagnard est issu du savoir-faire des ma\u00eetres-fromagers de la fromagerie G\u00e9rard. Ingr\u00e9dients : lait de montagne pasteuris\u00e9 (origine France), cr\u00e8me (origine France), ferments, sel, pr\u00e9sure, colorant de cro\u00fbte: E160b Valeurs nutritionnelles moyennes pour 100g Energie : 1392kj\/337kcal Mati\u00e8res\u2026","rel":"","context":"Article similaire","img":{"alt_text":"","src":"https:\/\/i2.wp.com\/www.passionfruits.fr\/wp-content\/uploads\/2015\/12\/le-montagnard-des-vosges.jpg?fit=600%2C600&ssl=1&resize=350%2C200","width":350,"height":200},"classes":[]},{"id":5018,"url":"https:\/\/www.passionfruits.fr\/index.php\/produit\/kiwi-la-piece\/","url_meta":{"origin":5105,"position":5},"title":"Kiwi Vert France Cat 1 la pi\u00e8ce","date":"7 d\u00e9cembre 2015","format":false,"excerpt":"","rel":"","context":"Article similaire","img":{"alt_text":"","src":"https:\/\/i1.wp.com\/www.passionfruits.fr\/wp-content\/uploads\/2015\/12\/kiwi.jpg?fit=375%2C320&ssl=1&resize=350%2C200","width":350,"height":200},"classes":[]}],"_links":{"self":[{"href":"https:\/\/www.passionfruits.fr\/index.php\/wp-json\/wp\/v2\/product\/5105"}],"collection":[{"href":"https:\/\/www.passionfruits.fr\/index.php\/wp-json\/wp\/v2\/product"}],"about":[{"href":"https:\/\/www.passionfruits.fr\/index.php\/wp-json\/wp\/v2\/types\/product"}],"replies":[{"embeddable":true,"href":"https:\/\/www.passionfruits.fr\/index.php\/wp-json\/wp\/v2\/comments?post=5105"}],"wp:featuredmedia":[{"embeddable":true,"href":"https:\/\/www.passionfruits.fr\/index.php\/wp-json\/wp\/v2\/media\/5106"}],"wp:attachment":[{"href":"https:\/\/www.passionfruits.fr\/index.php\/wp-json\/wp\/v2\/media?parent=5105"}],"curies":[{"name":"wp","href":"https:\/\/api.w.org\/{rel}","templated":true}]}}