{"id":5152,"date":"2015-12-07T11:28:40","date_gmt":"2015-12-07T10:28:40","guid":{"rendered":"http:\/\/www.andreclaude.fr\/web\/index.php\/produit\/rhubarbe-les-500-grs\/"},"modified":"2026-04-25T05:30:06","modified_gmt":"2026-04-25T04:30:06","slug":"rhubarbe-les-500-grs","status":"publish","type":"product","link":"https:\/\/www.passionfruits.fr\/index.php\/produit\/rhubarbe-les-500-grs\/","title":{"rendered":"Rhubarbe Allemagne   Cat 1 les 500 grs"},"content":{"rendered":"","protected":false},"excerpt":{"rendered":"<p>Pour adoucir la rhubarbe, sans trop lui faire perdre son acidit\u00e9, faites-la d\u00e9gorger : \u00e9pluchez les tiges avec un \u00e9conome, coupez-les ensuite en petits tron\u00e7ons, posez-les dans un plat et saupoudrer de deux \u00e0 trois cuill\u00e8res \u00e0 soupe de sucre. Laissez mac\u00e9rer ainsi au moins 4h \u00e0 temp\u00e9rature ambiante (voir jusqu&#8217;\u00e0 24h). Vous pouvez alors la pr\u00e9parer en compote, en tarte ou en crumble, mais aussi en confiture ou poch\u00e9e dans un sirop pour la servir avec de la glace.<\/p>\n","protected":false},"featured_media":10563,"comment_status":"closed","ping_status":"closed","template":"","meta":{"spay_email":"","jetpack_publicize_message":"","jetpack_is_tweetstorm":false},"jetpack_publicize_connections":[],"jetpack_sharing_enabled":true,"jetpack-related-posts":[{"id":5187,"url":"https:\/\/www.passionfruits.fr\/index.php\/produit\/orange-a-jus-les-2-kilos\/","url_meta":{"origin":5152,"position":0},"title":"Orange \u00e0 jus Valencia Cat 1 Espagne  le kilo A jus","date":"7 d\u00e9cembre 2015","format":false,"excerpt":"Conservation: A temp\u00e9rature ambiante pendant une semaine, attention je risque de s\u00e9cher. Au r\u00e9frig\u00e9rateur vous pourrez me conserver 3 semaines, sans risque de d\u00e9shydratation ainsi je garde tout mon jus et mes vitamines !!!","rel":"","context":"Article similaire","img":{"alt_text":"","src":"https:\/\/i1.wp.com\/www.passionfruits.fr\/wp-content\/uploads\/2015\/12\/Fotolia_42343066_XS.jpg?fit=346%2C346&ssl=1&resize=350%2C200","width":350,"height":200},"classes":[]},{"id":5699,"url":"https:\/\/www.passionfruits.fr\/index.php\/produit\/mozarella-buffala\/","url_meta":{"origin":5152,"position":1},"title":"Mozzarella di Bufala campana boule 125g","date":"7 d\u00e9cembre 2015","format":false,"excerpt":"Fromage frais \u00e0 p\u00e2te fil\u00e9e. On accommode la mozzarella un peu toujours de la m\u00eame fa\u00e7on. Voici des id\u00e9es pour changer, salade tomate-mozza, pizza mozza-tomate, brochettes tomate cerise-mozza. Qui n\u2019a jamais mang\u00e9 de mozzarella di bufala campana n\u2019a jamais mang\u00e9 de mozzarella ! La mozzarella, la seule, l\u2019unique, celle qui\u2026","rel":"","context":"Article similaire","img":{"alt_text":"","src":"https:\/\/i1.wp.com\/www.passionfruits.fr\/wp-content\/uploads\/2015\/12\/mozarella.jpg?fit=849%2C566&ssl=1&resize=350%2C200","width":350,"height":200},"classes":[]},{"id":5245,"url":"https:\/\/www.passionfruits.fr\/index.php\/produit\/orange-a-jus-le-kilo\/","url_meta":{"origin":5152,"position":2},"title":"Orange Navel feuille Portugal Cat 1 le kilo \u00e0 manger","date":"7 d\u00e9cembre 2015","format":false,"excerpt":"Conservation: A temp\u00e9rature ambiante pendant une semaine, attention je risque de s\u00e9cher. Au r\u00e9frig\u00e9rateur vous pourrez me conserver 3 semaines, sans risque de d\u00e9shydratation ainsi je garde tout mon jus et mes vitamines !!!","rel":"","context":"Article similaire","img":{"alt_text":"","src":"https:\/\/i1.wp.com\/www.passionfruits.fr\/wp-content\/uploads\/2015\/12\/Fotolia_42343066_XS.jpg?fit=346%2C346&ssl=1&resize=350%2C200","width":350,"height":200},"classes":[]},{"id":5090,"url":"https:\/\/www.passionfruits.fr\/index.php\/produit\/mangue-la-piece\/","url_meta":{"origin":5152,"position":3},"title":"Mangue Avion Perou  Cat 1 la pi\u00e8ce","date":"7 d\u00e9cembre 2015","format":false,"excerpt":"La laisser a\u0300 la tempe\u0301rature de la pie\u0300ce jusqu\u2019a\u0300 ce qu\u2019elle soit mu\u0302re. Une mangue encore verte continuera a\u0300 mu\u0302rir pendant une semaine a\u0300 la tempe\u0301rature ambiante. La placer dans un sac de papier si on de\u0301sire acce\u0301le\u0301rer le mu\u0302rissement. Ne jamais conserver au r\u00e9frig\u00e9rateur.","rel":"","context":"Article similaire","img":{"alt_text":"","src":"https:\/\/i1.wp.com\/www.passionfruits.fr\/wp-content\/uploads\/2016\/03\/mangues.jpg?fit=570%2C570&ssl=1&resize=350%2C200","width":350,"height":200},"classes":[]},{"id":11087,"url":"https:\/\/www.passionfruits.fr\/index.php\/produit\/rillettes-de-dorade-a-la-creole-le-pot-de-90-grs\/","url_meta":{"origin":5152,"position":4},"title":"Rillettes de Dorade \u00e0 la Cr\u00e9ole le pot de 90 grs","date":"19 septembre 2017","format":false,"excerpt":"Voici un produit particuli\u00e8rement l\u00e9ger et riche en go\u00fbt, \u00e0 base de cr\u00e8me fra\u00eeche, et de chair des poissons ou crustac\u00e9s , relev\u00e9 par des oignons et du persil frais. Vous appr\u00e9cierez les Rillettes sur du bon pain de campagne en sandwich ou sur des toasts grill\u00e9s. L\u2019histoire de cette\u2026","rel":"","context":"Article similaire","img":{"alt_text":"","src":"https:\/\/i0.wp.com\/www.passionfruits.fr\/wp-content\/uploads\/2017\/09\/rillette-de-poisson.jpg?fit=600%2C600&ssl=1&resize=350%2C200","width":350,"height":200},"classes":[]},{"id":11095,"url":"https:\/\/www.passionfruits.fr\/index.php\/produit\/rillettes-de-saumon-a-la-creole-le-pot-de-90-grs\/","url_meta":{"origin":5152,"position":5},"title":"Rillettes de Saumon \u00e0 la Cr\u00e9ole le pot de 90 grs","date":"19 septembre 2017","format":false,"excerpt":"Voici un produit particuli\u00e8rement l\u00e9ger et riche en go\u00fbt, \u00e0 base de cr\u00e8me fra\u00eeche, et de chair des poissons ou crustac\u00e9s , relev\u00e9 par des oignons et du persil frais. Vous appr\u00e9cierez les Rillettes sur du bon pain de campagne en sandwich ou sur des toasts grill\u00e9s. L\u2019histoire de cette\u2026","rel":"","context":"Article similaire","img":{"alt_text":"","src":"https:\/\/i0.wp.com\/www.passionfruits.fr\/wp-content\/uploads\/2017\/09\/rillette-de-poisson.jpg?fit=600%2C600&ssl=1&resize=350%2C200","width":350,"height":200},"classes":[]}],"_links":{"self":[{"href":"https:\/\/www.passionfruits.fr\/index.php\/wp-json\/wp\/v2\/product\/5152"}],"collection":[{"href":"https:\/\/www.passionfruits.fr\/index.php\/wp-json\/wp\/v2\/product"}],"about":[{"href":"https:\/\/www.passionfruits.fr\/index.php\/wp-json\/wp\/v2\/types\/product"}],"replies":[{"embeddable":true,"href":"https:\/\/www.passionfruits.fr\/index.php\/wp-json\/wp\/v2\/comments?post=5152"}],"wp:featuredmedia":[{"embeddable":true,"href":"https:\/\/www.passionfruits.fr\/index.php\/wp-json\/wp\/v2\/media\/10563"}],"wp:attachment":[{"href":"https:\/\/www.passionfruits.fr\/index.php\/wp-json\/wp\/v2\/media?parent=5152"}],"curies":[{"name":"wp","href":"https:\/\/api.w.org\/{rel}","templated":true}]}}