{"id":5226,"date":"2015-12-07T11:30:16","date_gmt":"2015-12-07T10:30:16","guid":{"rendered":"http:\/\/www.andreclaude.fr\/web\/index.php\/produit\/patate-douce-le-kilo\/"},"modified":"2026-03-20T17:34:28","modified_gmt":"2026-03-20T16:34:28","slug":"patate-douce-le-kilo","status":"publish","type":"product","link":"https:\/\/www.passionfruits.fr\/index.php\/produit\/patate-douce-le-kilo\/","title":{"rendered":"Patate douce Egypte  Cat 1 la pi\u00e8ce 500g env."},"content":{"rendered":"","protected":false},"excerpt":{"rendered":"<p>La patate douce se consomme cuite en mets sal\u00e9s ou sucr\u00e9s. <em>En mets sal\u00e9s<\/em>, la patate douce peut remplacer la pomme de terre, les carottes et les courges. En pur\u00e9e, en po\u00eal\u00e9s, en pot-au-feu, en pot\u00e9es, au wok, en frites, en galettes, en soupe, en souffl\u00e9, en croquettes, ou dans un couscous\u2026<\/p>\n","protected":false},"featured_media":10713,"comment_status":"closed","ping_status":"closed","template":"","meta":{"spay_email":"","jetpack_publicize_message":"","jetpack_is_tweetstorm":false},"jetpack_publicize_connections":[],"jetpack_sharing_enabled":true,"jetpack-related-posts":[{"id":8351,"url":"https:\/\/www.passionfruits.fr\/index.php\/produit\/chips-de-legumes-barquette-150g-environ\/","url_meta":{"origin":5226,"position":0},"title":"Chips de l\u00e9gumes barquette 100g environ","date":"7 mars 2016","format":false,"excerpt":"M\u00e9lange de Chips de l\u00e9gumes : Patate douce, haricot vert, carotte, chou, potiron. Conditionn\u00e9 en barquette refermable \u00e0 volont\u00e9 pour garder toute sa saveur.","rel":"","context":"Article similaire","img":{"alt_text":"","src":"https:\/\/i1.wp.com\/www.passionfruits.fr\/wp-content\/uploads\/2016\/03\/Melange-Legumes-Chips.jpg?fit=600%2C600&ssl=1&resize=350%2C200","width":350,"height":200},"classes":[]},{"id":5833,"url":"https:\/\/www.passionfruits.fr\/index.php\/produit\/melange-japonais-barq-150g\/","url_meta":{"origin":5226,"position":1},"title":"M\u00e9lange Japonais barquette 150 g environ","date":"7 d\u00e9cembre 2015","format":false,"excerpt":"C\u2019est un joyeux m\u00e9lange de saveurs qui vont du sal\u00e9 au l\u00e9g\u00e8rement sucr\u00e9. Les petites boules renferment en g\u00e9n\u00e9ral une cacahu\u00e8te dans leur coque color\u00e9e et douce. Les petits biscuits sont d\u00e9licatement \u00e9pic\u00e9s et sal\u00e9s. Ce m\u00e9lange ne pique pas. Conditionn\u00e9 en barquette refermable \u00e0 volont\u00e9 pour garder toute sa\u2026","rel":"","context":"Article similaire","img":{"alt_text":"","src":"https:\/\/i1.wp.com\/www.passionfruits.fr\/wp-content\/uploads\/2015\/12\/melange-japonais.jpg?fit=600%2C600&ssl=1&resize=350%2C200","width":350,"height":200},"classes":[]},{"id":5373,"url":"https:\/\/www.passionfruits.fr\/index.php\/produit\/haricot-coco-blanc-sec-les-500-grs\/","url_meta":{"origin":5226,"position":2},"title":"Haricot Coco Blanc Eure et Loir sachet 500g","date":"7 d\u00e9cembre 2015","format":false,"excerpt":"Ils sont la base de l\u2019un des plats fran\u00e7ais les plus connus : le fameux cassoulet ! Une saveur tr\u00e8s douce. Le haricot coco blanc est relativement peu farineux. ils peuvent \u00eatre pr\u00e9par\u00e9s de nombreuses mani\u00e8res : en salade, avec des herbes aromatiques et une bonne vinaigrette, ou m\u00eame en\u2026","rel":"","context":"Article similaire","img":{"alt_text":"","src":"https:\/\/i1.wp.com\/www.passionfruits.fr\/wp-content\/uploads\/2015\/12\/coco-blanc.jpg?fit=600%2C600&ssl=1&resize=350%2C200","width":350,"height":200},"classes":[]},{"id":19990,"url":"https:\/\/www.passionfruits.fr\/index.php\/produit\/haricot-coco-noir-eure-et-loir-sachet-500g\/","url_meta":{"origin":5226,"position":3},"title":"Haricot Coco Noir Eure et Loir sachet 500g","date":"30 mai 2024","format":false,"excerpt":"Ils sont la base de l\u2019un des plats fran\u00e7ais les plus connus : le fameux cassoulet ! Une saveur tr\u00e8s douce. Le haricot coco blanc est relativement peu farineux. ils peuvent \u00eatre pr\u00e9par\u00e9s de nombreuses mani\u00e8res : en salade, avec des herbes aromatiques et une bonne vinaigrette, ou m\u00eame en\u2026","rel":"","context":"Article similaire","img":{"alt_text":"","src":"https:\/\/i1.wp.com\/www.passionfruits.fr\/wp-content\/uploads\/2024\/05\/169.jpg?fit=600%2C600&ssl=1&resize=350%2C200","width":350,"height":200},"classes":[]},{"id":6268,"url":"https:\/\/www.passionfruits.fr\/index.php\/produit\/the-menthe-la-boite\/","url_meta":{"origin":5226,"position":4},"title":"Th\u00e9 - Menthe la boite de 40 sachets voile","date":"7 d\u00e9cembre 2015","format":false,"excerpt":"Th\u00e9 Vert menthe\u00a0 verte 19%, ar\u00f4mes. Peut contenir des traces de fruits \u00e0 coque, de lait et de soja. Temp\u00e9rature : 90 \u00b0C Temps d\u2019infusion : 3 min Sans lait Moment de la journ\u00e9e : toute la journ\u00e9e et le soir","rel":"","context":"Article similaire","img":{"alt_text":"","src":"https:\/\/i2.wp.com\/www.passionfruits.fr\/wp-content\/uploads\/2015\/12\/the-menthe.jpg?fit=900%2C900&ssl=1&resize=350%2C200","width":350,"height":200},"classes":[]},{"id":6296,"url":"https:\/\/www.passionfruits.fr\/index.php\/produit\/the-au-temps-des-tsarines-la-boite\/","url_meta":{"origin":5226,"position":5},"title":"Th\u00e9 - Au Temps des Tsarines la boite de 40 sachets","date":"7 d\u00e9cembre 2015","format":false,"excerpt":"Th\u00e9 vert , \u00e9corces d'oranges, ar\u00f4me orange, carthame Peut contenir des traces de fruits \u00e0 coque, de lait et de soja. Temp\u00e9rature : 90 \u00b0C Temps d\u2019infusion : 3 min Sans lait Moment de la journ\u00e9e : matin et journ\u00e9e","rel":"","context":"Article similaire","img":{"alt_text":"","src":"https:\/\/i2.wp.com\/www.passionfruits.fr\/wp-content\/uploads\/2015\/12\/temps-des-tsarines.jpg?fit=900%2C900&ssl=1&resize=350%2C200","width":350,"height":200},"classes":[]}],"_links":{"self":[{"href":"https:\/\/www.passionfruits.fr\/index.php\/wp-json\/wp\/v2\/product\/5226"}],"collection":[{"href":"https:\/\/www.passionfruits.fr\/index.php\/wp-json\/wp\/v2\/product"}],"about":[{"href":"https:\/\/www.passionfruits.fr\/index.php\/wp-json\/wp\/v2\/types\/product"}],"replies":[{"embeddable":true,"href":"https:\/\/www.passionfruits.fr\/index.php\/wp-json\/wp\/v2\/comments?post=5226"}],"wp:featuredmedia":[{"embeddable":true,"href":"https:\/\/www.passionfruits.fr\/index.php\/wp-json\/wp\/v2\/media\/10713"}],"wp:attachment":[{"href":"https:\/\/www.passionfruits.fr\/index.php\/wp-json\/wp\/v2\/media?parent=5226"}],"curies":[{"name":"wp","href":"https:\/\/api.w.org\/{rel}","templated":true}]}}