{"id":5324,"date":"2015-12-07T11:31:00","date_gmt":"2015-12-07T10:31:00","guid":{"rendered":"http:\/\/www.andreclaude.fr\/web\/index.php\/produit\/pomme-chantecler-le-kilo\/"},"modified":"2025-10-18T08:08:22","modified_gmt":"2025-10-18T07:08:22","slug":"pomme-chantecler-le-kilo","status":"publish","type":"product","link":"https:\/\/www.passionfruits.fr\/index.php\/produit\/pomme-chantecler-le-kilo\/","title":{"rendered":"Pomme Chantecler France Cat 1 le kilo"},"content":{"rendered":"","protected":false},"excerpt":{"rendered":"<p>61 110 Coulonges les sablons.<\/p>\n<p>Sucr\u00e9e et tr\u00e8s parfum\u00e9e, la\u00a0 chanteclerc est croquante sous la dent et fondante en bouche. La cuisson r\u00e9v\u00e8le tous ses ar\u00f4mes, elle deviendra tr\u00e8s vite la star de vos recettes au four et de vos desserts.<\/p>\n","protected":false},"featured_media":7605,"comment_status":"closed","ping_status":"closed","template":"","meta":{"spay_email":"","jetpack_publicize_message":"","jetpack_is_tweetstorm":false},"jetpack_publicize_connections":[],"jetpack_sharing_enabled":true,"jetpack-related-posts":[{"id":6034,"url":"https:\/\/www.passionfruits.fr\/index.php\/produit\/fromage-du-cure-affine-au-muscadet-specialite-nantaise-part-env-250-grs\/","url_meta":{"origin":5324,"position":0},"title":"Fromage du cur\u00e9 part env. 200g","date":"7 d\u00e9cembre 2015","format":false,"excerpt":"Fromage du cur\u00e9 au lait cru entier de vache affin\u00e9 au muscadet sp\u00e9cialit\u00e9 de la r\u00e9gion Nantaise de fabrication artisanale est un assez surprenant ! avec une texture tr\u00e8s souple et onctueuse, fondante en bouche mais ne coulant pas . Le fait de la frotter au Muscadet lui donne un\u2026","rel":"","context":"Article similaire","img":{"alt_text":"","src":"https:\/\/i0.wp.com\/www.passionfruits.fr\/wp-content\/uploads\/2015\/12\/cure-nantais.jpg?fit=600%2C600&ssl=1&resize=350%2C200","width":350,"height":200},"classes":[]},{"id":4992,"url":"https:\/\/www.passionfruits.fr\/index.php\/produit\/oignon-jaune-les-500-grs\/","url_meta":{"origin":5324,"position":1},"title":"Oignon jaune France  Cat 1 les 500g","date":"7 d\u00e9cembre 2015","format":false,"excerpt":"Origine : Eure et Loir. L\u2019oignon jaune est l\u2019oignon le plus utilis\u00e9 en cuisine. Il a une odeur assez forte et un go\u00fbt tr\u00e8s prononc\u00e9. D\u2019ailleurs il n\u2019est pas tr\u00e8s bon cru, \u00e0 moins de bien le m\u00e9langer \u00e0 d\u2019autres ingr\u00e9dients. Il est parfait pour les cuissons car il donne\u2026","rel":"","context":"Article similaire","img":{"alt_text":"","src":"https:\/\/i0.wp.com\/www.passionfruits.fr\/wp-content\/uploads\/2015\/12\/oignon3.jpg?fit=599%2C597&ssl=1&resize=350%2C200","width":350,"height":200},"classes":[]},{"id":6380,"url":"https:\/\/www.passionfruits.fr\/index.php\/produit\/oignon-les-10-kgs\/","url_meta":{"origin":5324,"position":2},"title":"Oignon jaune France  Cat 1 les 5 kgs","date":"7 d\u00e9cembre 2015","format":false,"excerpt":"Origine : Eure et Loir. L\u2019oignon jaune est l\u2019oignon le plus utilis\u00e9 en cuisine. Il a une odeur assez forte et un go\u00fbt tr\u00e8s prononc\u00e9. D\u2019ailleurs il n\u2019est pas tr\u00e8s bon cru, \u00e0 moins de bien le m\u00e9langer \u00e0 d\u2019autres ingr\u00e9dients. Il est parfait pour les cuissons car il donne\u2026","rel":"","context":"Article similaire","img":{"alt_text":"","src":"https:\/\/i0.wp.com\/www.passionfruits.fr\/wp-content\/uploads\/2015\/12\/oignon3.jpg?fit=599%2C597&ssl=1&resize=350%2C200","width":350,"height":200},"classes":[]},{"id":5488,"url":"https:\/\/www.passionfruits.fr\/index.php\/produit\/champagne-deutz-brut-classic\/","url_meta":{"origin":5324,"position":3},"title":"Champagne Deutz Brut classic 75cl","date":"7 d\u00e9cembre 2015","format":false,"excerpt":"Robe or soutenu avec de tr\u00e8s fines bulles. En bouche : ample, vive et souple qui s'arrondit sur une finale fruit\u00e9e et fra\u00eeche tr\u00e8s persistante. L\u2019histoire du Champagne Deutz commence en 1838 \u00e0 A\u00ff en plein coeur de la Champagne. Fond\u00e9e par deux n\u00e9gociants dont le c\u00e9l\u00e8bre William Deutz, la\u2026","rel":"","context":"Article similaire","img":{"alt_text":"","src":"https:\/\/i2.wp.com\/www.passionfruits.fr\/wp-content\/uploads\/2015\/12\/deutz.jpg?fit=600%2C600&ssl=1&resize=350%2C200","width":350,"height":200},"classes":[]},{"id":5235,"url":"https:\/\/www.passionfruits.fr\/index.php\/produit\/gingembre-les-100-grs\/","url_meta":{"origin":5324,"position":4},"title":"Gingembre cat 1 Br\u00e9sil  les 100g","date":"7 d\u00e9cembre 2015","format":false,"excerpt":"Comment le consommer\u00a0? D\u2019abord en infusion. mais aussi en l\u2019int\u00e9grant \u00e0 certains plats en guise d\u2019\u00e9pice (sous forme de poudre) ou frais (r\u00e2p\u00e9) en condiment pour donner plus de saveur au met pr\u00e9par\u00e9. Il s\u2019int\u00e8gre tr\u00e8s bien dans les p\u00e2tisseries (pain d\u2019\u00e9pices, sabl\u00e9s) mais aussi les potages ou encore les\u2026","rel":"","context":"Article similaire","img":{"alt_text":"","src":"https:\/\/i2.wp.com\/www.passionfruits.fr\/wp-content\/uploads\/2015\/12\/gingembr.jpg?fit=600%2C600&ssl=1&resize=350%2C200","width":350,"height":200},"classes":[]},{"id":4973,"url":"https:\/\/www.passionfruits.fr\/index.php\/produit\/chou-fleur-la-piece\/","url_meta":{"origin":5324,"position":5},"title":"Chou Fleur France Cat 1 la pi\u00e8ce","date":"7 d\u00e9cembre 2015","format":false,"excerpt":"Cru en vinaigrette ou\u00a0 cuit en gratin, un d\u00e9lice!!!\u00a0 Supporte tr\u00e8s bien la cong\u00e9lation.","rel":"","context":"Article similaire","img":{"alt_text":"","src":"https:\/\/i0.wp.com\/www.passionfruits.fr\/wp-content\/uploads\/2015\/12\/Fotolia_45974019_XS.jpg?fit=349%2C344&ssl=1&resize=350%2C200","width":350,"height":200},"classes":[]}],"_links":{"self":[{"href":"https:\/\/www.passionfruits.fr\/index.php\/wp-json\/wp\/v2\/product\/5324"}],"collection":[{"href":"https:\/\/www.passionfruits.fr\/index.php\/wp-json\/wp\/v2\/product"}],"about":[{"href":"https:\/\/www.passionfruits.fr\/index.php\/wp-json\/wp\/v2\/types\/product"}],"replies":[{"embeddable":true,"href":"https:\/\/www.passionfruits.fr\/index.php\/wp-json\/wp\/v2\/comments?post=5324"}],"wp:featuredmedia":[{"embeddable":true,"href":"https:\/\/www.passionfruits.fr\/index.php\/wp-json\/wp\/v2\/media\/7605"}],"wp:attachment":[{"href":"https:\/\/www.passionfruits.fr\/index.php\/wp-json\/wp\/v2\/media?parent=5324"}],"curies":[{"name":"wp","href":"https:\/\/api.w.org\/{rel}","templated":true}]}}