{"id":5334,"date":"2015-12-07T11:31:08","date_gmt":"2015-12-07T10:31:08","guid":{"rendered":"http:\/\/www.andreclaude.fr\/web\/index.php\/produit\/pomme-jubile-le-kilo\/"},"modified":"2026-04-03T08:40:34","modified_gmt":"2026-04-03T07:40:34","slug":"pomme-jubile-le-kilo","status":"publish","type":"product","link":"https:\/\/www.passionfruits.fr\/index.php\/produit\/pomme-jubile-le-kilo\/","title":{"rendered":"Pomme dalilight Perche-France Cat 1 le kilo"},"content":{"rendered":"","protected":false},"excerpt":{"rendered":"<p>61 110 Coulonges les sablons.<\/p>\n<p>La jubil\u00e9 est une pomme tr\u00e8s parfum\u00e9e sucr\u00e9 et acidul\u00e9, croquante et juteuse.<\/p>\n","protected":false},"featured_media":7509,"comment_status":"closed","ping_status":"closed","template":"","meta":{"spay_email":"","jetpack_publicize_message":"","jetpack_is_tweetstorm":false},"jetpack_publicize_connections":[],"jetpack_sharing_enabled":true,"jetpack-related-posts":[{"id":5302,"url":"https:\/\/www.passionfruits.fr\/index.php\/produit\/pomme-granny-smith-le-kilo\/","url_meta":{"origin":5334,"position":0},"title":"Pomme Granny Smith France Cat 1 le kilo","date":"7 d\u00e9cembre 2015","format":false,"excerpt":"Elle se distingue par une chair ferme, juteuse et acidule\u0301e. Tr\u00e8s bonne \u00e0 croquer, elle peut aussi servir pour la cuisson. Sa saveur aigre-douce en font la troisi\u00e8me pomme pr\u00e9f\u00e9r\u00e9e des Fran\u00e7ais. La Granny Smith, une pomme tonique\u00a0!","rel":"","context":"Article similaire","img":{"alt_text":"","src":"https:\/\/i0.wp.com\/www.passionfruits.fr\/wp-content\/uploads\/2015\/12\/pommegrannysmith.jpg?fit=400%2C300&ssl=1&resize=350%2C200","width":350,"height":200},"classes":[]},{"id":11709,"url":"https:\/\/www.passionfruits.fr\/index.php\/produit\/vinaigrette-au-balsamique-de-pommes-la-bouteille-de-500-ml\/","url_meta":{"origin":5334,"position":1},"title":"Vinaigrette au balsamique de pommes la bouteille de 500 ml","date":"14 f\u00e9vrier 2018","format":false,"excerpt":"Sauce vinaigrette au balsamique de pommes Jean d\u2019Audignac. Excellente vinaigrette pour assaisonner les salades et crudit\u00e9s. Ingr\u00e9dients : huile de tournesol 50%, vinaigre de cidre*, bouquet de pommes*11% (jus de pommes concentr\u00e9, vinaigre de cidre*), moutarde de Dijon* (graine de moutarde, vinaigre d'alcool, eau, sel), eau, sel. *contient des sulfites.\u2026","rel":"","context":"Article similaire","img":{"alt_text":"","src":"https:\/\/i2.wp.com\/www.passionfruits.fr\/wp-content\/uploads\/2018\/02\/Vinaigrette-pomme.jpg?fit=600%2C600&ssl=1&resize=350%2C200","width":350,"height":200},"classes":[]},{"id":6310,"url":"https:\/\/www.passionfruits.fr\/index.php\/produit\/pomme-golden-tentation-le-kilo\/","url_meta":{"origin":5334,"position":2},"title":"Pomme golden France cat 1 le kilo","date":"7 d\u00e9cembre 2015","format":false,"excerpt":"","rel":"","context":"Article similaire","img":{"alt_text":"","src":"https:\/\/i1.wp.com\/www.passionfruits.fr\/wp-content\/uploads\/2015\/12\/golden-1.jpg?fit=300%2C300&ssl=1&resize=350%2C200","width":350,"height":200},"classes":[]},{"id":5336,"url":"https:\/\/www.passionfruits.fr\/index.php\/produit\/pomme-pink-lady-le-kilo\/","url_meta":{"origin":5334,"position":3},"title":"Pomme Pink Lady France Cat 1 le kilo","date":"7 d\u00e9cembre 2015","format":false,"excerpt":"","rel":"","context":"Article similaire","img":{"alt_text":"","src":"https:\/\/i0.wp.com\/www.passionfruits.fr\/wp-content\/uploads\/2015\/12\/pink.jpg?fit=300%2C300&ssl=1&resize=350%2C200","width":350,"height":200},"classes":[]},{"id":9508,"url":"https:\/\/www.passionfruits.fr\/index.php\/produit\/pomme-golden-promo-les-3-kilos\/","url_meta":{"origin":5334,"position":4},"title":"Pomme sachet Golden France Cat 1 Promo les 3 kilos","date":"15 octobre 2016","format":false,"excerpt":"","rel":"","context":"Article similaire","img":{"alt_text":"","src":"https:\/\/i2.wp.com\/www.passionfruits.fr\/wp-content\/uploads\/2015\/12\/pomme-jonagored-sachet-3-kilos.jpg?fit=600%2C600&ssl=1&resize=350%2C200","width":350,"height":200},"classes":[]},{"id":9806,"url":"https:\/\/www.passionfruits.fr\/index.php\/produit\/pomme-promo-chanteclerc-les-3-kilos\/","url_meta":{"origin":5334,"position":5},"title":"Pomme sachet Chantecler France Cat 1 Promo les 3  kilos","date":"3 d\u00e9cembre 2016","format":false,"excerpt":"","rel":"","context":"Article similaire","img":{"alt_text":"","src":"https:\/\/i2.wp.com\/www.passionfruits.fr\/wp-content\/uploads\/2015\/12\/pomme-jonagored-sachet-3-kilos.jpg?fit=600%2C600&ssl=1&resize=350%2C200","width":350,"height":200},"classes":[]}],"_links":{"self":[{"href":"https:\/\/www.passionfruits.fr\/index.php\/wp-json\/wp\/v2\/product\/5334"}],"collection":[{"href":"https:\/\/www.passionfruits.fr\/index.php\/wp-json\/wp\/v2\/product"}],"about":[{"href":"https:\/\/www.passionfruits.fr\/index.php\/wp-json\/wp\/v2\/types\/product"}],"replies":[{"embeddable":true,"href":"https:\/\/www.passionfruits.fr\/index.php\/wp-json\/wp\/v2\/comments?post=5334"}],"wp:featuredmedia":[{"embeddable":true,"href":"https:\/\/www.passionfruits.fr\/index.php\/wp-json\/wp\/v2\/media\/7509"}],"wp:attachment":[{"href":"https:\/\/www.passionfruits.fr\/index.php\/wp-json\/wp\/v2\/media?parent=5334"}],"curies":[{"name":"wp","href":"https:\/\/api.w.org\/{rel}","templated":true}]}}