{"id":5336,"date":"2015-12-07T11:31:08","date_gmt":"2015-12-07T10:31:08","guid":{"rendered":"http:\/\/www.andreclaude.fr\/web\/index.php\/produit\/pomme-pink-lady-le-kilo\/"},"modified":"2025-12-05T17:08:17","modified_gmt":"2025-12-05T16:08:17","slug":"pomme-pink-lady-le-kilo","status":"publish","type":"product","link":"https:\/\/www.passionfruits.fr\/index.php\/produit\/pomme-pink-lady-le-kilo\/","title":{"rendered":"Pomme Pink Lady France Cat 1 le kilo"},"content":{"rendered":"","protected":false},"excerpt":{"rendered":"","protected":false},"featured_media":5337,"comment_status":"closed","ping_status":"closed","template":"","meta":{"spay_email":"","jetpack_publicize_message":"","jetpack_is_tweetstorm":false},"jetpack_publicize_connections":[],"jetpack_sharing_enabled":true,"jetpack-related-posts":[{"id":6310,"url":"https:\/\/www.passionfruits.fr\/index.php\/produit\/pomme-golden-tentation-le-kilo\/","url_meta":{"origin":5336,"position":0},"title":"Pomme golden France cat 1 le kilo","date":"7 d\u00e9cembre 2015","format":false,"excerpt":"","rel":"","context":"Article similaire","img":{"alt_text":"","src":"https:\/\/i1.wp.com\/www.passionfruits.fr\/wp-content\/uploads\/2015\/12\/golden-1.jpg?fit=300%2C300&ssl=1&resize=350%2C200","width":350,"height":200},"classes":[]},{"id":5302,"url":"https:\/\/www.passionfruits.fr\/index.php\/produit\/pomme-granny-smith-le-kilo\/","url_meta":{"origin":5336,"position":1},"title":"Pomme Granny Smith France Cat 1 le kilo","date":"7 d\u00e9cembre 2015","format":false,"excerpt":"Elle se distingue par une chair ferme, juteuse et acidule\u0301e. Tr\u00e8s bonne \u00e0 croquer, elle peut aussi servir pour la cuisson. Sa saveur aigre-douce en font la troisi\u00e8me pomme pr\u00e9f\u00e9r\u00e9e des Fran\u00e7ais. La Granny Smith, une pomme tonique\u00a0!","rel":"","context":"Article similaire","img":{"alt_text":"","src":"https:\/\/i0.wp.com\/www.passionfruits.fr\/wp-content\/uploads\/2015\/12\/pommegrannysmith.jpg?fit=400%2C300&ssl=1&resize=350%2C200","width":350,"height":200},"classes":[]},{"id":5334,"url":"https:\/\/www.passionfruits.fr\/index.php\/produit\/pomme-jubile-le-kilo\/","url_meta":{"origin":5336,"position":2},"title":"Pomme dalilight Perche-France Cat 1 le kilo","date":"7 d\u00e9cembre 2015","format":false,"excerpt":"61 110 Coulonges les sablons. La jubil\u00e9 est une pomme tr\u00e8s parfum\u00e9e sucr\u00e9 et acidul\u00e9, croquante et juteuse.","rel":"","context":"Article similaire","img":{"alt_text":"","src":"https:\/\/i1.wp.com\/www.passionfruits.fr\/wp-content\/uploads\/2015\/12\/pomme-jubile.jpeg?fit=600%2C600&ssl=1&resize=350%2C200","width":350,"height":200},"classes":[]},{"id":5330,"url":"https:\/\/www.passionfruits.fr\/index.php\/produit\/pomme-idared-le-kilo-2\/","url_meta":{"origin":5336,"position":3},"title":"Pomme Idared France  Cat 1 le kilo","date":"7 d\u00e9cembre 2015","format":false,"excerpt":"La Gala occupe la deuxi\u00e8me place dans le c\u0153ur des Fran\u00e7ais. Sans doute pour son \u00e9clat app\u00e9tissant et la douceur de sa chair ! Tr\u00e8s croquante, sucr\u00e9e, juteuse. Id\u00e9ale pour vous d\u00e9salt\u00e9rer. A croquer, au four, en tarte, \u00e0 cuisiner. \u00a0 \u00a0","rel":"","context":"Article similaire","img":{"alt_text":"","src":"https:\/\/i2.wp.com\/www.passionfruits.fr\/wp-content\/uploads\/2015\/12\/gala.jpg?fit=600%2C600&ssl=1&resize=350%2C200","width":350,"height":200},"classes":[]},{"id":5134,"url":"https:\/\/www.passionfruits.fr\/index.php\/produit\/p-d-t-ordinaire-elodie-le-kilo\/","url_meta":{"origin":5336,"position":4},"title":"Pomme de terre  Ordinaire France   Cat 1 le kilo","date":"7 d\u00e9cembre 2015","format":false,"excerpt":"P.D.T Ordinaire Tr\u00e9sor Calibre\u00a0 60 et + Pommes de terre de consommation Traitement anti-germinatif","rel":"","context":"Article similaire","img":{"alt_text":"","src":"https:\/\/i1.wp.com\/www.passionfruits.fr\/wp-content\/uploads\/2015\/12\/pdt-ordinaire.jpg?fit=800%2C600&ssl=1&resize=350%2C200","width":350,"height":200},"classes":[]},{"id":5324,"url":"https:\/\/www.passionfruits.fr\/index.php\/produit\/pomme-chantecler-le-kilo\/","url_meta":{"origin":5336,"position":5},"title":"Pomme Chantecler France Cat 1 le kilo","date":"7 d\u00e9cembre 2015","format":false,"excerpt":"61 110 Coulonges les sablons. Sucr\u00e9e et tr\u00e8s parfum\u00e9e, la\u00a0 chanteclerc est croquante sous la dent et fondante en bouche. La cuisson r\u00e9v\u00e8le tous ses ar\u00f4mes, elle deviendra tr\u00e8s vite la star de vos recettes au four et de vos desserts.","rel":"","context":"Article similaire","img":{"alt_text":"","src":"https:\/\/i0.wp.com\/www.passionfruits.fr\/wp-content\/uploads\/2015\/12\/pommechanteclerc.jpg?fit=587%2C553&ssl=1&resize=350%2C200","width":350,"height":200},"classes":[]}],"_links":{"self":[{"href":"https:\/\/www.passionfruits.fr\/index.php\/wp-json\/wp\/v2\/product\/5336"}],"collection":[{"href":"https:\/\/www.passionfruits.fr\/index.php\/wp-json\/wp\/v2\/product"}],"about":[{"href":"https:\/\/www.passionfruits.fr\/index.php\/wp-json\/wp\/v2\/types\/product"}],"replies":[{"embeddable":true,"href":"https:\/\/www.passionfruits.fr\/index.php\/wp-json\/wp\/v2\/comments?post=5336"}],"wp:featuredmedia":[{"embeddable":true,"href":"https:\/\/www.passionfruits.fr\/index.php\/wp-json\/wp\/v2\/media\/5337"}],"wp:attachment":[{"href":"https:\/\/www.passionfruits.fr\/index.php\/wp-json\/wp\/v2\/media?parent=5336"}],"curies":[{"name":"wp","href":"https:\/\/api.w.org\/{rel}","templated":true}]}}