{"id":5340,"date":"2015-12-07T11:31:08","date_gmt":"2015-12-07T10:31:08","guid":{"rendered":"http:\/\/www.andreclaude.fr\/web\/index.php\/produit\/pruneau-denoyaute-les-500grs\/"},"modified":"2023-01-31T16:43:33","modified_gmt":"2023-01-31T15:43:33","slug":"pruneau-denoyaute-les-500grs","status":"publish","type":"product","link":"https:\/\/www.passionfruits.fr\/index.php\/produit\/pruneau-denoyaute-les-500grs\/","title":{"rendered":"Pruneau d\u00e9noyaut\u00e9 France Cat 1 le sachet de 500g"},"content":{"rendered":"","protected":false},"excerpt":{"rendered":"","protected":false},"featured_media":7995,"comment_status":"closed","ping_status":"closed","template":"","meta":{"spay_email":"","jetpack_publicize_message":"","jetpack_is_tweetstorm":false},"jetpack_publicize_connections":[],"jetpack_sharing_enabled":true,"jetpack-related-posts":[{"id":5342,"url":"https:\/\/www.passionfruits.fr\/index.php\/produit\/pruneau-vrac-noyau-les-500-grs\/","url_meta":{"origin":5340,"position":0},"title":"Pruneau France Cat 1 avec noyau les 500g","date":"7 d\u00e9cembre 2015","format":false,"excerpt":"Ingr\u00e9dients : Pruneaux avec noyau Traces \u00e9ventuelles de Sulfite","rel":"","context":"Article similaire","img":{"alt_text":"","src":"https:\/\/i1.wp.com\/www.passionfruits.fr\/wp-content\/uploads\/2015\/12\/pruneau.jpg?fit=395%2C304&ssl=1&resize=350%2C200","width":350,"height":200},"classes":[]},{"id":13708,"url":"https:\/\/www.passionfruits.fr\/index.php\/produit\/betterave-svide-france-bio-cat-1-les-500g\/","url_meta":{"origin":5340,"position":1},"title":"Betterave s\/vide France Cat 1 les 500g","date":"23 mars 2019","format":false,"excerpt":"","rel":"","context":"Article similaire","img":{"alt_text":"","src":"https:\/\/i2.wp.com\/www.passionfruits.fr\/wp-content\/uploads\/2015\/12\/betteravesousvide.jpg?fit=238%2C300&ssl=1&resize=350%2C200","width":350,"height":200},"classes":[]},{"id":14561,"url":"https:\/\/www.passionfruits.fr\/index.php\/produit\/lentille-noire-beluga-france-sachet-500g\/","url_meta":{"origin":5340,"position":2},"title":"Lentille Beluga Eure et Loir sachet 500g","date":"25 octobre 2019","format":false,"excerpt":"La lentille noire beluga est consid\u00e9r\u00e9e comme la meilleure des lentilles gr\u00e2ce \u00e0 son go\u00fbt proche de la ch\u00e2taigne et de la noisette. Sa couleur noire lui vaut le surnom de caviar v\u00e9g\u00e9tal. Elle nous vient du Canada. Comme les autres l\u00e9gumineuses, la lentille noire est un nutriment r\u00eav\u00e9 et\u2026","rel":"","context":"Article similaire","img":{"alt_text":"","src":"https:\/\/i2.wp.com\/www.passionfruits.fr\/wp-content\/uploads\/2019\/10\/Lentilles-noires.jpg?fit=600%2C600&ssl=1&resize=350%2C200","width":350,"height":200},"classes":[]},{"id":7397,"url":"https:\/\/www.passionfruits.fr\/index.php\/produit\/celeri-rave-demi-piece-env-500g\/","url_meta":{"origin":5340,"position":3},"title":"C\u00e8leri rave France Cat 1 demi env. 500g","date":"1 janvier 2016","format":false,"excerpt":"","rel":"","context":"Article similaire","img":{"alt_text":"","src":"https:\/\/i1.wp.com\/www.passionfruits.fr\/wp-content\/uploads\/2016\/01\/celeri-rave.jpg?fit=580%2C420&ssl=1&resize=350%2C200","width":350,"height":200},"classes":[]},{"id":19993,"url":"https:\/\/www.passionfruits.fr\/index.php\/produit\/mais-pop-corn-eure-et-loir-sachet-500g\/","url_meta":{"origin":5340,"position":4},"title":"Ma\u00efs pop corn Eure et Loir sachet 500g","date":"30 mai 2024","format":false,"excerpt":"\u00a0 \u00a0","rel":"","context":"Article similaire","img":{"alt_text":"","src":"https:\/\/i1.wp.com\/www.passionfruits.fr\/wp-content\/uploads\/2024\/05\/339.jpg?fit=600%2C600&ssl=1&resize=350%2C200","width":350,"height":200},"classes":[]},{"id":6508,"url":"https:\/\/www.passionfruits.fr\/index.php\/produit\/carotte-rondelle-barq-500g\/","url_meta":{"origin":5340,"position":5},"title":"Carotte rondelle France  Cat 1 la barq. 500g","date":"7 d\u00e9cembre 2015","format":false,"excerpt":"L\u00e9gumes \u00e9pluch\u00e9s et coup\u00e9s, pr\u00eats \u00e0 consommer. Conditionn\u00e9 en barquette refermable \u00e0 volont\u00e9 pour garder toute sa saveur. 100% Frais, 100% Pr\u00eat, sans conservateur.","rel":"","context":"Article similaire","img":{"alt_text":"","src":"https:\/\/i1.wp.com\/www.passionfruits.fr\/wp-content\/uploads\/2015\/12\/carotte-rondelle.jpg?fit=600%2C600&ssl=1&resize=350%2C200","width":350,"height":200},"classes":[]}],"_links":{"self":[{"href":"https:\/\/www.passionfruits.fr\/index.php\/wp-json\/wp\/v2\/product\/5340"}],"collection":[{"href":"https:\/\/www.passionfruits.fr\/index.php\/wp-json\/wp\/v2\/product"}],"about":[{"href":"https:\/\/www.passionfruits.fr\/index.php\/wp-json\/wp\/v2\/types\/product"}],"replies":[{"embeddable":true,"href":"https:\/\/www.passionfruits.fr\/index.php\/wp-json\/wp\/v2\/comments?post=5340"}],"wp:featuredmedia":[{"embeddable":true,"href":"https:\/\/www.passionfruits.fr\/index.php\/wp-json\/wp\/v2\/media\/7995"}],"wp:attachment":[{"href":"https:\/\/www.passionfruits.fr\/index.php\/wp-json\/wp\/v2\/media?parent=5340"}],"curies":[{"name":"wp","href":"https:\/\/api.w.org\/{rel}","templated":true}]}}