{"id":5366,"date":"2015-12-07T11:31:25","date_gmt":"2015-12-07T10:31:25","guid":{"rendered":"http:\/\/www.andreclaude.fr\/web\/index.php\/produit\/lentille-corail-les-500-grs\/"},"modified":"2024-05-30T17:15:17","modified_gmt":"2024-05-30T16:15:17","slug":"lentille-corail-les-500-grs","status":"publish","type":"product","link":"https:\/\/www.passionfruits.fr\/index.php\/produit\/lentille-corail-les-500-grs\/","title":{"rendered":"Lentille corail Eure et Loir sachet 500g"},"content":{"rendered":"<p>&#8211; Ne salez jamais l&#8217;eau de cuisson, car les l\u00e9gumes secs mettront bien plus de temps \u00e0 cuire !<br \/>\n&#8211; Pr\u00e9f\u00e9rez une cuisson lente pour qu&#8217;ils ne se d\u00e9sagr\u00e8gent pas.<\/p>\n","protected":false},"excerpt":{"rendered":"<p>Trempage : non. Dur\u00e9e de cuisson \u00e0 l&#8217;\u00e9bullition : 20 minutes<\/p>\n<p>Ingr\u00e9dients :Lentille corail, traces possibles d&#8217;arachide, fruits \u00e0 la coque, de gluten, de s\u00e9same et de sulfites.<\/p>\n<p>Valeurs \u00e9nerg\u00e9tiques et nutritionnelles moyennes pour 100g :<\/p>\n<p>\u00e9nergie: 1413kJ\/ 334kcal<br \/>\nMati\u00e8res grasses: 2,2g<br \/>\ndont acides gras satur\u00e9s: &lt;0,5g<br \/>\nGlucides: 48g<br \/>\ndont sucres: 0g<br \/>\nFibres Alimentaires:11g<br \/>\nProt\u00e9ines: 25g<br \/>\nSel: 0,02g<br \/>\nVitamine B9: 204\u00b5g&#8221;<\/p>\n","protected":false},"featured_media":8034,"comment_status":"closed","ping_status":"closed","template":"","meta":{"spay_email":"","jetpack_publicize_message":"","jetpack_is_tweetstorm":false},"jetpack_publicize_connections":[],"jetpack_sharing_enabled":true,"jetpack-related-posts":[{"id":14561,"url":"https:\/\/www.passionfruits.fr\/index.php\/produit\/lentille-noire-beluga-france-sachet-500g\/","url_meta":{"origin":5366,"position":0},"title":"Lentille Beluga Eure et Loir sachet 500g","date":"25 octobre 2019","format":false,"excerpt":"La lentille noire beluga est consid\u00e9r\u00e9e comme la meilleure des lentilles gr\u00e2ce \u00e0 son go\u00fbt proche de la ch\u00e2taigne et de la noisette. Sa couleur noire lui vaut le surnom de caviar v\u00e9g\u00e9tal. Elle nous vient du Canada. Comme les autres l\u00e9gumineuses, la lentille noire est un nutriment r\u00eav\u00e9 et\u2026","rel":"","context":"Article similaire","img":{"alt_text":"","src":"https:\/\/i2.wp.com\/www.passionfruits.fr\/wp-content\/uploads\/2019\/10\/Lentilles-noires.jpg?fit=600%2C600&ssl=1&resize=350%2C200","width":350,"height":200},"classes":[]},{"id":5349,"url":"https:\/\/www.passionfruits.fr\/index.php\/produit\/lentille-verte-les-500-grs\/","url_meta":{"origin":5366,"position":1},"title":"Lentille verte  Eure et Loir barq env 400g","date":"7 d\u00e9cembre 2015","format":false,"excerpt":"Origine Eure et Loir. Produit \u00e0 l\u2019ancienne, nous utilisons des vari\u00e9t\u00e9s anciennes ayant davantage de go\u00fbt. Elle compte parmi les plus anciennes et plus appr\u00e9ci\u00e9es des l\u00e9gumineuses.\u00a0 Ces produits sont cultiv\u00e9s sur une exploitation qui respecte l\u2019environnement. EURE\u00a0 ET\u00a0 LOIR Ne salez jamais l eau de cuisson, car les l\u00e9gumes\u2026","rel":"","context":"Article similaire","img":{"alt_text":"","src":"https:\/\/i0.wp.com\/www.passionfruits.fr\/wp-content\/uploads\/2015\/12\/lentille-1.jpg?fit=600%2C600&ssl=1&resize=350%2C200","width":350,"height":200},"classes":[]},{"id":19989,"url":"https:\/\/www.passionfruits.fr\/index.php\/produit\/lentille-blonde-france-eure-et-loir-sachet-500g\/","url_meta":{"origin":5366,"position":2},"title":"Lentille Blonde Eure et Loir sachet 500g","date":"30 mai 2024","format":false,"excerpt":"Origine Eure et Loir. Produit \u00e0 l\u2019ancienne, nous utilisons des vari\u00e9t\u00e9s anciennes ayant davantage de go\u00fbt. Elle compte parmi les plus anciennes et plus appr\u00e9ci\u00e9es des l\u00e9gumineuses.\u00a0 Ces produits sont cultiv\u00e9s sur une exploitation qui respecte l\u2019environnement. EURE\u00a0 ET\u00a0 LOIR Ne salez jamais l eau de cuisson, car les l\u00e9gumes\u2026","rel":"","context":"Article similaire","img":{"alt_text":"","src":"https:\/\/i0.wp.com\/www.passionfruits.fr\/wp-content\/uploads\/2015\/12\/lentille-1.jpg?fit=600%2C600&ssl=1&resize=350%2C200","width":350,"height":200},"classes":[]},{"id":5354,"url":"https:\/\/www.passionfruits.fr\/index.php\/produit\/pois-casses-les-500-grs\/","url_meta":{"origin":5366,"position":3},"title":"Pois Cass\u00e9s vert France Eure et Loir barq env 400g","date":"7 d\u00e9cembre 2015","format":false,"excerpt":"Trempage : 6h. Dur\u00e9e de cuisson \u00e0 l'\u00e9bullition : 1h30. Valeurs nutritionnelles moyennes pour 100g Energie: 508kcal\/121kj Matieres grasses: 11g dont acides gras satures: 0.1g Glucides: 14g dont sucres: 0.7g Fibres Alimentaires: 11g Proteines: 8.5g","rel":"","context":"Article similaire","img":{"alt_text":"","src":"https:\/\/i2.wp.com\/www.passionfruits.fr\/wp-content\/uploads\/2015\/12\/pois-casses.jpg?fit=600%2C599&ssl=1&resize=350%2C200","width":350,"height":200},"classes":[]},{"id":5352,"url":"https:\/\/www.passionfruits.fr\/index.php\/produit\/haricot-rouge-les-500-grs\/","url_meta":{"origin":5366,"position":4},"title":"Haricot rouge Eure et Loir sachet 500g","date":"7 d\u00e9cembre 2015","format":false,"excerpt":"Trempage : 12h. Dur\u00e9e de cuisson \u00e0 l'\u00e9bullition : 1h30. Energie: 487kJ\/ 116kcal Mati\u00e8res grasses: 0,5g dont acides gras satures: 0,1g Glucides: 15,4g dont sucres: 0,3g Fibres Alimentaires: 7,4g Prot\u00e9ines: 8,7g Sel: 0,60g Fer: 2,94mg Vitamine B9: 130\u00b5g Haricot. Traces possibles d'arachide de fruits \u00e0 la coque, de gluten, de\u2026","rel":"","context":"Article similaire","img":{"alt_text":"","src":"https:\/\/i1.wp.com\/www.passionfruits.fr\/wp-content\/uploads\/2015\/12\/haricot-rouge.jpg?fit=550%2C442&ssl=1&resize=350%2C200","width":350,"height":200},"classes":[]},{"id":5364,"url":"https:\/\/www.passionfruits.fr\/index.php\/produit\/pois-chiche-les-500-grs\/","url_meta":{"origin":5366,"position":5},"title":"Pois Chiche Eure et Loir sachet 500g","date":"7 d\u00e9cembre 2015","format":false,"excerpt":"Trempage : 12h. Dur\u00e9e de cuisson \u00e0 l'\u00e9bullition : 3 h\u00a0 ( ou 1 h en autocuiseur) Pois chiches. Traces possibles d'arachide, de fruits \u00e0 coque, de gluten, de s\u00e9same et de sulfite Valeurs nutritionnelles moyennes pour 100g Energie: 364kcal Matieres grasses: 6g dont acides gras satures: 0.6g Glucides: 61g\u2026","rel":"","context":"Article similaire","img":{"alt_text":"","src":"https:\/\/i2.wp.com\/www.passionfruits.fr\/wp-content\/uploads\/2015\/12\/pois-chiche.jpg?fit=600%2C597&ssl=1&resize=350%2C200","width":350,"height":200},"classes":[]}],"_links":{"self":[{"href":"https:\/\/www.passionfruits.fr\/index.php\/wp-json\/wp\/v2\/product\/5366"}],"collection":[{"href":"https:\/\/www.passionfruits.fr\/index.php\/wp-json\/wp\/v2\/product"}],"about":[{"href":"https:\/\/www.passionfruits.fr\/index.php\/wp-json\/wp\/v2\/types\/product"}],"replies":[{"embeddable":true,"href":"https:\/\/www.passionfruits.fr\/index.php\/wp-json\/wp\/v2\/comments?post=5366"}],"wp:featuredmedia":[{"embeddable":true,"href":"https:\/\/www.passionfruits.fr\/index.php\/wp-json\/wp\/v2\/media\/8034"}],"wp:attachment":[{"href":"https:\/\/www.passionfruits.fr\/index.php\/wp-json\/wp\/v2\/media?parent=5366"}],"curies":[{"name":"wp","href":"https:\/\/api.w.org\/{rel}","templated":true}]}}