{"id":5478,"date":"2015-12-07T11:32:18","date_gmt":"2015-12-07T10:32:18","guid":{"rendered":"http:\/\/www.andreclaude.fr\/web\/index.php\/produit\/petit-chablis-37-5-cl\/"},"modified":"2024-12-28T09:54:02","modified_gmt":"2024-12-28T08:54:02","slug":"petit-chablis-37-5-cl","status":"publish","type":"product","link":"https:\/\/www.passionfruits.fr\/index.php\/produit\/petit-chablis-37-5-cl\/","title":{"rendered":"Bourgogne Aligot\u00e9 37,5 cl 2022"},"content":{"rendered":"","protected":false},"excerpt":{"rendered":"<p>Petit chablis la Chablisienne. C\u2019est le vin \u00e0 essayer pour d\u00e9couvrir cette appellation\u00a0: moins complexe qu&#8217;un Chablis, plus facile et agr\u00e9able \u00e0 d\u00e9guster&#8230; Textur\u00e9, \u00e9l\u00e9gant, simple et typ\u00e9, ce vin s\u00e9duit sans d\u00e9tour par sa min\u00e9ralit\u00e9 rafra\u00eechissante et ses ar\u00f4mes d&#8217;agrumes et de fleurs. Un chardonnay made in Chablis dans toute sa splendeur.<\/p>\n<p>Alcool 12.5 %. Contient des sulfites.<\/p>\n<p><span class=\"st\">La Chablisienne Boulevard Pasteur 89800 Chablis.<\/span><\/p>\n<p>La consommation de boissons alcoolis\u00e9es pendant la grossesse, m\u00eame en faible quantit\u00e9, peut avoir des cons\u00e9quences graves sur la sant\u00e9 de l\u2019enfant.<\/p>\n<p>LA VENTE D ALCOOL EST INTERDITE AUX MINEURS.<\/p>\n<p>L ABUS D ALCOOL EST DANGEREUX POUR LA SANTE. A CONSOMMER AVEC MODERATION.<\/p>\n","protected":false},"featured_media":16002,"comment_status":"closed","ping_status":"closed","template":"","meta":{"spay_email":"","jetpack_publicize_message":"","jetpack_is_tweetstorm":false},"jetpack_publicize_connections":[],"jetpack_sharing_enabled":true,"jetpack-related-posts":[{"id":5463,"url":"https:\/\/www.passionfruits.fr\/index.php\/produit\/chablis-cuvee-la-chablisienne-2009\/","url_meta":{"origin":5478,"position":0},"title":"Chablis la Chablisienne 75 cl 2019","date":"7 d\u00e9cembre 2015","format":false,"excerpt":"la Chablisienne, d\u00e9voile de magnifiques cuv\u00e9es depuis 1923. C'est clairement une r\u00e9f\u00e9rence pour les vins de Chablis. La robe de ce Chablis est intense et brillante, d'un jaune dor\u00e9. En bouche, ce Chablis est \u00e9l\u00e9gant et vif, avec des notes min\u00e9rales et une tr\u00e8s belle pr\u00e9cision. Alcool 12.5 %. Contient\u2026","rel":"","context":"Article similaire","img":{"alt_text":"","src":"https:\/\/i1.wp.com\/www.passionfruits.fr\/wp-content\/uploads\/2015\/12\/737.jpg?fit=600%2C600&ssl=1&resize=350%2C200","width":350,"height":200},"classes":[]},{"id":5470,"url":"https:\/\/www.passionfruits.fr\/index.php\/produit\/petit-chablis-2009\/","url_meta":{"origin":5478,"position":1},"title":"Petit chablis vibrant 75 cl 2022","date":"7 d\u00e9cembre 2015","format":false,"excerpt":"Vif & Fougueux Robe or tr\u00e8s p\u00e2le, vin limpide et brillant. 1er nez entrouvert pr\u00e9sentant les fruits blancs du verger. A l\u2019a\u00e9ration une \u00e9l\u00e9gante touche min\u00e9rale compl\u00e8te la pr\u00e9sentation. Persistant. Bouche fra\u00eeche, ample et tendue avec une belle palette de fruits blancs \u00a0bien pr\u00e9sent\u00e9s. Belle finale \u00e9clatante. Petit Chablis de\u2026","rel":"","context":"Article similaire","img":{"alt_text":"","src":"https:\/\/i1.wp.com\/www.passionfruits.fr\/wp-content\/uploads\/2015\/12\/Petit-chablis.jpg?fit=600%2C600&ssl=1&resize=350%2C200","width":350,"height":200},"classes":[]},{"id":6352,"url":"https:\/\/www.passionfruits.fr\/index.php\/produit\/bourgogne-aligote-2013-la-chablisienne-bout-75-cl\/","url_meta":{"origin":5478,"position":2},"title":"Bourgogne Chardonnay 2022 la bouteille 75 cl","date":"7 d\u00e9cembre 2015","format":false,"excerpt":"La Chablisienne. Alcool 12.5 %. Contient des sulfites. La Chablisienne Boulevard Pasteur 89800 Chablis. La consommation de boissons alcoolis\u00e9es pendant la grossesse, m\u00eame en faible quantit\u00e9, peut avoir des cons\u00e9quences graves sur la sant\u00e9 de l\u2019enfant. LA VENTE D ALCOOL EST INTERDITE AUX MINEURS. L ABUS D ALCOOL EST DANGEREUX\u2026","rel":"","context":"Article similaire","img":{"alt_text":"","src":"https:\/\/i1.wp.com\/www.passionfruits.fr\/wp-content\/uploads\/2015\/12\/bourgogne-aligote.jpg?fit=600%2C600&ssl=1&resize=350%2C200","width":350,"height":200},"classes":[]},{"id":11910,"url":"https:\/\/www.passionfruits.fr\/index.php\/produit\/gratte-cul-la-bouteille-de-50-cl\/","url_meta":{"origin":5478,"position":3},"title":"Gratte cul la bouteille de 50 cl","date":"23 mars 2018","format":false,"excerpt":"Boisson aromatis\u00e9e \u00e0 base de vin et des fruits de l'\u00e9glantier. Cet ap\u00e9ritif se sert bien frais, nature ou sur glace. Alcool 11,5%. La consommation de boissons alcoolis\u00e9es pendant la grossesse, m\u00eame en faible quantit\u00e9, peut avoir des cons\u00e9quences graves sur la sant\u00e9 de l\u2019enfant. L ABUS D ALCOOL EST\u2026","rel":"","context":"Article similaire","img":{"alt_text":"","src":"https:\/\/i1.wp.com\/www.passionfruits.fr\/wp-content\/uploads\/2017\/08\/Gratte-cul.jpg?fit=591%2C600&ssl=1&resize=350%2C200","width":350,"height":200},"classes":[]},{"id":20276,"url":"https:\/\/www.passionfruits.fr\/index.php\/produit\/haut-medoc-cuvees-initiales-la-bouteille-75-cl-2016\/","url_meta":{"origin":5478,"position":4},"title":"Haut M\u00e9doc cuv\u00e9es Initiales la bouteille 75 cl 2016","date":"10 janvier 2025","format":false,"excerpt":"Initiales est un vin rouge du domaine Andr\u00e9 Lurton, c'est un merlot. Au niveau du nez, on est sur quelque chose de tr\u00e8s aromatique, avec des fruits rouges frais. Ce vin accompagnera parfaitement vos viandes et vos fromages. Alcool 14 % Contient des sulfites. La consommation de boissons alcoolis\u00e9es pendant\u2026","rel":"","context":"Article similaire","img":{"alt_text":"","src":"https:\/\/i2.wp.com\/www.passionfruits.fr\/wp-content\/uploads\/2025\/01\/817.jpg?fit=600%2C600&ssl=1&resize=350%2C200","width":350,"height":200},"classes":[]},{"id":15010,"url":"https:\/\/www.passionfruits.fr\/index.php\/produit\/buzet-rouge-sans-sulfites-75-cl-2018\/","url_meta":{"origin":5478,"position":5},"title":"Buzet rouge sans sulfites 75 cl 2019","date":"7 mars 2020","format":false,"excerpt":"\u00ab Sans \u00bb est un vin rouge sans sulfites ajout\u00e9s. Ce vin rouge atypique est n\u00e9 d\u2019une volont\u00e9 : celle de vous proposer un vin sans allerg\u00e8nes. Elabor\u00e9 un vin sans ajouter de \u00ab soufre \u00bb c\u2019est faire un vin autrement. La vendange dont est issu ce vin rouge \u00ab\u2026","rel":"","context":"Article similaire","img":{"alt_text":"","src":"https:\/\/i2.wp.com\/www.passionfruits.fr\/wp-content\/uploads\/2020\/03\/sans-sulfites-rouge.jpg?fit=600%2C600&ssl=1&resize=350%2C200","width":350,"height":200},"classes":[]}],"_links":{"self":[{"href":"https:\/\/www.passionfruits.fr\/index.php\/wp-json\/wp\/v2\/product\/5478"}],"collection":[{"href":"https:\/\/www.passionfruits.fr\/index.php\/wp-json\/wp\/v2\/product"}],"about":[{"href":"https:\/\/www.passionfruits.fr\/index.php\/wp-json\/wp\/v2\/types\/product"}],"replies":[{"embeddable":true,"href":"https:\/\/www.passionfruits.fr\/index.php\/wp-json\/wp\/v2\/comments?post=5478"}],"wp:featuredmedia":[{"embeddable":true,"href":"https:\/\/www.passionfruits.fr\/index.php\/wp-json\/wp\/v2\/media\/16002"}],"wp:attachment":[{"href":"https:\/\/www.passionfruits.fr\/index.php\/wp-json\/wp\/v2\/media?parent=5478"}],"curies":[{"name":"wp","href":"https:\/\/api.w.org\/{rel}","templated":true}]}}