{"id":5529,"date":"2015-12-07T11:32:47","date_gmt":"2015-12-07T10:32:47","guid":{"rendered":"http:\/\/www.andreclaude.fr\/web\/index.php\/produit\/ruinart-blanc-de-blanc\/"},"modified":"2022-08-04T16:39:33","modified_gmt":"2022-08-04T15:39:33","slug":"ruinart-blanc-de-blanc","status":"publish","type":"product","link":"https:\/\/www.passionfruits.fr\/index.php\/produit\/ruinart-blanc-de-blanc\/","title":{"rendered":"Champagne Ruinart blanc de blanc 75 cl"},"content":{"rendered":"","protected":false},"excerpt":{"rendered":"<header class=\"rt_component_product_titlegroup\">\n<p class=\"rt_titlegroup_main\">Ruinart Blanc de Blancs L&#8217;embl\u00e8me du Go\u00fbt Ruinart<\/p>\n<\/header>\n<p>Le c\u00e9page chardonnay est l&#8217;\u00e2me de la Maison Ruinart. Son raisin, issu principalement de la C\u00f4te des Blancs et de la Montagne de Reims, est au c\u0153ur de toutes ses cuv\u00e9es.<\/p>\n<p>D&#8217;une grande puissance aromatique, la cuv\u00e9e blanc de blancs est l&#8217;expression parfaite du go\u00fbt Ruinart : un nez fin et fruit\u00e9, des notes d&#8217;agrumes, fruits exotiques et fleurs blanches.<\/p>\n<p>Champagne Ruinart, 4 rue des Cray\u00e8res, 51100 Reims<\/p>\n<p>Alcool : 12,5 % contient des sulfites.<\/p>\n<p>La consommation de boissons alcoolis\u00e9es pendant la grossesse, m\u00eame en faible quantit\u00e9, peut avoir des cons\u00e9quences graves sur la sant\u00e9 de l\u2019enfant.<\/p>\n<p>LA VENTE D ALCOOL EST INTERDITE AUX MINEURS.<\/p>\n<p>L ABUS D ALCOOL EST DANGEREUX POUR LA SANTE. A CONSOMMER AVEC MODERATION.<\/p>\n<p>&nbsp;<\/p>\n","protected":false},"featured_media":6932,"comment_status":"closed","ping_status":"closed","template":"","meta":{"spay_email":"","jetpack_publicize_message":"","jetpack_is_tweetstorm":false},"jetpack_publicize_connections":[],"jetpack_sharing_enabled":true,"jetpack-related-posts":[{"id":5526,"url":"https:\/\/www.passionfruits.fr\/index.php\/produit\/champagne-r-de-ruinart\/","url_meta":{"origin":5529,"position":0},"title":"Champagne R de Ruinart brut 75 cl","date":"7 d\u00e9cembre 2015","format":false,"excerpt":"Une cuv\u00e9e franche, vive, fruit\u00e9e et brioch\u00e9e. Ruinart est la maison la plus ancienne de champagne. Le chardonnay occupe une place importante au sein de l\u2019assemblage des cuv\u00e9es de la maison, qui se distinguent pas leur \u00e9l\u00e9gance et leur finesse. le \"R\" de Ruinart est l'expression premi\u00e8re du go\u00fbt Ruinart.\u2026","rel":"","context":"Article similaire","img":{"alt_text":"","src":"https:\/\/i0.wp.com\/www.passionfruits.fr\/wp-content\/uploads\/2015\/12\/champagne_ruinart.jpg?fit=450%2C450&ssl=1&resize=350%2C200","width":350,"height":200},"classes":[]},{"id":5532,"url":"https:\/\/www.passionfruits.fr\/index.php\/produit\/ruinart-rose\/","url_meta":{"origin":5529,"position":1},"title":"Champagne Ruinart brut ros\u00e9 75 cl","date":"7 d\u00e9cembre 2015","format":false,"excerpt":"Un bouquet intense de fruits rouges et de p\u00e9tales de rose rivalise de fra\u00eecheur avec une bouche vive et soyeuse. L'un des plus grands champagnes ros\u00e9s, capable de r\u00e9unir finesse et puissance. Ce ros\u00e9, habill\u00e9 sans timidit\u00e9, offre un bouquet vanill\u00e9 qui souligne sa nuance pinot, un pinot riche et\u2026","rel":"","context":"Article similaire","img":{"alt_text":"","src":"https:\/\/i1.wp.com\/www.passionfruits.fr\/wp-content\/uploads\/2015\/12\/ruinart-rose.jpg?fit=600%2C600&ssl=1&resize=350%2C200","width":350,"height":200},"classes":[]},{"id":11415,"url":"https:\/\/www.passionfruits.fr\/index.php\/produit\/champagne-bouche-pere-fils-cuvee-rosee-75-cl\/","url_meta":{"origin":5529,"position":2},"title":"Champagne Bouch\u00e9 P\u00e8re & Fils Cuv\u00e9e Ros\u00e9e 75 cl","date":"15 d\u00e9cembre 2017","format":false,"excerpt":"Cette cuv\u00e9e est compos\u00e9e de 50% Pinot Noir, 40% Chardonnay et 10% Pinot Meunier. \u2013 ros\u00e9 d\u2019assemblage \u2013 trois ann\u00e9es de vieillissement en bouteille. \u2013 ar\u00f4mes \u00e9l\u00e9gant et subtils de fruits rouges Oeil : Robe rose claire, bulles fines et d\u00e9licates. Nez : Tr\u00e8s fruit\u00e9, ar\u00f4mes de fruits rouges et\u2026","rel":"","context":"Article similaire","img":{"alt_text":"","src":"https:\/\/i0.wp.com\/www.passionfruits.fr\/wp-content\/uploads\/2017\/12\/bouche-rose1.jpg?fit=600%2C599&ssl=1&resize=350%2C200","width":350,"height":200},"classes":[]},{"id":11418,"url":"https:\/\/www.passionfruits.fr\/index.php\/produit\/champagne-bouche-pere-fils-cuvee-saphir-75-cl\/","url_meta":{"origin":5529,"position":3},"title":"Champagne Bouch\u00e9 P\u00e8re & Fils Cuv\u00e9e Saphir 75 cl","date":"15 d\u00e9cembre 2017","format":false,"excerpt":"Ce champagne se compose de 75% Chardonnay 20 % pinot noir et 5% Pinot Meunier. Il est issu des vieilles vignes de la Maison. \u2013 10 ans de vieillissement \u2013 Dosage 8g\/L \u2013 liqueur vieillie sous bois Oeil : Robe jaune soutenue, bulles fines, effervescence l\u00e9g\u00e8re et agr\u00e9able. Nez :\u2026","rel":"","context":"Article similaire","img":{"alt_text":"","src":"https:\/\/i1.wp.com\/www.passionfruits.fr\/wp-content\/uploads\/2017\/12\/bouche-saphir.jpg?fit=600%2C600&ssl=1&resize=350%2C200","width":350,"height":200},"classes":[]},{"id":5496,"url":"https:\/\/www.passionfruits.fr\/index.php\/produit\/champagne-grande-reserve-brut\/","url_meta":{"origin":5529,"position":4},"title":"Champagne Devaux Grande R\u00e9serve Brut 75 cl","date":"7 d\u00e9cembre 2015","format":false,"excerpt":"Le champagne Grande R\u00e9serve Brut de la Maison DEVAUX est un superbe champagne aux ar\u00f4mes de fruits m\u00fbrs. Apr\u00e8s trois ans minimum de vieillissement en cave, finesse et puissance s'expriment en choeur dans ce champagne. Enjoleur, long en bouche, intense, noble, le champagne Grande R\u00e9serve Brut de la maison DEVAUX\u2026","rel":"","context":"Article similaire","img":{"alt_text":"","src":"https:\/\/i2.wp.com\/www.passionfruits.fr\/wp-content\/uploads\/2015\/12\/devaux2.jpg?fit=600%2C600&ssl=1&resize=350%2C200","width":350,"height":200},"classes":[]},{"id":5503,"url":"https:\/\/www.passionfruits.fr\/index.php\/produit\/champagne-devaux-grande-reserve-brut-375cl\/","url_meta":{"origin":5529,"position":5},"title":"Champagne Devaux Grande R\u00e9serve Brut 37,5 cl","date":"7 d\u00e9cembre 2015","format":false,"excerpt":"Le champagne Grande R\u00e9serve Brut de la Maison DEVAUX est un superbe champagne aux ar\u00f4mes de fruits m\u00fbrs. Apr\u00e8s trois ans minimum de vieillissement en cave, finesse et puissance s'expriment en choeur dans ce champagne. Enjoleur, long en bouche, intense, noble, le champagne Grande R\u00e9serve Brut de la maison DEVAUX\u2026","rel":"","context":"Article similaire","img":{"alt_text":"","src":"https:\/\/i2.wp.com\/www.passionfruits.fr\/wp-content\/uploads\/2015\/12\/devaux2.jpg?fit=600%2C600&ssl=1&resize=350%2C200","width":350,"height":200},"classes":[]}],"_links":{"self":[{"href":"https:\/\/www.passionfruits.fr\/index.php\/wp-json\/wp\/v2\/product\/5529"}],"collection":[{"href":"https:\/\/www.passionfruits.fr\/index.php\/wp-json\/wp\/v2\/product"}],"about":[{"href":"https:\/\/www.passionfruits.fr\/index.php\/wp-json\/wp\/v2\/types\/product"}],"replies":[{"embeddable":true,"href":"https:\/\/www.passionfruits.fr\/index.php\/wp-json\/wp\/v2\/comments?post=5529"}],"wp:featuredmedia":[{"embeddable":true,"href":"https:\/\/www.passionfruits.fr\/index.php\/wp-json\/wp\/v2\/media\/6932"}],"wp:attachment":[{"href":"https:\/\/www.passionfruits.fr\/index.php\/wp-json\/wp\/v2\/media?parent=5529"}],"curies":[{"name":"wp","href":"https:\/\/api.w.org\/{rel}","templated":true}]}}