{"id":5538,"date":"2015-12-07T11:32:58","date_gmt":"2015-12-07T10:32:58","guid":{"rendered":"http:\/\/www.andreclaude.fr\/web\/index.php\/produit\/porto-tawny-ramos-pinto\/"},"modified":"2018-10-21T07:00:26","modified_gmt":"2018-10-21T06:00:26","slug":"porto-tawny-ramos-pinto","status":"publish","type":"product","link":"https:\/\/www.passionfruits.fr\/index.php\/produit\/porto-tawny-ramos-pinto\/","title":{"rendered":"Porto tawny Burmester la bouteille de 70 cl"},"content":{"rendered":"","protected":false},"excerpt":{"rendered":"<p>Un Porto d\u2019une belle couleur brune brillante avec un nez plein aux ar\u00f4mes de fruits m\u00fbrs compl\u00e9t\u00e9s par de subtiles et s\u00e9ductrices nuances vanill\u00e9es. Au palais, le fruit prend toute son ampleur dans une fra\u00eecheur irr\u00e9sistible et un velout\u00e9 tr\u00e8s agr\u00e9able. A servir bien frais \u00e0 l\u2019ap\u00e9ritif et pour accompagner vos desserts.<\/p>\n<p>Alcool 19,5 % contient des sulfites.<\/p>\n<p>La consommation de boissons alcoolis\u00e9es pendant la grossesse, m\u00eame en faible quantit\u00e9, peut avoir des cons\u00e9quences graves sur la sant\u00e9 de l\u2019enfant.<br \/>\nL ABUS D ALCOOL EST DANGEREUX POUR LA SANTE. A CONSOMMER AVEC MODERATION.<\/p>\n<p>LA VENTE D ALCOOL EST INTERDITE AUX MINEURS.<\/p>\n<p>Portugal Burmester.pt<\/p>\n","protected":false},"featured_media":12716,"comment_status":"closed","ping_status":"closed","template":"","meta":{"spay_email":"","jetpack_publicize_message":"","jetpack_is_tweetstorm":false},"jetpack_publicize_connections":[],"jetpack_sharing_enabled":true,"jetpack-related-posts":[{"id":5540,"url":"https:\/\/www.passionfruits.fr\/index.php\/produit\/porto-blanc-ramos-pinto\/","url_meta":{"origin":5538,"position":0},"title":"Porto blanc Burmester bouteille de 70 cl","date":"7 d\u00e9cembre 2015","format":false,"excerpt":"Le Porto blanc est \u00e9labor\u00e9 uniquement \u00e0 partir de raisins blancs, de plusieurs r\u00e9coltes. Vieilli en cuve inox pendant 3 ans, il acquiert la complexit\u00e9 de ses ar\u00f4mes et une remarquable fraicheur. Un Porto exotique et d\u00e9licat, id\u00e9al pour une d\u00e9gustation lors de longues et chaudes soir\u00e9es d'\u00e9t\u00e9. Alcool 19,5\u2026","rel":"","context":"Article similaire","img":{"alt_text":"","src":"https:\/\/i0.wp.com\/www.passionfruits.fr\/wp-content\/uploads\/2015\/12\/porto-burmester-white.jpg?fit=600%2C600&ssl=1&resize=350%2C200","width":350,"height":200},"classes":[]},{"id":5408,"url":"https:\/\/www.passionfruits.fr\/index.php\/produit\/chateau-de-laubade-xo-elie-70-cl\/","url_meta":{"origin":5538,"position":1},"title":"Armagnac XO Ch\u00e2teau du Tariquet 70 CL","date":"7 d\u00e9cembre 2015","format":false,"excerpt":"Commentaire de d\u00e9gustation : R\u00e9f\u00e9rence internationale\u2026 XO Nez intense, confit, aux ar\u00f4mes de pain chaud avec des notes de fruits confits et de grill\u00e9. La bouche est fra\u00eeche et ronde, souple, t\u00e9moin d\u2019un subtil mariage entre le vanill\u00e9 du bois et le fruit. La finale est \u00e9panouie, elle retient des\u2026","rel":"","context":"Article similaire","img":{"alt_text":"","src":"https:\/\/i0.wp.com\/www.passionfruits.fr\/wp-content\/uploads\/2015\/12\/armagnac-xo-tariquet.jpg?fit=600%2C600&ssl=1&resize=350%2C200","width":350,"height":200},"classes":[]},{"id":11910,"url":"https:\/\/www.passionfruits.fr\/index.php\/produit\/gratte-cul-la-bouteille-de-50-cl\/","url_meta":{"origin":5538,"position":2},"title":"Gratte cul la bouteille de 50 cl","date":"23 mars 2018","format":false,"excerpt":"Boisson aromatis\u00e9e \u00e0 base de vin et des fruits de l'\u00e9glantier. Cet ap\u00e9ritif se sert bien frais, nature ou sur glace. Alcool 11,5%. La consommation de boissons alcoolis\u00e9es pendant la grossesse, m\u00eame en faible quantit\u00e9, peut avoir des cons\u00e9quences graves sur la sant\u00e9 de l\u2019enfant. L ABUS D ALCOOL EST\u2026","rel":"","context":"Article similaire","img":{"alt_text":"","src":"https:\/\/i1.wp.com\/www.passionfruits.fr\/wp-content\/uploads\/2017\/08\/Gratte-cul.jpg?fit=591%2C600&ssl=1&resize=350%2C200","width":350,"height":200},"classes":[]},{"id":5470,"url":"https:\/\/www.passionfruits.fr\/index.php\/produit\/petit-chablis-2009\/","url_meta":{"origin":5538,"position":3},"title":"Petit chablis vibrant 75 cl 2022","date":"7 d\u00e9cembre 2015","format":false,"excerpt":"Vif & Fougueux Robe or tr\u00e8s p\u00e2le, vin limpide et brillant. 1er nez entrouvert pr\u00e9sentant les fruits blancs du verger. A l\u2019a\u00e9ration une \u00e9l\u00e9gante touche min\u00e9rale compl\u00e8te la pr\u00e9sentation. Persistant. Bouche fra\u00eeche, ample et tendue avec une belle palette de fruits blancs \u00a0bien pr\u00e9sent\u00e9s. Belle finale \u00e9clatante. Petit Chablis de\u2026","rel":"","context":"Article similaire","img":{"alt_text":"","src":"https:\/\/i1.wp.com\/www.passionfruits.fr\/wp-content\/uploads\/2015\/12\/Petit-chablis.jpg?fit=600%2C600&ssl=1&resize=350%2C200","width":350,"height":200},"classes":[]},{"id":19890,"url":"https:\/\/www.passionfruits.fr\/index.php\/produit\/gris-dargens-souvenir-du-var-igp-var-argens-rose-75cl\/","url_meta":{"origin":5538,"position":4},"title":"Gris d'Argens \"Souvenir du Var\" IGP Var Argens ros\u00e9 75cl","date":"27 mars 2024","format":false,"excerpt":"35.70 \u20ac le carton de 6 bouteilles soit 5.95 \u20ac la bouteille Ros\u00e9 fruit\u00e9, l\u00e9ger, frais gouleyant en bouche. Ce vin d\u00e9veloppe un nez tirant sur les ar\u00f4mes de fruits \u00e0 chair blanche, vous s\u00e9duira par sa fra\u00eecheur et sa finale toute en finesse. Alcool 12.5 % Contient des sulfites.\u2026","rel":"","context":"Article similaire","img":{"alt_text":"","src":"https:\/\/i2.wp.com\/www.passionfruits.fr\/wp-content\/uploads\/2024\/03\/718.jpg?fit=600%2C600&ssl=1&resize=350%2C200","width":350,"height":200},"classes":[]},{"id":9562,"url":"https:\/\/www.passionfruits.fr\/index.php\/produit\/rhum-mangue-passion-bouteille-70-cl\/","url_meta":{"origin":5538,"position":5},"title":"Rhum Mangue - Passion la bouteille 70 cl","date":"25 octobre 2016","format":false,"excerpt":"Le fruit de la passion aux couleurs tropicales apporte une saveur des \u00eeles. Cette passiflore alli\u00e9e \u00e0 la mangue apporte un d\u00e9licieux m\u00e9lange de saveurs exotiques. Alcool 28,5 % La consommation de boissons alcoolis\u00e9es pendant la grossesse, m\u00eame en faible quantit\u00e9, peut avoir des cons\u00e9quences graves sur la sant\u00e9 de\u2026","rel":"","context":"Article similaire","img":{"alt_text":"","src":"https:\/\/i1.wp.com\/www.passionfruits.fr\/wp-content\/uploads\/2016\/10\/rhum-mangue-passion.jpg?fit=390%2C564&ssl=1&resize=350%2C200","width":350,"height":200},"classes":[]}],"_links":{"self":[{"href":"https:\/\/www.passionfruits.fr\/index.php\/wp-json\/wp\/v2\/product\/5538"}],"collection":[{"href":"https:\/\/www.passionfruits.fr\/index.php\/wp-json\/wp\/v2\/product"}],"about":[{"href":"https:\/\/www.passionfruits.fr\/index.php\/wp-json\/wp\/v2\/types\/product"}],"replies":[{"embeddable":true,"href":"https:\/\/www.passionfruits.fr\/index.php\/wp-json\/wp\/v2\/comments?post=5538"}],"wp:featuredmedia":[{"embeddable":true,"href":"https:\/\/www.passionfruits.fr\/index.php\/wp-json\/wp\/v2\/media\/12716"}],"wp:attachment":[{"href":"https:\/\/www.passionfruits.fr\/index.php\/wp-json\/wp\/v2\/media?parent=5538"}],"curies":[{"name":"wp","href":"https:\/\/api.w.org\/{rel}","templated":true}]}}