{"id":5555,"date":"2015-12-07T11:33:15","date_gmt":"2015-12-07T10:33:15","guid":{"rendered":"http:\/\/www.andreclaude.fr\/web\/index.php\/produit\/aoc-quincy-2012\/"},"modified":"2024-12-28T09:52:59","modified_gmt":"2024-12-28T08:52:59","slug":"aoc-quincy-2012","status":"publish","type":"product","link":"https:\/\/www.passionfruits.fr\/index.php\/produit\/aoc-quincy-2012\/","title":{"rendered":"Quincy Eric Louis 75 cl 2023"},"content":{"rendered":"","protected":false},"excerpt":{"rendered":"<p><strong><span class=\"ck_vert\">C\u00e9page :<\/span> <\/strong>100% Sauvignon Blanc<\/p>\n<p><strong><span class=\"ck_vert\">Terroir :<\/span><\/strong>Les vignes qui vont donner naissance aux vins de Quincy sont plant\u00e9es sur une terrasse ancienne du Cher constitu\u00e9e de sables et de graves.<\/p>\n<p><strong><span class=\"ck_vert\">Travail de la vigne :<\/span> <\/strong>La vigne est l\u2019objet d\u2019observations constantes: nous limitons nos rendements, d\u00e9butons les vendanges suivant la maturit\u00e9 de chaque parcelle, proc\u00e9dons au tri de la r\u00e9colte\u2026<\/p>\n<p><strong><span class=\"ck_vert\">Vinification :<\/span> <\/strong>D\u00e8s l&#8217;arriv\u00e9e de la vendange, les raisins sont pressur\u00e9s et le jus est d\u00e9bourb\u00e9 statiquement 24 heures environ. La fermentation alcoolique se d\u00e9clenche avec un contr\u00f4le strict de temp\u00e9rature. Le vin reste ensuite quelques mois sur ses lies fines jusqu&#8217;\u00e0 la mise en bouteille au mois d&#8217;avril.<\/p>\n<p><strong><span class=\"ck_vert\">D\u00e9gustation :<\/span> <\/strong>Un nez expressif et puissant marqu\u00e9 par des notes de fleurs blanches. L\u2019\u00e9quilibre en bouche est particuli\u00e8rement harmonieux. L\u2019ampleur et la fra\u00eecheur compl\u00e8tent le sentiment de plaisir. Un style charnu, tendre, parfum\u00e9, les ar\u00f4mes sont croquants, port\u00e9s par une plaisante vivacit\u00e9.<\/p>\n<p><strong><span class=\"ck_vert\">Accords Mets &amp; Vins :<\/span> <\/strong>Ce nectar se marie \u00e0 merveille avec les coquillages, les moules, la petite friture. Servez-le avec des fromages ou bien une fondue de fromage.<\/p>\n<div class=\"page\" data-loaded=\"true\" data-page-number=\"2\">\n<p class=\" text-justify\">Alcool 13 % Contient des sulfites.<\/p>\n<p class=\" text-justify\">La consommation de boissons alcoolis\u00e9es pendant la grossesse, m\u00eame en faible quantit\u00e9, peut avoir des cons\u00e9quences graves sur la sant\u00e9 de l\u2019enfant.<\/p>\n<p class=\" text-justify\">L ABUS D ALCOOL EST DANGEREUX POUR LA SANTE. A CONSOMMER AVEC MODERATION.<\/p>\n<p class=\" text-justify\">LA VENTE D ALCOOL EST INTERDITE AUX MINEURS.<\/p>\n<p class=\" text-justify\">Eric Louis 18300 Thauvenay<\/p>\n<p class=\" text-justify\">\n<\/div>\n","protected":false},"featured_media":13249,"comment_status":"closed","ping_status":"closed","template":"","meta":{"spay_email":"","jetpack_publicize_message":"","jetpack_is_tweetstorm":false},"jetpack_publicize_connections":[],"jetpack_sharing_enabled":true,"jetpack-related-posts":[{"id":13793,"url":"https:\/\/www.passionfruits.fr\/index.php\/produit\/pouilly-fume-eric-louis-75-cl-2018\/","url_meta":{"origin":5555,"position":0},"title":"Pouilly-Fum\u00e9 Eric Louis bouteille 75 cl 2023","date":"16 avril 2019","format":false,"excerpt":"C\u00e9page : 100% Sauvignon Blanc Terroir : Les vignes de notre Pouilly-Fum\u00e9 s'\u00e9panouissent sur des terres compos\u00e9es majoritairement de silex et de marnes kimm\u00e9ridgiennes (coquillages fossilis\u00e9s). Travail de la vigne :\u00a0 La vigne fait l\u2019objet d\u2019observations constantes : nous limitons nos rendements, d\u00e9butons les vendanges suivant la maturit\u00e9 de chaque\u2026","rel":"","context":"Article similaire","img":{"alt_text":"","src":"https:\/\/i2.wp.com\/www.passionfruits.fr\/wp-content\/uploads\/2019\/04\/pouilly-fume.jpg?fit=600%2C600&ssl=1&resize=350%2C200","width":350,"height":200},"classes":[]},{"id":5486,"url":"https:\/\/www.passionfruits.fr\/index.php\/produit\/champagne-beerens\/","url_meta":{"origin":5555,"position":1},"title":"Sancerre rouge Eric Louis 75 cl 2022","date":"7 d\u00e9cembre 2015","format":false,"excerpt":"C\u00e9page : 100 % Pinot Noir Terroir : argilo-calcaire et silex Travail de la vigne : la vigne est l\u2019objet d\u2019observations constantes: nous limitons nos rendements, d\u00e9butons les vendanges suivant la maturit\u00e9 de chaque parcelle, proc\u00e9dons au tri de la r\u00e9colte\u2026 Vinification : La vendange est tri\u00e9e et \u00e9grapp\u00e9e. Suite\u2026","rel":"","context":"Article similaire","img":{"alt_text":"","src":"https:\/\/i0.wp.com\/www.passionfruits.fr\/wp-content\/uploads\/2015\/12\/sancerre-rouge.jpg?fit=599%2C600&ssl=1&resize=350%2C200","width":350,"height":200},"classes":[]},{"id":15010,"url":"https:\/\/www.passionfruits.fr\/index.php\/produit\/buzet-rouge-sans-sulfites-75-cl-2018\/","url_meta":{"origin":5555,"position":2},"title":"Buzet rouge sans sulfites 75 cl 2019","date":"7 mars 2020","format":false,"excerpt":"\u00ab Sans \u00bb est un vin rouge sans sulfites ajout\u00e9s. Ce vin rouge atypique est n\u00e9 d\u2019une volont\u00e9 : celle de vous proposer un vin sans allerg\u00e8nes. Elabor\u00e9 un vin sans ajouter de \u00ab soufre \u00bb c\u2019est faire un vin autrement. La vendange dont est issu ce vin rouge \u00ab\u2026","rel":"","context":"Article similaire","img":{"alt_text":"","src":"https:\/\/i2.wp.com\/www.passionfruits.fr\/wp-content\/uploads\/2020\/03\/sans-sulfites-rouge.jpg?fit=600%2C600&ssl=1&resize=350%2C200","width":350,"height":200},"classes":[]},{"id":13954,"url":"https:\/\/www.passionfruits.fr\/index.php\/produit\/chateau-fleur-la-mothe-150-cl-2015\/","url_meta":{"origin":5555,"position":3},"title":"Ch\u00e2teau Fleur La Mothe 150 cl  2015","date":"17 mai 2019","format":false,"excerpt":"Le Ch\u00e2teau Fleur La Mothe M\u00e9doc Cru Bourgeois est une s\u00e9lection des meilleures parcelles. C'est un vin riche, plein de finesse et de concentration. Sa structure tannique lui offre une grande aptitude au vieillissement. Surface : 15 Hectares Age moyen des vignes : 50 ans Sol : Argilo calcaire, Graves\u2026","rel":"","context":"Article similaire","img":{"alt_text":"","src":"https:\/\/i1.wp.com\/www.passionfruits.fr\/wp-content\/uploads\/2019\/05\/fleur-la-mothe.jpg?fit=596%2C600&ssl=1&resize=350%2C200","width":350,"height":200},"classes":[]},{"id":14356,"url":"https:\/\/www.passionfruits.fr\/index.php\/produit\/chateau-fleur-la-mothe-75-cl-2019\/","url_meta":{"origin":5555,"position":4},"title":"Ch\u00e2teau Fleur La Mothe 75 cl  2019","date":"6 septembre 2019","format":false,"excerpt":"Le Ch\u00e2teau Fleur La Mothe M\u00e9doc Cru Bourgeois est une s\u00e9lection des meilleures parcelles. C'est un vin riche, plein de finesse et de concentration. Sa structure tannique lui offre une grande aptitude au vieillissement. Surface : 15 Hectares Age moyen des vignes : 50 ans Sol : Argilo calcaire, Graves\u2026","rel":"","context":"Article similaire","img":{"alt_text":"","src":"https:\/\/i1.wp.com\/www.passionfruits.fr\/wp-content\/uploads\/2019\/05\/fleur-la-mothe.jpg?fit=596%2C600&ssl=1&resize=350%2C200","width":350,"height":200},"classes":[]},{"id":19582,"url":"https:\/\/www.passionfruits.fr\/index.php\/produit\/saint-pourcain-blanc-reserve-speciale-75-cl\/","url_meta":{"origin":5555,"position":5},"title":"Saint Pour\u00e7ain Blanc R\u00e9serve Sp\u00e9ciale 75 cl","date":"16 septembre 2023","format":false,"excerpt":"42 \u20ac\u00a0 le carton de 6 bouteilles soit 7 \u20ac la bouteille SAINT-POUR\u00c7AIN A.O.C. Mis en bouteille \u00e0 la propri\u00e9t\u00e9 Robe jaune dor\u00e9 \u00e0 l\u00e9gers reflets verts. Le nez \u00e9l\u00e9gant exprime des nuances de fruits blancs caract\u00e9ristique du Tressallier largement pr\u00e9sent dans ce vin, et d\u2019une pointe d\u2019agrumes. La bouche\u2026","rel":"","context":"Article similaire","img":{"alt_text":"","src":"https:\/\/i2.wp.com\/www.passionfruits.fr\/wp-content\/uploads\/2023\/09\/792.jpg?fit=600%2C600&ssl=1&resize=350%2C200","width":350,"height":200},"classes":[]}],"_links":{"self":[{"href":"https:\/\/www.passionfruits.fr\/index.php\/wp-json\/wp\/v2\/product\/5555"}],"collection":[{"href":"https:\/\/www.passionfruits.fr\/index.php\/wp-json\/wp\/v2\/product"}],"about":[{"href":"https:\/\/www.passionfruits.fr\/index.php\/wp-json\/wp\/v2\/types\/product"}],"replies":[{"embeddable":true,"href":"https:\/\/www.passionfruits.fr\/index.php\/wp-json\/wp\/v2\/comments?post=5555"}],"wp:featuredmedia":[{"embeddable":true,"href":"https:\/\/www.passionfruits.fr\/index.php\/wp-json\/wp\/v2\/media\/13249"}],"wp:attachment":[{"href":"https:\/\/www.passionfruits.fr\/index.php\/wp-json\/wp\/v2\/media?parent=5555"}],"curies":[{"name":"wp","href":"https:\/\/api.w.org\/{rel}","templated":true}]}}