{"id":5564,"date":"2015-12-07T11:33:15","date_gmt":"2015-12-07T10:33:15","guid":{"rendered":"http:\/\/www.andreclaude.fr\/web\/index.php\/produit\/domaine-pellehaut-rouge-2013\/"},"modified":"2026-02-10T16:30:27","modified_gmt":"2026-02-10T15:30:27","slug":"domaine-pellehaut-rouge-2024","status":"publish","type":"product","link":"https:\/\/www.passionfruits.fr\/index.php\/produit\/domaine-pellehaut-rouge-2024\/","title":{"rendered":"Domaine Pellehaut Harmonie rouge 75 cl 2024"},"content":{"rendered":"","protected":false},"excerpt":{"rendered":"<p style=\"text-align: left;\">36 \u20ac le carton de 6 bouteilles soit 6 \u20ac la bouteille<\/p>\n<p style=\"text-align: left;\">\n<p style=\"text-align: left;\">C\u00f4tes de Gascogne. Accompagnement de viandes rouges et blanches grill\u00e9es ou en sauce, ainsi que sur les fromages.<\/p>\n<p class=\" text-justify\">Alcool 12.5 % Contient des sulfites.<\/p>\n<p class=\" text-justify\">La consommation de boissons alcoolis\u00e9es pendant la grossesse, m\u00eame en faible quantit\u00e9, peut avoir des cons\u00e9quences graves sur la sant\u00e9 de l\u2019enfant.<\/p>\n<p class=\" text-justify\">L ABUS D ALCOOL EST DANGEREUX POUR LA SANTE. A CONSOMMER AVEC MODERATION.<\/p>\n<p class=\" text-justify\">LA VENTE D ALCOOL EST INTERDITE AUX MINEURS.<\/p>\n<p>Famille B\u00e9raut 32250 Montr\u00e9al Du Gers<\/p>\n","protected":false},"featured_media":7037,"comment_status":"closed","ping_status":"closed","template":"","meta":{"spay_email":"","jetpack_publicize_message":"","jetpack_is_tweetstorm":false},"jetpack_publicize_connections":[],"jetpack_sharing_enabled":true,"jetpack-related-posts":[{"id":8161,"url":"https:\/\/www.passionfruits.fr\/index.php\/produit\/coffret-3-bouteilles-6\/","url_meta":{"origin":5564,"position":0},"title":"Coffret 3 bouteilles Pellehaut Harmonie","date":"23 f\u00e9vrier 2016","format":false,"excerpt":"Coffret 3 bouteilles Pellehaut Harmonie rouge 75 cl Pellehaut Harmonie blanc 75 cl Pellehaut Harmonie\u00a0ros\u00e9 75 cl La consommation de boissons alcoolis\u00e9es pendant la grossesse, m\u00eame en faible quantit\u00e9, peut avoir des cons\u00e9quences graves sur la sant\u00e9 de l\u2019enfant. LA VENTE D ALCOOL EST INTERDITE AUX MINEURS. L ABUS D\u2026","rel":"","context":"Article similaire","img":{"alt_text":"","src":"https:\/\/i0.wp.com\/www.passionfruits.fr\/wp-content\/uploads\/2016\/02\/coffret-pellehaut-trio.jpg?fit=600%2C600&ssl=1&resize=350%2C200","width":350,"height":200},"classes":[]},{"id":20415,"url":"https:\/\/www.passionfruits.fr\/index.php\/produit\/biere-ambree-de-gellainville-la-bouteille-33cl\/","url_meta":{"origin":5564,"position":1},"title":"Bi\u00e8re Ambr\u00e9e de Gellainville la bouteille 33cl","date":"16 avril 2025","format":false,"excerpt":"Alcool 6 %. Ambr\u00e9e de la gamme delabonne bio, cette bi\u00e8re riche et puissante r\u00e9conforte. delabonne Ambr\u00e9e Bio est une bi\u00e8re de d\u00e9gustation gourmande avec une belle robe ambr\u00e9e tirant sur le rouge carmin. Elle est ronde et a une belle longueur en bouche ; elle fait la part belle\u2026","rel":"","context":"Article similaire","img":{"alt_text":"","src":"https:\/\/i0.wp.com\/www.passionfruits.fr\/wp-content\/uploads\/2025\/04\/ambree-.jpg.jpg?fit=600%2C600&ssl=1&resize=350%2C200","width":350,"height":200},"classes":[]},{"id":20298,"url":"https:\/\/www.passionfruits.fr\/index.php\/produit\/chateau-gabelot-la-bouteille-75-cl-2020\/","url_meta":{"origin":5564,"position":2},"title":"Ch\u00e2teau Gabelot la bouteille 75 cl 2020","date":"14 janvier 2025","format":false,"excerpt":"6 \u20ac la bouteille au carton de 6 bouteilles Alcool 13.5 % Contient des sulfites. La consommation de boissons alcoolis\u00e9es pendant la grossesse, m\u00eame en faible quantit\u00e9, peut avoir des cons\u00e9quences graves sur la sant\u00e9 de l\u2019enfant. L ABUS D ALCOOL EST DANGEREUX POUR LA SANTE. A CONSOMMER AVEC MODERATION.\u2026","rel":"","context":"Article similaire","img":{"alt_text":"","src":"https:\/\/i0.wp.com\/www.passionfruits.fr\/wp-content\/uploads\/2025\/01\/876.jpg?fit=600%2C600&ssl=1&resize=350%2C200","width":350,"height":200},"classes":[]},{"id":20416,"url":"https:\/\/www.passionfruits.fr\/index.php\/produit\/biere-ambree-de-gellainville-la-bouteille-75-cl\/","url_meta":{"origin":5564,"position":3},"title":"Bi\u00e8re Ambr\u00e9e de Gellainville la bouteille 75 cl","date":"16 avril 2025","format":false,"excerpt":"Alcool 6 %. Ambr\u00e9e de la gamme delabonne bio, cette bi\u00e8re riche et puissante r\u00e9conforte. delabonne Ambr\u00e9e Bio est une bi\u00e8re de d\u00e9gustation gourmande avec une belle robe ambr\u00e9e tirant sur le rouge carmin. Elle est ronde et a une belle longueur en bouche ; elle fait la part belle\u2026","rel":"","context":"Article similaire","img":{"alt_text":"","src":"https:\/\/i0.wp.com\/www.passionfruits.fr\/wp-content\/uploads\/2025\/04\/ambree-.jpg.jpg?fit=600%2C600&ssl=1&resize=350%2C200","width":350,"height":200},"classes":[]},{"id":5580,"url":"https:\/\/www.passionfruits.fr\/index.php\/produit\/saint-pourcain-rouge-2022\/","url_meta":{"origin":5564,"position":4},"title":"Saint Pour\u00e7ain Rouge R\u00e9serve Sp\u00e9ciale 75 cl","date":"7 d\u00e9cembre 2015","format":false,"excerpt":"42 \u20ac\u00a0 le carton de 6 bouteilles soit 7 \u20ac la bouteille SAINT-POUR\u00c7AIN A.O.C. Mis en bouteille \u00e0 la propri\u00e9t\u00e9 Belle robe rouge , ar\u00f4mes \u00e9l\u00e9gants relev\u00e9s d\u2019une pointe \u00e9pic\u00e9e. Le plus fruit\u00e9 de notre gamme et le plus repr\u00e9sentatif des Saint-Pour\u00e7ain rouges. C\u00e9pages : 25% Pinot Noir & 75%\u2026","rel":"","context":"Article similaire","img":{"alt_text":"","src":"https:\/\/i0.wp.com\/www.passionfruits.fr\/wp-content\/uploads\/2015\/12\/791.jpg?fit=600%2C600&ssl=1&resize=350%2C200","width":350,"height":200},"classes":[]},{"id":20274,"url":"https:\/\/www.passionfruits.fr\/index.php\/produit\/chateau-touzignan-blaye-la-bouteille-75-cl-2023\/","url_meta":{"origin":5564,"position":5},"title":"Ch\u00e2teau Touzignan Blaye la bouteille 75 cl 2023","date":"10 janvier 2025","format":false,"excerpt":"6 \u20ac la bouteille au cartons de 6 bouteilles Alcool 14 % Contient des sulfites. La consommation de boissons alcoolis\u00e9es pendant la grossesse, m\u00eame en faible quantit\u00e9, peut avoir des cons\u00e9quences graves sur la sant\u00e9 de l\u2019enfant. L ABUS D ALCOOL EST DANGEREUX POUR LA SANTE. A CONSOMMER AVEC MODERATION.\u2026","rel":"","context":"Article similaire","img":{"alt_text":"","src":"https:\/\/i0.wp.com\/www.passionfruits.fr\/wp-content\/uploads\/2025\/01\/809.jpg?fit=600%2C600&ssl=1&resize=350%2C200","width":350,"height":200},"classes":[]}],"_links":{"self":[{"href":"https:\/\/www.passionfruits.fr\/index.php\/wp-json\/wp\/v2\/product\/5564"}],"collection":[{"href":"https:\/\/www.passionfruits.fr\/index.php\/wp-json\/wp\/v2\/product"}],"about":[{"href":"https:\/\/www.passionfruits.fr\/index.php\/wp-json\/wp\/v2\/types\/product"}],"replies":[{"embeddable":true,"href":"https:\/\/www.passionfruits.fr\/index.php\/wp-json\/wp\/v2\/comments?post=5564"}],"wp:featuredmedia":[{"embeddable":true,"href":"https:\/\/www.passionfruits.fr\/index.php\/wp-json\/wp\/v2\/media\/7037"}],"wp:attachment":[{"href":"https:\/\/www.passionfruits.fr\/index.php\/wp-json\/wp\/v2\/media?parent=5564"}],"curies":[{"name":"wp","href":"https:\/\/api.w.org\/{rel}","templated":true}]}}