{"id":5576,"date":"2015-12-07T11:33:23","date_gmt":"2015-12-07T10:33:23","guid":{"rendered":"http:\/\/www.andreclaude.fr\/web\/index.php\/produit\/domaine-du-tariquet-rose-2013\/"},"modified":"2026-03-27T11:00:45","modified_gmt":"2026-03-27T10:00:45","slug":"domaine-du-tariquet-rose-2013","status":"publish","type":"product","link":"https:\/\/www.passionfruits.fr\/index.php\/produit\/domaine-du-tariquet-rose-2013\/","title":{"rendered":"Domaine du Tariquet ros\u00e9 75 cl 2024"},"content":{"rendered":"","protected":false},"excerpt":{"rendered":"<p>35.40 \u20ac le carton de 6 bouteilles soit 5.90 \u20ac la bouteille<\/p>\n<p>&nbsp;<\/p>\n<p><span class=\"text-geneva-normal\">Une robe grenadine, un nez intense et subtil, sur des notes d&#8217;\u00e9pices douces \u00e9voluant franchement vers un duo gourmand de framboise sauvages et de p\u00e9tales de fleurs. L&#8217;attaque en bouche est opulente, fra\u00eeche\u2026<br \/>\nLe fruit est gourmand, le vin charnu mais aussi a\u00e9rien, soutenu par une finale l\u00e9g\u00e8rement \u00e9pic\u00e9e.<br \/>\nUn ros\u00e9 de press\u00e9e o\u00f9 les baies de raisin rouge sont vinifi\u00e9es comme celles du blanc\u2026 <\/span><\/p>\n<div align=\"left\"><span class=\"text-soustitre-produit\">Consommation :<\/span><br \/>\n<span class=\"text-geneva-normal\">Servir frais.<br \/>\nA consommer \u00e0 l&#8217;ap\u00e9ritif ou au cours d&#8217;un repas.<br \/>\nAccompagne les tapas, la cuisine d&#8217;\u00e9t\u00e9, italienne, \u00e9pic\u00e9e, exotique\u2026 <\/span><\/div>\n<p class=\" text-justify\">Alcool 11.5 % Contient des sulfites.<\/p>\n<p class=\" text-justify\">La consommation de boissons alcoolis\u00e9es pendant la grossesse, m\u00eame en faible quantit\u00e9, peut avoir des cons\u00e9quences graves sur la sant\u00e9 de l\u2019enfant.<\/p>\n<p class=\" text-justify\">L ABUS D ALCOOL EST DANGEREUX POUR LA SANTE. A CONSOMMER AVEC MODERATION.<\/p>\n<p class=\" text-justify\">LA VENTE D ALCOOL EST INTERDITE AUX MINEURS.<\/p>\n<p>Domaine du Tariquet 32800 Eauze<\/p>\n","protected":false},"featured_media":7023,"comment_status":"closed","ping_status":"closed","template":"","meta":{"spay_email":"","jetpack_publicize_message":"","jetpack_is_tweetstorm":false},"jetpack_publicize_connections":[],"jetpack_sharing_enabled":true,"jetpack-related-posts":[{"id":6348,"url":"https:\/\/www.passionfruits.fr\/index.php\/produit\/pellehaut-rose-l-ete-gascon-la-bouteille-75-cl\/","url_meta":{"origin":5576,"position":0},"title":"Domaine Pellehaut Et\u00e9 Gascond ros\u00e9 75 cl 2024","date":"7 d\u00e9cembre 2015","format":false,"excerpt":"53.70 \u20ac le carton de 6 bouteilles soit 8,95 \u20ac la bouteille Avis des professionnels : Gilbert et Gaillard 2017 Mill\u00e9sime 2016 : Robe orang\u00e9 p\u00e2le. Nez sur les agrumes oranges, mandarines) et les petits fruits rouges, pr\u00e9sence \u00e9pic\u00e9e florale. Bouche gourmande, avec une sucrosit\u00e9 salivante qui s\\'\u00e9quilibre avec la\u2026","rel":"","context":"Article similaire","img":{"alt_text":"","src":"https:\/\/i0.wp.com\/www.passionfruits.fr\/wp-content\/uploads\/2015\/12\/pellehaut-rose.jpg?fit=600%2C600&ssl=1&resize=350%2C200","width":350,"height":200},"classes":[]},{"id":9572,"url":"https:\/\/www.passionfruits.fr\/index.php\/produit\/rhum-fraise-la-bouteille-70-cl\/","url_meta":{"origin":5576,"position":1},"title":"Rhum \u00e0 la Fraise - la bouteille 70 cl","date":"25 octobre 2016","format":false,"excerpt":"Avant-gardiste des beaux jours, ce punch\u00a0gourmand vous transportera aux pr\u00e9mices de la saison\u00a0estivale. A consommer frais de pr\u00e9f\u00e9rence. Alcool 22,8% La consommation de boissons alcoolis\u00e9es pendant la grossesse, m\u00eame en faible quantit\u00e9, peut avoir des cons\u00e9quences graves sur la sant\u00e9 de l\u2019enfant. L ABUS D ALCOOL EST DANGEREUX POUR LA\u2026","rel":"","context":"Article similaire","img":{"alt_text":"","src":"https:\/\/i0.wp.com\/www.passionfruits.fr\/wp-content\/uploads\/2016\/10\/Rhum-fraise.jpg?fit=387%2C580&ssl=1&resize=350%2C200","width":350,"height":200},"classes":[]},{"id":5580,"url":"https:\/\/www.passionfruits.fr\/index.php\/produit\/saint-pourcain-rouge-2022\/","url_meta":{"origin":5576,"position":2},"title":"Saint Pour\u00e7ain Rouge R\u00e9serve Sp\u00e9ciale 75 cl","date":"7 d\u00e9cembre 2015","format":false,"excerpt":"42 \u20ac\u00a0 le carton de 6 bouteilles soit 7 \u20ac la bouteille SAINT-POUR\u00c7AIN A.O.C. Mis en bouteille \u00e0 la propri\u00e9t\u00e9 Belle robe rouge , ar\u00f4mes \u00e9l\u00e9gants relev\u00e9s d\u2019une pointe \u00e9pic\u00e9e. Le plus fruit\u00e9 de notre gamme et le plus repr\u00e9sentatif des Saint-Pour\u00e7ain rouges. C\u00e9pages : 25% Pinot Noir & 75%\u2026","rel":"","context":"Article similaire","img":{"alt_text":"","src":"https:\/\/i0.wp.com\/www.passionfruits.fr\/wp-content\/uploads\/2015\/12\/791.jpg?fit=600%2C600&ssl=1&resize=350%2C200","width":350,"height":200},"classes":[]},{"id":9574,"url":"https:\/\/www.passionfruits.fr\/index.php\/produit\/rhum-mojito-framboise-la-bouteille-70-cl\/","url_meta":{"origin":5576,"position":3},"title":"Rhum Mojito - framboise la bouteille 70 cl","date":"25 octobre 2016","format":false,"excerpt":"Avant-gardiste des beaux jours, ce punch\u00a0gourmand vous transportera aux pr\u00e9mices de la saison\u00a0estivale. Il se boit nature. Il peut \u00e9galement \u00eatre servi avec de l\u2019eau gazeuse ou du vin blanc p\u00e9tillant. \u00c0 consommer bien frais Alcool 17 % La consommation de boissons alcoolis\u00e9es pendant la grossesse, m\u00eame en faible quantit\u00e9,\u2026","rel":"","context":"Article similaire","img":{"alt_text":"","src":"https:\/\/i1.wp.com\/www.passionfruits.fr\/wp-content\/uploads\/2016\/10\/mojito-framboises.jpg?fit=387%2C580&ssl=1&resize=350%2C200","width":350,"height":200},"classes":[]},{"id":20415,"url":"https:\/\/www.passionfruits.fr\/index.php\/produit\/biere-ambree-de-gellainville-la-bouteille-33cl\/","url_meta":{"origin":5576,"position":4},"title":"Bi\u00e8re Ambr\u00e9e de Gellainville la bouteille 33cl","date":"16 avril 2025","format":false,"excerpt":"Alcool 6 %. Ambr\u00e9e de la gamme delabonne bio, cette bi\u00e8re riche et puissante r\u00e9conforte. delabonne Ambr\u00e9e Bio est une bi\u00e8re de d\u00e9gustation gourmande avec une belle robe ambr\u00e9e tirant sur le rouge carmin. Elle est ronde et a une belle longueur en bouche ; elle fait la part belle\u2026","rel":"","context":"Article similaire","img":{"alt_text":"","src":"https:\/\/i0.wp.com\/www.passionfruits.fr\/wp-content\/uploads\/2025\/04\/ambree-.jpg.jpg?fit=600%2C600&ssl=1&resize=350%2C200","width":350,"height":200},"classes":[]},{"id":20416,"url":"https:\/\/www.passionfruits.fr\/index.php\/produit\/biere-ambree-de-gellainville-la-bouteille-75-cl\/","url_meta":{"origin":5576,"position":5},"title":"Bi\u00e8re Ambr\u00e9e de Gellainville la bouteille 75 cl","date":"16 avril 2025","format":false,"excerpt":"Alcool 6 %. Ambr\u00e9e de la gamme delabonne bio, cette bi\u00e8re riche et puissante r\u00e9conforte. delabonne Ambr\u00e9e Bio est une bi\u00e8re de d\u00e9gustation gourmande avec une belle robe ambr\u00e9e tirant sur le rouge carmin. Elle est ronde et a une belle longueur en bouche ; elle fait la part belle\u2026","rel":"","context":"Article similaire","img":{"alt_text":"","src":"https:\/\/i0.wp.com\/www.passionfruits.fr\/wp-content\/uploads\/2025\/04\/ambree-.jpg.jpg?fit=600%2C600&ssl=1&resize=350%2C200","width":350,"height":200},"classes":[]}],"_links":{"self":[{"href":"https:\/\/www.passionfruits.fr\/index.php\/wp-json\/wp\/v2\/product\/5576"}],"collection":[{"href":"https:\/\/www.passionfruits.fr\/index.php\/wp-json\/wp\/v2\/product"}],"about":[{"href":"https:\/\/www.passionfruits.fr\/index.php\/wp-json\/wp\/v2\/types\/product"}],"replies":[{"embeddable":true,"href":"https:\/\/www.passionfruits.fr\/index.php\/wp-json\/wp\/v2\/comments?post=5576"}],"wp:featuredmedia":[{"embeddable":true,"href":"https:\/\/www.passionfruits.fr\/index.php\/wp-json\/wp\/v2\/media\/7023"}],"wp:attachment":[{"href":"https:\/\/www.passionfruits.fr\/index.php\/wp-json\/wp\/v2\/media?parent=5576"}],"curies":[{"name":"wp","href":"https:\/\/api.w.org\/{rel}","templated":true}]}}