{"id":5580,"date":"2015-12-07T11:33:23","date_gmt":"2015-12-07T10:33:23","guid":{"rendered":"http:\/\/www.andreclaude.fr\/web\/index.php\/produit\/saint-pourcain-rouge-2012\/"},"modified":"2026-02-10T16:29:46","modified_gmt":"2026-02-10T15:29:46","slug":"saint-pourcain-rouge-2022","status":"publish","type":"product","link":"https:\/\/www.passionfruits.fr\/index.php\/produit\/saint-pourcain-rouge-2022\/","title":{"rendered":"Saint Pour\u00e7ain Rouge R\u00e9serve Sp\u00e9ciale 75 cl"},"content":{"rendered":"","protected":false},"excerpt":{"rendered":"<p>42 \u20ac\u00a0 le carton de 6 bouteilles soit 7 \u20ac la bouteille<\/p>\n<p>SAINT-POUR\u00c7AIN A.O.C. Mis en bouteille \u00e0 la propri\u00e9t\u00e9<\/p>\n<p>Belle robe rouge , ar\u00f4mes \u00e9l\u00e9gants relev\u00e9s d\u2019une pointe \u00e9pic\u00e9e. Le plus fruit\u00e9 de notre gamme et le plus repr\u00e9sentatif des Saint-Pour\u00e7ain rouges.<br \/>\nC\u00e9pages : 25% Pinot Noir &amp; 75% Gamay<br \/>\nTerroirs : Sols siliceux et granitiques pour le Gamay et argilo-calcaires pour le Pinot Noir.<br \/>\nAge moyen des vignes : 30 ans.<br \/>\nVinification : Vinification s\u00e9par\u00e9e selon les terroirs et c\u00e9pages.<br \/>\nMac\u00e9ration traditionnelle de 7 jours.<\/p>\n<p class=\" text-justify\">Alcool 12,5 % Contient des sulfites.<\/p>\n<p class=\" text-justify\">UDVDSP Saint Pour\u00e7ain SUR Sioul Allier<\/p>\n<p class=\" text-justify\">La consommation de boissons alcoolis\u00e9es pendant la grossesse, m\u00eame en faible quantit\u00e9, peut avoir des cons\u00e9quences graves sur la sant\u00e9 de l\u2019enfant.<\/p>\n<p class=\" text-justify\">L ABUS D ALCOOL EST DANGEREUX POUR LA SANTE. A CONSOMMER AVEC MODERATION.<\/p>\n<p class=\" text-justify\">LA VENTE D ALCOOL EST INTERDITE AUX MINEURS.<\/p>\n","protected":false},"featured_media":19580,"comment_status":"closed","ping_status":"closed","template":"","meta":{"spay_email":"","jetpack_publicize_message":"","jetpack_is_tweetstorm":false},"jetpack_publicize_connections":[],"jetpack_sharing_enabled":true,"jetpack-related-posts":[{"id":19582,"url":"https:\/\/www.passionfruits.fr\/index.php\/produit\/saint-pourcain-blanc-reserve-speciale-75-cl\/","url_meta":{"origin":5580,"position":0},"title":"Saint Pour\u00e7ain Blanc R\u00e9serve Sp\u00e9ciale 75 cl","date":"16 septembre 2023","format":false,"excerpt":"42 \u20ac\u00a0 le carton de 6 bouteilles soit 7 \u20ac la bouteille SAINT-POUR\u00c7AIN A.O.C. Mis en bouteille \u00e0 la propri\u00e9t\u00e9 Robe jaune dor\u00e9 \u00e0 l\u00e9gers reflets verts. Le nez \u00e9l\u00e9gant exprime des nuances de fruits blancs caract\u00e9ristique du Tressallier largement pr\u00e9sent dans ce vin, et d\u2019une pointe d\u2019agrumes. La bouche\u2026","rel":"","context":"Article similaire","img":{"alt_text":"","src":"https:\/\/i2.wp.com\/www.passionfruits.fr\/wp-content\/uploads\/2023\/09\/792.jpg?fit=600%2C600&ssl=1&resize=350%2C200","width":350,"height":200},"classes":[]},{"id":5841,"url":"https:\/\/www.passionfruits.fr\/index.php\/produit\/saint-pourcain-rose-2023\/","url_meta":{"origin":5580,"position":1},"title":"Saint Pour\u00e7ain Ros\u00e9 R\u00e9serve Sp\u00e9ciale 75 cl 2023","date":"7 d\u00e9cembre 2015","format":false,"excerpt":"42 \u20ac\u00a0 le carton de 6 bouteilles soit 7 \u20ac la bouteille SAINT-POUR\u00c7AIN A.O.C. Mis en bouteille \u00e0 la propri\u00e9t\u00e9 App\u00e9tissante robe rose \u00e0 reflets saumon. Ce ros\u00e9 de pressurage direct exprime des ar\u00f4mes de bonbon anglais, de peau de poire, de kirsch et de fruits rouges. C\u2019est un vin\u2026","rel":"","context":"Article similaire","img":{"alt_text":"","src":"https:\/\/i2.wp.com\/www.passionfruits.fr\/wp-content\/uploads\/2015\/12\/789.jpg?fit=600%2C600&ssl=1&resize=350%2C200","width":350,"height":200},"classes":[]},{"id":5486,"url":"https:\/\/www.passionfruits.fr\/index.php\/produit\/champagne-beerens\/","url_meta":{"origin":5580,"position":2},"title":"Sancerre rouge Eric Louis 75 cl 2022","date":"7 d\u00e9cembre 2015","format":false,"excerpt":"C\u00e9page : 100 % Pinot Noir Terroir : argilo-calcaire et silex Travail de la vigne : la vigne est l\u2019objet d\u2019observations constantes: nous limitons nos rendements, d\u00e9butons les vendanges suivant la maturit\u00e9 de chaque parcelle, proc\u00e9dons au tri de la r\u00e9colte\u2026 Vinification : La vendange est tri\u00e9e et \u00e9grapp\u00e9e. Suite\u2026","rel":"","context":"Article similaire","img":{"alt_text":"","src":"https:\/\/i0.wp.com\/www.passionfruits.fr\/wp-content\/uploads\/2015\/12\/sancerre-rouge.jpg?fit=599%2C600&ssl=1&resize=350%2C200","width":350,"height":200},"classes":[]},{"id":11415,"url":"https:\/\/www.passionfruits.fr\/index.php\/produit\/champagne-bouche-pere-fils-cuvee-rosee-75-cl\/","url_meta":{"origin":5580,"position":3},"title":"Champagne Bouch\u00e9 P\u00e8re & Fils Cuv\u00e9e Ros\u00e9e 75 cl","date":"15 d\u00e9cembre 2017","format":false,"excerpt":"Cette cuv\u00e9e est compos\u00e9e de 50% Pinot Noir, 40% Chardonnay et 10% Pinot Meunier. \u2013 ros\u00e9 d\u2019assemblage \u2013 trois ann\u00e9es de vieillissement en bouteille. \u2013 ar\u00f4mes \u00e9l\u00e9gant et subtils de fruits rouges Oeil : Robe rose claire, bulles fines et d\u00e9licates. Nez : Tr\u00e8s fruit\u00e9, ar\u00f4mes de fruits rouges et\u2026","rel":"","context":"Article similaire","img":{"alt_text":"","src":"https:\/\/i0.wp.com\/www.passionfruits.fr\/wp-content\/uploads\/2017\/12\/bouche-rose1.jpg?fit=600%2C599&ssl=1&resize=350%2C200","width":350,"height":200},"classes":[]},{"id":13793,"url":"https:\/\/www.passionfruits.fr\/index.php\/produit\/pouilly-fume-eric-louis-75-cl-2018\/","url_meta":{"origin":5580,"position":4},"title":"Pouilly-Fum\u00e9 Eric Louis bouteille 75 cl 2023","date":"16 avril 2019","format":false,"excerpt":"C\u00e9page : 100% Sauvignon Blanc Terroir : Les vignes de notre Pouilly-Fum\u00e9 s'\u00e9panouissent sur des terres compos\u00e9es majoritairement de silex et de marnes kimm\u00e9ridgiennes (coquillages fossilis\u00e9s). Travail de la vigne :\u00a0 La vigne fait l\u2019objet d\u2019observations constantes : nous limitons nos rendements, d\u00e9butons les vendanges suivant la maturit\u00e9 de chaque\u2026","rel":"","context":"Article similaire","img":{"alt_text":"","src":"https:\/\/i2.wp.com\/www.passionfruits.fr\/wp-content\/uploads\/2019\/04\/pouilly-fume.jpg?fit=600%2C600&ssl=1&resize=350%2C200","width":350,"height":200},"classes":[]},{"id":20285,"url":"https:\/\/www.passionfruits.fr\/index.php\/produit\/saint-emilion-origins-la-bouteille-75-cl-2018\/","url_meta":{"origin":5580,"position":5},"title":"Saint Emilion Origins la bouteille 75 cl 2018","date":"11 janvier 2025","format":false,"excerpt":"14 \u20ac la bouteille au cartons de 6 bouteilles Borie-Manoux, cr\u00e9\u00e9 par Eug\u00e8ne et Emile Borie en 1870, est une maison aujourd\u2019hui reconnue, qui a \u00e9volu\u00e9 pendant plus d\u2019un si\u00e8cle gr\u00e2ce aux familles Borie et Cast\u00e9ja. Alcool 13 % Contient des sulfites. La consommation de boissons alcoolis\u00e9es pendant la grossesse,\u2026","rel":"","context":"Article similaire","img":{"alt_text":"","src":"https:\/\/i1.wp.com\/www.passionfruits.fr\/wp-content\/uploads\/2025\/01\/839.jpg?fit=600%2C600&ssl=1&resize=350%2C200","width":350,"height":200},"classes":[]}],"_links":{"self":[{"href":"https:\/\/www.passionfruits.fr\/index.php\/wp-json\/wp\/v2\/product\/5580"}],"collection":[{"href":"https:\/\/www.passionfruits.fr\/index.php\/wp-json\/wp\/v2\/product"}],"about":[{"href":"https:\/\/www.passionfruits.fr\/index.php\/wp-json\/wp\/v2\/types\/product"}],"replies":[{"embeddable":true,"href":"https:\/\/www.passionfruits.fr\/index.php\/wp-json\/wp\/v2\/comments?post=5580"}],"wp:featuredmedia":[{"embeddable":true,"href":"https:\/\/www.passionfruits.fr\/index.php\/wp-json\/wp\/v2\/media\/19580"}],"wp:attachment":[{"href":"https:\/\/www.passionfruits.fr\/index.php\/wp-json\/wp\/v2\/media?parent=5580"}],"curies":[{"name":"wp","href":"https:\/\/api.w.org\/{rel}","templated":true}]}}