{"id":5659,"date":"2015-12-07T11:34:12","date_gmt":"2015-12-07T10:34:12","guid":{"rendered":"http:\/\/www.andreclaude.fr\/web\/index.php\/produit\/creme-dessert-chocolat-x4\/"},"modified":"2019-03-02T09:49:57","modified_gmt":"2019-03-02T08:49:57","slug":"creme-dessert-chocolat-x4","status":"publish","type":"product","link":"https:\/\/www.passionfruits.fr\/index.php\/produit\/creme-dessert-chocolat-x4\/","title":{"rendered":"Cr\u00e8me dessert chocolat Elle et Vire x4"},"content":{"rendered":"<p>Elvir<\/p>\n<p>50890 Cond\u00e9 sur Vire<\/p>\n<p>France<\/p>\n","protected":false},"excerpt":{"rendered":"<p>Cr\u00e8me dessert chocolat st\u00e9r\u00e9lis\u00e9e UHT<\/p>\n<p>Id\u00e9al en dessert ou en go\u00fbter. 4 Pots de 125g. Fabriqu\u00e9 en Normandie \u00e0 Cond\u00e9-sur-Vire.<\/p>\n<p>Ingr\u00e9dients : <strong>lait<\/strong> entier, solution de lactose (<strong>lait<\/strong>),chocolat en poudre (2.8%), amidon modifi\u00e9, cacao, \u00e9paississant : carragh\u00e9nane,\u00a0 sel,<strong> oeuf, <\/strong>l\u00e9cithine de<strong> soja<br \/>\n<\/strong><\/p>\n<p>Valeur nutritionnelle pour 100 g<\/p>\n<p>Energie : 492kj\/117kcal<\/p>\n<p>Mati\u00e8res grasses : 2.9g dont acides gras satur\u00e9s : 1.6g<\/p>\n<p>Glucides : 19.7g dont sucres 17.1g<\/p>\n<p>Prot\u00e9ines : 2.4g<\/p>\n<p>Sel : 0.16g<\/p>\n","protected":false},"featured_media":7689,"comment_status":"closed","ping_status":"closed","template":"","meta":{"spay_email":"","jetpack_publicize_message":"","jetpack_is_tweetstorm":false},"jetpack_publicize_connections":[],"jetpack_sharing_enabled":true,"jetpack-related-posts":[{"id":5657,"url":"https:\/\/www.passionfruits.fr\/index.php\/produit\/creme-dessert-vanille-x4\/","url_meta":{"origin":5659,"position":0},"title":"Cr\u00e8me dessert vanille Elle et Vire x4","date":"7 d\u00e9cembre 2015","format":false,"excerpt":"Cr\u00e8me dessert aromatis\u00e9e saveur vanille st\u00e9r\u00e9lis\u00e9e UHT Id\u00e9al en dessert ou en go\u00fbter. 4 Pots de 125g. Fabriqu\u00e9 en Normandie \u00e0 Cond\u00e9-sur-Vire. Ingr\u00e9dients : lait entier, solution de lactose (lait), sucre, amidon modifi\u00e9, sirop de glucose, \u00e9paississant : caragh\u00e9nane, ar\u00f4me, colorant E161b, sel, oeuf Valeur nutritionnelle pour 100 g Energie\u2026","rel":"","context":"Article similaire","img":{"alt_text":"","src":"https:\/\/i0.wp.com\/www.passionfruits.fr\/wp-content\/uploads\/2015\/12\/creme-dessert-vanille.jpg?fit=600%2C600&ssl=1&resize=350%2C200","width":350,"height":200},"classes":[]},{"id":5663,"url":"https:\/\/www.passionfruits.fr\/index.php\/produit\/creme-dessert-cafe-x-4\/","url_meta":{"origin":5659,"position":1},"title":"Cr\u00e8me dessert caf\u00e9  Elle et Vire x 4","date":"7 d\u00e9cembre 2015","format":false,"excerpt":"Cr\u00e8me dessert aromatis\u00e9e saveur caf\u00e9 st\u00e9r\u00e9lis\u00e9e UHT Id\u00e9al en dessert ou en go\u00fbter. 4 Pots de 125g. Fabriqu\u00e9 en Normandie \u00e0 Cond\u00e9-sur-Vire. Ingr\u00e9dients : lait entier, solution de lactose (lait),sucre, amidon modifi\u00e9, sirop de glucose, ar\u00f4me, \u00e9paississant : carragh\u00e9nane, colorant : E150c, sel, oeuf Valeur nutritionnelle pour 100 g Energie\u2026","rel":"","context":"Article similaire","img":{"alt_text":"","src":"https:\/\/i0.wp.com\/www.passionfruits.fr\/wp-content\/uploads\/2015\/12\/creme-dessert-cafe.jpg?fit=600%2C600&ssl=1&resize=350%2C200","width":350,"height":200},"classes":[]},{"id":5703,"url":"https:\/\/www.passionfruits.fr\/index.php\/produit\/creme-anglaise-1-litre\/","url_meta":{"origin":5659,"position":2},"title":"Cr\u00e8me anglaise Brique de 1 litre","date":"7 d\u00e9cembre 2015","format":false,"excerpt":"La cr\u00e8me anglaise est pr\u00eate \u00e0 servir pour accompagner tous les desserts, napper ou assembler. Elle convient \u00e0 toutes les pr\u00e9parations de dessert. St\u00e9r\u00e9lis\u00e9e UHT Ingr\u00e9dients : Lait \u00e9cr\u00e9m\u00e9, sucre, cr\u00e8me 7.5%, amidon transform\u00e9, ar\u00f4me, g\u00e9lifiant; carragh\u00e9nanes, sel, colorants : caramel ordinaire et b\u00eata-carot\u00e8ne. Lait et cr\u00e8me origine France Valeurs\u2026","rel":"","context":"Article similaire","img":{"alt_text":"","src":"https:\/\/i2.wp.com\/www.passionfruits.fr\/wp-content\/uploads\/2015\/12\/creme-anglaise-uht.jpg?fit=600%2C600&ssl=1&resize=350%2C200","width":350,"height":200},"classes":[]},{"id":10332,"url":"https:\/\/www.passionfruits.fr\/index.php\/produit\/arachides-3-chocolats-de-paques-sachet-428g\/","url_meta":{"origin":5659,"position":3},"title":"Arachides 3 chocolats sachet 420 grs","date":"21 mars 2017","format":false,"excerpt":"De d\u00e9licieuses cacahu\u00e8tes enrob\u00e9es aux trois chocolats: chocolat noir, chocolat au lait et chocolat blanc. Ingr\u00e9dients : arachide 49%, chocolat noir (p\u00e2te de cacao, sucre, beurre de cacao, mati\u00e8re grasse laiti\u00e8re, \u00e9mulsifiant : l\u00e9cithine de soja, ar\u00f4me naturel vanille), chocolat au lait (sucre, beurre de cacao, lait entier en poudre,\u2026","rel":"","context":"Article similaire","img":{"alt_text":"","src":"https:\/\/i2.wp.com\/www.passionfruits.fr\/wp-content\/uploads\/2017\/03\/oeufs-de-paques.jpg?fit=500%2C500&ssl=1&resize=350%2C200","width":350,"height":200},"classes":[]},{"id":5823,"url":"https:\/\/www.passionfruits.fr\/index.php\/produit\/riz-rond-le-kilo\/","url_meta":{"origin":5659,"position":4},"title":"Riz Rond Italie barq env 400g","date":"7 d\u00e9cembre 2015","format":false,"excerpt":"Le riz rond pour les desserts Ce riz rond est utilis\u00e9 de pr\u00e9f\u00e9rence pour les desserts (g\u00e2teau de riz, riz au lait). Il peut \u00eatre cuit, selon l'utilisation, dans de l'eau ou dans du lait.\u00a0Le riz rond, contrairement aux riz longs qui absorbent peu d'eau, gonfle lors de la cuisson.\u2026","rel":"","context":"Article similaire","img":{"alt_text":"","src":"https:\/\/i0.wp.com\/www.passionfruits.fr\/wp-content\/uploads\/2015\/12\/riz-rond.jpg?fit=600%2C600&ssl=1&resize=350%2C200","width":350,"height":200},"classes":[]},{"id":6203,"url":"https:\/\/www.passionfruits.fr\/index.php\/produit\/nounours-guimauve-au-lait-barq-200-grs-env\/","url_meta":{"origin":5659,"position":5},"title":"Oursons chocolat au lait barq. 200g env.","date":"7 d\u00e9cembre 2015","format":false,"excerpt":"Parmi tous les bonbons et toutes les confiseries au monde, la guimauve est certainement la friandise la plus douce et la plus r\u00e9confortante. Ingr\u00e9dients : sirop de glucose-fructose, chocolat au lait 30% (sucre, beurre de cacao, p\u00e2te de cacao, lait entier en poudre, \u00e9mulsifiant : lecithine de soja, ar\u00f4me naturel\u2026","rel":"","context":"Article similaire","img":{"alt_text":"","src":"https:\/\/i1.wp.com\/www.passionfruits.fr\/wp-content\/uploads\/2015\/12\/oursons-guimauve.jpg?fit=290%2C290&ssl=1&resize=350%2C200","width":350,"height":200},"classes":[]}],"_links":{"self":[{"href":"https:\/\/www.passionfruits.fr\/index.php\/wp-json\/wp\/v2\/product\/5659"}],"collection":[{"href":"https:\/\/www.passionfruits.fr\/index.php\/wp-json\/wp\/v2\/product"}],"about":[{"href":"https:\/\/www.passionfruits.fr\/index.php\/wp-json\/wp\/v2\/types\/product"}],"replies":[{"embeddable":true,"href":"https:\/\/www.passionfruits.fr\/index.php\/wp-json\/wp\/v2\/comments?post=5659"}],"wp:featuredmedia":[{"embeddable":true,"href":"https:\/\/www.passionfruits.fr\/index.php\/wp-json\/wp\/v2\/media\/7689"}],"wp:attachment":[{"href":"https:\/\/www.passionfruits.fr\/index.php\/wp-json\/wp\/v2\/media?parent=5659"}],"curies":[{"name":"wp","href":"https:\/\/api.w.org\/{rel}","templated":true}]}}