{"id":5677,"date":"2015-12-07T11:34:19","date_gmt":"2015-12-07T10:34:19","guid":{"rendered":"http:\/\/www.andreclaude.fr\/web\/index.php\/produit\/beurre-doux-a-la-motte-petite-part-env-125-grs\/"},"modified":"2022-07-19T15:54:13","modified_gmt":"2022-07-19T14:54:13","slug":"beurre-doux-a-la-motte-petite-part-env-125-grs","status":"publish","type":"product","link":"https:\/\/www.passionfruits.fr\/index.php\/produit\/beurre-doux-a-la-motte-petite-part-env-125-grs\/","title":{"rendered":"Beurre doux \u00e0 la motte &#8211; les 125 grs"},"content":{"rendered":"<p>Laiterie de Verneuil sur Indre 37 600<\/p>\n<p>&nbsp;<\/p>\n","protected":false},"excerpt":{"rendered":"<p>Pour accompagner les fromages, les salaisons, et m\u00eame une bonne confiture traditionnelle, il faut du bon pain et surtout du bon beurre de qualit\u00e9 doux ou demi-sel suivant votre pr\u00e9f\u00e9rence. La motte s\u2019 offre \u00e0 vous et vous propose de red\u00e9couvrir la vraie saveur du beurre authentique.<\/p>\n<p>Ingr\u00e9dients : <strong>Cr\u00e8me<\/strong> pasteuris\u00e9e origine France, ferments <strong>lactiques<\/strong><\/p>\n","protected":false},"featured_media":13433,"comment_status":"closed","ping_status":"closed","template":"","meta":{"spay_email":"","jetpack_publicize_message":"","jetpack_is_tweetstorm":false},"jetpack_publicize_connections":[],"jetpack_sharing_enabled":true,"jetpack-related-posts":[{"id":5679,"url":"https:\/\/www.passionfruits.fr\/index.php\/produit\/beurre-12-sel-a-la-motte-petite-part-env-125\/","url_meta":{"origin":5677,"position":0},"title":"Beurre 1\/2 sel \u00e0 la motte - les 125 grs","date":"7 d\u00e9cembre 2015","format":false,"excerpt":"Pour accompagner les fromages, les salaisons, et m\u00eame une bonne confiture traditionnelle, il faut du bon pain et surtout du bon beurre de qualit\u00e9 doux ou demi-sel suivant votre pr\u00e9f\u00e9rence. La motte s\u2019 offre \u00e0 vous et vous propose de red\u00e9couvrir la vraie saveur du beurre authentique. Cr\u00e8me pasteuris\u00e9 de\u2026","rel":"","context":"Article similaire","img":{"alt_text":"","src":"https:\/\/i2.wp.com\/www.passionfruits.fr\/wp-content\/uploads\/2015\/12\/Beurre.jpg?fit=600%2C598&ssl=1&resize=350%2C200","width":350,"height":200},"classes":[]},{"id":8337,"url":"https:\/\/www.passionfruits.fr\/index.php\/produit\/galettes-bretonnes-sachet-150g\/","url_meta":{"origin":5677,"position":1},"title":"Galettes Bretonnes sachet 150g","date":"4 mars 2016","format":false,"excerpt":"Fabrication artisanale Galettes Bretonnes pur beurre. 23 galettes soit 150g Savourez une autre institution de la gastronomie bretonne, la vraie galette de Bretagne au bon go\u00fbt de beurre ! Ingr\u00e9dients : farine de froment (bl\u00e9) beurre (lait) 22% sucre, oeufs, poudre de lait, sel de Gu\u00e9rande (IGP) poudre \u00e0 lever,\u2026","rel":"","context":"Article similaire","img":{"alt_text":"","src":"https:\/\/i0.wp.com\/www.passionfruits.fr\/wp-content\/uploads\/2016\/03\/galettes-bretonnes.jpg?fit=600%2C600&ssl=1&resize=350%2C200","width":350,"height":200},"classes":[]},{"id":17739,"url":"https:\/\/www.passionfruits.fr\/index.php\/produit\/gaufres-fines-pur-beurre-175-g\/","url_meta":{"origin":5677,"position":2},"title":"Gaufres fines pur beurre 175 g","date":"19 mars 2021","format":false,"excerpt":"","rel":"","context":"Article similaire","img":{"alt_text":"","src":"https:\/\/i0.wp.com\/www.passionfruits.fr\/wp-content\/uploads\/2021\/03\/gaufre.jpg?fit=600%2C600&ssl=1&resize=350%2C200","width":350,"height":200},"classes":[]},{"id":17736,"url":"https:\/\/www.passionfruits.fr\/index.php\/produit\/grandes-galettes-pur-beurre-280-g\/","url_meta":{"origin":5677,"position":3},"title":"Grandes galettes pur beurre 280 g","date":"19 mars 2021","format":false,"excerpt":"","rel":"","context":"Article similaire","img":{"alt_text":"","src":"https:\/\/i2.wp.com\/www.passionfruits.fr\/wp-content\/uploads\/2021\/03\/Galette.jpg?fit=600%2C600&ssl=1&resize=350%2C200","width":350,"height":200},"classes":[]},{"id":12595,"url":"https:\/\/www.passionfruits.fr\/index.php\/produit\/flan-a-la-caramel-au-beurre-sale-le-sachet-de-45g\/","url_meta":{"origin":5677,"position":4},"title":"Flan  Caramel au beurre sal\u00e9 le sachet de 45g","date":"29 ao\u00fbt 2018","format":false,"excerpt":"Les s\u0153urs fabriquent des pr\u00e9parations pour cr\u00e8mes desserts, \u00e0 partir d\u2019ingr\u00e9dients naturels , sans gluten et sans colorants ni conservateurs. Leur go\u00fbt est fin et d\u00e9licat.Sachet 45g. Ingr\u00e9dients : sucre, amidon de ma\u00efs, g\u00e9lifiant : carragh\u00e9nanes, ar\u00f4me naturel Peut contenir de traces de gluten et de fruits \u00e0 coque. Informations\u2026","rel":"","context":"Article similaire","img":{"alt_text":"","src":"https:\/\/i2.wp.com\/www.passionfruits.fr\/wp-content\/uploads\/2015\/12\/flans.jpg?fit=600%2C600&ssl=1&resize=350%2C200","width":350,"height":200},"classes":[]},{"id":10332,"url":"https:\/\/www.passionfruits.fr\/index.php\/produit\/arachides-3-chocolats-de-paques-sachet-428g\/","url_meta":{"origin":5677,"position":5},"title":"Arachides 3 chocolats sachet 420 grs","date":"21 mars 2017","format":false,"excerpt":"De d\u00e9licieuses cacahu\u00e8tes enrob\u00e9es aux trois chocolats: chocolat noir, chocolat au lait et chocolat blanc. Ingr\u00e9dients : arachide 49%, chocolat noir (p\u00e2te de cacao, sucre, beurre de cacao, mati\u00e8re grasse laiti\u00e8re, \u00e9mulsifiant : l\u00e9cithine de soja, ar\u00f4me naturel vanille), chocolat au lait (sucre, beurre de cacao, lait entier en poudre,\u2026","rel":"","context":"Article similaire","img":{"alt_text":"","src":"https:\/\/i2.wp.com\/www.passionfruits.fr\/wp-content\/uploads\/2017\/03\/oeufs-de-paques.jpg?fit=500%2C500&ssl=1&resize=350%2C200","width":350,"height":200},"classes":[]}],"_links":{"self":[{"href":"https:\/\/www.passionfruits.fr\/index.php\/wp-json\/wp\/v2\/product\/5677"}],"collection":[{"href":"https:\/\/www.passionfruits.fr\/index.php\/wp-json\/wp\/v2\/product"}],"about":[{"href":"https:\/\/www.passionfruits.fr\/index.php\/wp-json\/wp\/v2\/types\/product"}],"replies":[{"embeddable":true,"href":"https:\/\/www.passionfruits.fr\/index.php\/wp-json\/wp\/v2\/comments?post=5677"}],"wp:featuredmedia":[{"embeddable":true,"href":"https:\/\/www.passionfruits.fr\/index.php\/wp-json\/wp\/v2\/media\/13433"}],"wp:attachment":[{"href":"https:\/\/www.passionfruits.fr\/index.php\/wp-json\/wp\/v2\/media?parent=5677"}],"curies":[{"name":"wp","href":"https:\/\/api.w.org\/{rel}","templated":true}]}}