{"id":5679,"date":"2015-12-07T11:34:19","date_gmt":"2015-12-07T10:34:19","guid":{"rendered":"http:\/\/www.andreclaude.fr\/web\/index.php\/produit\/beurre-12-sel-a-la-motte-petite-part-env-125\/"},"modified":"2022-07-19T15:54:23","modified_gmt":"2022-07-19T14:54:23","slug":"beurre-12-sel-a-la-motte-petite-part-env-125","status":"publish","type":"product","link":"https:\/\/www.passionfruits.fr\/index.php\/produit\/beurre-12-sel-a-la-motte-petite-part-env-125\/","title":{"rendered":"Beurre 1\/2 sel \u00e0 la motte &#8211; les 125 grs"},"content":{"rendered":"<p>Laiterie Coop\u00e9rative de Pamplie<\/p>\n<p>Route du ch\u00eane Casse T\u00eate<\/p>\n<p>79 220\u00a0 Pamplie<\/p>\n<p>&nbsp;<\/p>\n","protected":false},"excerpt":{"rendered":"<p>Pour accompagner les fromages, les salaisons, et m\u00eame une bonne confiture traditionnelle, il faut du bon pain et surtout du bon beurre de qualit\u00e9 doux ou demi-sel suivant votre pr\u00e9f\u00e9rence. La motte s\u2019 offre \u00e0 vous et vous propose de red\u00e9couvrir la vraie saveur du beurre authentique.<\/p>\n<p>Cr\u00e8me pasteuris\u00e9 de <strong>lait<\/strong> de vache, sel, ferments lactiques.<\/p>\n<p>Valeurs nutritionnelles moyennes pour 100g<\/p>\n<p>Energie\u00a0 : 2987kj\/ 72kcal<\/p>\n<p>Mati\u00e8res grasses : 810g dont acides gras satur\u00e9s : 55g<\/p>\n<p>Glucides : &lt;0.5g dont sucres &lt;0.5g<\/p>\n<p>Prot\u00e9ines : 0.6g<\/p>\n<p>Sel : 3g<\/p>\n<p>&nbsp;<\/p>\n","protected":false},"featured_media":13433,"comment_status":"closed","ping_status":"closed","template":"","meta":{"spay_email":"","jetpack_publicize_message":"","jetpack_is_tweetstorm":false},"jetpack_publicize_connections":[],"jetpack_sharing_enabled":true,"jetpack-related-posts":[{"id":5677,"url":"https:\/\/www.passionfruits.fr\/index.php\/produit\/beurre-doux-a-la-motte-petite-part-env-125-grs\/","url_meta":{"origin":5679,"position":0},"title":"Beurre doux \u00e0 la motte - les 125 grs","date":"7 d\u00e9cembre 2015","format":false,"excerpt":"Pour accompagner les fromages, les salaisons, et m\u00eame une bonne confiture traditionnelle, il faut du bon pain et surtout du bon beurre de qualit\u00e9 doux ou demi-sel suivant votre pr\u00e9f\u00e9rence. La motte s\u2019 offre \u00e0 vous et vous propose de red\u00e9couvrir la vraie saveur du beurre authentique. Ingr\u00e9dients : Cr\u00e8me\u2026","rel":"","context":"Article similaire","img":{"alt_text":"","src":"https:\/\/i2.wp.com\/www.passionfruits.fr\/wp-content\/uploads\/2015\/12\/Beurre.jpg?fit=600%2C598&ssl=1&resize=350%2C200","width":350,"height":200},"classes":[]},{"id":8337,"url":"https:\/\/www.passionfruits.fr\/index.php\/produit\/galettes-bretonnes-sachet-150g\/","url_meta":{"origin":5679,"position":1},"title":"Galettes Bretonnes sachet 150g","date":"4 mars 2016","format":false,"excerpt":"Fabrication artisanale Galettes Bretonnes pur beurre. 23 galettes soit 150g Savourez une autre institution de la gastronomie bretonne, la vraie galette de Bretagne au bon go\u00fbt de beurre ! Ingr\u00e9dients : farine de froment (bl\u00e9) beurre (lait) 22% sucre, oeufs, poudre de lait, sel de Gu\u00e9rande (IGP) poudre \u00e0 lever,\u2026","rel":"","context":"Article similaire","img":{"alt_text":"","src":"https:\/\/i0.wp.com\/www.passionfruits.fr\/wp-content\/uploads\/2016\/03\/galettes-bretonnes.jpg?fit=600%2C600&ssl=1&resize=350%2C200","width":350,"height":200},"classes":[]},{"id":13006,"url":"https:\/\/www.passionfruits.fr\/index.php\/produit\/veloute-asperge-74-cl\/","url_meta":{"origin":5679,"position":2},"title":"Velout\u00e9 Asperge 74 cl","date":"6 novembre 2018","format":false,"excerpt":"Velout\u00e9 st\u00e9rilis\u00e9. Sans conservateur, ni colorant, conform\u00e9ment \u00e0 la l\u00e9gislation. Apr\u00e8s ouverture, conserver \u00e0 4 \u00b0 et \u00e0 consommer dans les 24 heures. Ingr\u00e9dients : eaux, asperges 14%, pommes de terre,\u00a0 cr\u00e8me (lait),\u00a0 amidon modifi\u00e9,\u00a0 sel. Valeurs nutritionnelles moyennes pour 100g Energie : 132kj\/32 kcal Mati\u00e8res grasses : 1.7g dont\u2026","rel":"","context":"Article similaire","img":{"alt_text":"","src":"https:\/\/i2.wp.com\/www.passionfruits.fr\/wp-content\/uploads\/2018\/11\/61505.jpg?fit=599%2C600&ssl=1&resize=350%2C200","width":350,"height":200},"classes":[]},{"id":11969,"url":"https:\/\/www.passionfruits.fr\/index.php\/produit\/le-montagnard-des-vosges-le-demi\/","url_meta":{"origin":5679,"position":3},"title":"Le Montagnard des Vosges le demi","date":"27 mars 2018","format":false,"excerpt":"Fabriqu\u00e9 au coeur des Vosges avec du bon lait de montagne, le Montagnard est issu du savoir-faire des ma\u00eetres-fromagers de la fromagerie G\u00e9rard. Ingr\u00e9dients : lait de montagne pasteuris\u00e9 (origine France), cr\u00e8me (origine France), ferments, sel, pr\u00e9sure, colorant de cro\u00fbte: E160b Valeurs nutritionnelles moyennes pour 100g Energie : 1392kj\/337kcal Mati\u00e8res\u2026","rel":"","context":"Article similaire","img":{"alt_text":"","src":"https:\/\/i2.wp.com\/www.passionfruits.fr\/wp-content\/uploads\/2015\/12\/le-montagnard-des-vosges.jpg?fit=600%2C600&ssl=1&resize=350%2C200","width":350,"height":200},"classes":[]},{"id":5772,"url":"https:\/\/www.passionfruits.fr\/index.php\/produit\/brie-de-meaux-lait-cru-renard-gilard-petite-part-env-150-grs\/","url_meta":{"origin":5679,"position":4},"title":"Brie de Meaux part environ 200g","date":"7 d\u00e9cembre 2015","format":false,"excerpt":"Fromage \u00e0 p\u00e2te molle au lait cru Ingr\u00e9dients : lait cru, sel, pr\u00e9sure, ferments. Valeurs nutritionnelles moyennes pour 100g Energie : 1188kj\/286kcal Mati\u00e8res grasses : 22g dont acides gras satur\u00e9s : 15g Glucides : <0.5g dont sucres <0.5g Prot\u00e9ines : 22g Sel : 1.8g Fromagerie\u00a0 Renard Gillard 55290 BIENCOURT SUR\u2026","rel":"","context":"Article similaire","img":{"alt_text":"","src":"https:\/\/i0.wp.com\/www.passionfruits.fr\/wp-content\/uploads\/2015\/12\/brie.jpg?fit=600%2C600&ssl=1&resize=350%2C200","width":350,"height":200},"classes":[]},{"id":5741,"url":"https:\/\/www.passionfruits.fr\/index.php\/produit\/chevre-cloche\/","url_meta":{"origin":5679,"position":5},"title":"Le Montagnard des Vosges la pi\u00e8ce 500g","date":"7 d\u00e9cembre 2015","format":false,"excerpt":"Fabriqu\u00e9 au coeur des Vosges avec du bon lait de montagne, le Montagnard est issu du savoir-faire des ma\u00eetres-fromagers de la fromagerie G\u00e9rard. Ingr\u00e9dients : lait de montagne pasteuris\u00e9 (origine France), cr\u00e8me (origine France), ferments, sel, pr\u00e9sure, colorant de cro\u00fbte: E160b Valeurs nutritionnelles moyennes pour 100g Energie : 1392kj\/337kcal Mati\u00e8res\u2026","rel":"","context":"Article similaire","img":{"alt_text":"","src":"https:\/\/i2.wp.com\/www.passionfruits.fr\/wp-content\/uploads\/2015\/12\/le-montagnard-des-vosges.jpg?fit=600%2C600&ssl=1&resize=350%2C200","width":350,"height":200},"classes":[]}],"_links":{"self":[{"href":"https:\/\/www.passionfruits.fr\/index.php\/wp-json\/wp\/v2\/product\/5679"}],"collection":[{"href":"https:\/\/www.passionfruits.fr\/index.php\/wp-json\/wp\/v2\/product"}],"about":[{"href":"https:\/\/www.passionfruits.fr\/index.php\/wp-json\/wp\/v2\/types\/product"}],"replies":[{"embeddable":true,"href":"https:\/\/www.passionfruits.fr\/index.php\/wp-json\/wp\/v2\/comments?post=5679"}],"wp:featuredmedia":[{"embeddable":true,"href":"https:\/\/www.passionfruits.fr\/index.php\/wp-json\/wp\/v2\/media\/13433"}],"wp:attachment":[{"href":"https:\/\/www.passionfruits.fr\/index.php\/wp-json\/wp\/v2\/media?parent=5679"}],"curies":[{"name":"wp","href":"https:\/\/api.w.org\/{rel}","templated":true}]}}