{"id":5689,"date":"2015-12-07T11:34:33","date_gmt":"2015-12-07T10:34:33","guid":{"rendered":"http:\/\/www.andreclaude.fr\/web\/index.php\/produit\/reblochon-env-500-grs\/"},"modified":"2022-07-19T15:55:59","modified_gmt":"2022-07-19T14:55:59","slug":"reblochon-env-500-grs","status":"publish","type":"product","link":"https:\/\/www.passionfruits.fr\/index.php\/produit\/reblochon-env-500-grs\/","title":{"rendered":"Reblochon la pi\u00e8ce environ 500g"},"content":{"rendered":"<p>Fabriqu\u00e9 et affin\u00e9 par la fromagerie MASSON<\/p>\n<p>74100 JUVIGNY<\/p>\n<p>Distribu\u00e9 par<\/p>\n<p>LE GRAL<\/p>\n<p>62 Avenue du Crot Pin\u00e7on<\/p>\n<p>58502 CLAMECY<\/p>\n","protected":false},"excerpt":{"rendered":"<p>Reblochon de Savoie fermier. Sa p\u00e2te est onctueuse, souple, lisse et grasse. Il a un go\u00fbt agr\u00e9able, subtil et moelleux.<\/p>\n<p>Ingr\u00e9dients :<strong> lait<\/strong> cru de vache, <strong>ferments lactiques et d&#8217;affinage<\/strong>, sel, pr\u00e9sure, colorant de la cro\u00fbte : rocou.<\/p>\n<p>Valeurs nutritionnelles moyennes pour 100g<\/p>\n<p>Energie :1403kj\/338kcal<\/p>\n<p>Mati\u00e8res grasses : 28g dont acides gras satur\u00e9s 22g<\/p>\n<p>Glucides : 0.6g dont sucres &lt;0.5g<\/p>\n<p>Prot\u00e9ines : 21g<\/p>\n<p>Sel : 1.3g<\/p>\n","protected":false},"featured_media":10600,"comment_status":"closed","ping_status":"closed","template":"","meta":{"spay_email":"","jetpack_publicize_message":"","jetpack_is_tweetstorm":false},"jetpack_publicize_connections":[],"jetpack_sharing_enabled":true,"jetpack-related-posts":[{"id":5687,"url":"https:\/\/www.passionfruits.fr\/index.php\/produit\/12-reblochon\/","url_meta":{"origin":5689,"position":0},"title":"Reblochon le demi environ 250g","date":"7 d\u00e9cembre 2015","format":false,"excerpt":"Reblochon de Savoie fermier. Sa p\u00e2te est onctueuse, souple, lisse et grasse. Il a un go\u00fbt agr\u00e9able, subtil et moelleux. Ingr\u00e9dients : lait cru de vache, ferments lactiques et d'affinage, sel, pr\u00e9sure, colorant de la cro\u00fbte : rocou. Valeurs nutritionnelles moyennes pour 100g Energie :1403kj\/338kcal Mati\u00e8res grasses : 28g dont\u2026","rel":"","context":"Article similaire","img":{"alt_text":"","src":"https:\/\/i0.wp.com\/www.passionfruits.fr\/wp-content\/uploads\/2015\/12\/Reblochon-demi.jpg?fit=600%2C600&ssl=1&resize=350%2C200","width":350,"height":200},"classes":[]},{"id":17826,"url":"https:\/\/www.passionfruits.fr\/index.php\/produit\/gorgonzola-a-la-louche-cat-1-les-250-grs\/","url_meta":{"origin":5689,"position":1},"title":"Gorgonzola \u00e0 la louche les 250 grs","date":"25 mars 2021","format":false,"excerpt":"Ingr\u00e9dients: Lait de vache pasteuris\u00e9, sel, pr\u00e9sure. Mati\u00e8re grasse 27% environ. Cro\u00fbte non comestible. Origine: Italie Energie: 1334 kJ 319 kcal Mati\u00e8re grasse :27 g Dont acides satur\u00e9s :19 g Glucides : 0,1g Dont sucres : 0,1g Prot\u00e9ines : 19 g Sel : 1,3 g","rel":"","context":"Article similaire","img":{"alt_text":"","src":"https:\/\/i1.wp.com\/www.passionfruits.fr\/wp-content\/uploads\/2021\/03\/gorgonzola-louche.jpg?fit=546%2C600&ssl=1&resize=350%2C200","width":350,"height":200},"classes":[]},{"id":5753,"url":"https:\/\/www.passionfruits.fr\/index.php\/produit\/selles-sur-cher\/","url_meta":{"origin":5689,"position":2},"title":"Ch\u00e8vre Selles sur Cher la pi\u00e8ce","date":"7 d\u00e9cembre 2015","format":false,"excerpt":"41 130 Selles-sur-Cher. Le Selles-sur-Cher, au lait de ch\u00e8vre entier, se reconna\u00eet \u00e0 sa p\u00e2te molle de couleur blanche et \u00e0 sa cro\u00fbte cendr\u00e9e. Sa texture est fondante. Ingr\u00e9dients : lait de ch\u00e8vre , ferments, colorant : charbon v\u00e9g\u00e9tal, pr\u00e9sure. Valeurs nutritionnelles moyennes pour 100g Energie : 1231kj\/297kcal Mati\u00e8res grasses\u2026","rel":"","context":"Article similaire","img":{"alt_text":"","src":"https:\/\/i0.wp.com\/www.passionfruits.fr\/wp-content\/uploads\/2015\/12\/sellesurcher1.jpg?fit=598%2C596&ssl=1&resize=350%2C200","width":350,"height":200},"classes":[]},{"id":9988,"url":"https:\/\/www.passionfruits.fr\/index.php\/produit\/fournol-la-part-env-200-grs\/","url_meta":{"origin":5689,"position":3},"title":"Fournol \u00e0 la coupe part environ 200 grs","date":"6 janvier 2017","format":false,"excerpt":"Fromage au lait de vache pasteuris\u00e9. Fromage \u00e0 p\u00e2te molle \u00e0 cro\u00fbte lav\u00e9e. Fromage Auvergnat authentique et typique. Tr\u00e8s moelleux peut \u00eatre servi en plateau ou \u00eatre cuisin\u00e9. Ingr\u00e9dients : lait pasteuris\u00e9 de vache, (origine France), sel, coagulant,ferments, colorant : E160b 26% mati\u00e8res grasses produit fini Valeurs nutritionnelles moyennes pour\u2026","rel":"","context":"Article similaire","img":{"alt_text":"","src":"https:\/\/i1.wp.com\/www.passionfruits.fr\/wp-content\/uploads\/2017\/01\/fournol.jpg?fit=600%2C598&ssl=1&resize=350%2C200","width":350,"height":200},"classes":[]},{"id":17775,"url":"https:\/\/www.passionfruits.fr\/index.php\/produit\/moutarde-a-l-ancienne-le-pot-de-200g\/","url_meta":{"origin":5689,"position":4},"title":"Moutarde \u00e0 l' ancienne le pot de 200g","date":"21 mars 2021","format":false,"excerpt":"Ingr\u00e9dients : Graine de\u00a0moutarde, eau, vinaigre, sel Energie :\u00a0674kj\/163kcal Mati\u00e8res grasses\u00a011.7g dont acides gras satur\u00e9s\u00a00.9g Glucides\u00a04.2g dont sucres\u00a02.8g Fibres alimentaires\u00a05.3g Prot\u00e9ines\u00a07.6g Sel\u00a05.2g Distrazur 26780 Malataverne","rel":"","context":"Article similaire","img":{"alt_text":"","src":"https:\/\/i2.wp.com\/www.passionfruits.fr\/wp-content\/uploads\/2021\/03\/Moutarde563.jpg?fit=640%2C480&ssl=1&resize=350%2C200","width":350,"height":200},"classes":[]},{"id":5929,"url":"https:\/\/www.passionfruits.fr\/index.php\/produit\/crouton-le-sachet\/","url_meta":{"origin":5689,"position":5},"title":"Crouton nature le sachet de 100g","date":"7 d\u00e9cembre 2015","format":false,"excerpt":"Id\u00e9ale pour accompagner vos soupes ou vos salades. Ingr\u00e9dients : farine de bl\u00e9, huile de tournesol, levure, sel, lactose, prot\u00e9ines de lait. Valeurs nutritionnelles moyennes pour 100g Energie : 2097kj\/501kcal Mati\u00e8res grasses : 26g dont acides gras satur\u00e9s : 2.9g Glucides : 57.1g dont sucres 3.4g Prot\u00e9ines : 8.3g Sel\u2026","rel":"","context":"Article similaire","img":{"alt_text":"","src":"https:\/\/i0.wp.com\/www.passionfruits.fr\/wp-content\/uploads\/2015\/12\/crouton-nature.jpg?fit=600%2C588&ssl=1&resize=350%2C200","width":350,"height":200},"classes":[]}],"_links":{"self":[{"href":"https:\/\/www.passionfruits.fr\/index.php\/wp-json\/wp\/v2\/product\/5689"}],"collection":[{"href":"https:\/\/www.passionfruits.fr\/index.php\/wp-json\/wp\/v2\/product"}],"about":[{"href":"https:\/\/www.passionfruits.fr\/index.php\/wp-json\/wp\/v2\/types\/product"}],"replies":[{"embeddable":true,"href":"https:\/\/www.passionfruits.fr\/index.php\/wp-json\/wp\/v2\/comments?post=5689"}],"wp:featuredmedia":[{"embeddable":true,"href":"https:\/\/www.passionfruits.fr\/index.php\/wp-json\/wp\/v2\/media\/10600"}],"wp:attachment":[{"href":"https:\/\/www.passionfruits.fr\/index.php\/wp-json\/wp\/v2\/media?parent=5689"}],"curies":[{"name":"wp","href":"https:\/\/api.w.org\/{rel}","templated":true}]}}