{"id":5695,"date":"2015-12-07T11:34:33","date_gmt":"2015-12-07T10:34:33","guid":{"rendered":"http:\/\/www.andreclaude.fr\/web\/index.php\/produit\/parmesan-coupe-part-env-200-grs\/"},"modified":"2018-10-06T10:06:14","modified_gmt":"2018-10-06T09:06:14","slug":"parmesan-coupe-part-env-200-grs","status":"publish","type":"product","link":"https:\/\/www.passionfruits.fr\/index.php\/produit\/parmesan-coupe-part-env-200-grs\/","title":{"rendered":"Parmesan coupe part env. 200g"},"content":{"rendered":"<p>SS ROMANA SUD<\/p>\n<p>CARPI ITALIE<\/p>\n<p>&nbsp;<\/p>\n","protected":false},"excerpt":{"rendered":"<p>Fromage italien traditionnel de lait de vache, \u00e0 p\u00e2te cuite non press\u00e9e.<\/p>\n<p>Ingr\u00e9dients : <strong>lait<\/strong> de vache , sel, pr\u00e9sure<\/p>\n<p>Valeurs nutritionnelles moyennes pour 100g<\/p>\n<p>Energie : 1671kj\/402kcal<\/p>\n<p>Mati\u00e8res grasses : 30g dont acides gras satur\u00e9s : 20g<\/p>\n<p>Glucides : 0g dont sucres 0g<\/p>\n<p>Prot\u00e9ines : 32g<\/p>\n<p>Sel : 1.6g<\/p>\n<p>&nbsp;<\/p>\n","protected":false},"featured_media":7447,"comment_status":"closed","ping_status":"closed","template":"","meta":{"spay_email":"","jetpack_publicize_message":"","jetpack_is_tweetstorm":false},"jetpack_publicize_connections":[],"jetpack_sharing_enabled":true,"jetpack-related-posts":[{"id":9988,"url":"https:\/\/www.passionfruits.fr\/index.php\/produit\/fournol-la-part-env-200-grs\/","url_meta":{"origin":5695,"position":0},"title":"Fournol \u00e0 la coupe part environ 200 grs","date":"6 janvier 2017","format":false,"excerpt":"Fromage au lait de vache pasteuris\u00e9. Fromage \u00e0 p\u00e2te molle \u00e0 cro\u00fbte lav\u00e9e. Fromage Auvergnat authentique et typique. Tr\u00e8s moelleux peut \u00eatre servi en plateau ou \u00eatre cuisin\u00e9. Ingr\u00e9dients : lait pasteuris\u00e9 de vache, (origine France), sel, coagulant,ferments, colorant : E160b 26% mati\u00e8res grasses produit fini Valeurs nutritionnelles moyennes pour\u2026","rel":"","context":"Article similaire","img":{"alt_text":"","src":"https:\/\/i1.wp.com\/www.passionfruits.fr\/wp-content\/uploads\/2017\/01\/fournol.jpg?fit=600%2C598&ssl=1&resize=350%2C200","width":350,"height":200},"classes":[]},{"id":10590,"url":"https:\/\/www.passionfruits.fr\/index.php\/produit\/gouda-au-cumin-les-100grs\/","url_meta":{"origin":5695,"position":1},"title":"Gouda au cumin part env. 200g","date":"13 mai 2017","format":false,"excerpt":"Une p\u00e2te press\u00e9e non cuite tendre\u00a0qui nous vient des Pays-Bas l\u2019autre pays du fromage ! Parfum\u00e9e au cumin, id\u00e9ale pour apporter une touche d\u2019originalit\u00e9 \u00e0 vos ap\u00e9ritifs, vos plateaux de fromages ou \u00e0 votre cuisine. Ingr\u00e9dients : lait pasteuris\u00e9 de vache, sel, cumin 1% ferments lactiques, pr\u00e9sure, colorant E160a Valeurs\u2026","rel":"","context":"Article similaire","img":{"alt_text":"","src":"https:\/\/i1.wp.com\/www.passionfruits.fr\/wp-content\/uploads\/2017\/05\/gouda-cumin.jpg?fit=600%2C600&ssl=1&resize=350%2C200","width":350,"height":200},"classes":[]},{"id":5776,"url":"https:\/\/www.passionfruits.fr\/index.php\/produit\/mimolette-extra-vieille-18-mois-petite-part-env-150-grs\/","url_meta":{"origin":5695,"position":2},"title":"Mimolette part environ 200 grs","date":"7 d\u00e9cembre 2015","format":false,"excerpt":"Mimolette Extra vieille. Fromage au lait pasteuris\u00e9 de vache. La mimolette extra vieille ou boule de Lille est un fromage \u00e0 p\u00e2te ferme s\u00e8che et cassante, tr\u00e8s dense et de couleur rouge orang\u00e9e . Son go\u00fbt est soutenu avec des ar\u00f4mes de caf\u00e9 assez marqu\u00e9s. La coloration de sa p\u00e2te\u2026","rel":"","context":"Article similaire","img":{"alt_text":"","src":"https:\/\/i1.wp.com\/www.passionfruits.fr\/wp-content\/uploads\/2015\/12\/mimolette.jpg?fit=849%2C565&ssl=1&resize=350%2C200","width":350,"height":200},"classes":[]},{"id":5643,"url":"https:\/\/www.passionfruits.fr\/index.php\/produit\/beaufort-petite-part-env-150-grs\/","url_meta":{"origin":5695,"position":3},"title":"Beaufort de Savoie part env. 200g","date":"7 d\u00e9cembre 2015","format":false,"excerpt":"Le Beaufort s\u2019appr\u00e9cie tr\u00e8s bien en fin de repas, mais aussi en ap\u00e9ritif, coup\u00e9 en petits cubes. Il sert \u00e0 confectionner la fondue savoyarde et entre dans la composition de tartes, de gratins... Fromage \u00e0 p\u00e2te press\u00e9e cuite au Lait cru Ingr\u00e9dients : lait cru entier sel ferments lactiques (lait)\u2026","rel":"","context":"Article similaire","img":{"alt_text":"","src":"https:\/\/i2.wp.com\/www.passionfruits.fr\/wp-content\/uploads\/2015\/12\/beaufort.jpg?fit=849%2C566&ssl=1&resize=350%2C200","width":350,"height":200},"classes":[]},{"id":10674,"url":"https:\/\/www.passionfruits.fr\/index.php\/produit\/camembert-gaslonde-la-piece\/","url_meta":{"origin":5695,"position":4},"title":"Camembert Isigny lait cru la pi\u00e8ce","date":"6 juin 2017","format":false,"excerpt":"Affinage\u00a0:\u00a02 \u00e0 4 semaines Au Lait CRU de vaches Normandes moulage manuel \u00e0 la louche. Bouquet puissant et saveur de terroir, LE CAMEMBERT\u00a0! LE VRAI\u00a0! Ingr\u00e9dients : lait cru de vache (Origine France Normandie) ferments, pr\u00e9sure, sel. Valeurs nutritionnelles pour 100g Energie : 1177kj\/284 kcal Mati\u00e8res grasses : 21.9g dont\u2026","rel":"","context":"Article similaire","img":{"alt_text":"","src":"https:\/\/i2.wp.com\/www.passionfruits.fr\/wp-content\/uploads\/2017\/06\/camembert-isigny.jpg?fit=600%2C598&ssl=1&resize=350%2C200","width":350,"height":200},"classes":[]},{"id":5736,"url":"https:\/\/www.passionfruits.fr\/index.php\/produit\/galet-de-la-loire\/","url_meta":{"origin":5695,"position":5},"title":"Galet de la Loire la pi\u00e8ce environ 260g","date":"7 d\u00e9cembre 2015","format":false,"excerpt":"Fromage au lait de vache pasteuris\u00e9 \u00e0 patte molle. Sans odeur, et en bouche il est d\u00e9licat et onctueux. Fromage d'Anjou au lait pasteuris\u00e9 et cr\u00e8me (origine France), ferments, pr\u00e9sure,sel. Fabriqu\u00e9 dans une fromagerie transformant du lait de ch\u00e8vre et du lait du vache. Valeurs nutritionnelles moyennes pour 100g Energie\u2026","rel":"","context":"Article similaire","img":{"alt_text":"","src":"https:\/\/i1.wp.com\/www.passionfruits.fr\/wp-content\/uploads\/2015\/12\/galet-de-la-loire.jpg?fit=599%2C599&ssl=1&resize=350%2C200","width":350,"height":200},"classes":[]}],"_links":{"self":[{"href":"https:\/\/www.passionfruits.fr\/index.php\/wp-json\/wp\/v2\/product\/5695"}],"collection":[{"href":"https:\/\/www.passionfruits.fr\/index.php\/wp-json\/wp\/v2\/product"}],"about":[{"href":"https:\/\/www.passionfruits.fr\/index.php\/wp-json\/wp\/v2\/types\/product"}],"replies":[{"embeddable":true,"href":"https:\/\/www.passionfruits.fr\/index.php\/wp-json\/wp\/v2\/comments?post=5695"}],"wp:featuredmedia":[{"embeddable":true,"href":"https:\/\/www.passionfruits.fr\/index.php\/wp-json\/wp\/v2\/media\/7447"}],"wp:attachment":[{"href":"https:\/\/www.passionfruits.fr\/index.php\/wp-json\/wp\/v2\/media?parent=5695"}],"curies":[{"name":"wp","href":"https:\/\/api.w.org\/{rel}","templated":true}]}}