{"id":5701,"date":"2015-12-07T11:34:33","date_gmt":"2015-12-07T10:34:33","guid":{"rendered":"http:\/\/www.andreclaude.fr\/web\/index.php\/produit\/cantal-part-env-200-grs\/"},"modified":"2022-09-06T16:19:50","modified_gmt":"2022-09-06T15:19:50","slug":"cantal-part-env-200-grs","status":"publish","type":"product","link":"https:\/\/www.passionfruits.fr\/index.php\/produit\/cantal-part-env-200-grs\/","title":{"rendered":"Cantal jeune part environ 200 grs"},"content":{"rendered":"<p>Fabriqu\u00e9 par :<\/p>\n<p>Les fromageries Occitanes<\/p>\n<p>LFO La Chatelgneraie<\/p>\n<p>15220 Saint MAMET<\/p>\n","protected":false},"excerpt":{"rendered":"<p>Originaire du Massif central et fabriqu\u00e9 \u00e0 partir de lait pasteuris\u00e9\u00a0 de vache.Le saviez-vous\u00a0? Pour fabriquer une fourme de Cantal, il faut\u00a0: 400 litres de lait. En fonction de son \u00e2ge, le fromage est appel\u00e9\u00a0: Cantal jeune\u00a0: affin\u00e9 de 30 \u00e0 60 jours, Cantal \u00a0entre-deux\u00a0: affin\u00e9 de 90 \u00e0 210 jours Cantal \u00a0vieux\u00a0: affin\u00e9 plus de 240 jours.<\/p>\n<p>Ingr\u00e9dients : <strong>lait<\/strong> pasteuris\u00e9 de vache (France 97.4%), sel (2%), pr\u00e9sure ( 0.02%), chlorure de calcium (0.02%), <strong>ferments lactiques<\/strong> (0.02%)<\/p>\n<p>Valeurs nutritionnelles moyennes pour 100 g<\/p>\n<p>Energie : 1544Kj\/ 372 kcal<\/p>\n<p>Lipides : 30g dont acides gras satur\u00e9s : 22g<\/p>\n<p>Glucides : 1.5g dont sucres : 0.5g<\/p>\n<p>Prot\u00e9ines : 24 g<\/p>\n<p>Sel : 1.9g<\/p>\n<p>&nbsp;<\/p>\n","protected":false},"featured_media":7700,"comment_status":"closed","ping_status":"closed","template":"","meta":{"spay_email":"","jetpack_publicize_message":"","jetpack_is_tweetstorm":false},"jetpack_publicize_connections":[],"jetpack_sharing_enabled":true,"jetpack-related-posts":[{"id":5697,"url":"https:\/\/www.passionfruits.fr\/index.php\/produit\/fourme-dambert-part-env-150-grs\/","url_meta":{"origin":5701,"position":0},"title":"Fourme d' ambert part environ 150g","date":"7 d\u00e9cembre 2015","format":false,"excerpt":"La Fourme d'Ambert est un fromage au lait pasteuris\u00e9\u00a0 de vache. Avec sa saveur d\u00e9licate, ses notes parfum\u00e9es et un go\u00fbt tout doux et tout en rondeur, la Fourme d\u2019Ambert se d\u00e9marque de tous les fromages bleus. C\u2019est toute cette douceur qui lui permet\u00a0de s\u2019accommoder \u00e0 tous les moments clefs\u2026","rel":"","context":"Article similaire","img":{"alt_text":"","src":"https:\/\/i0.wp.com\/www.passionfruits.fr\/wp-content\/uploads\/2015\/12\/fourme-d-ambert.jpg?fit=600%2C600&ssl=1&resize=350%2C200","width":350,"height":200},"classes":[]},{"id":6034,"url":"https:\/\/www.passionfruits.fr\/index.php\/produit\/fromage-du-cure-affine-au-muscadet-specialite-nantaise-part-env-250-grs\/","url_meta":{"origin":5701,"position":1},"title":"Fromage du cur\u00e9 part env. 200g","date":"7 d\u00e9cembre 2015","format":false,"excerpt":"Fromage du cur\u00e9 au lait cru entier de vache affin\u00e9 au muscadet sp\u00e9cialit\u00e9 de la r\u00e9gion Nantaise de fabrication artisanale est un assez surprenant ! avec une texture tr\u00e8s souple et onctueuse, fondante en bouche mais ne coulant pas . Le fait de la frotter au Muscadet lui donne un\u2026","rel":"","context":"Article similaire","img":{"alt_text":"","src":"https:\/\/i0.wp.com\/www.passionfruits.fr\/wp-content\/uploads\/2015\/12\/cure-nantais.jpg?fit=600%2C600&ssl=1&resize=350%2C200","width":350,"height":200},"classes":[]},{"id":5780,"url":"https:\/\/www.passionfruits.fr\/index.php\/produit\/emmental-petite-part-env-150-grs\/","url_meta":{"origin":5701,"position":2},"title":"Emmental la part environ 200 grs","date":"7 d\u00e9cembre 2015","format":false,"excerpt":"Fromage \u00e0 p\u00e2te press\u00e9e cuite, fabriqu\u00e9 \u00e0 partir de lait cru de vache (98.68% ), ferments lactiques (1%), sel (0.3%), pr\u00e9sure(0.02%). Valeurs nutritionnelles moyennes pour 100g : Energie : 396kcal \/ 1643kj \u00a0 Mati\u00e8res grasses : 31g sur produit fini dont acides gras satur\u00e9s : 20g Prot\u00e9ines : 29g Glucides\u2026","rel":"","context":"Article similaire","img":{"alt_text":"","src":"https:\/\/i1.wp.com\/www.passionfruits.fr\/wp-content\/uploads\/2015\/12\/emmental-francais.jpg?fit=600%2C600&ssl=1&resize=350%2C200","width":350,"height":200},"classes":[]},{"id":10545,"url":"https:\/\/www.passionfruits.fr\/index.php\/produit\/tomme-blanche-part-200grs-environ\/","url_meta":{"origin":5701,"position":3},"title":"Tomme blanche part environ 350 grs","date":"8 mai 2017","format":false,"excerpt":"Son go\u00fbt tr\u00e8s doux, l\u00e9g\u00e8rement acidul\u00e9 et sal\u00e9 s\u00e9duira le plus grand nombre!!! La tomme blanche\u00a0est un fromage \u00e0 p\u00e2te fraiche fait \u00e0 partir d\u2019une\u00a0faisselle\u00a0compos\u00e9 de\u00a0lait caill\u00e9\u00a0avec de la\u00a0pr\u00e9sure, elle est \u00e9labor\u00e9e en Savoie. La fabrication de ce fromage se fait \u00e0 partir du caill\u00e9 pr\u00e9lev\u00e9 en d\u00e9but d\u2019op\u00e9ration de\u2026","rel":"","context":"Article similaire","img":{"alt_text":"","src":"https:\/\/i0.wp.com\/www.passionfruits.fr\/wp-content\/uploads\/2017\/05\/tomme-blanche03.jpg?fit=529%2C600&ssl=1&resize=350%2C200","width":350,"height":200},"classes":[]},{"id":5726,"url":"https:\/\/www.passionfruits.fr\/index.php\/produit\/gruyere-rape-barq-150-grs\/","url_meta":{"origin":5701,"position":4},"title":"Gruy\u00e8re rap\u00e9 barquette 125 grs","date":"7 d\u00e9cembre 2015","format":false,"excerpt":"Conditionn\u00e9 en barquette refermable \u00e0 volont\u00e9 pour garder toute sa saveur. Fromage \u00e0 p\u00e2te press\u00e9e cuite, fabriqu\u00e9 \u00e0 partir de lait cru de vache (98.68% ), ferments lactiques (1%), sel (0.3%), pr\u00e9sure(0.02%). Valeurs nutritionnelles moyennes pour 100g : Energie : 396kcal \/ 1643kj Mati\u00e8res grasses : 31g sur produit fini\u2026","rel":"","context":"Article similaire","img":{"alt_text":"","src":"https:\/\/i1.wp.com\/www.passionfruits.fr\/wp-content\/uploads\/2015\/12\/rape.jpg?fit=500%2C500&ssl=1&resize=350%2C200","width":350,"height":200},"classes":[]},{"id":5646,"url":"https:\/\/www.passionfruits.fr\/index.php\/produit\/roule-ail-et-fines-herbes-part-env-150-grs\/","url_meta":{"origin":5701,"position":5},"title":"Roul\u00e9 ail et fine herbe part environ 100 grs","date":"7 d\u00e9cembre 2015","format":false,"excerpt":"Le Roul\u00e9 est un fromage de vache frais fabriqu\u00e9 dans notre fromagerie des Vosges. Son go\u00fbt \u00e9quilibr\u00e9 d\u2019ail et de fines herbes et sa texture onctueuse en font une sp\u00e9cialit\u00e9 incontournable du plateau de fromage. Ingr\u00e9dients : Lait et cr\u00e8me pasteuris\u00e9s, sel, amidon, ail (0.7%), fines herbes (0.4%), conservateur :\u2026","rel":"","context":"Article similaire","img":{"alt_text":"","src":"https:\/\/i2.wp.com\/www.passionfruits.fr\/wp-content\/uploads\/2015\/12\/roule.jpg?fit=300%2C300&ssl=1&resize=350%2C200","width":350,"height":200},"classes":[]}],"_links":{"self":[{"href":"https:\/\/www.passionfruits.fr\/index.php\/wp-json\/wp\/v2\/product\/5701"}],"collection":[{"href":"https:\/\/www.passionfruits.fr\/index.php\/wp-json\/wp\/v2\/product"}],"about":[{"href":"https:\/\/www.passionfruits.fr\/index.php\/wp-json\/wp\/v2\/types\/product"}],"replies":[{"embeddable":true,"href":"https:\/\/www.passionfruits.fr\/index.php\/wp-json\/wp\/v2\/comments?post=5701"}],"wp:featuredmedia":[{"embeddable":true,"href":"https:\/\/www.passionfruits.fr\/index.php\/wp-json\/wp\/v2\/media\/7700"}],"wp:attachment":[{"href":"https:\/\/www.passionfruits.fr\/index.php\/wp-json\/wp\/v2\/media?parent=5701"}],"curies":[{"name":"wp","href":"https:\/\/api.w.org\/{rel}","templated":true}]}}