{"id":5726,"date":"2015-12-07T11:34:54","date_gmt":"2015-12-07T10:34:54","guid":{"rendered":"http:\/\/www.andreclaude.fr\/web\/index.php\/produit\/gruyere-rape-barq-150-grs\/"},"modified":"2025-11-22T09:24:17","modified_gmt":"2025-11-22T08:24:17","slug":"gruyere-rape-barq-150-grs","status":"publish","type":"product","link":"https:\/\/www.passionfruits.fr\/index.php\/produit\/gruyere-rape-barq-150-grs\/","title":{"rendered":"Gruy\u00e8re rap\u00e9 barquette 125 grs"},"content":{"rendered":"<p>Fromagerie Chabert<\/p>\n<p><span class=\"LrzXr\">710 Route de Val de Fier,<\/span><\/p>\n<p><span class=\"LrzXr\"> 74150 Valli\u00e8res<\/span><\/p>\n","protected":false},"excerpt":{"rendered":"<p>Conditionn\u00e9 en barquette refermable \u00e0 volont\u00e9 pour garder toute sa saveur.<\/p>\n<p>Fromage \u00e0 p\u00e2te press\u00e9e cuite, fabriqu\u00e9 \u00e0 partir de <strong>lait<\/strong> cru de vache (98.68% ), ferments lactiques (1%), sel (0.3%), pr\u00e9sure(0.02%).<\/p>\n<p>Valeurs nutritionnelles moyennes pour 100g :<\/p>\n<p>Energie : 396kcal \/ 1643kj<\/p>\n<p>Mati\u00e8res grasses : 31g sur produit fini dont acides gras satur\u00e9s : 20g<\/p>\n<p>Prot\u00e9ines : 29g<\/p>\n<p>Glucides : &lt;0.5g dont sucres &lt;0.5g<\/p>\n","protected":false},"featured_media":17615,"comment_status":"closed","ping_status":"closed","template":"","meta":{"spay_email":"","jetpack_publicize_message":"","jetpack_is_tweetstorm":false},"jetpack_publicize_connections":[],"jetpack_sharing_enabled":true,"jetpack-related-posts":[{"id":5356,"url":"https:\/\/www.passionfruits.fr\/index.php\/produit\/raisin-sec-blond-barq-250-g\/","url_meta":{"origin":5726,"position":0},"title":"Raisin sec blond Afrique du sud Cat 1 la barquette 300 g environ","date":"7 d\u00e9cembre 2015","format":false,"excerpt":"Fruit\u00e9 et dor\u00e9 \u00e0 souhait, le raisin blond sec met du caract\u00e8re aussi bien dans les recettes sucr\u00e9es que sal\u00e9es. Conditionn\u00e9 en barquette refermable \u00e0 volont\u00e9 pour garder toute sa saveur. Ingr\u00e9dients : agent enrobage,huile non hydrog\u00e9n\u00e9e de tournesol,conservateur anhydride sulfureux. Valeurs \u00e9nerg\u00e9tiques et nutritionnelles moyennes pour 100g : Energie\u2026","rel":"","context":"Article similaire","img":{"alt_text":"","src":"https:\/\/i2.wp.com\/www.passionfruits.fr\/wp-content\/uploads\/2015\/12\/raisin-blon-du-chili.jpg?fit=600%2C600&ssl=1&resize=350%2C200","width":350,"height":200},"classes":[]},{"id":5358,"url":"https:\/\/www.passionfruits.fr\/index.php\/produit\/raisin-sec-flame-barq-250-g\/","url_meta":{"origin":5726,"position":1},"title":"Raisin sec Afrique du sud Cat 1 Flame la barquette 300 g environ","date":"7 d\u00e9cembre 2015","format":false,"excerpt":"Les raisins secs sont des raisins s\u00e9ch\u00e9s. Ils peuvent \u00eatre consomm\u00e9s crus tels quels ou \u00eatre utilis\u00e9s cuits dans certaines recettes. Conditionn\u00e9 en barquette refermable \u00e0 volont\u00e9 pour garder toute sa saveur. Ingr\u00e9dients : raisin Sultanine, huile de tournesol Traces possibles d'arachides et de fruits \u00e0 coque. Valeurs \u00e9nerg\u00e9tiques et\u2026","rel":"","context":"Article similaire","img":{"alt_text":"","src":"https:\/\/i2.wp.com\/www.passionfruits.fr\/wp-content\/uploads\/2015\/12\/raisin_sec.jpg?fit=400%2C400&ssl=1&resize=350%2C200","width":350,"height":200},"classes":[]},{"id":13006,"url":"https:\/\/www.passionfruits.fr\/index.php\/produit\/veloute-asperge-74-cl\/","url_meta":{"origin":5726,"position":2},"title":"Velout\u00e9 Asperge 74 cl","date":"6 novembre 2018","format":false,"excerpt":"Velout\u00e9 st\u00e9rilis\u00e9. Sans conservateur, ni colorant, conform\u00e9ment \u00e0 la l\u00e9gislation. Apr\u00e8s ouverture, conserver \u00e0 4 \u00b0 et \u00e0 consommer dans les 24 heures. Ingr\u00e9dients : eaux, asperges 14%, pommes de terre,\u00a0 cr\u00e8me (lait),\u00a0 amidon modifi\u00e9,\u00a0 sel. Valeurs nutritionnelles moyennes pour 100g Energie : 132kj\/32 kcal Mati\u00e8res grasses : 1.7g dont\u2026","rel":"","context":"Article similaire","img":{"alt_text":"","src":"https:\/\/i2.wp.com\/www.passionfruits.fr\/wp-content\/uploads\/2018\/11\/61505.jpg?fit=599%2C600&ssl=1&resize=350%2C200","width":350,"height":200},"classes":[]},{"id":5780,"url":"https:\/\/www.passionfruits.fr\/index.php\/produit\/emmental-petite-part-env-150-grs\/","url_meta":{"origin":5726,"position":3},"title":"Emmental la part environ 200 grs","date":"7 d\u00e9cembre 2015","format":false,"excerpt":"Fromage \u00e0 p\u00e2te press\u00e9e cuite, fabriqu\u00e9 \u00e0 partir de lait cru de vache (98.68% ), ferments lactiques (1%), sel (0.3%), pr\u00e9sure(0.02%). Valeurs nutritionnelles moyennes pour 100g : Energie : 396kcal \/ 1643kj \u00a0 Mati\u00e8res grasses : 31g sur produit fini dont acides gras satur\u00e9s : 20g Prot\u00e9ines : 29g Glucides\u2026","rel":"","context":"Article similaire","img":{"alt_text":"","src":"https:\/\/i1.wp.com\/www.passionfruits.fr\/wp-content\/uploads\/2015\/12\/emmental-francais.jpg?fit=600%2C600&ssl=1&resize=350%2C200","width":350,"height":200},"classes":[]},{"id":5772,"url":"https:\/\/www.passionfruits.fr\/index.php\/produit\/brie-de-meaux-lait-cru-renard-gilard-petite-part-env-150-grs\/","url_meta":{"origin":5726,"position":4},"title":"Brie de Meaux part environ 200g","date":"7 d\u00e9cembre 2015","format":false,"excerpt":"Fromage \u00e0 p\u00e2te molle au lait cru Ingr\u00e9dients : lait cru, sel, pr\u00e9sure, ferments. Valeurs nutritionnelles moyennes pour 100g Energie : 1188kj\/286kcal Mati\u00e8res grasses : 22g dont acides gras satur\u00e9s : 15g Glucides : <0.5g dont sucres <0.5g Prot\u00e9ines : 22g Sel : 1.8g Fromagerie\u00a0 Renard Gillard 55290 BIENCOURT SUR\u2026","rel":"","context":"Article similaire","img":{"alt_text":"","src":"https:\/\/i0.wp.com\/www.passionfruits.fr\/wp-content\/uploads\/2015\/12\/brie.jpg?fit=600%2C600&ssl=1&resize=350%2C200","width":350,"height":200},"classes":[]},{"id":5679,"url":"https:\/\/www.passionfruits.fr\/index.php\/produit\/beurre-12-sel-a-la-motte-petite-part-env-125\/","url_meta":{"origin":5726,"position":5},"title":"Beurre 1\/2 sel \u00e0 la motte - les 125 grs","date":"7 d\u00e9cembre 2015","format":false,"excerpt":"Pour accompagner les fromages, les salaisons, et m\u00eame une bonne confiture traditionnelle, il faut du bon pain et surtout du bon beurre de qualit\u00e9 doux ou demi-sel suivant votre pr\u00e9f\u00e9rence. La motte s\u2019 offre \u00e0 vous et vous propose de red\u00e9couvrir la vraie saveur du beurre authentique. Cr\u00e8me pasteuris\u00e9 de\u2026","rel":"","context":"Article similaire","img":{"alt_text":"","src":"https:\/\/i2.wp.com\/www.passionfruits.fr\/wp-content\/uploads\/2015\/12\/Beurre.jpg?fit=600%2C598&ssl=1&resize=350%2C200","width":350,"height":200},"classes":[]}],"_links":{"self":[{"href":"https:\/\/www.passionfruits.fr\/index.php\/wp-json\/wp\/v2\/product\/5726"}],"collection":[{"href":"https:\/\/www.passionfruits.fr\/index.php\/wp-json\/wp\/v2\/product"}],"about":[{"href":"https:\/\/www.passionfruits.fr\/index.php\/wp-json\/wp\/v2\/types\/product"}],"replies":[{"embeddable":true,"href":"https:\/\/www.passionfruits.fr\/index.php\/wp-json\/wp\/v2\/comments?post=5726"}],"wp:featuredmedia":[{"embeddable":true,"href":"https:\/\/www.passionfruits.fr\/index.php\/wp-json\/wp\/v2\/media\/17615"}],"wp:attachment":[{"href":"https:\/\/www.passionfruits.fr\/index.php\/wp-json\/wp\/v2\/media?parent=5726"}],"curies":[{"name":"wp","href":"https:\/\/api.w.org\/{rel}","templated":true}]}}