{"id":5728,"date":"2015-12-07T11:34:54","date_gmt":"2015-12-07T10:34:54","guid":{"rendered":"http:\/\/www.andreclaude.fr\/web\/index.php\/produit\/mascarpone-250-grs\/"},"modified":"2022-10-11T15:23:34","modified_gmt":"2022-10-11T14:23:34","slug":"mascarpone-250-grs","status":"publish","type":"product","link":"https:\/\/www.passionfruits.fr\/index.php\/produit\/mascarpone-250-grs\/","title":{"rendered":"Mascarpone &#8211; le pot 250 grs"},"content":{"rendered":"<p>Fabriqu\u00e9 en Italie<\/p>\n<p>SAS CIPF CODIPAL<\/p>\n<p>28 Place St Thi\u00e9bault<\/p>\n<p>57000 METZ<\/p>\n","protected":false},"excerpt":{"rendered":"<p>Le Mascarpone est un fromage frais cr\u00e9meux au go\u00fbt tr\u00e8s fin. L\u2019onctuosit\u00e9 et la finesse de la\u00a0 mascarpone seront vos meilleures alli\u00e9es pour r\u00e9ussir toutes vos pr\u00e9parations culinaires. Il est surtout connu pour la recette du tiramisu et il peut remplacer la cr\u00e8me fra\u00eeche ou la chantilly.<\/p>\n<p>Fromage triple <strong>cr\u00e8me<\/strong> \u00e0 la <strong>cr\u00e8m<\/strong>e et au<strong> lait<\/strong> pasteuris\u00e9s.<\/p>\n<p>Ingr\u00e9dients : <strong>cr\u00e8me<\/strong> pasteuris\u00e9e,<strong> lait<\/strong>, correcteur d&#8217;acidit\u00e9 E330<\/p>\n<p>Valeurs nutritionnelles moyennes pour 100g<\/p>\n<p>Energie : 1588kj\/385kcal<\/p>\n<p>Mati\u00e8res grasses : 40g dont acides gras satur\u00e9s : 27g<\/p>\n<p>Glucides : 2.5g dont sucres : 2.5g<\/p>\n<p>Prot\u00e9ines : 3.8g<\/p>\n<p>Sel : 0.10G<\/p>\n<p>&nbsp;<\/p>\n<p>&nbsp;<\/p>\n","protected":false},"featured_media":5729,"comment_status":"closed","ping_status":"closed","template":"","meta":{"spay_email":"","jetpack_publicize_message":"","jetpack_is_tweetstorm":false},"jetpack_publicize_connections":[],"jetpack_sharing_enabled":true,"jetpack-related-posts":[{"id":5755,"url":"https:\/\/www.passionfruits.fr\/index.php\/produit\/creme-fraiche-artisanale-pot-de-250-grs\/","url_meta":{"origin":5728,"position":0},"title":"Cr\u00e8me fra\u00eeche Artisanale - pot 250 grs","date":"7 d\u00e9cembre 2015","format":false,"excerpt":"Le Petit Tr\u00f4o .La cr\u00e8me est obtenue \u00e0 partir de l\u2019\u00e9cr\u00e9mage du lait frais, puis pasteuris\u00e9e. La maturation avec l\u2019apport de ferments lactiques lui procure son go\u00fbt g\u00e9n\u00e9reux et sa consistance \u00e9paisse. Fondante en bouche, avec sa belle robe ivoire, elle accompagne d\u00e9licieusement les pr\u00e9parations culinaires. Ingr\u00e9dients : cr\u00e8me issue\u2026","rel":"","context":"Article similaire","img":{"alt_text":"","src":"https:\/\/i1.wp.com\/www.passionfruits.fr\/wp-content\/uploads\/2015\/12\/creme-fraiche.png?fit=600%2C600&ssl=1&resize=350%2C200","width":350,"height":200},"classes":[]},{"id":5979,"url":"https:\/\/www.passionfruits.fr\/index.php\/produit\/creme-fraiche-artisanale-pot-de-1-kg\/","url_meta":{"origin":5728,"position":1},"title":"Cr\u00e8me fra\u00eeche Artisanale - pot de 1 kg","date":"7 d\u00e9cembre 2015","format":false,"excerpt":"Le Petit Tr\u00f4o .\u00a0La cr\u00e8me est obtenue \u00e0 partir de l\u2019\u00e9cr\u00e9mage du lait frais, puis pasteuris\u00e9e. La maturation avec l\u2019apport de ferments lactiques lui procure son go\u00fbt g\u00e9n\u00e9reux et sa consistance \u00e9paisse. Fondante en bouche, avec sa belle robe ivoire, elle accompagne d\u00e9licieusement les pr\u00e9parations culinaires. Ingr\u00e9dients : cr\u00e8me issue\u2026","rel":"","context":"Article similaire","img":{"alt_text":"","src":"https:\/\/i1.wp.com\/www.passionfruits.fr\/wp-content\/uploads\/2015\/12\/creme-fraiche.png?fit=600%2C600&ssl=1&resize=350%2C200","width":350,"height":200},"classes":[]},{"id":5977,"url":"https:\/\/www.passionfruits.fr\/index.php\/produit\/creme-fraiche-artisanale-pot-de-500-grs\/","url_meta":{"origin":5728,"position":2},"title":"Cr\u00e8me fra\u00eeche Artisanale - pot 500 grs","date":"7 d\u00e9cembre 2015","format":false,"excerpt":"Le Petit Tr\u00f4o . La cr\u00e8me est obtenue \u00e0 partir de l\u2019\u00e9cr\u00e9mage du lait frais, puis pasteuris\u00e9e. La maturation avec l\u2019apport de ferments lactiques lui procure son go\u00fbt g\u00e9n\u00e9reux et sa consistance \u00e9paisse. Fondante en bouche, avec sa belle robe ivoire, elle accompagne d\u00e9licieusement les pr\u00e9parations culinaires. Ingr\u00e9dients : cr\u00e8me\u2026","rel":"","context":"Article similaire","img":{"alt_text":"","src":"https:\/\/i1.wp.com\/www.passionfruits.fr\/wp-content\/uploads\/2015\/12\/creme-fraiche.png?fit=600%2C600&ssl=1&resize=350%2C200","width":350,"height":200},"classes":[]},{"id":5675,"url":"https:\/\/www.passionfruits.fr\/index.php\/produit\/petit-troo\/","url_meta":{"origin":5728,"position":3},"title":"Petit Tr\u00f4o la pi\u00e8ce environ 150g","date":"7 d\u00e9cembre 2015","format":false,"excerpt":"Laiterie de 41 800 Montoire sur Loir ( Loir et cher). Le Petit Tr\u00f4o est un fromage au lait de vache pasteuris\u00e9, \u00e0 p\u00e2te ferme et douce de saveur, rev\u00eatu d\u2019 une cro\u00fbte l\u00e9g\u00e8rement fleurie jaune cr\u00e8me \u00e0 blanc cass\u00e9. Valeurs nutritionnelles moyennes pour 100g Energie : 1174kj\/283kcal Mati\u00e8res grasses\u2026","rel":"","context":"Article similaire","img":{"alt_text":"","src":"https:\/\/i0.wp.com\/www.passionfruits.fr\/wp-content\/uploads\/2015\/12\/petit-troo.jpg?fit=600%2C598&ssl=1&resize=350%2C200","width":350,"height":200},"classes":[]},{"id":18826,"url":"https:\/\/www.passionfruits.fr\/index.php\/produit\/sauce-guacamole-le-pot-de-300-grs\/","url_meta":{"origin":5728,"position":4},"title":"Sauce Guacamole le pot de 300 grs","date":"20 mai 2022","format":false,"excerpt":"Eau, avocat (14% - origine : P\u00e9rou), oignon, poivron vert, tomates, mascarpone (contient du LAIT), LAIT, acidifiant: E330), cr\u00e8me (LAIT), huile de colza, amidon modifi\u00e9 de ma\u00efs, sucre, piment vert, poivron rouge, sel, piments Jalape\u00f1o, acidifiant: E270; antioxydant: E300; jus de citron concentr\u00e9, \u00e9pices (<2% - cumin, piment de Cayenne),\u2026","rel":"","context":"Article similaire","img":{"alt_text":"","src":"https:\/\/i0.wp.com\/www.passionfruits.fr\/wp-content\/uploads\/2022\/05\/622182.jpg?fit=600%2C600&ssl=1&resize=350%2C200","width":350,"height":200},"classes":[]},{"id":5703,"url":"https:\/\/www.passionfruits.fr\/index.php\/produit\/creme-anglaise-1-litre\/","url_meta":{"origin":5728,"position":5},"title":"Cr\u00e8me anglaise Brique de 1 litre","date":"7 d\u00e9cembre 2015","format":false,"excerpt":"La cr\u00e8me anglaise est pr\u00eate \u00e0 servir pour accompagner tous les desserts, napper ou assembler. Elle convient \u00e0 toutes les pr\u00e9parations de dessert. St\u00e9r\u00e9lis\u00e9e UHT Ingr\u00e9dients : Lait \u00e9cr\u00e9m\u00e9, sucre, cr\u00e8me 7.5%, amidon transform\u00e9, ar\u00f4me, g\u00e9lifiant; carragh\u00e9nanes, sel, colorants : caramel ordinaire et b\u00eata-carot\u00e8ne. Lait et cr\u00e8me origine France Valeurs\u2026","rel":"","context":"Article similaire","img":{"alt_text":"","src":"https:\/\/i2.wp.com\/www.passionfruits.fr\/wp-content\/uploads\/2015\/12\/creme-anglaise-uht.jpg?fit=600%2C600&ssl=1&resize=350%2C200","width":350,"height":200},"classes":[]}],"_links":{"self":[{"href":"https:\/\/www.passionfruits.fr\/index.php\/wp-json\/wp\/v2\/product\/5728"}],"collection":[{"href":"https:\/\/www.passionfruits.fr\/index.php\/wp-json\/wp\/v2\/product"}],"about":[{"href":"https:\/\/www.passionfruits.fr\/index.php\/wp-json\/wp\/v2\/types\/product"}],"replies":[{"embeddable":true,"href":"https:\/\/www.passionfruits.fr\/index.php\/wp-json\/wp\/v2\/comments?post=5728"}],"wp:featuredmedia":[{"embeddable":true,"href":"https:\/\/www.passionfruits.fr\/index.php\/wp-json\/wp\/v2\/media\/5729"}],"wp:attachment":[{"href":"https:\/\/www.passionfruits.fr\/index.php\/wp-json\/wp\/v2\/media?parent=5728"}],"curies":[{"name":"wp","href":"https:\/\/api.w.org\/{rel}","templated":true}]}}