{"id":5730,"date":"2015-12-07T11:34:54","date_gmt":"2015-12-07T10:34:54","guid":{"rendered":"http:\/\/www.andreclaude.fr\/web\/index.php\/produit\/raclette-200-grs-pour-1-personne\/"},"modified":"2025-10-22T16:00:53","modified_gmt":"2025-10-22T15:00:53","slug":"raclette-200-grs-pour-1-personne","status":"publish","type":"product","link":"https:\/\/www.passionfruits.fr\/index.php\/produit\/raclette-200-grs-pour-1-personne\/","title":{"rendered":"Raclette nature 200g pour 1 personne"},"content":{"rendered":"<p>Les Ma\u00eetres Laitiers<\/p>\n<p>50260 SOTTEVAST<\/p>\n","protected":false},"excerpt":{"rendered":"<p>Fromage \u00e0 Raclette en meule, nous pouvons vous le trancher sur demande.<\/p>\n<p>Ingr\u00e9dients :<strong> lait<\/strong> pasteuris\u00e9, sel, f<strong>erments lactiques (dont lait)<\/strong> et d&#8217;affinage (dont <strong>lait<\/strong>), conservateurs\u00a0 E235 et lysozyme d&#8217;<strong>oeuf<\/strong>, colorant de la cro\u00fbte E160b.<\/p>\n<p>Valeurs nutritionnelles moyennes pour 100 g<\/p>\n<p>Energie : 1397kj\/336kcal<\/p>\n<p>Mati\u00e8res grasses : 26g dont acides gras satur\u00e9s 17g<\/p>\n<p>Glucides : traces dont sucres traces<\/p>\n<p>Prot\u00e9ines : 25.6g<\/p>\n<p>Sel : 1.63g<\/p>\n<p>Calcium : 630 mg 79% des apports de r\u00e9f\u00e9rence pour un adulte type\u00a0 (8400kj\/2000kcal)<\/p>\n<p>&nbsp;<\/p>\n","protected":false},"featured_media":13434,"comment_status":"closed","ping_status":"closed","template":"","meta":{"spay_email":"","jetpack_publicize_message":"","jetpack_is_tweetstorm":false},"jetpack_publicize_connections":[],"jetpack_sharing_enabled":true,"jetpack-related-posts":[{"id":11060,"url":"https:\/\/www.passionfruits.fr\/index.php\/produit\/raclette-fumee-200g-pour-1-personne\/","url_meta":{"origin":5730,"position":0},"title":"Raclette fum\u00e9e 200g pour 1 personne","date":"13 septembre 2017","format":false,"excerpt":"28% de mati\u00e8res grasses (produit fini) Ingr\u00e9dients : lait de vache pasteuris\u00e9, sel, enzyme coagulante, ferments lactiques.","rel":"","context":"Article similaire","img":{"alt_text":"","src":"https:\/\/i0.wp.com\/www.passionfruits.fr\/wp-content\/uploads\/2017\/09\/Raclette.jpg?fit=600%2C600&ssl=1&resize=350%2C200","width":350,"height":200},"classes":[]},{"id":5778,"url":"https:\/\/www.passionfruits.fr\/index.php\/produit\/comte-petite-part-env-150-grs\/","url_meta":{"origin":5730,"position":1},"title":"Comt\u00e9  jeune part environ 200g","date":"7 d\u00e9cembre 2015","format":false,"excerpt":"Fromage \u00e0 p\u00e2te press\u00e9e cuite, le comt\u00e9 est fabriqu\u00e9 de mani\u00e8re artisanale, \u00e0 partir de lait cru. Ingr\u00e9dients : lait cru de vache, ferments lactiques (lait), sel, pr\u00e9sure Sans lactose, les ingr\u00e9dients utilis\u00e9s sont exempts d'OGM Valeurs nutritionnelles moyennes pour 100g Energie : 418kcal\/ 1735kj Mati\u00e8res grasses: 34.6g dont acides\u2026","rel":"","context":"Article similaire","img":{"alt_text":"","src":"https:\/\/i1.wp.com\/www.passionfruits.fr\/wp-content\/uploads\/2015\/12\/comte.jpg?fit=849%2C566&ssl=1&resize=350%2C200","width":350,"height":200},"classes":[]},{"id":5758,"url":"https:\/\/www.passionfruits.fr\/index.php\/produit\/morbier-au-lait-cru-petite-part-env-150-grs\/","url_meta":{"origin":5730,"position":2},"title":"Morbier au lait cru part env. 200g","date":"7 d\u00e9cembre 2015","format":false,"excerpt":"Fromage au lait cru de vache, fabriqu\u00e9 dans le massif du Jura. Ni douce ni forte, sa saveur de cr\u00e8me est d\u00e9licate. Sa p\u00e2te jaune clair est fondante et souple. Excellent aussi pour les amateurs de raclette !!! Ingr\u00e9dients : lait de vache cru, sel, ferments lactiques, pr\u00e9sure, colorant :\u2026","rel":"","context":"Article similaire","img":{"alt_text":"","src":"https:\/\/i1.wp.com\/www.passionfruits.fr\/wp-content\/uploads\/2015\/12\/morbier.jpg?fit=832%2C577&ssl=1&resize=350%2C200","width":350,"height":200},"classes":[]},{"id":7901,"url":"https:\/\/www.passionfruits.fr\/index.php\/produit\/crouton-a-l-ail-le-sachet-de-100g\/","url_meta":{"origin":5730,"position":3},"title":"Crouton \u00e0 l' ail le sachet de 100g","date":"29 janvier 2016","format":false,"excerpt":"Id\u00e9ale pour accompagner vos soupes ou vos salades. Ingr\u00e9dients : farine de bl\u00e9, huile de tournesol, levure, sel, ar\u00f4me naturel d'ail (1.6%), traces de lait Valeurs nutritionnelles moyennes pour 100g Energie : 2163kj\/518kcal Mati\u00e8res grasses : 28.9g dont acides gras satur\u00e9s : 3g Glucides : 54.3g dont sucres 3.5g Prot\u00e9ines\u2026","rel":"","context":"Article similaire","img":{"alt_text":"","src":"https:\/\/i1.wp.com\/www.passionfruits.fr\/wp-content\/uploads\/2016\/01\/crouton-ail.jpg?fit=600%2C600&ssl=1&resize=350%2C200","width":350,"height":200},"classes":[]},{"id":10544,"url":"https:\/\/www.passionfruits.fr\/index.php\/produit\/tomme-au-piment-d-espelette-les-100-grs\/","url_meta":{"origin":5730,"position":4},"title":"Tomme de brebis au piment d' espelette part env. 200g","date":"8 mai 2017","format":false,"excerpt":"Cette p\u00e2te press\u00e9e non cuite a plus d'un tour dans son sac ! Sa couleur est ivoire et sa texture se rapproche d'un Saint-Nectaire. Comme le Morbier, la Tomme au Piment d'Espelette est travers\u00e9e dans le sens de la longueur par un trait de \u0085 graines de piment d'Espelette. Pas\u2026","rel":"","context":"Article similaire","img":{"alt_text":"","src":"https:\/\/i2.wp.com\/www.passionfruits.fr\/wp-content\/uploads\/2017\/05\/tomme-au-piment-d-espelette.jpg?fit=600%2C595&ssl=1&resize=350%2C200","width":350,"height":200},"classes":[]},{"id":18327,"url":"https:\/\/www.passionfruits.fr\/index.php\/produit\/flutes-au-fromage-barquette-de-125-gr\/","url_meta":{"origin":5730,"position":5},"title":"Fl\u00fbtes au fromage barquette de 125 Gr","date":"16 septembre 2021","format":false,"excerpt":"Ingr\u00e9dients : Farine de bl\u00e9, beurre 23%, fromage 10%, levure, sel, lait \u00e9cr\u00e9m\u00e9 en poudre, farine de malt d'orge. Peut contenir des traces de s\u00e9same. Valeurs nutritionnelles moyennes pour 100 grs Energie 1992 kj-475 kcal Mati\u00e8res grasses 21.0 g Dont acides gras satur\u00e9s 15.0 g Glucides 58.0 g Dont sucres\u2026","rel":"","context":"Article similaire","img":{"alt_text":"","src":"https:\/\/i0.wp.com\/www.passionfruits.fr\/wp-content\/uploads\/2021\/09\/f_tes_au_fromage_2019_copier_copier_.jpg?fit=600%2C600&ssl=1&resize=350%2C200","width":350,"height":200},"classes":[]}],"_links":{"self":[{"href":"https:\/\/www.passionfruits.fr\/index.php\/wp-json\/wp\/v2\/product\/5730"}],"collection":[{"href":"https:\/\/www.passionfruits.fr\/index.php\/wp-json\/wp\/v2\/product"}],"about":[{"href":"https:\/\/www.passionfruits.fr\/index.php\/wp-json\/wp\/v2\/types\/product"}],"replies":[{"embeddable":true,"href":"https:\/\/www.passionfruits.fr\/index.php\/wp-json\/wp\/v2\/comments?post=5730"}],"wp:featuredmedia":[{"embeddable":true,"href":"https:\/\/www.passionfruits.fr\/index.php\/wp-json\/wp\/v2\/media\/13434"}],"wp:attachment":[{"href":"https:\/\/www.passionfruits.fr\/index.php\/wp-json\/wp\/v2\/media?parent=5730"}],"curies":[{"name":"wp","href":"https:\/\/api.w.org\/{rel}","templated":true}]}}