{"id":5736,"date":"2015-12-07T11:35:05","date_gmt":"2015-12-07T10:35:05","guid":{"rendered":"http:\/\/www.andreclaude.fr\/web\/index.php\/produit\/galet-de-la-loire\/"},"modified":"2023-01-10T10:34:25","modified_gmt":"2023-01-10T09:34:25","slug":"galet-de-la-loire","status":"publish","type":"product","link":"https:\/\/www.passionfruits.fr\/index.php\/produit\/galet-de-la-loire\/","title":{"rendered":"Galet de la Loire la pi\u00e8ce environ 260g"},"content":{"rendered":"<p>Fabriqu\u00e9 par Fromagerie Louis Tessier<\/p>\n<p>49140 Comill\u00e9 Les Caves<\/p>\n<p>France<\/p>\n","protected":false},"excerpt":{"rendered":"<p><span class=\"PBLongTxt\">Fromage au lait de vache pasteuris\u00e9 \u00e0 patte molle.<br \/>\nSans odeur, et en bouche il est d\u00e9licat et onctueux.<\/span><\/p>\n<p>Fromage d&#8217;Anjou au <strong>lait<\/strong> pasteuris\u00e9 et <strong>cr\u00e8me<\/strong> (origine France), ferments, pr\u00e9sure,sel.<\/p>\n<p>Fabriqu\u00e9 dans une fromagerie transformant du lait de ch\u00e8vre et du lait du vache.<\/p>\n<p>Valeurs nutritionnelles moyennes pour 100g<\/p>\n<p>Energie : 1388kj\/335kcal<\/p>\n<p>Mati\u00e8res grasses : 29.2g dont acides gras satur\u00e9s : 21.2g<\/p>\n<p>Glucides : &lt;0.1g dont sucres &lt;0.1g<\/p>\n<p>Prot\u00e9ines : 17.3g<\/p>\n<p>Sel : 1.3g<\/p>\n<p>&nbsp;<\/p>\n","protected":false},"featured_media":10789,"comment_status":"closed","ping_status":"closed","template":"","meta":{"spay_email":"","jetpack_publicize_message":"","jetpack_is_tweetstorm":false},"jetpack_publicize_connections":[],"jetpack_sharing_enabled":true,"jetpack-related-posts":[{"id":5776,"url":"https:\/\/www.passionfruits.fr\/index.php\/produit\/mimolette-extra-vieille-18-mois-petite-part-env-150-grs\/","url_meta":{"origin":5736,"position":0},"title":"Mimolette part environ 200 grs","date":"7 d\u00e9cembre 2015","format":false,"excerpt":"Mimolette Extra vieille. Fromage au lait pasteuris\u00e9 de vache. La mimolette extra vieille ou boule de Lille est un fromage \u00e0 p\u00e2te ferme s\u00e8che et cassante, tr\u00e8s dense et de couleur rouge orang\u00e9e . Son go\u00fbt est soutenu avec des ar\u00f4mes de caf\u00e9 assez marqu\u00e9s. La coloration de sa p\u00e2te\u2026","rel":"","context":"Article similaire","img":{"alt_text":"","src":"https:\/\/i1.wp.com\/www.passionfruits.fr\/wp-content\/uploads\/2015\/12\/mimolette.jpg?fit=849%2C565&ssl=1&resize=350%2C200","width":350,"height":200},"classes":[]},{"id":5740,"url":"https:\/\/www.passionfruits.fr\/index.php\/produit\/feuilles-de-dreux\/","url_meta":{"origin":5736,"position":1},"title":"Feuilles de Dreux la pi\u00e8ce 300g","date":"7 d\u00e9cembre 2015","format":false,"excerpt":"Avant de servir de d\u00e9coration, la feuille de ch\u00e2taignier \u00e9tait utilis\u00e9e pour \u00e9viter que les fromages empil\u00e9s les uns sur les autres lors de l'affinage ne collent entre eux et d\u2019\u00eatre malgr\u00e9 tout tr\u00e8s onctueux. Fromage au lait pasteuris\u00e9 de vache (origine France) 14% Mat Gr sur poids total \u00e0\u2026","rel":"","context":"Article similaire","img":{"alt_text":"","src":"https:\/\/i0.wp.com\/www.passionfruits.fr\/wp-content\/uploads\/2015\/12\/feuille-de-dreux-1.jpg?fit=599%2C598&ssl=1&resize=350%2C200","width":350,"height":200},"classes":[]},{"id":5701,"url":"https:\/\/www.passionfruits.fr\/index.php\/produit\/cantal-part-env-200-grs\/","url_meta":{"origin":5736,"position":2},"title":"Cantal jeune part environ 200 grs","date":"7 d\u00e9cembre 2015","format":false,"excerpt":"Originaire du Massif central et fabriqu\u00e9 \u00e0 partir de lait pasteuris\u00e9\u00a0 de vache.Le saviez-vous\u00a0? Pour fabriquer une fourme de Cantal, il faut\u00a0: 400 litres de lait. En fonction de son \u00e2ge, le fromage est appel\u00e9\u00a0: Cantal jeune\u00a0: affin\u00e9 de 30 \u00e0 60 jours, Cantal \u00a0entre-deux\u00a0: affin\u00e9 de 90 \u00e0 210\u2026","rel":"","context":"Article similaire","img":{"alt_text":"","src":"https:\/\/i2.wp.com\/www.passionfruits.fr\/wp-content\/uploads\/2015\/12\/cantal1.jpg?fit=339%2C510&ssl=1&resize=350%2C200","width":350,"height":200},"classes":[]},{"id":5738,"url":"https:\/\/www.passionfruits.fr\/index.php\/produit\/12-feuilles-de-dreux\/","url_meta":{"origin":5736,"position":3},"title":"Feuille de Dreux le demi env. 150g","date":"7 d\u00e9cembre 2015","format":false,"excerpt":"Avant de servir de d\u00e9coration, la feuille de ch\u00e2taignier \u00e9tait utilis\u00e9e pour \u00e9viter que les fromages empil\u00e9s les uns sur les autres lors de l'affinage ne collent entre eux et d\u2019\u00eatre malgr\u00e9 tout tr\u00e8s onctueux. Fromage au lait pasteuris\u00e9 de vache (origine France) 14% Mat Gr sur poids total \u00e0\u2026","rel":"","context":"Article similaire","img":{"alt_text":"","src":"https:\/\/i0.wp.com\/www.passionfruits.fr\/wp-content\/uploads\/2015\/12\/feuille-de-dreux-1.jpg?fit=599%2C598&ssl=1&resize=350%2C200","width":350,"height":200},"classes":[]},{"id":10674,"url":"https:\/\/www.passionfruits.fr\/index.php\/produit\/camembert-gaslonde-la-piece\/","url_meta":{"origin":5736,"position":4},"title":"Camembert Isigny lait cru la pi\u00e8ce","date":"6 juin 2017","format":false,"excerpt":"Affinage\u00a0:\u00a02 \u00e0 4 semaines Au Lait CRU de vaches Normandes moulage manuel \u00e0 la louche. Bouquet puissant et saveur de terroir, LE CAMEMBERT\u00a0! LE VRAI\u00a0! Ingr\u00e9dients : lait cru de vache (Origine France Normandie) ferments, pr\u00e9sure, sel. Valeurs nutritionnelles pour 100g Energie : 1177kj\/284 kcal Mati\u00e8res grasses : 21.9g dont\u2026","rel":"","context":"Article similaire","img":{"alt_text":"","src":"https:\/\/i2.wp.com\/www.passionfruits.fr\/wp-content\/uploads\/2017\/06\/camembert-isigny.jpg?fit=600%2C598&ssl=1&resize=350%2C200","width":350,"height":200},"classes":[]},{"id":9988,"url":"https:\/\/www.passionfruits.fr\/index.php\/produit\/fournol-la-part-env-200-grs\/","url_meta":{"origin":5736,"position":5},"title":"Fournol \u00e0 la coupe part environ 200 grs","date":"6 janvier 2017","format":false,"excerpt":"Fromage au lait de vache pasteuris\u00e9. Fromage \u00e0 p\u00e2te molle \u00e0 cro\u00fbte lav\u00e9e. Fromage Auvergnat authentique et typique. Tr\u00e8s moelleux peut \u00eatre servi en plateau ou \u00eatre cuisin\u00e9. Ingr\u00e9dients : lait pasteuris\u00e9 de vache, (origine France), sel, coagulant,ferments, colorant : E160b 26% mati\u00e8res grasses produit fini Valeurs nutritionnelles moyennes pour\u2026","rel":"","context":"Article similaire","img":{"alt_text":"","src":"https:\/\/i1.wp.com\/www.passionfruits.fr\/wp-content\/uploads\/2017\/01\/fournol.jpg?fit=600%2C598&ssl=1&resize=350%2C200","width":350,"height":200},"classes":[]}],"_links":{"self":[{"href":"https:\/\/www.passionfruits.fr\/index.php\/wp-json\/wp\/v2\/product\/5736"}],"collection":[{"href":"https:\/\/www.passionfruits.fr\/index.php\/wp-json\/wp\/v2\/product"}],"about":[{"href":"https:\/\/www.passionfruits.fr\/index.php\/wp-json\/wp\/v2\/types\/product"}],"replies":[{"embeddable":true,"href":"https:\/\/www.passionfruits.fr\/index.php\/wp-json\/wp\/v2\/comments?post=5736"}],"wp:featuredmedia":[{"embeddable":true,"href":"https:\/\/www.passionfruits.fr\/index.php\/wp-json\/wp\/v2\/media\/10789"}],"wp:attachment":[{"href":"https:\/\/www.passionfruits.fr\/index.php\/wp-json\/wp\/v2\/media?parent=5736"}],"curies":[{"name":"wp","href":"https:\/\/api.w.org\/{rel}","templated":true}]}}