{"id":5758,"date":"2015-12-07T11:35:11","date_gmt":"2015-12-07T10:35:11","guid":{"rendered":"http:\/\/www.andreclaude.fr\/web\/index.php\/produit\/morbier-au-lait-cru-petite-part-env-150-grs\/"},"modified":"2025-02-20T08:44:52","modified_gmt":"2025-02-20T07:44:52","slug":"morbier-au-lait-cru-petite-part-env-150-grs","status":"publish","type":"product","link":"https:\/\/www.passionfruits.fr\/index.php\/produit\/morbier-au-lait-cru-petite-part-env-150-grs\/","title":{"rendered":"Morbier au lait cru part env. 200g"},"content":{"rendered":"<p>Service Consommateurs Campagne de\u00a0 France<\/p>\n<p>Route de Combertault<\/p>\n<p>21200 Sainte Marie La Blanche<\/p>\n","protected":false},"excerpt":{"rendered":"<p>Fromage au <strong>lait<\/strong> cru de vache, fabriqu\u00e9 dans le massif du Jura.<\/p>\n<p>Ni douce ni forte, sa saveur de cr\u00e8me est d\u00e9licate. Sa p\u00e2te jaune clair est fondante et souple.<\/p>\n<p>Excellent aussi pour les amateurs de raclette !!!<\/p>\n<p>Ingr\u00e9dients : <strong>lait<\/strong> de vache cru, sel, <strong>ferments lactiques<\/strong>, pr\u00e9sure, colorant : charbon v\u00e9g\u00e9tal<\/p>\n<p>29% de mati\u00e8re grasse (produit fini)<\/p>\n","protected":false},"featured_media":5759,"comment_status":"closed","ping_status":"closed","template":"","meta":{"spay_email":"","jetpack_publicize_message":"","jetpack_is_tweetstorm":false},"jetpack_publicize_connections":[],"jetpack_sharing_enabled":true,"jetpack-related-posts":[{"id":10674,"url":"https:\/\/www.passionfruits.fr\/index.php\/produit\/camembert-gaslonde-la-piece\/","url_meta":{"origin":5758,"position":0},"title":"Camembert Isigny lait cru la pi\u00e8ce","date":"6 juin 2017","format":false,"excerpt":"Affinage\u00a0:\u00a02 \u00e0 4 semaines Au Lait CRU de vaches Normandes moulage manuel \u00e0 la louche. Bouquet puissant et saveur de terroir, LE CAMEMBERT\u00a0! LE VRAI\u00a0! Ingr\u00e9dients : lait cru de vache (Origine France Normandie) ferments, pr\u00e9sure, sel. Valeurs nutritionnelles pour 100g Energie : 1177kj\/284 kcal Mati\u00e8res grasses : 21.9g dont\u2026","rel":"","context":"Article similaire","img":{"alt_text":"","src":"https:\/\/i2.wp.com\/www.passionfruits.fr\/wp-content\/uploads\/2017\/06\/camembert-isigny.jpg?fit=600%2C598&ssl=1&resize=350%2C200","width":350,"height":200},"classes":[]},{"id":5732,"url":"https:\/\/www.passionfruits.fr\/index.php\/produit\/saint-felicien\/","url_meta":{"origin":5758,"position":1},"title":"Saint Marcelin la pi\u00e8ce de 80 grs","date":"7 d\u00e9cembre 2015","format":false,"excerpt":"Fromage au lait cru de vache, il propose une cro\u00fbte fine\u00a0et fleurie de couleur blanche renfermant une p\u00e2te molle et cr\u00e9meuse de couleur ivoire. D\u2019un go\u00fbt\u00a0l\u00e9g\u00e8rement\u00a0acide aux ar\u00f4mes de noisette \u00a0accompagn\u00e9 d\u2019un parfum bois\u00e9. Originaire du Rh\u00f4ne-Alpes. Autrefois fabriqu\u00e9 \u00e0 partir de lait de ch\u00e8vre, il est aujourd\u2019hui exclusivement fabriqu\u00e9\u2026","rel":"","context":"Article similaire","img":{"alt_text":"","src":"https:\/\/i0.wp.com\/www.passionfruits.fr\/wp-content\/uploads\/2015\/12\/st-marcelin-gc.jpg?fit=600%2C551&ssl=1&resize=350%2C200","width":350,"height":200},"classes":[]},{"id":10538,"url":"https:\/\/www.passionfruits.fr\/index.php\/produit\/neuchatel-la-piece\/","url_meta":{"origin":5758,"position":2},"title":"Neuchatel la pi\u00e8ce environ 190g","date":"8 mai 2017","format":false,"excerpt":"Au lait cru de vache, ce petit fromage en forme de c\u0153ur\u00a0vous apportera une saveur douce, sal\u00e9e et acidul\u00e9e\u00a0accompagn\u00e9 d\u2019une l\u00e9g\u00e8re odeur de lait. D\u2019une cro\u00fbte blanche\u00a0et fleurie et d\u2019une p\u00e2te blanche ou ivoire, le Neufch\u00e2tel vous offrira un go\u00fbt de champignons et de lait qui s\u2019accentuera en s\u2019affinant. Originaire\u2026","rel":"","context":"Article similaire","img":{"alt_text":"","src":"https:\/\/i2.wp.com\/www.passionfruits.fr\/wp-content\/uploads\/2017\/05\/neufchatel.jpg?fit=600%2C600&ssl=1&resize=350%2C200","width":350,"height":200},"classes":[]},{"id":6034,"url":"https:\/\/www.passionfruits.fr\/index.php\/produit\/fromage-du-cure-affine-au-muscadet-specialite-nantaise-part-env-250-grs\/","url_meta":{"origin":5758,"position":3},"title":"Fromage du cur\u00e9 part env. 200g","date":"7 d\u00e9cembre 2015","format":false,"excerpt":"Fromage du cur\u00e9 au lait cru entier de vache affin\u00e9 au muscadet sp\u00e9cialit\u00e9 de la r\u00e9gion Nantaise de fabrication artisanale est un assez surprenant ! avec une texture tr\u00e8s souple et onctueuse, fondante en bouche mais ne coulant pas . Le fait de la frotter au Muscadet lui donne un\u2026","rel":"","context":"Article similaire","img":{"alt_text":"","src":"https:\/\/i0.wp.com\/www.passionfruits.fr\/wp-content\/uploads\/2015\/12\/cure-nantais.jpg?fit=600%2C600&ssl=1&resize=350%2C200","width":350,"height":200},"classes":[]},{"id":5778,"url":"https:\/\/www.passionfruits.fr\/index.php\/produit\/comte-petite-part-env-150-grs\/","url_meta":{"origin":5758,"position":4},"title":"Comt\u00e9  jeune part environ 200g","date":"7 d\u00e9cembre 2015","format":false,"excerpt":"Fromage \u00e0 p\u00e2te press\u00e9e cuite, le comt\u00e9 est fabriqu\u00e9 de mani\u00e8re artisanale, \u00e0 partir de lait cru. Ingr\u00e9dients : lait cru de vache, ferments lactiques (lait), sel, pr\u00e9sure Sans lactose, les ingr\u00e9dients utilis\u00e9s sont exempts d'OGM Valeurs nutritionnelles moyennes pour 100g Energie : 418kcal\/ 1735kj Mati\u00e8res grasses: 34.6g dont acides\u2026","rel":"","context":"Article similaire","img":{"alt_text":"","src":"https:\/\/i1.wp.com\/www.passionfruits.fr\/wp-content\/uploads\/2015\/12\/comte.jpg?fit=849%2C566&ssl=1&resize=350%2C200","width":350,"height":200},"classes":[]},{"id":5690,"url":"https:\/\/www.passionfruits.fr\/index.php\/produit\/tome-de-savoie-petite-part-env-150-grs\/","url_meta":{"origin":5758,"position":5},"title":"Tomme de Savoie part env. 200g","date":"7 d\u00e9cembre 2015","format":false,"excerpt":"Le lait provient quasi-exclusivement de vaches de races locales : Tarine, Abondance et Montb\u00e9liarde. La transformation du lait et l\u2019affinage du fromage sont ensuite r\u00e9alis\u00e9s strictement en Savoie et en Haute-Savoie. S\u00fbrement l'un des plus vieux fromages savoyards. La Tomme de Savoie a une cro\u00fbte gris\u00e2tre. Sa p\u00e2te est souple,\u2026","rel":"","context":"Article similaire","img":{"alt_text":"","src":"https:\/\/i1.wp.com\/www.passionfruits.fr\/wp-content\/uploads\/2015\/12\/tomme1.jpg?fit=346%2C346&ssl=1&resize=350%2C200","width":350,"height":200},"classes":[]}],"_links":{"self":[{"href":"https:\/\/www.passionfruits.fr\/index.php\/wp-json\/wp\/v2\/product\/5758"}],"collection":[{"href":"https:\/\/www.passionfruits.fr\/index.php\/wp-json\/wp\/v2\/product"}],"about":[{"href":"https:\/\/www.passionfruits.fr\/index.php\/wp-json\/wp\/v2\/types\/product"}],"replies":[{"embeddable":true,"href":"https:\/\/www.passionfruits.fr\/index.php\/wp-json\/wp\/v2\/comments?post=5758"}],"wp:featuredmedia":[{"embeddable":true,"href":"https:\/\/www.passionfruits.fr\/index.php\/wp-json\/wp\/v2\/media\/5759"}],"wp:attachment":[{"href":"https:\/\/www.passionfruits.fr\/index.php\/wp-json\/wp\/v2\/media?parent=5758"}],"curies":[{"name":"wp","href":"https:\/\/api.w.org\/{rel}","templated":true}]}}