{"id":5770,"date":"2015-12-07T11:35:21","date_gmt":"2015-12-07T10:35:21","guid":{"rendered":"http:\/\/www.andreclaude.fr\/web\/index.php\/produit\/saint-nectaire-fermier-petite-part-env-150-grs\/"},"modified":"2023-02-07T11:19:34","modified_gmt":"2023-02-07T10:19:34","slug":"saint-nectaire-fermier-petite-part-env-150-grs","status":"publish","type":"product","link":"https:\/\/www.passionfruits.fr\/index.php\/produit\/saint-nectaire-fermier-petite-part-env-150-grs\/","title":{"rendered":"Saint Nectaire laitier  part env. 200g"},"content":{"rendered":"<p>Service Consommateurs Campagne de\u00a0 France<\/p>\n<p>Route de Combertault<\/p>\n<p>21200 Sainte Marie La Blanche<\/p>\n","protected":false},"excerpt":{"rendered":"<p>le Saint-Nectaire, qu\u2019il soit laitier ou fermier, offre une multiplicit\u00e9 de saveurs pour plaire au plus grand nombre. Pour ces deux productions, les soins apport\u00e9s \u00e0 la r\u00e9alisation de ce fromage restent inchang\u00e9s.<\/p>\n<p>Ingr\u00e9dients : <strong>Lait<\/strong> pasteuris\u00e9, sel, <strong>ferments lactiques<\/strong>, et affinage, pr\u00e9sure, chlorure de calcium.<\/p>\n<p>Valeurs nutritionnelles moyennes pour 100g<\/p>\n<p>Energie : 1410kj\/340kcal<\/p>\n<p>Mati\u00e8res grasses : 28g dont 19.9g d&#8217;acides gras satur\u00e9s<\/p>\n<p>Glucides : 0g dont sucres 0g<\/p>\n<p>Prot\u00e9ines 22 g<\/p>\n<p>sel : 1.7g<\/p>\n<p>&nbsp;<\/p>\n","protected":false},"featured_media":5771,"comment_status":"closed","ping_status":"closed","template":"","meta":{"spay_email":"","jetpack_publicize_message":"","jetpack_is_tweetstorm":false},"jetpack_publicize_connections":[],"jetpack_sharing_enabled":true,"jetpack-related-posts":[{"id":13527,"url":"https:\/\/www.passionfruits.fr\/index.php\/produit\/saint-nectaire-fermier-part-env-190g\/","url_meta":{"origin":5770,"position":0},"title":"Saint Nectaire Fermier part env. 190g","date":"7 f\u00e9vrier 2019","format":false,"excerpt":"le Saint-Nectaire, qu\u2019il soit laitier ou fermier, offre une multiplicit\u00e9 de saveurs pour plaire au plus grand nombre. Pour ces deux productions, les soins apport\u00e9s \u00e0 la r\u00e9alisation de ce fromage restent inchang\u00e9s. Ingr\u00e9dients : Lait Cru de vache (origine France), sel, ferments lactiques,\u00a0 pr\u00e9sure. Valeurs nutritionnelles moyennes pour 100g\u2026","rel":"","context":"Article similaire","img":{"alt_text":"","src":"https:\/\/i0.wp.com\/www.passionfruits.fr\/wp-content\/uploads\/2015\/12\/stnectaire.jpg?fit=849%2C566&ssl=1&resize=350%2C200","width":350,"height":200},"classes":[]},{"id":7886,"url":"https:\/\/www.passionfruits.fr\/index.php\/produit\/vinaigrette-au-piment-despelette-la-bouteille-de-500ml\/","url_meta":{"origin":5770,"position":1},"title":"Vinaigrette au piment d'espelette bouteille 500ml","date":"29 janvier 2016","format":false,"excerpt":"Sauce vinaigrette Jean d\u2019Audignac. Excellente vinaigrette pour assaisonner les salades et crudit\u00e9s. Ingr\u00e9dients : huile de tournesol 50%, vinaigre de vin de Bordeaux* 32.5% (dont conservateur E228* et stabilisant E414) eau, moutarde de Dijon (graines de moutarde, vinaigre d'alcool eau, sel), sel, piment d'Espelette 0.75%. * Contient des sulfites. Valeurs\u2026","rel":"","context":"Article similaire","img":{"alt_text":"","src":"https:\/\/i0.wp.com\/www.passionfruits.fr\/wp-content\/uploads\/2016\/01\/Vinaigrette-espelette.jpg?fit=598%2C600&ssl=1&resize=350%2C200","width":350,"height":200},"classes":[]},{"id":6144,"url":"https:\/\/www.passionfruits.fr\/index.php\/produit\/limonade-la-bouteille\/","url_meta":{"origin":5770,"position":2},"title":"Limonade la Beauceronne bouteille 1 litre","date":"7 d\u00e9cembre 2015","format":false,"excerpt":"Sans colorant,Sans ar\u00f4me artificiel,Sans conservateur. Elle est con\u00e7ue avec des produits de notre terroir :Eau des nappes de Beauce,Sucre de betterave,Ar\u00f4me naturel d\u2019agrumes. Ingr\u00e9dients : Eau gaz\u00e9ifi\u00e9e, sucre de betterave, ar\u00f4mes naturels d'agrumes, acide citrique. D\u00e9claration nutritionnelle pour 100ml : Energie : 131kj \/ 31kcal Mati\u00e8res grasses : 0g dont\u2026","rel":"","context":"Article similaire","img":{"alt_text":"","src":"https:\/\/i0.wp.com\/www.passionfruits.fr\/wp-content\/uploads\/2015\/12\/limonade-la-beauceronne.jpg?fit=600%2C600&ssl=1&resize=350%2C200","width":350,"height":200},"classes":[]},{"id":11706,"url":"https:\/\/www.passionfruits.fr\/index.php\/produit\/vinaigrette-a-l-huile-d-olive-et-citron-la-bouteille-de-500-ml\/","url_meta":{"origin":5770,"position":3},"title":"Vinaigrette \u00e0 l\u2019 huile d' olive et citron la bouteille de 500 ml","date":"14 f\u00e9vrier 2018","format":false,"excerpt":"Sauce Vinaigrette \u00e0 l\u2019 huile d' olive et citron Jean d\u2019Audignac. Excellente vinaigrette pour assaisonner les salades et crudit\u00e9s. Ingr\u00e9dients : huile de tournesol 40%, eau, vinaigre de vin blanc*, huile d'olive 10%, moutarde de Dijon* (graine de moutarde, vinaigre d'alcool, eau, sel), sel, orange 1.5% citron 1.5%. * contient\u2026","rel":"","context":"Article similaire","img":{"alt_text":"","src":"https:\/\/i1.wp.com\/www.passionfruits.fr\/wp-content\/uploads\/2018\/02\/Vinaigrette-olive-citron.jpg?fit=600%2C600&ssl=1&resize=350%2C200","width":350,"height":200},"classes":[]},{"id":5730,"url":"https:\/\/www.passionfruits.fr\/index.php\/produit\/raclette-200-grs-pour-1-personne\/","url_meta":{"origin":5770,"position":4},"title":"Raclette nature 200g pour 1 personne","date":"7 d\u00e9cembre 2015","format":false,"excerpt":"Fromage \u00e0 Raclette en meule, nous pouvons vous le trancher sur demande. Ingr\u00e9dients : lait pasteuris\u00e9, sel, ferments lactiques (dont lait) et d'affinage (dont lait), conservateurs\u00a0 E235 et lysozyme d'oeuf, colorant de la cro\u00fbte E160b. Valeurs nutritionnelles moyennes pour 100 g Energie : 1397kj\/336kcal Mati\u00e8res grasses : 26g dont acides\u2026","rel":"","context":"Article similaire","img":{"alt_text":"","src":"https:\/\/i0.wp.com\/www.passionfruits.fr\/wp-content\/uploads\/2017\/09\/Raclette.jpg?fit=600%2C600&ssl=1&resize=350%2C200","width":350,"height":200},"classes":[]},{"id":19513,"url":"https:\/\/www.passionfruits.fr\/index.php\/produit\/limonade-la-beauceronne-bouteille-33-cl\/","url_meta":{"origin":5770,"position":5},"title":"Limonade la Beauceronne bouteille 33 cl","date":"4 ao\u00fbt 2023","format":false,"excerpt":"6 \u20ac les 3 bouteilles Sans colorant,Sans ar\u00f4me artificiel,Sans conservateur. Elle est con\u00e7ue avec des produits de notre terroir :Eau des nappes de Beauce,Sucre de betterave,Ar\u00f4me naturel d\u2019agrumes. Ingr\u00e9dients : Eau gaz\u00e9ifi\u00e9e, sucre de betterave, ar\u00f4mes naturels d'agrumes, acide citrique. D\u00e9claration nutritionnelle pour 100ml : Energie : 131kj \/ 31kcal\u2026","rel":"","context":"Article similaire","img":{"alt_text":"","src":"https:\/\/i0.wp.com\/www.passionfruits.fr\/wp-content\/uploads\/2015\/12\/limonade-la-beauceronne.jpg?fit=600%2C600&ssl=1&resize=350%2C200","width":350,"height":200},"classes":[]}],"_links":{"self":[{"href":"https:\/\/www.passionfruits.fr\/index.php\/wp-json\/wp\/v2\/product\/5770"}],"collection":[{"href":"https:\/\/www.passionfruits.fr\/index.php\/wp-json\/wp\/v2\/product"}],"about":[{"href":"https:\/\/www.passionfruits.fr\/index.php\/wp-json\/wp\/v2\/types\/product"}],"replies":[{"embeddable":true,"href":"https:\/\/www.passionfruits.fr\/index.php\/wp-json\/wp\/v2\/comments?post=5770"}],"wp:featuredmedia":[{"embeddable":true,"href":"https:\/\/www.passionfruits.fr\/index.php\/wp-json\/wp\/v2\/media\/5771"}],"wp:attachment":[{"href":"https:\/\/www.passionfruits.fr\/index.php\/wp-json\/wp\/v2\/media?parent=5770"}],"curies":[{"name":"wp","href":"https:\/\/api.w.org\/{rel}","templated":true}]}}