{"id":5772,"date":"2015-12-07T11:35:21","date_gmt":"2015-12-07T10:35:21","guid":{"rendered":"http:\/\/www.andreclaude.fr\/web\/index.php\/produit\/brie-de-meaux-lait-cru-renard-gilard-petite-part-env-150-grs\/"},"modified":"2023-02-07T11:16:22","modified_gmt":"2023-02-07T10:16:22","slug":"brie-de-meaux-lait-cru-renard-gilard-petite-part-env-150-grs","status":"publish","type":"product","link":"https:\/\/www.passionfruits.fr\/index.php\/produit\/brie-de-meaux-lait-cru-renard-gilard-petite-part-env-150-grs\/","title":{"rendered":"Brie de Meaux part environ 200g"},"content":{"rendered":"<p>Fromagerie RENARD GILLARD<\/p>\n<p><span class=\"LrzXr\">11 Petite rue,<\/span><\/p>\n<p><span class=\"LrzXr\"> 55290 Biencourt-sur-Orge<\/span><\/p>\n","protected":false},"excerpt":{"rendered":"<p>Fromage \u00e0 p\u00e2te molle au lait cru<\/p>\n<p>Ingr\u00e9dients : <strong>lait<\/strong> cru, sel, pr\u00e9sure, ferments.<\/p>\n<p>Valeurs nutritionnelles moyennes pour 100g<\/p>\n<p>Energie : 1188kj\/286kcal<\/p>\n<p>Mati\u00e8res grasses : 22g dont acides gras satur\u00e9s : 15g<\/p>\n<p>Glucides : &lt;0.5g dont sucres &lt;0.5g<\/p>\n<p>Prot\u00e9ines : 22g<\/p>\n<p>Sel : 1.8g<\/p>\n<p>Fromagerie\u00a0 Renard Gillard 55290 BIENCOURT SUR ORGE<\/p>\n<p>&nbsp;<\/p>\n","protected":false},"featured_media":7693,"comment_status":"closed","ping_status":"closed","template":"","meta":{"spay_email":"","jetpack_publicize_message":"","jetpack_is_tweetstorm":false},"jetpack_publicize_connections":[],"jetpack_sharing_enabled":true,"jetpack-related-posts":[{"id":5687,"url":"https:\/\/www.passionfruits.fr\/index.php\/produit\/12-reblochon\/","url_meta":{"origin":5772,"position":0},"title":"Reblochon le demi environ 250g","date":"7 d\u00e9cembre 2015","format":false,"excerpt":"Reblochon de Savoie fermier. Sa p\u00e2te est onctueuse, souple, lisse et grasse. Il a un go\u00fbt agr\u00e9able, subtil et moelleux. Ingr\u00e9dients : lait cru de vache, ferments lactiques et d'affinage, sel, pr\u00e9sure, colorant de la cro\u00fbte : rocou. Valeurs nutritionnelles moyennes pour 100g Energie :1403kj\/338kcal Mati\u00e8res grasses : 28g dont\u2026","rel":"","context":"Article similaire","img":{"alt_text":"","src":"https:\/\/i0.wp.com\/www.passionfruits.fr\/wp-content\/uploads\/2015\/12\/Reblochon-demi.jpg?fit=600%2C600&ssl=1&resize=350%2C200","width":350,"height":200},"classes":[]},{"id":5689,"url":"https:\/\/www.passionfruits.fr\/index.php\/produit\/reblochon-env-500-grs\/","url_meta":{"origin":5772,"position":1},"title":"Reblochon la pi\u00e8ce environ 500g","date":"7 d\u00e9cembre 2015","format":false,"excerpt":"Reblochon de Savoie fermier. Sa p\u00e2te est onctueuse, souple, lisse et grasse. Il a un go\u00fbt agr\u00e9able, subtil et moelleux. Ingr\u00e9dients : lait cru de vache, ferments lactiques et d'affinage, sel, pr\u00e9sure, colorant de la cro\u00fbte : rocou. Valeurs nutritionnelles moyennes pour 100g Energie :1403kj\/338kcal Mati\u00e8res grasses : 28g dont\u2026","rel":"","context":"Article similaire","img":{"alt_text":"","src":"https:\/\/i0.wp.com\/www.passionfruits.fr\/wp-content\/uploads\/2015\/12\/reblochon.jpg?fit=600%2C600&ssl=1&resize=350%2C200","width":350,"height":200},"classes":[]},{"id":5726,"url":"https:\/\/www.passionfruits.fr\/index.php\/produit\/gruyere-rape-barq-150-grs\/","url_meta":{"origin":5772,"position":2},"title":"Gruy\u00e8re rap\u00e9 barquette 125 grs","date":"7 d\u00e9cembre 2015","format":false,"excerpt":"Conditionn\u00e9 en barquette refermable \u00e0 volont\u00e9 pour garder toute sa saveur. Fromage \u00e0 p\u00e2te press\u00e9e cuite, fabriqu\u00e9 \u00e0 partir de lait cru de vache (98.68% ), ferments lactiques (1%), sel (0.3%), pr\u00e9sure(0.02%). Valeurs nutritionnelles moyennes pour 100g : Energie : 396kcal \/ 1643kj Mati\u00e8res grasses : 31g sur produit fini\u2026","rel":"","context":"Article similaire","img":{"alt_text":"","src":"https:\/\/i1.wp.com\/www.passionfruits.fr\/wp-content\/uploads\/2015\/12\/rape.jpg?fit=500%2C500&ssl=1&resize=350%2C200","width":350,"height":200},"classes":[]},{"id":5780,"url":"https:\/\/www.passionfruits.fr\/index.php\/produit\/emmental-petite-part-env-150-grs\/","url_meta":{"origin":5772,"position":3},"title":"Emmental la part environ 200 grs","date":"7 d\u00e9cembre 2015","format":false,"excerpt":"Fromage \u00e0 p\u00e2te press\u00e9e cuite, fabriqu\u00e9 \u00e0 partir de lait cru de vache (98.68% ), ferments lactiques (1%), sel (0.3%), pr\u00e9sure(0.02%). Valeurs nutritionnelles moyennes pour 100g : Energie : 396kcal \/ 1643kj \u00a0 Mati\u00e8res grasses : 31g sur produit fini dont acides gras satur\u00e9s : 20g Prot\u00e9ines : 29g Glucides\u2026","rel":"","context":"Article similaire","img":{"alt_text":"","src":"https:\/\/i1.wp.com\/www.passionfruits.fr\/wp-content\/uploads\/2015\/12\/emmental-francais.jpg?fit=600%2C600&ssl=1&resize=350%2C200","width":350,"height":200},"classes":[]},{"id":5690,"url":"https:\/\/www.passionfruits.fr\/index.php\/produit\/tome-de-savoie-petite-part-env-150-grs\/","url_meta":{"origin":5772,"position":4},"title":"Tomme de Savoie part env. 200g","date":"7 d\u00e9cembre 2015","format":false,"excerpt":"Le lait provient quasi-exclusivement de vaches de races locales : Tarine, Abondance et Montb\u00e9liarde. La transformation du lait et l\u2019affinage du fromage sont ensuite r\u00e9alis\u00e9s strictement en Savoie et en Haute-Savoie. S\u00fbrement l'un des plus vieux fromages savoyards. La Tomme de Savoie a une cro\u00fbte gris\u00e2tre. Sa p\u00e2te est souple,\u2026","rel":"","context":"Article similaire","img":{"alt_text":"","src":"https:\/\/i1.wp.com\/www.passionfruits.fr\/wp-content\/uploads\/2015\/12\/tomme1.jpg?fit=346%2C346&ssl=1&resize=350%2C200","width":350,"height":200},"classes":[]},{"id":5701,"url":"https:\/\/www.passionfruits.fr\/index.php\/produit\/cantal-part-env-200-grs\/","url_meta":{"origin":5772,"position":5},"title":"Cantal jeune part environ 200 grs","date":"7 d\u00e9cembre 2015","format":false,"excerpt":"Originaire du Massif central et fabriqu\u00e9 \u00e0 partir de lait pasteuris\u00e9\u00a0 de vache.Le saviez-vous\u00a0? Pour fabriquer une fourme de Cantal, il faut\u00a0: 400 litres de lait. En fonction de son \u00e2ge, le fromage est appel\u00e9\u00a0: Cantal jeune\u00a0: affin\u00e9 de 30 \u00e0 60 jours, Cantal \u00a0entre-deux\u00a0: affin\u00e9 de 90 \u00e0 210\u2026","rel":"","context":"Article similaire","img":{"alt_text":"","src":"https:\/\/i2.wp.com\/www.passionfruits.fr\/wp-content\/uploads\/2015\/12\/cantal1.jpg?fit=339%2C510&ssl=1&resize=350%2C200","width":350,"height":200},"classes":[]}],"_links":{"self":[{"href":"https:\/\/www.passionfruits.fr\/index.php\/wp-json\/wp\/v2\/product\/5772"}],"collection":[{"href":"https:\/\/www.passionfruits.fr\/index.php\/wp-json\/wp\/v2\/product"}],"about":[{"href":"https:\/\/www.passionfruits.fr\/index.php\/wp-json\/wp\/v2\/types\/product"}],"replies":[{"embeddable":true,"href":"https:\/\/www.passionfruits.fr\/index.php\/wp-json\/wp\/v2\/comments?post=5772"}],"wp:featuredmedia":[{"embeddable":true,"href":"https:\/\/www.passionfruits.fr\/index.php\/wp-json\/wp\/v2\/media\/7693"}],"wp:attachment":[{"href":"https:\/\/www.passionfruits.fr\/index.php\/wp-json\/wp\/v2\/media?parent=5772"}],"curies":[{"name":"wp","href":"https:\/\/api.w.org\/{rel}","templated":true}]}}