{"id":5827,"date":"2015-12-07T11:35:48","date_gmt":"2015-12-07T10:35:48","guid":{"rendered":"http:\/\/www.andreclaude.fr\/web\/index.php\/produit\/riz-basmati-le-kilo\/"},"modified":"2020-10-08T09:49:57","modified_gmt":"2020-10-08T08:49:57","slug":"riz-basmati-le-kilo","status":"publish","type":"product","link":"https:\/\/www.passionfruits.fr\/index.php\/produit\/riz-basmati-le-kilo\/","title":{"rendered":"Riz Basmati Inde\/Pakistan barq env 400g"},"content":{"rendered":"<div>Ingr\u00e9dient : riz long grain Basmati, naturellement parfum\u00e9.<\/div>\n<div>Origine : Inde<\/div>\n<div><strong><u>Le riz basmati, l&#8217;incontournable<\/u><\/strong><br \/>\nLe riz est un riz \u00e0 grain long originaire d&#8217;Inde. Il tient son nom de la langue hindi qui signifie la &#8220;reine du parfum&#8221; car c&#8217;est l&#8217;un des riz les plus parfum\u00e9s au monde. Les grains du riz basmati s&#8217;allongent pendant la cuisson. Ils restent fins et ne collent pas.<br \/>\nOn le consomme chaud en accompagnement des plats comme la blanquette de veau, avec les poissons, viandes, ou on peut le manger froid comme ingr\u00e9dient de base de salades. Il peut aussi servir de base pour r\u00e9aliser des farces comme dans la recette des tomates farcies.<\/div>\n<div><\/div>\n<div><\/div>\n","protected":false},"excerpt":{"rendered":"<p align=\"justify\">Pr\u00e9paration :<\/p>\n<p align=\"justify\">Un volume de riz pour 2,5 de volumes d&#8217;eau bouillante sal\u00e9e.<\/p>\n<p align=\"justify\">Cuire \u00e0 feu doux 10 \u00e0 15 minutes en couvrant et laisser gonfler.<\/p>\n<p align=\"justify\">Valeurs \u00e9nerg\u00e9tiques et nutritionnelles moyennes pour 100 g:<br \/>\nEnergie : 354kcal\/1504kj<br \/>\nMati\u00e8res grasses : 0.4g dont acides gras satur\u00e9s : 0.1g<br \/>\nGlucides : 80.4g dont sucres : 0.2g<br \/>\nFibres alimentaires : 1g<br \/>\nProt\u00e9ines : 6.7g<br \/>\nSel : 0.01g<\/p>\n<p>&nbsp;<\/p>\n","protected":false},"featured_media":8040,"comment_status":"closed","ping_status":"closed","template":"","meta":{"spay_email":"","jetpack_publicize_message":"","jetpack_is_tweetstorm":false},"jetpack_publicize_connections":[],"jetpack_sharing_enabled":true,"jetpack-related-posts":[{"id":5823,"url":"https:\/\/www.passionfruits.fr\/index.php\/produit\/riz-rond-le-kilo\/","url_meta":{"origin":5827,"position":0},"title":"Riz Rond Italie barq env 400g","date":"7 d\u00e9cembre 2015","format":false,"excerpt":"Le riz rond pour les desserts Ce riz rond est utilis\u00e9 de pr\u00e9f\u00e9rence pour les desserts (g\u00e2teau de riz, riz au lait). Il peut \u00eatre cuit, selon l'utilisation, dans de l'eau ou dans du lait.\u00a0Le riz rond, contrairement aux riz longs qui absorbent peu d'eau, gonfle lors de la cuisson.\u2026","rel":"","context":"Article similaire","img":{"alt_text":"","src":"https:\/\/i0.wp.com\/www.passionfruits.fr\/wp-content\/uploads\/2015\/12\/riz-rond.jpg?fit=600%2C600&ssl=1&resize=350%2C200","width":350,"height":200},"classes":[]},{"id":5828,"url":"https:\/\/www.passionfruits.fr\/index.php\/produit\/riz-long-jaune-le-kilo\/","url_meta":{"origin":5827,"position":1},"title":"Riz long Cambodge barq env 400g","date":"7 d\u00e9cembre 2015","format":false,"excerpt":"Les riz longs :ils ne collent pas. Ils sont g\u00e9n\u00e9ralement cuits \u00e0 l'eau (cuisson cr\u00e9ole) et servis \u00ab nature \u00bb, en accompagnement de plats en sauce comme la blanquette de veau. Ils s'int\u00e8grent \u00e9galement dans les salades froides. Ingr\u00e9dients : riz long \u00e9tuv\u00e9 Indica Valeurs \u00e9nerg\u00e9tiques et nutritionnelles moyennes pour\u2026","rel":"","context":"Article similaire","img":{"alt_text":"","src":"https:\/\/i0.wp.com\/www.passionfruits.fr\/wp-content\/uploads\/2015\/12\/Fotolia_38885705_XS.jpg?fit=346%2C346&ssl=1&resize=350%2C200","width":350,"height":200},"classes":[]},{"id":6287,"url":"https:\/\/www.passionfruits.fr\/index.php\/produit\/riz-melange-sauvage-les-500-grs\/","url_meta":{"origin":5827,"position":2},"title":"Riz m\u00e9lang\u00e9 sauvage Import barq env 400g","date":"7 d\u00e9cembre 2015","format":false,"excerpt":"Le \"M\u00e9lange sauvage\" est un m\u00e9lange de riz sauvage et de riz, pour son go\u00fbt d\u00e9licat et ses valeurs nutritionnelles.","rel":"","context":"Article similaire","img":{"alt_text":"","src":"https:\/\/i0.wp.com\/www.passionfruits.fr\/wp-content\/uploads\/2015\/12\/riz-melange-sauvage.jpg?fit=300%2C300&ssl=1&resize=350%2C200","width":350,"height":200},"classes":[]},{"id":17690,"url":"https:\/\/www.passionfruits.fr\/index.php\/produit\/riz-au-lait-nature-le-pot-de-125g\/","url_meta":{"origin":5827,"position":3},"title":"Riz au lait nature le pot de  125g","date":"14 mars 2021","format":false,"excerpt":"Fabriqu\u00e9s \u00e0 la ferme avec du lait entier Recette naturelle, sans additif, sans conservateur, sans OGM. Bourdel 37160Neuilly le Brignon Ingr\u00e9dients : Lait* entier pasteuris\u00e9 Riz : 13 % Sucre : 10% Le lait est entier. Il n\u2019a subit aucune homog\u00e9n\u00e9isation ni standardisation Valeurs Nutritionnelles pour : 100 gr 125\u2026","rel":"","context":"Article similaire","img":{"alt_text":"","src":"https:\/\/i1.wp.com\/www.passionfruits.fr\/wp-content\/uploads\/2021\/03\/Riz-Nature.jpg?fit=400%2C400&ssl=1&resize=350%2C200","width":350,"height":200},"classes":[]},{"id":11720,"url":"https:\/\/www.passionfruits.fr\/index.php\/produit\/biscotte-aux-7-cereales-le-paquet-370-grs\/","url_meta":{"origin":5827,"position":4},"title":"Biscotte aux 7 c\u00e9r\u00e9ales le paquet 370 grs","date":"15 f\u00e9vrier 2018","format":false,"excerpt":"Toutes les biscotteries artisanales ont disparu au cours des d\u00e9cennies qui suivirent, laissant place aux nombreuses fabrications industrielles. Toutes sauf une\u2026 la derni\u00e8re biscotterie artisanale en France aujourd\u2019hui encore, \u00e0\u00a0Saint Germain du\u00a0Salembre, \u00e9labore les biscottes suivant la recette et le savoir-faire authentiques. Ingr\u00e9dients : farine de bl\u00e9 (gluten), c\u00e9r\u00e9ales (gluten)\u2026","rel":"","context":"Article similaire","img":{"alt_text":"","src":"https:\/\/i2.wp.com\/www.passionfruits.fr\/wp-content\/uploads\/2018\/02\/Biscotte-7cereales.jpg?fit=599%2C600&ssl=1&resize=350%2C200","width":350,"height":200},"classes":[]},{"id":6903,"url":"https:\/\/www.passionfruits.fr\/index.php\/produit\/figuette-andalousie-les-500-grs\/","url_meta":{"origin":5827,"position":5},"title":"Figuette Andalousie Cat 1  les 500g","date":"11 d\u00e9cembre 2015","format":false,"excerpt":"Figuettes s\u00e9ch\u00e9es sans sucre ajout\u00e9, sans conservateur ni colorant.Petite figue s\u00e9ch\u00e9e naturellement au soleil d'Andalousie. Ingr\u00e9dients : Figues s\u00e9ch\u00e9es, farine de riz","rel":"","context":"Article similaire","img":{"alt_text":"","src":"https:\/\/i0.wp.com\/www.passionfruits.fr\/wp-content\/uploads\/2015\/12\/figuette-sechee.jpg?fit=600%2C600&ssl=1&resize=350%2C200","width":350,"height":200},"classes":[]}],"_links":{"self":[{"href":"https:\/\/www.passionfruits.fr\/index.php\/wp-json\/wp\/v2\/product\/5827"}],"collection":[{"href":"https:\/\/www.passionfruits.fr\/index.php\/wp-json\/wp\/v2\/product"}],"about":[{"href":"https:\/\/www.passionfruits.fr\/index.php\/wp-json\/wp\/v2\/types\/product"}],"replies":[{"embeddable":true,"href":"https:\/\/www.passionfruits.fr\/index.php\/wp-json\/wp\/v2\/comments?post=5827"}],"wp:featuredmedia":[{"embeddable":true,"href":"https:\/\/www.passionfruits.fr\/index.php\/wp-json\/wp\/v2\/media\/8040"}],"wp:attachment":[{"href":"https:\/\/www.passionfruits.fr\/index.php\/wp-json\/wp\/v2\/media?parent=5827"}],"curies":[{"name":"wp","href":"https:\/\/api.w.org\/{rel}","templated":true}]}}